{"id":1342,"date":"2020-03-31T19:24:18","date_gmt":"2020-03-31T19:24:18","guid":{"rendered":"https:\/\/kapidani.com\/?post_type=product&#038;p=1342"},"modified":"2020-08-21T12:16:48","modified_gmt":"2020-08-21T12:16:48","slug":"fujitsu-siemens-lifebook-s751-core-i-5-ram-4-gb-hdd-160-gb-grafika-1-7-gb-dvd-rw-wifi","status":"publish","type":"product","link":"https:\/\/kapidani.com\/index.php\/product\/fujitsu-siemens-lifebook-s751-core-i-5-ram-4-gb-hdd-160-gb-grafika-1-7-gb-dvd-rw-wifi\/","title":{"rendered":"FUJITSU SIEMENS LIFEBOOK S751 \u2013 CORE I 5 \u2013 RAM 4 GB \u2013 HDD 160 GB \u2013 GRAFIKA 1.7 GB \u2013 DVD RW \u2013 WIFI"},"content":{"rendered":"<p>Setia FUJITSU SIEMENS LIFEBOOK S751 eshte seria profesionale Bisnes.<br \/>\nKrijuar per te perballuar ore te gjata ne pune pa patur problem mbinxehjen.<br \/>\nBaterija e Fujitsu Siemensit thyen rekord per jetgjatesi krahasuar me te gjithe markat e tjere te laptopeve<br \/>\nDisponojme dy kategori A dhe A- perkatesisht sipas gjendjes fizike eshte dhe vlera monetare.<br \/>\nGrada A dhe A- do t\u00eb thot\u00eb q\u00eb artikulli \u00ebsht\u00eb n\u00eb gjendje 100% t\u00eb pun\u00ebs. Kozmetikisht 9 nga 10 perfekte.<br \/>\nG\u00ebrvishtje teper t\u00eb vogla ( POTHUAJSE TE PA DALLUSHME ),<br \/>\ngjendje shume e pranushme p\u00ebr nj\u00eb laptop t\u00eb p\u00ebrdorur q\u00eb mund t\u00eb konsiderohet.<\/p>\n","protected":false},"excerpt":{"rendered":"<p><span class=\"_5mfr\"><span class=\"_6qdm\">\ud83d\uded2<\/span><\/span>\u00a0FUJITSU SIEMENS LIFEBOOK S710<span class=\"text_exposed_show\"><br \/>\n&#8211; CORE I 5 M520 2.4 GHZ<br \/>\n&#8211; Max Turbo Frequency 3.2 GHZ<br \/>\n&#8211; Intel\u00ae Hyper-Threading Technology<br \/>\n<span class=\"_5mfr\"><span class=\"_6qdm\">\u2611<\/span><\/span>\u00a0RAM 4 GB ddr3<br \/>\n<span class=\"_5mfr\"><span class=\"_6qdm\">\u2611<\/span><\/span>\u00a0HDD 160 GB<br \/>\n<span class=\"_5mfr\"><span class=\"_6qdm\">\u2611<\/span><\/span>\u00a0GRAFIKA HD 1,7 GB SHARE<br \/>\n<span class=\"_5mfr\"><span class=\"_6qdm\">\u2611<\/span><\/span>\u00a0REZULUCIONI HD 1366 x 768<br \/>\n<span class=\"_5mfr\"><span class=\"_6qdm\">\u2611<\/span><\/span>\u00a0EKRANIT 14,1 inch<br \/>\n<span class=\"_5mfr\"><span class=\"_6qdm\">\u2611<\/span><\/span>\u00a0LED backlight \u2013 Anti glare<br \/>\n<span class=\"_5mfr\"><span class=\"_6qdm\">\u2611<\/span><\/span> DVD \u2013 RW<br \/>\n<span class=\"_5mfr\"><span class=\"_6qdm\">\u2611<\/span><\/span>\u00a0WIFI<br \/>\n<span class=\"_5mfr\"><span class=\"_6qdm\">\u2611<\/span><\/span>\u00a0FOLE PER KART SIM PER INTRENET 3G<br \/>\n<span class=\"_5mfr\"><span class=\"_6qdm\">\u2611<\/span><\/span>\u00a0USB 2.0<br \/>\n<span class=\"_5mfr\"><span class=\"_6qdm\">\u2611<\/span><\/span>\u00a0SMART CARDREADER<br \/>\n<span class=\"_5mfr\"><span class=\"_6qdm\">\u2611<\/span><\/span>\u00a0LAN GIGABYTE<br \/>\n<span class=\"_5mfr\"><span class=\"_6qdm\">\u2611<\/span><\/span>\u00a0LEXUES KARTASH APARATI<br \/>\n<span class=\"_5mfr\"><span class=\"_6qdm\">\u2611<\/span><\/span>\u00a0E-SATA<br \/>\n<span class=\"_5mfr\"><span class=\"_6qdm\">\u2611<\/span><\/span>\u00a0DISPLAY PORT<br \/>\n<span class=\"_5mfr\"><span class=\"_6qdm\">\u2611<\/span><\/span>\u00a0VGA<br \/>\n<span class=\"_5mfr\"><span class=\"_6qdm\">\u2611<\/span><\/span>\u00a0BLUETOOTH<\/span><\/p>\n<p><span class=\"_5mfr\"><span class=\"_6qdm\">\ud83c\udde9\ud83c\uddea<\/span><\/span>\u00a0IMPORTUAR NGA GERMANY<\/p>\n<p><span class=\"_5mfr\"><span class=\"_6qdm\">\ud83d\udcdc<\/span><\/span>\u00a0\u2013 GARANCIA 6 MUAJ<br \/>\n<span class=\"_5mfr\"><span class=\"_6qdm\">\ud83d\udee0<\/span><\/span>\u00a0ASISTENCE TEKNIKE DHE PAS PERFUNDIMIT TE SAJ.<br \/>\n<span class=\"_5mfr\"><span class=\"_6qdm\">\ud83d\udcc3<\/span><\/span>\u00a0\u2013 Cdo produkt shoqerohet me fature te regullt TVSH<\/p>\n<p>Na ndiqni ne mediat sociale<\/p>\n<p><a href=\"https:\/\/www.facebook.com\/PCCService\/\">https:\/\/www.facebook.com\/PCCService\/<\/a><br \/>\n<a href=\"https:\/\/www.instagram.com\/pccserviceal\/?fbclid=IwAR2Hl9G0ef-EUuKBgJsKtHHgRQmrDpMR1DQ84_rrhs86bbWMX41Bdy9XBuQ\" target=\"_blank\" rel=\"nofollow noopener noreferrer\" data-lynx-mode=\"asynclazy\" data-lynx-uri=\"https:\/\/l.facebook.com\/l.php?u=https%3A%2F%2Fwww.instagram.com%2Fpccserviceal%2F%3Ffbclid%3DIwAR2Hl9G0ef-EUuKBgJsKtHHgRQmrDpMR1DQ84_rrhs86bbWMX41Bdy9XBuQ&amp;h=AT3knHjZkBzJw9rU9KG8SNFZ9YfCAO5Y1Eyy-2c-GKsvhDlsdEBdpCVh3pIuIPeQFpb6_Oa5oSM_EJO3pULEKjkugJQYvayPLKpaBzAwk5nW7cnsq-zN1BkhAJYUujCtmqMC_ZM\">https:\/\/www.instagram.com\/<wbr \/>pccserviceal\/<\/a><br \/>\n<span class=\"_5mfr\"><span class=\"_6qdm\">\ud83c\udfe0<\/span><\/span>\u00a0Adresa rruga e Dibres 150 merta prane Medresese<br \/>\n<span class=\"_5mfr\"><span class=\"_6qdm\">\u260e\ufe0f<\/span><\/span>\u00a0Nr kontakti 0692040300<\/p>\n","protected":false},"featured_media":1348,"template":"","meta":[],"product_brand":[],"product_cat":[15],"product_tag":[],"class_list":{"0":"post-1342","1":"product","2":"type-product","3":"status-publish","4":"has-post-thumbnail","6":"product_cat-uncategorized","7":"description-off","9":"first","10":"outofstock","11":"shipping-taxable","12":"product-type-simple"},"aioseo_notices":[],"_links":{"self":[{"href":"https:\/\/kapidani.com\/index.php\/wp-json\/wp\/v2\/product\/1342","targetHints":{"allow":["GET"]}}],"collection":[{"href":"https:\/\/kapidani.com\/index.php\/wp-json\/wp\/v2\/product"}],"about":[{"href":"https:\/\/kapidani.com\/index.php\/wp-json\/wp\/v2\/types\/product"}],"wp:featuredmedia":[{"embeddable":true,"href":"https:\/\/kapidani.com\/index.php\/wp-json\/wp\/v2\/media\/1348"}],"wp:attachment":[{"href":"https:\/\/kapidani.com\/index.php\/wp-json\/wp\/v2\/media?parent=1342"}],"wp:term":[{"taxonomy":"product_brand","embeddable":true,"href":"https:\/\/kapidani.com\/index.php\/wp-json\/wp\/v2\/product_brand?post=1342"},{"taxonomy":"product_cat","embeddable":true,"href":"https:\/\/kapidani.com\/index.php\/wp-json\/wp\/v2\/product_cat?post=1342"},{"taxonomy":"product_tag","embeddable":true,"href":"https:\/\/kapidani.com\/index.php\/wp-json\/wp\/v2\/product_tag?post=1342"}],"curies":[{"name":"wp","href":"https:\/\/api.w.org\/{rel}","templated":true}]}}