{"id":1830,"date":"2020-07-16T10:00:17","date_gmt":"2020-07-16T10:00:17","guid":{"rendered":"https:\/\/kapidani.com\/?post_type=product&#038;p=1830"},"modified":"2020-10-17T12:07:03","modified_gmt":"2020-10-17T12:07:03","slug":"lenovo-thinkpad-t440-core-i-7-gen4-ram-8-gb-ssd-256-gb-grafika-2-2-gb-dvd-rw-wifi-camera","status":"publish","type":"product","link":"https:\/\/kapidani.com\/index.php\/product\/lenovo-thinkpad-t440-core-i-7-gen4-ram-8-gb-ssd-256-gb-grafika-2-2-gb-dvd-rw-wifi-camera\/","title":{"rendered":"LENOVO THINKPAD T440 \u2013 CORE I 7 GEN4 \u2013 RAM 8 GB \u2013 SSD 256 GB \u2013 GRAFIKA 2.2 GB \u2013 DVD RW \u2013 WIFI &#8211; CAMERA &#8211; VRODUKT VITRINE"},"content":{"rendered":"<p>Tashme dihet nga te gjithe se LENOVO THINK PAD eshte seria me profesionale e leptopeve.<br \/>\nE vetmja qe ploteson kushtet teknike per rezistence dhe qendrueshmeri per misionet e NASA.<br \/>\nSetia THINKPAD eshte seria profesionale Bisnes.<br \/>\nKrijuar per te perballuar ore te gjata ne pune pa patur problem mbinxehjen.<br \/>\nDisponojme dy kategori A dhe A- perkatesisht sipas gjendjes fizike eshte dhe vlera monetare.<br \/>\nGrada A dhe A- do t\u00eb thot\u00eb q\u00eb artikulli \u00ebsht\u00eb n\u00eb gjendje 100% t\u00eb pun\u00ebs. Kozmetikisht 9 nga 10 perfekte.<br \/>\nG\u00ebrvishtje eper t\u00eb vogla, gjendje shume e pranushme p\u00ebr nj\u00eb laptop t\u00eb p\u00ebrdorur q\u00eb mund t\u00eb konsiderohet.<\/p>\n","protected":false},"excerpt":{"rendered":"<p><span class=\"_5mfr\"><span class=\"_6qdm\">\ud83d\uded2<\/span><\/span> LENOVO THINKPAD T440 Profesional<br \/>\nCORE I 7 GEN 4 4800MQ QUAD CORE 2.70 GHZ (8 CPU)<br \/>\n&#8211; RAM 8 GB DDR3<br \/>\n&#8211; SSD 256 GB<br \/>\n&#8211; GRAFIKA HD 4600 &#8211; 2.2 GB SHARE<br \/>\n<span class=\"_5mfr\"><span class=\"_6qdm\">\u2611<\/span><\/span> REZULUCIONI I EKRANIT HD 14,1 INCH 1600 x 900<br \/>\n<span class=\"_5mfr\"><span class=\"_6qdm\">\u2611<\/span><\/span>\u00a0LED backlight &#8211; Anti glare<br \/>\n<span class=\"_5mfr\"><span class=\"_6qdm\">\u2611<\/span><\/span>\u00a0DVD-RW<br \/>\n<span class=\"_5mfr\"><span class=\"_6qdm\">\u2611<\/span><\/span>\u00a0E-SATA<br \/>\n<span class=\"_5mfr\"><span class=\"_6qdm\">\u2611<\/span><\/span> MINI DISPLAY PORT<br \/>\n<span class=\"_5mfr\"><span class=\"_6qdm\">\u2611 VGA<\/span><\/span><br \/>\n<span class=\"_5mfr\"><span class=\"_6qdm\">\u2611<\/span><\/span>\u00a0SMART CARDREADER<br \/>\n<span class=\"_5mfr\"><span class=\"_6qdm\">\u2611<\/span><\/span>\u00a0LAN GIGABYTE<br \/>\n<span class=\"_5mfr\"><span class=\"_6qdm\">\u2611<\/span><\/span>\u00a0SMARTAUDIO HD<br \/>\n<span class=\"_5mfr\"><span class=\"_6qdm\">\u2611<\/span><\/span>\u00a0BLUETOOTH<br \/>\n<span class=\"_5mfr\"><span class=\"_6qdm\">\u2611<\/span><\/span> 4G KART SIM<br \/>\n<span class=\"_5mfr\"><span class=\"_6qdm\">\u2611 USB 3.0<br \/>\n\u2611 TASTJERA ME DRITA<\/span><\/span><\/p>\n<p><span class=\"_5mfr\"><span class=\"_6qdm\">\ud83c\udde9\ud83c\uddea<\/span><\/span>\u00a0IMPORTUAR NGA GERMANY<\/p>\n<p><span class=\"_5mfr\"><span class=\"_6qdm\">\ud83d\udcdc<\/span><\/span>\u00a0\u2013 GARANCIA 6 MUAJ<br \/>\n<span class=\"_5mfr\"><span class=\"_6qdm\">\ud83d\udee0<\/span><\/span>\u00a0ASISTENCE TEKNIKE DHE PAS PERFUNDIMIT TE SAJ.<br \/>\n<span class=\"_5mfr\"><span class=\"_6qdm\">\ud83d\udcc3<\/span><\/span>\u00a0\u2013 Cdo produkt shoqerohet me fature te regullt TVSH<\/p>\n<p>Na ndiqni ne mediat sociale<\/p>\n<p><a href=\"https:\/\/www.facebook.com\/PCCService\/\">https:\/\/www.facebook.com\/PCCService\/<\/a><br \/>\n<a href=\"https:\/\/www.instagram.com\/pccserviceal\/?fbclid=IwAR2Hl9G0ef-EUuKBgJsKtHHgRQmrDpMR1DQ84_rrhs86bbWMX41Bdy9XBuQ\" target=\"_blank\" rel=\"nofollow noopener noreferrer\" data-lynx-mode=\"asynclazy\" data-lynx-uri=\"https:\/\/l.facebook.com\/l.php?u=https%3A%2F%2Fwww.instagram.com%2Fpccserviceal%2F%3Ffbclid%3DIwAR2Hl9G0ef-EUuKBgJsKtHHgRQmrDpMR1DQ84_rrhs86bbWMX41Bdy9XBuQ&amp;h=AT3knHjZkBzJw9rU9KG8SNFZ9YfCAO5Y1Eyy-2c-GKsvhDlsdEBdpCVh3pIuIPeQFpb6_Oa5oSM_EJO3pULEKjkugJQYvayPLKpaBzAwk5nW7cnsq-zN1BkhAJYUujCtmqMC_ZM\">https:\/\/www.instagram.com\/<wbr \/>pccserviceal\/<\/a><br \/>\n<span class=\"_5mfr\"><span class=\"_6qdm\">\ud83c\udfe0<\/span><\/span>\u00a0Adresa rruga e Dibres 150 merta prane Medresese<br \/>\n<span class=\"_5mfr\"><span class=\"_6qdm\">\u260e\ufe0f<\/span><\/span>\u00a0Nr kontakti 0692040300<\/p>\n","protected":false},"featured_media":1831,"template":"","meta":[],"product_brand":[],"product_cat":[15],"product_tag":[],"class_list":{"0":"post-1830","1":"product","2":"type-product","3":"status-publish","4":"has-post-thumbnail","6":"product_cat-uncategorized","7":"description-off","9":"first","10":"outofstock","11":"sale","12":"shipping-taxable","13":"purchasable","14":"product-type-simple"},"aioseo_notices":[],"_links":{"self":[{"href":"https:\/\/kapidani.com\/index.php\/wp-json\/wp\/v2\/product\/1830","targetHints":{"allow":["GET"]}}],"collection":[{"href":"https:\/\/kapidani.com\/index.php\/wp-json\/wp\/v2\/product"}],"about":[{"href":"https:\/\/kapidani.com\/index.php\/wp-json\/wp\/v2\/types\/product"}],"wp:featuredmedia":[{"embeddable":true,"href":"https:\/\/kapidani.com\/index.php\/wp-json\/wp\/v2\/media\/1831"}],"wp:attachment":[{"href":"https:\/\/kapidani.com\/index.php\/wp-json\/wp\/v2\/media?parent=1830"}],"wp:term":[{"taxonomy":"product_brand","embeddable":true,"href":"https:\/\/kapidani.com\/index.php\/wp-json\/wp\/v2\/product_brand?post=1830"},{"taxonomy":"product_cat","embeddable":true,"href":"https:\/\/kapidani.com\/index.php\/wp-json\/wp\/v2\/product_cat?post=1830"},{"taxonomy":"product_tag","embeddable":true,"href":"https:\/\/kapidani.com\/index.php\/wp-json\/wp\/v2\/product_tag?post=1830"}],"curies":[{"name":"wp","href":"https:\/\/api.w.org\/{rel}","templated":true}]}}