{"id":1979,"date":"2020-09-17T18:30:42","date_gmt":"2020-09-17T18:30:42","guid":{"rendered":"https:\/\/kapidani.com\/?post_type=product&#038;p=1979"},"modified":"2024-02-04T14:39:49","modified_gmt":"2024-02-04T14:39:49","slug":"dell-latitude-e-7450-core-i-7-gen5-ram-8-gb-ssd-240-gb-i-ri-grafika-2-2-gb-camera-wifi-hdmi-super-slim-full-hd","status":"publish","type":"product","link":"https:\/\/kapidani.com\/index.php\/product\/dell-latitude-e-7450-core-i-7-gen5-ram-8-gb-ssd-240-gb-i-ri-grafika-2-2-gb-camera-wifi-hdmi-super-slim-full-hd\/","title":{"rendered":"DELL LATITUDE E 7450 &#8211; CORE I 7 GEN5 \u2013 RAM 8 GB \u2013 SSD 240 GB I RI \u2013 GRAFIKA 2.2 GB \u2013 CAMERA \u2013 WIFI \u2013 HDMI \u2013 SUPER SLIM \u2013 FULL HD \u2013 GRADA AAA+ SI I RI"},"content":{"rendered":"<p>Dell ka perforcuar serin\u00eb e saj PROFESIONALE Latitude dhe shtoi nj\u00eb num\u00ebr modelesh t\u00eb reja me shpejtesi shume te larte dhe peshe te lehte dizain teper elegant. Dell Latitude E7450 \u00ebsht\u00eb nj\u00eb ultrabook kompakt i biznesit 14in\u00e7, i cili d\u00ebshiron t\u00eb kenaq te gjithe perdorusit me pajisje profesionale dhe ve\u00e7ori premium.<br \/>\nKas alumini e perforcuar per te mbrojtur ekranin slim led.<br \/>\nShpejtesi maksimale dhe qendrueshmeri per ore te gjata pune.<br \/>\nKrijuar per te qen nje laptop teper jetgjate me pjese teper profesionale.<\/p>\n","protected":false},"excerpt":{"rendered":"<p><span class=\"_5mfr\"><span class=\"_6qdm\">\ud83d\uded2<\/span><\/span> DELL LATITUDE E7450<span class=\"text_exposed_show\"><br \/>\n\u2013 CORE I 7 GJENERATA 5 5600 2,6GHZ<br \/>\n\u2013 Max Turbo Frequency 3,2 GHZ<br \/>\n\u2013 Intel\u00ae Hyper-Threading Technology<br \/>\n\u2013 RAM 8 GB DDR 3L 12800<br \/>\n\u2013 SSD 240 GB I RI I PA PERDORUR<br \/>\n\u2013 GRAFIKA HD 5500 2.2 GB SHARE<br \/>\n<span class=\"_5mfr\"><span class=\"_6qdm\">\u2611<\/span><\/span> MONITOR 14 INCH 1920\u00d71080 FULL HD<br \/>\n<span class=\"_5mfr\"><span class=\"_6qdm\">\u2611<\/span><\/span>\u00a0WLED HD backlight \u2013 Anti glare<br \/>\n<span class=\"_5mfr\"><span class=\"_6qdm\">\u2611<\/span><\/span>\u00a0USB 3.0<br \/>\n<span class=\"_5mfr\"><span class=\"_6qdm\">\u2611<\/span><\/span> HDMI<span class=\"_5mfr\"><span class=\"_6qdm\"><br \/>\n<\/span><\/span><\/span><span class=\"text_exposed_show\"><span class=\"_5mfr\"><span class=\"_6qdm\">\u2611<\/span><\/span>\u00a0Mini DisplayPort<br \/>\n<span class=\"_5mfr\"><span class=\"_6qdm\">\u2611<\/span><\/span>\u00a0SMART CARDREADER<br \/>\n<span class=\"_5mfr\"><span class=\"_6qdm\">\u2611<\/span><\/span>\u00a0LAN GIGABYTE<br \/>\n<span class=\"_5mfr\"><span class=\"_6qdm\">\u2611<\/span><\/span>\u00a0BLUETOOTH<br \/>\n<span class=\"_5mfr\"><span class=\"_6qdm\">\u2611<\/span><\/span> KAMER<br \/>\n<span class=\"_5mfr\"><span class=\"_6qdm\">\u2611<\/span><\/span> DRITE NE TASTJERE<br \/>\n<\/span><\/p>\n<p><span class=\"_5mfr\"><span class=\"_6qdm\">\ud83c\udde9\ud83c\uddea<\/span><\/span>\u00a0IMPORTUAR NGA GERMANY<\/p>\n<p><span class=\"_5mfr\"><span class=\"_6qdm\">\ud83d\udcdc<\/span><\/span>\u00a0\u2013 GARANCIA 6 MUAJ<br \/>\n<span class=\"_5mfr\"><span class=\"_6qdm\">\ud83d\udee0<\/span><\/span>\u00a0ASISTENCE TEKNIKE DHE PAS PERFUNDIMIT TE SAJ.<br \/>\n<span class=\"_5mfr\"><span class=\"_6qdm\">\ud83d\udcc3<\/span><\/span>\u00a0\u2013 Cdo produkt shoqerohet me fature te regullt TVSH<\/p>\n<p>Na ndiqni ne mediat sociale<\/p>\n<p><a href=\"https:\/\/www.facebook.com\/PCCService\/\">https:\/\/www.facebook.com\/PCCService\/<\/a><br \/>\n<a href=\"https:\/\/www.instagram.com\/pccserviceal\/?fbclid=IwAR2Hl9G0ef-EUuKBgJsKtHHgRQmrDpMR1DQ84_rrhs86bbWMX41Bdy9XBuQ\" target=\"_blank\" rel=\"nofollow noopener noreferrer\" data-lynx-mode=\"asynclazy\" data-lynx-uri=\"https:\/\/l.facebook.com\/l.php?u=https%3A%2F%2Fwww.instagram.com%2Fpccserviceal%2F%3Ffbclid%3DIwAR2Hl9G0ef-EUuKBgJsKtHHgRQmrDpMR1DQ84_rrhs86bbWMX41Bdy9XBuQ&amp;h=AT3knHjZkBzJw9rU9KG8SNFZ9YfCAO5Y1Eyy-2c-GKsvhDlsdEBdpCVh3pIuIPeQFpb6_Oa5oSM_EJO3pULEKjkugJQYvayPLKpaBzAwk5nW7cnsq-zN1BkhAJYUujCtmqMC_ZM\">https:\/\/www.instagram.com\/<wbr \/>pccserviceal\/<\/a><br \/>\n<span class=\"_5mfr\"><span class=\"_6qdm\"><img decoding=\"async\" class=\"emoji\" role=\"img\" draggable=\"false\" src=\"https:\/\/s.w.org\/images\/core\/emoji\/13.1.0\/svg\/1f3e0.svg\" alt=\"\ud83c\udfe0\" \/><\/span><\/span> Adresa rruga Mine Peza<br \/>\n<span class=\"_5mfr\"><span class=\"_6qdm\">\u260e\ufe0f<\/span><\/span>\u00a0Nr kontakti 0692040300<\/p>\n","protected":false},"featured_media":2201,"template":"","meta":[],"product_brand":[],"product_cat":[27],"product_tag":[],"class_list":{"0":"post-1979","1":"product","2":"type-product","3":"status-publish","4":"has-post-thumbnail","6":"product_cat-laptop","7":"description-off","9":"first","10":"outofstock","11":"shipping-taxable","12":"product-type-simple"},"yoast_head":"<!-- This site is optimized with the Yoast SEO plugin v27.3 - https:\/\/yoast.com\/product\/yoast-seo-wordpress\/ -->\n<title>DELL LATITUDE E 7450 - CORE I 7 GEN5 \u2013 RAM 8 GB \u2013 SSD 240 GB I RI \u2013 GRAFIKA 2.2 GB \u2013 CAMERA \u2013 WIFI \u2013 HDMI \u2013 SUPER SLIM \u2013 FULL HD \u2013 GRADA AAA+ SI I RI - Kapidani PCCSERVICE<\/title>\n<meta name=\"robots\" content=\"index, follow, max-snippet:-1, max-image-preview:large, max-video-preview:-1\" \/>\n<link rel=\"canonical\" href=\"https:\/\/kapidani.com\/index.php\/product\/dell-latitude-e-7450-core-i-7-gen5-ram-8-gb-ssd-240-gb-i-ri-grafika-2-2-gb-camera-wifi-hdmi-super-slim-full-hd\/\" \/>\n<meta property=\"og:locale\" content=\"en_US\" \/>\n<meta property=\"og:type\" content=\"article\" \/>\n<meta property=\"og:title\" content=\"DELL LATITUDE E 7450 - CORE I 7 GEN5 \u2013 RAM 8 GB \u2013 SSD 240 GB I RI \u2013 GRAFIKA 2.2 GB \u2013 CAMERA \u2013 WIFI \u2013 HDMI \u2013 SUPER SLIM \u2013 FULL HD \u2013 GRADA AAA+ SI I RI - Kapidani PCCSERVICE\" \/>\n<meta property=\"og:description\" content=\"\ud83d\uded2 DELL LATITUDE E7450 \u2013 CORE I 7 GJENERATA 5 5600 2,6GHZ \u2013 Max Turbo Frequency 3,2 GHZ \u2013 Intel\u00ae Hyper-Threading Technology \u2013 RAM 8 GB DDR 3L 12800 \u2013 SSD 240 GB I RI I PA PERDORUR \u2013 GRAFIKA HD 5500 2.2 GB SHARE \u2611 MONITOR 14 INCH 1920\u00d71080 FULL HD \u2611\u00a0WLED HD backlight \u2013 Anti glare \u2611\u00a0USB 3.0 \u2611 HDMI \u2611\u00a0Mini DisplayPort \u2611\u00a0SMART CARDREADER \u2611\u00a0LAN GIGABYTE \u2611\u00a0BLUETOOTH \u2611 KAMER \u2611 DRITE NE TASTJERE   \ud83c\udde9\ud83c\uddea\u00a0IMPORTUAR NGA GERMANY  \ud83d\udcdc\u00a0\u2013 GARANCIA 6 MUAJ \ud83d\udee0\u00a0ASISTENCE TEKNIKE DHE PAS PERFUNDIMIT TE SAJ. \ud83d\udcc3\u00a0\u2013 Cdo produkt shoqerohet me fature te regullt TVSH  Na ndiqni ne mediat sociale  https:\/\/www.facebook.com\/PCCService\/ https:\/\/www.instagram.com\/pccserviceal\/  Adresa rruga Mine Peza \u260e\ufe0f\u00a0Nr kontakti 0692040300\" \/>\n<meta property=\"og:url\" content=\"https:\/\/kapidani.com\/index.php\/product\/dell-latitude-e-7450-core-i-7-gen5-ram-8-gb-ssd-240-gb-i-ri-grafika-2-2-gb-camera-wifi-hdmi-super-slim-full-hd\/\" \/>\n<meta property=\"og:site_name\" content=\"Kapidani PCCSERVICE\" \/>\n<meta property=\"article:modified_time\" content=\"2024-02-04T14:39:49+00:00\" \/>\n<meta property=\"og:image\" content=\"https:\/\/kapidani.com\/wp-content\/uploads\/2020\/09\/119779212_4335543263186471_1560430423466633500_n.jpg\" \/>\n\t<meta property=\"og:image:width\" content=\"612\" \/>\n\t<meta property=\"og:image:height\" content=\"612\" \/>\n\t<meta property=\"og:image:type\" content=\"image\/jpeg\" \/>\n<meta name=\"twitter:card\" content=\"summary_large_image\" \/>\n<script type=\"application\/ld+json\" class=\"yoast-schema-graph\">{\"@context\":\"https:\\\/\\\/schema.org\",\"@graph\":[{\"@type\":\"WebPage\",\"@id\":\"https:\\\/\\\/kapidani.com\\\/index.php\\\/product\\\/dell-latitude-e-7450-core-i-7-gen5-ram-8-gb-ssd-240-gb-i-ri-grafika-2-2-gb-camera-wifi-hdmi-super-slim-full-hd\\\/\",\"url\":\"https:\\\/\\\/kapidani.com\\\/index.php\\\/product\\\/dell-latitude-e-7450-core-i-7-gen5-ram-8-gb-ssd-240-gb-i-ri-grafika-2-2-gb-camera-wifi-hdmi-super-slim-full-hd\\\/\",\"name\":\"DELL LATITUDE E 7450 - CORE I 7 GEN5 \u2013 RAM 8 GB \u2013 SSD 240 GB I RI \u2013 GRAFIKA 2.2 GB \u2013 CAMERA \u2013 WIFI \u2013 HDMI \u2013 SUPER SLIM \u2013 FULL HD \u2013 GRADA AAA+ SI I RI - Kapidani PCCSERVICE\",\"isPartOf\":{\"@id\":\"https:\\\/\\\/kapidani.com\\\/#website\"},\"primaryImageOfPage\":{\"@id\":\"https:\\\/\\\/kapidani.com\\\/index.php\\\/product\\\/dell-latitude-e-7450-core-i-7-gen5-ram-8-gb-ssd-240-gb-i-ri-grafika-2-2-gb-camera-wifi-hdmi-super-slim-full-hd\\\/#primaryimage\"},\"image\":{\"@id\":\"https:\\\/\\\/kapidani.com\\\/index.php\\\/product\\\/dell-latitude-e-7450-core-i-7-gen5-ram-8-gb-ssd-240-gb-i-ri-grafika-2-2-gb-camera-wifi-hdmi-super-slim-full-hd\\\/#primaryimage\"},\"thumbnailUrl\":\"https:\\\/\\\/kapidani.com\\\/wp-content\\\/uploads\\\/2020\\\/09\\\/119779212_4335543263186471_1560430423466633500_n.jpg\",\"datePublished\":\"2020-09-17T18:30:42+00:00\",\"dateModified\":\"2024-02-04T14:39:49+00:00\",\"breadcrumb\":{\"@id\":\"https:\\\/\\\/kapidani.com\\\/index.php\\\/product\\\/dell-latitude-e-7450-core-i-7-gen5-ram-8-gb-ssd-240-gb-i-ri-grafika-2-2-gb-camera-wifi-hdmi-super-slim-full-hd\\\/#breadcrumb\"},\"inLanguage\":\"en-US\",\"potentialAction\":[{\"@type\":\"ReadAction\",\"target\":[\"https:\\\/\\\/kapidani.com\\\/index.php\\\/product\\\/dell-latitude-e-7450-core-i-7-gen5-ram-8-gb-ssd-240-gb-i-ri-grafika-2-2-gb-camera-wifi-hdmi-super-slim-full-hd\\\/\"]}]},{\"@type\":\"ImageObject\",\"inLanguage\":\"en-US\",\"@id\":\"https:\\\/\\\/kapidani.com\\\/index.php\\\/product\\\/dell-latitude-e-7450-core-i-7-gen5-ram-8-gb-ssd-240-gb-i-ri-grafika-2-2-gb-camera-wifi-hdmi-super-slim-full-hd\\\/#primaryimage\",\"url\":\"https:\\\/\\\/kapidani.com\\\/wp-content\\\/uploads\\\/2020\\\/09\\\/119779212_4335543263186471_1560430423466633500_n.jpg\",\"contentUrl\":\"https:\\\/\\\/kapidani.com\\\/wp-content\\\/uploads\\\/2020\\\/09\\\/119779212_4335543263186471_1560430423466633500_n.jpg\",\"width\":612,\"height\":612},{\"@type\":\"BreadcrumbList\",\"@id\":\"https:\\\/\\\/kapidani.com\\\/index.php\\\/product\\\/dell-latitude-e-7450-core-i-7-gen5-ram-8-gb-ssd-240-gb-i-ri-grafika-2-2-gb-camera-wifi-hdmi-super-slim-full-hd\\\/#breadcrumb\",\"itemListElement\":[{\"@type\":\"ListItem\",\"position\":1,\"name\":\"Home\",\"item\":\"https:\\\/\\\/kapidani.com\\\/\"},{\"@type\":\"ListItem\",\"position\":2,\"name\":\"Shop\",\"item\":\"https:\\\/\\\/kapidani.com\\\/index.php\\\/shop\\\/\"},{\"@type\":\"ListItem\",\"position\":3,\"name\":\"DELL LATITUDE E 7450 &#8211; CORE I 7 GEN5 \u2013 RAM 8 GB \u2013 SSD 240 GB I RI \u2013 GRAFIKA 2.2 GB \u2013 CAMERA \u2013 WIFI \u2013 HDMI \u2013 SUPER SLIM \u2013 FULL HD \u2013 GRADA AAA+ SI I RI\"}]},{\"@type\":\"WebSite\",\"@id\":\"https:\\\/\\\/kapidani.com\\\/#website\",\"url\":\"https:\\\/\\\/kapidani.com\\\/\",\"name\":\"Kapidani PCCSERVICE\",\"description\":\"Hardware, Software, Accessories, Services, Hdd, Computer, Laptops,\",\"potentialAction\":[{\"@type\":\"SearchAction\",\"target\":{\"@type\":\"EntryPoint\",\"urlTemplate\":\"https:\\\/\\\/kapidani.com\\\/?s={search_term_string}\"},\"query-input\":{\"@type\":\"PropertyValueSpecification\",\"valueRequired\":true,\"valueName\":\"search_term_string\"}}],\"inLanguage\":\"en-US\"}]}<\/script>\n<!-- \/ Yoast SEO plugin. -->","yoast_head_json":{"title":"DELL LATITUDE E 7450 - CORE I 7 GEN5 \u2013 RAM 8 GB \u2013 SSD 240 GB I RI \u2013 GRAFIKA 2.2 GB \u2013 CAMERA \u2013 WIFI \u2013 HDMI \u2013 SUPER SLIM \u2013 FULL HD \u2013 GRADA AAA+ SI I RI - Kapidani PCCSERVICE","robots":{"index":"index","follow":"follow","max-snippet":"max-snippet:-1","max-image-preview":"max-image-preview:large","max-video-preview":"max-video-preview:-1"},"canonical":"https:\/\/kapidani.com\/index.php\/product\/dell-latitude-e-7450-core-i-7-gen5-ram-8-gb-ssd-240-gb-i-ri-grafika-2-2-gb-camera-wifi-hdmi-super-slim-full-hd\/","og_locale":"en_US","og_type":"article","og_title":"DELL LATITUDE E 7450 - CORE I 7 GEN5 \u2013 RAM 8 GB \u2013 SSD 240 GB I RI \u2013 GRAFIKA 2.2 GB \u2013 CAMERA \u2013 WIFI \u2013 HDMI \u2013 SUPER SLIM \u2013 FULL HD \u2013 GRADA AAA+ SI I RI - Kapidani PCCSERVICE","og_description":"\ud83d\uded2 DELL LATITUDE E7450 \u2013 CORE I 7 GJENERATA 5 5600 2,6GHZ \u2013 Max Turbo Frequency 3,2 GHZ \u2013 Intel\u00ae Hyper-Threading Technology \u2013 RAM 8 GB DDR 3L 12800 \u2013 SSD 240 GB I RI I PA PERDORUR \u2013 GRAFIKA HD 5500 2.2 GB SHARE \u2611 MONITOR 14 INCH 1920\u00d71080 FULL HD \u2611\u00a0WLED HD backlight \u2013 Anti glare \u2611\u00a0USB 3.0 \u2611 HDMI \u2611\u00a0Mini DisplayPort \u2611\u00a0SMART CARDREADER \u2611\u00a0LAN GIGABYTE \u2611\u00a0BLUETOOTH \u2611 KAMER \u2611 DRITE NE TASTJERE   \ud83c\udde9\ud83c\uddea\u00a0IMPORTUAR NGA GERMANY  \ud83d\udcdc\u00a0\u2013 GARANCIA 6 MUAJ \ud83d\udee0\u00a0ASISTENCE TEKNIKE DHE PAS PERFUNDIMIT TE SAJ. \ud83d\udcc3\u00a0\u2013 Cdo produkt shoqerohet me fature te regullt TVSH  Na ndiqni ne mediat sociale  https:\/\/www.facebook.com\/PCCService\/ https:\/\/www.instagram.com\/pccserviceal\/  Adresa rruga Mine Peza \u260e\ufe0f\u00a0Nr kontakti 0692040300","og_url":"https:\/\/kapidani.com\/index.php\/product\/dell-latitude-e-7450-core-i-7-gen5-ram-8-gb-ssd-240-gb-i-ri-grafika-2-2-gb-camera-wifi-hdmi-super-slim-full-hd\/","og_site_name":"Kapidani PCCSERVICE","article_modified_time":"2024-02-04T14:39:49+00:00","og_image":[{"width":612,"height":612,"url":"https:\/\/kapidani.com\/wp-content\/uploads\/2020\/09\/119779212_4335543263186471_1560430423466633500_n.jpg","type":"image\/jpeg"}],"twitter_card":"summary_large_image","schema":{"@context":"https:\/\/schema.org","@graph":[{"@type":"WebPage","@id":"https:\/\/kapidani.com\/index.php\/product\/dell-latitude-e-7450-core-i-7-gen5-ram-8-gb-ssd-240-gb-i-ri-grafika-2-2-gb-camera-wifi-hdmi-super-slim-full-hd\/","url":"https:\/\/kapidani.com\/index.php\/product\/dell-latitude-e-7450-core-i-7-gen5-ram-8-gb-ssd-240-gb-i-ri-grafika-2-2-gb-camera-wifi-hdmi-super-slim-full-hd\/","name":"DELL LATITUDE E 7450 - CORE I 7 GEN5 \u2013 RAM 8 GB \u2013 SSD 240 GB I RI \u2013 GRAFIKA 2.2 GB \u2013 CAMERA \u2013 WIFI \u2013 HDMI \u2013 SUPER SLIM \u2013 FULL HD \u2013 GRADA AAA+ SI I RI - Kapidani PCCSERVICE","isPartOf":{"@id":"https:\/\/kapidani.com\/#website"},"primaryImageOfPage":{"@id":"https:\/\/kapidani.com\/index.php\/product\/dell-latitude-e-7450-core-i-7-gen5-ram-8-gb-ssd-240-gb-i-ri-grafika-2-2-gb-camera-wifi-hdmi-super-slim-full-hd\/#primaryimage"},"image":{"@id":"https:\/\/kapidani.com\/index.php\/product\/dell-latitude-e-7450-core-i-7-gen5-ram-8-gb-ssd-240-gb-i-ri-grafika-2-2-gb-camera-wifi-hdmi-super-slim-full-hd\/#primaryimage"},"thumbnailUrl":"https:\/\/kapidani.com\/wp-content\/uploads\/2020\/09\/119779212_4335543263186471_1560430423466633500_n.jpg","datePublished":"2020-09-17T18:30:42+00:00","dateModified":"2024-02-04T14:39:49+00:00","breadcrumb":{"@id":"https:\/\/kapidani.com\/index.php\/product\/dell-latitude-e-7450-core-i-7-gen5-ram-8-gb-ssd-240-gb-i-ri-grafika-2-2-gb-camera-wifi-hdmi-super-slim-full-hd\/#breadcrumb"},"inLanguage":"en-US","potentialAction":[{"@type":"ReadAction","target":["https:\/\/kapidani.com\/index.php\/product\/dell-latitude-e-7450-core-i-7-gen5-ram-8-gb-ssd-240-gb-i-ri-grafika-2-2-gb-camera-wifi-hdmi-super-slim-full-hd\/"]}]},{"@type":"ImageObject","inLanguage":"en-US","@id":"https:\/\/kapidani.com\/index.php\/product\/dell-latitude-e-7450-core-i-7-gen5-ram-8-gb-ssd-240-gb-i-ri-grafika-2-2-gb-camera-wifi-hdmi-super-slim-full-hd\/#primaryimage","url":"https:\/\/kapidani.com\/wp-content\/uploads\/2020\/09\/119779212_4335543263186471_1560430423466633500_n.jpg","contentUrl":"https:\/\/kapidani.com\/wp-content\/uploads\/2020\/09\/119779212_4335543263186471_1560430423466633500_n.jpg","width":612,"height":612},{"@type":"BreadcrumbList","@id":"https:\/\/kapidani.com\/index.php\/product\/dell-latitude-e-7450-core-i-7-gen5-ram-8-gb-ssd-240-gb-i-ri-grafika-2-2-gb-camera-wifi-hdmi-super-slim-full-hd\/#breadcrumb","itemListElement":[{"@type":"ListItem","position":1,"name":"Home","item":"https:\/\/kapidani.com\/"},{"@type":"ListItem","position":2,"name":"Shop","item":"https:\/\/kapidani.com\/index.php\/shop\/"},{"@type":"ListItem","position":3,"name":"DELL LATITUDE E 7450 &#8211; CORE I 7 GEN5 \u2013 RAM 8 GB \u2013 SSD 240 GB I RI \u2013 GRAFIKA 2.2 GB \u2013 CAMERA \u2013 WIFI \u2013 HDMI \u2013 SUPER SLIM \u2013 FULL HD \u2013 GRADA AAA+ SI I RI"}]},{"@type":"WebSite","@id":"https:\/\/kapidani.com\/#website","url":"https:\/\/kapidani.com\/","name":"Kapidani PCCSERVICE","description":"Hardware, Software, Accessories, Services, Hdd, Computer, Laptops,","potentialAction":[{"@type":"SearchAction","target":{"@type":"EntryPoint","urlTemplate":"https:\/\/kapidani.com\/?s={search_term_string}"},"query-input":{"@type":"PropertyValueSpecification","valueRequired":true,"valueName":"search_term_string"}}],"inLanguage":"en-US"}]}},"_links":{"self":[{"href":"https:\/\/kapidani.com\/index.php\/wp-json\/wp\/v2\/product\/1979","targetHints":{"allow":["GET"]}}],"collection":[{"href":"https:\/\/kapidani.com\/index.php\/wp-json\/wp\/v2\/product"}],"about":[{"href":"https:\/\/kapidani.com\/index.php\/wp-json\/wp\/v2\/types\/product"}],"wp:featuredmedia":[{"embeddable":true,"href":"https:\/\/kapidani.com\/index.php\/wp-json\/wp\/v2\/media\/2201"}],"wp:attachment":[{"href":"https:\/\/kapidani.com\/index.php\/wp-json\/wp\/v2\/media?parent=1979"}],"wp:term":[{"taxonomy":"product_brand","embeddable":true,"href":"https:\/\/kapidani.com\/index.php\/wp-json\/wp\/v2\/product_brand?post=1979"},{"taxonomy":"product_cat","embeddable":true,"href":"https:\/\/kapidani.com\/index.php\/wp-json\/wp\/v2\/product_cat?post=1979"},{"taxonomy":"product_tag","embeddable":true,"href":"https:\/\/kapidani.com\/index.php\/wp-json\/wp\/v2\/product_tag?post=1979"}],"curies":[{"name":"wp","href":"https:\/\/api.w.org\/{rel}","templated":true}]}}