{"id":2471,"date":"2021-05-23T20:43:13","date_gmt":"2021-05-23T20:43:13","guid":{"rendered":"https:\/\/kapidani.com\/?post_type=product&#038;p=2471"},"modified":"2021-05-23T20:48:04","modified_gmt":"2021-05-23T20:48:04","slug":"green-cell-pro-19v-7-9a-150w-7-4-5-0mm-hp-workstation-cmimi-leke","status":"publish","type":"product","link":"https:\/\/kapidani.com\/index.php\/product\/green-cell-pro-19v-7-9a-150w-7-4-5-0mm-hp-workstation-cmimi-leke\/","title":{"rendered":"Green Cell PRO 19V 7.9A 150W &#8211; 7.4-5.0mm HP WORKSTATION &#8211; Cmimi  Leke"},"content":{"rendered":"<div class=\"kvgmc6g5 cxmmr5t8 oygrvhab hcukyx3x c1et5uql ii04i59q\">\n<div dir=\"auto\">\u00c7far\u00eb i dallon Karikuset e laptopeve nga seria PRO?<span class=\"pq6dq46d tbxw36s4 knj5qynh kvgmc6g5 ditlmg2l oygrvhab nvdbi5me sf5mxxl7 gl3lb2sf hhz5lgdu\"><img loading=\"lazy\" decoding=\"async\" src=\"https:\/\/static.xx.fbcdn.net\/images\/emoji.php\/v9\/tbf\/1\/16\/1f50b.png\" alt=\"\ud83d\udd0b\" width=\"16\" height=\"16\" \/><\/span><span class=\"pq6dq46d tbxw36s4 knj5qynh kvgmc6g5 ditlmg2l oygrvhab nvdbi5me sf5mxxl7 gl3lb2sf hhz5lgdu\"><img loading=\"lazy\" decoding=\"async\" src=\"https:\/\/static.xx.fbcdn.net\/images\/emoji.php\/v9\/t5d\/1\/16\/26a1.png\" alt=\"\u26a1\" width=\"16\" height=\"16\" \/><\/span><span class=\"pq6dq46d tbxw36s4 knj5qynh kvgmc6g5 ditlmg2l oygrvhab nvdbi5me sf5mxxl7 gl3lb2sf hhz5lgdu\"><img loading=\"lazy\" decoding=\"async\" src=\"https:\/\/static.xx.fbcdn.net\/images\/emoji.php\/v9\/t94\/1\/16\/1f49a.png\" alt=\"\ud83d\udc9a\" width=\"16\" height=\"16\" \/><\/span><\/div>\n<\/div>\n<div class=\"o9v6fnle cxmmr5t8 oygrvhab hcukyx3x c1et5uql ii04i59q\">\n<div dir=\"auto\"><span class=\"pq6dq46d tbxw36s4 knj5qynh kvgmc6g5 ditlmg2l oygrvhab nvdbi5me sf5mxxl7 gl3lb2sf hhz5lgdu\"><img loading=\"lazy\" decoding=\"async\" src=\"https:\/\/static.xx.fbcdn.net\/images\/emoji.php\/v9\/t33\/1\/16\/2705.png\" alt=\"\u2705\" width=\"16\" height=\"16\" \/><\/span> Q\u00ebndrueshm\u00ebri e pakonkurueshme !<\/div>\n<div dir=\"auto\"><span class=\"pq6dq46d tbxw36s4 knj5qynh kvgmc6g5 ditlmg2l oygrvhab nvdbi5me sf5mxxl7 gl3lb2sf hhz5lgdu\"><img loading=\"lazy\" decoding=\"async\" src=\"https:\/\/static.xx.fbcdn.net\/images\/emoji.php\/v9\/t33\/1\/16\/2705.png\" alt=\"\u2705\" width=\"16\" height=\"16\" \/><\/span> Dioda dhe tranzistor\u00eb me cil\u00ebsi t\u00eb lart\u00eb<\/div>\n<div dir=\"auto\"><span class=\"pq6dq46d tbxw36s4 knj5qynh kvgmc6g5 ditlmg2l oygrvhab nvdbi5me sf5mxxl7 gl3lb2sf hhz5lgdu\"><img loading=\"lazy\" decoding=\"async\" src=\"https:\/\/static.xx.fbcdn.net\/images\/emoji.php\/v9\/t33\/1\/16\/2705.png\" alt=\"\u2705\" width=\"16\" height=\"16\" \/><\/span> Filtr shtes\u00eb p\u00ebr rrjetitin elektrik<\/div>\n<div dir=\"auto\"><span class=\"pq6dq46d tbxw36s4 knj5qynh kvgmc6g5 ditlmg2l oygrvhab nvdbi5me sf5mxxl7 gl3lb2sf hhz5lgdu\"><img loading=\"lazy\" decoding=\"async\" src=\"https:\/\/static.xx.fbcdn.net\/images\/emoji.php\/v9\/t33\/1\/16\/2705.png\" alt=\"\u2705\" width=\"16\" height=\"16\" \/><\/span> Siguri e plot\u00eb<\/div>\n<div dir=\"auto\"><span class=\"pq6dq46d tbxw36s4 knj5qynh kvgmc6g5 ditlmg2l oygrvhab nvdbi5me sf5mxxl7 gl3lb2sf hhz5lgdu\"><img loading=\"lazy\" decoding=\"async\" src=\"https:\/\/static.xx.fbcdn.net\/images\/emoji.php\/v9\/t33\/1\/16\/2705.png\" alt=\"\u2705\" width=\"16\" height=\"16\" \/><\/span> Shtes\u00eb alumini ftoh\u00ebse kund\u00ebr nxeht\u00ebsis\u00eb<\/div>\n<\/div>\n","protected":false},"excerpt":{"rendered":"<p>Karikues GREEN CELL seria Profesional<\/p>\n<div class=\"kvgmc6g5 cxmmr5t8 oygrvhab hcukyx3x c1et5uql ii04i59q\"><\/div>\n<div class=\"o9v6fnle cxmmr5t8 oygrvhab hcukyx3x c1et5uql ii04i59q\">\n<div dir=\"auto\">Manufacturer Green Cell<br \/>\nDimensions 16,8 x 8,3 x 4,1 cm<br \/>\nWeight 706g<br \/>\nIncluded 1.2m network cable, user manual, warranty card<br \/>\nSeries PRO<br \/>\nProtections thermal, overvoltage, short-circuit<br \/>\nProduct code AD110P<br \/>\nPower 150W<br \/>\nVoltage 19V<br \/>\nAmperage 7.9A<br \/>\nTip size round with a pin (7.4-5.0mm)<br \/>\nCondition New<br \/>\nColour Black<\/div>\n<\/div>\n","protected":false},"featured_media":2472,"template":"","meta":[],"product_brand":[],"product_cat":[40],"product_tag":[],"class_list":{"0":"post-2471","1":"product","2":"type-product","3":"status-publish","4":"has-post-thumbnail","6":"product_cat-karikues","7":"description-off","9":"first","10":"instock","11":"shipping-taxable","12":"product-type-simple"},"yoast_head":"<!-- This site is optimized with the Yoast SEO plugin v27.3 - https:\/\/yoast.com\/product\/yoast-seo-wordpress\/ -->\n<title>Green Cell PRO 19V 7.9A 150W - 7.4-5.0mm HP WORKSTATION - Cmimi Leke - Kapidani PCCSERVICE<\/title>\n<meta name=\"robots\" content=\"index, follow, max-snippet:-1, max-image-preview:large, max-video-preview:-1\" \/>\n<link rel=\"canonical\" href=\"https:\/\/kapidani.com\/index.php\/product\/green-cell-pro-19v-7-9a-150w-7-4-5-0mm-hp-workstation-cmimi-leke\/\" \/>\n<meta property=\"og:locale\" content=\"en_US\" \/>\n<meta property=\"og:type\" content=\"article\" \/>\n<meta property=\"og:title\" content=\"Green Cell PRO 19V 7.9A 150W - 7.4-5.0mm HP WORKSTATION - Cmimi Leke - Kapidani PCCSERVICE\" \/>\n<meta property=\"og:description\" content=\"Karikues GREEN CELL seria Profesional   Manufacturer Green Cell Dimensions 16,8 x 8,3 x 4,1 cm Weight 706g Included 1.2m network cable, user manual, warranty card Series PRO Protections thermal, overvoltage, short-circuit Product code AD110P Power 150W Voltage 19V Amperage 7.9A Tip size round with a pin (7.4-5.0mm) Condition New Colour Black\" \/>\n<meta property=\"og:url\" content=\"https:\/\/kapidani.com\/index.php\/product\/green-cell-pro-19v-7-9a-150w-7-4-5-0mm-hp-workstation-cmimi-leke\/\" \/>\n<meta property=\"og:site_name\" content=\"Kapidani PCCSERVICE\" \/>\n<meta property=\"article:modified_time\" content=\"2021-05-23T20:48:04+00:00\" \/>\n<meta property=\"og:image\" content=\"https:\/\/kapidani.com\/wp-content\/uploads\/2021\/05\/charger-ac-adapter-green-cell-pro-19v-79a-150w-for-hp-elitebook-8530p-8530w-8540p-8540w-8560p-8560w-8570w-8730w-zbook-15-g1.jpg\" \/>\n\t<meta property=\"og:image:width\" content=\"800\" \/>\n\t<meta property=\"og:image:height\" content=\"800\" \/>\n\t<meta property=\"og:image:type\" content=\"image\/jpeg\" \/>\n<meta name=\"twitter:card\" content=\"summary_large_image\" \/>\n<script type=\"application\/ld+json\" class=\"yoast-schema-graph\">{\"@context\":\"https:\\\/\\\/schema.org\",\"@graph\":[{\"@type\":\"WebPage\",\"@id\":\"https:\\\/\\\/kapidani.com\\\/index.php\\\/product\\\/green-cell-pro-19v-7-9a-150w-7-4-5-0mm-hp-workstation-cmimi-leke\\\/\",\"url\":\"https:\\\/\\\/kapidani.com\\\/index.php\\\/product\\\/green-cell-pro-19v-7-9a-150w-7-4-5-0mm-hp-workstation-cmimi-leke\\\/\",\"name\":\"Green Cell PRO 19V 7.9A 150W - 7.4-5.0mm HP WORKSTATION - Cmimi Leke - Kapidani PCCSERVICE\",\"isPartOf\":{\"@id\":\"https:\\\/\\\/kapidani.com\\\/#website\"},\"primaryImageOfPage\":{\"@id\":\"https:\\\/\\\/kapidani.com\\\/index.php\\\/product\\\/green-cell-pro-19v-7-9a-150w-7-4-5-0mm-hp-workstation-cmimi-leke\\\/#primaryimage\"},\"image\":{\"@id\":\"https:\\\/\\\/kapidani.com\\\/index.php\\\/product\\\/green-cell-pro-19v-7-9a-150w-7-4-5-0mm-hp-workstation-cmimi-leke\\\/#primaryimage\"},\"thumbnailUrl\":\"https:\\\/\\\/kapidani.com\\\/wp-content\\\/uploads\\\/2021\\\/05\\\/charger-ac-adapter-green-cell-pro-19v-79a-150w-for-hp-elitebook-8530p-8530w-8540p-8540w-8560p-8560w-8570w-8730w-zbook-15-g1.jpg\",\"datePublished\":\"2021-05-23T20:43:13+00:00\",\"dateModified\":\"2021-05-23T20:48:04+00:00\",\"breadcrumb\":{\"@id\":\"https:\\\/\\\/kapidani.com\\\/index.php\\\/product\\\/green-cell-pro-19v-7-9a-150w-7-4-5-0mm-hp-workstation-cmimi-leke\\\/#breadcrumb\"},\"inLanguage\":\"en-US\",\"potentialAction\":[{\"@type\":\"ReadAction\",\"target\":[\"https:\\\/\\\/kapidani.com\\\/index.php\\\/product\\\/green-cell-pro-19v-7-9a-150w-7-4-5-0mm-hp-workstation-cmimi-leke\\\/\"]}]},{\"@type\":\"ImageObject\",\"inLanguage\":\"en-US\",\"@id\":\"https:\\\/\\\/kapidani.com\\\/index.php\\\/product\\\/green-cell-pro-19v-7-9a-150w-7-4-5-0mm-hp-workstation-cmimi-leke\\\/#primaryimage\",\"url\":\"https:\\\/\\\/kapidani.com\\\/wp-content\\\/uploads\\\/2021\\\/05\\\/charger-ac-adapter-green-cell-pro-19v-79a-150w-for-hp-elitebook-8530p-8530w-8540p-8540w-8560p-8560w-8570w-8730w-zbook-15-g1.jpg\",\"contentUrl\":\"https:\\\/\\\/kapidani.com\\\/wp-content\\\/uploads\\\/2021\\\/05\\\/charger-ac-adapter-green-cell-pro-19v-79a-150w-for-hp-elitebook-8530p-8530w-8540p-8540w-8560p-8560w-8570w-8730w-zbook-15-g1.jpg\",\"width\":800,\"height\":800},{\"@type\":\"BreadcrumbList\",\"@id\":\"https:\\\/\\\/kapidani.com\\\/index.php\\\/product\\\/green-cell-pro-19v-7-9a-150w-7-4-5-0mm-hp-workstation-cmimi-leke\\\/#breadcrumb\",\"itemListElement\":[{\"@type\":\"ListItem\",\"position\":1,\"name\":\"Home\",\"item\":\"https:\\\/\\\/kapidani.com\\\/\"},{\"@type\":\"ListItem\",\"position\":2,\"name\":\"Shop\",\"item\":\"https:\\\/\\\/kapidani.com\\\/index.php\\\/shop\\\/\"},{\"@type\":\"ListItem\",\"position\":3,\"name\":\"Green Cell PRO 19V 7.9A 150W &#8211; 7.4-5.0mm HP WORKSTATION &#8211; Cmimi Leke\"}]},{\"@type\":\"WebSite\",\"@id\":\"https:\\\/\\\/kapidani.com\\\/#website\",\"url\":\"https:\\\/\\\/kapidani.com\\\/\",\"name\":\"Kapidani PCCSERVICE\",\"description\":\"Hardware, Software, Accessories, Services, Hdd, Computer, Laptops,\",\"potentialAction\":[{\"@type\":\"SearchAction\",\"target\":{\"@type\":\"EntryPoint\",\"urlTemplate\":\"https:\\\/\\\/kapidani.com\\\/?s={search_term_string}\"},\"query-input\":{\"@type\":\"PropertyValueSpecification\",\"valueRequired\":true,\"valueName\":\"search_term_string\"}}],\"inLanguage\":\"en-US\"}]}<\/script>\n<!-- \/ Yoast SEO plugin. -->","yoast_head_json":{"title":"Green Cell PRO 19V 7.9A 150W - 7.4-5.0mm HP WORKSTATION - Cmimi Leke - Kapidani PCCSERVICE","robots":{"index":"index","follow":"follow","max-snippet":"max-snippet:-1","max-image-preview":"max-image-preview:large","max-video-preview":"max-video-preview:-1"},"canonical":"https:\/\/kapidani.com\/index.php\/product\/green-cell-pro-19v-7-9a-150w-7-4-5-0mm-hp-workstation-cmimi-leke\/","og_locale":"en_US","og_type":"article","og_title":"Green Cell PRO 19V 7.9A 150W - 7.4-5.0mm HP WORKSTATION - Cmimi Leke - Kapidani PCCSERVICE","og_description":"Karikues GREEN CELL seria Profesional   Manufacturer Green Cell Dimensions 16,8 x 8,3 x 4,1 cm Weight 706g Included 1.2m network cable, user manual, warranty card Series PRO Protections thermal, overvoltage, short-circuit Product code AD110P Power 150W Voltage 19V Amperage 7.9A Tip size round with a pin (7.4-5.0mm) Condition New Colour Black","og_url":"https:\/\/kapidani.com\/index.php\/product\/green-cell-pro-19v-7-9a-150w-7-4-5-0mm-hp-workstation-cmimi-leke\/","og_site_name":"Kapidani PCCSERVICE","article_modified_time":"2021-05-23T20:48:04+00:00","og_image":[{"width":800,"height":800,"url":"https:\/\/kapidani.com\/wp-content\/uploads\/2021\/05\/charger-ac-adapter-green-cell-pro-19v-79a-150w-for-hp-elitebook-8530p-8530w-8540p-8540w-8560p-8560w-8570w-8730w-zbook-15-g1.jpg","type":"image\/jpeg"}],"twitter_card":"summary_large_image","schema":{"@context":"https:\/\/schema.org","@graph":[{"@type":"WebPage","@id":"https:\/\/kapidani.com\/index.php\/product\/green-cell-pro-19v-7-9a-150w-7-4-5-0mm-hp-workstation-cmimi-leke\/","url":"https:\/\/kapidani.com\/index.php\/product\/green-cell-pro-19v-7-9a-150w-7-4-5-0mm-hp-workstation-cmimi-leke\/","name":"Green Cell PRO 19V 7.9A 150W - 7.4-5.0mm HP WORKSTATION - Cmimi Leke - Kapidani PCCSERVICE","isPartOf":{"@id":"https:\/\/kapidani.com\/#website"},"primaryImageOfPage":{"@id":"https:\/\/kapidani.com\/index.php\/product\/green-cell-pro-19v-7-9a-150w-7-4-5-0mm-hp-workstation-cmimi-leke\/#primaryimage"},"image":{"@id":"https:\/\/kapidani.com\/index.php\/product\/green-cell-pro-19v-7-9a-150w-7-4-5-0mm-hp-workstation-cmimi-leke\/#primaryimage"},"thumbnailUrl":"https:\/\/kapidani.com\/wp-content\/uploads\/2021\/05\/charger-ac-adapter-green-cell-pro-19v-79a-150w-for-hp-elitebook-8530p-8530w-8540p-8540w-8560p-8560w-8570w-8730w-zbook-15-g1.jpg","datePublished":"2021-05-23T20:43:13+00:00","dateModified":"2021-05-23T20:48:04+00:00","breadcrumb":{"@id":"https:\/\/kapidani.com\/index.php\/product\/green-cell-pro-19v-7-9a-150w-7-4-5-0mm-hp-workstation-cmimi-leke\/#breadcrumb"},"inLanguage":"en-US","potentialAction":[{"@type":"ReadAction","target":["https:\/\/kapidani.com\/index.php\/product\/green-cell-pro-19v-7-9a-150w-7-4-5-0mm-hp-workstation-cmimi-leke\/"]}]},{"@type":"ImageObject","inLanguage":"en-US","@id":"https:\/\/kapidani.com\/index.php\/product\/green-cell-pro-19v-7-9a-150w-7-4-5-0mm-hp-workstation-cmimi-leke\/#primaryimage","url":"https:\/\/kapidani.com\/wp-content\/uploads\/2021\/05\/charger-ac-adapter-green-cell-pro-19v-79a-150w-for-hp-elitebook-8530p-8530w-8540p-8540w-8560p-8560w-8570w-8730w-zbook-15-g1.jpg","contentUrl":"https:\/\/kapidani.com\/wp-content\/uploads\/2021\/05\/charger-ac-adapter-green-cell-pro-19v-79a-150w-for-hp-elitebook-8530p-8530w-8540p-8540w-8560p-8560w-8570w-8730w-zbook-15-g1.jpg","width":800,"height":800},{"@type":"BreadcrumbList","@id":"https:\/\/kapidani.com\/index.php\/product\/green-cell-pro-19v-7-9a-150w-7-4-5-0mm-hp-workstation-cmimi-leke\/#breadcrumb","itemListElement":[{"@type":"ListItem","position":1,"name":"Home","item":"https:\/\/kapidani.com\/"},{"@type":"ListItem","position":2,"name":"Shop","item":"https:\/\/kapidani.com\/index.php\/shop\/"},{"@type":"ListItem","position":3,"name":"Green Cell PRO 19V 7.9A 150W &#8211; 7.4-5.0mm HP WORKSTATION &#8211; Cmimi Leke"}]},{"@type":"WebSite","@id":"https:\/\/kapidani.com\/#website","url":"https:\/\/kapidani.com\/","name":"Kapidani PCCSERVICE","description":"Hardware, Software, Accessories, Services, Hdd, Computer, Laptops,","potentialAction":[{"@type":"SearchAction","target":{"@type":"EntryPoint","urlTemplate":"https:\/\/kapidani.com\/?s={search_term_string}"},"query-input":{"@type":"PropertyValueSpecification","valueRequired":true,"valueName":"search_term_string"}}],"inLanguage":"en-US"}]}},"_links":{"self":[{"href":"https:\/\/kapidani.com\/index.php\/wp-json\/wp\/v2\/product\/2471","targetHints":{"allow":["GET"]}}],"collection":[{"href":"https:\/\/kapidani.com\/index.php\/wp-json\/wp\/v2\/product"}],"about":[{"href":"https:\/\/kapidani.com\/index.php\/wp-json\/wp\/v2\/types\/product"}],"wp:featuredmedia":[{"embeddable":true,"href":"https:\/\/kapidani.com\/index.php\/wp-json\/wp\/v2\/media\/2472"}],"wp:attachment":[{"href":"https:\/\/kapidani.com\/index.php\/wp-json\/wp\/v2\/media?parent=2471"}],"wp:term":[{"taxonomy":"product_brand","embeddable":true,"href":"https:\/\/kapidani.com\/index.php\/wp-json\/wp\/v2\/product_brand?post=2471"},{"taxonomy":"product_cat","embeddable":true,"href":"https:\/\/kapidani.com\/index.php\/wp-json\/wp\/v2\/product_cat?post=2471"},{"taxonomy":"product_tag","embeddable":true,"href":"https:\/\/kapidani.com\/index.php\/wp-json\/wp\/v2\/product_tag?post=2471"}],"curies":[{"name":"wp","href":"https:\/\/api.w.org\/{rel}","templated":true}]}}