{"id":2533,"date":"2021-05-25T20:28:15","date_gmt":"2021-05-25T20:28:15","guid":{"rendered":"https:\/\/kapidani.com\/?post_type=product&#038;p=2533"},"modified":"2021-05-25T20:29:20","modified_gmt":"2021-05-25T20:29:20","slug":"ac-adapter-for-laptop-fujitsu-siemens","status":"publish","type":"product","link":"https:\/\/kapidani.com\/index.php\/product\/ac-adapter-for-laptop-fujitsu-siemens\/","title":{"rendered":"Green Cell PRO \u00ae Charger \/ AC Adapter for Laptop FUJITSU SIEMENS 19V 4.7A (90W) 5.5MM X 2.5MM &#8211; CMIMI 2500 LEKE"},"content":{"rendered":"<div class=\"kvgmc6g5 cxmmr5t8 oygrvhab hcukyx3x c1et5uql ii04i59q\">\n<div dir=\"auto\">\u00c7far\u00eb i dallon Karikuset e laptopeve nga seria PROFESIONALE?<span class=\"pq6dq46d tbxw36s4 knj5qynh kvgmc6g5 ditlmg2l oygrvhab nvdbi5me sf5mxxl7 gl3lb2sf hhz5lgdu\"><img loading=\"lazy\" decoding=\"async\" src=\"https:\/\/static.xx.fbcdn.net\/images\/emoji.php\/v9\/tbf\/1\/16\/1f50b.png\" alt=\"\ud83d\udd0b\" width=\"16\" height=\"16\" \/><\/span><span class=\"pq6dq46d tbxw36s4 knj5qynh kvgmc6g5 ditlmg2l oygrvhab nvdbi5me sf5mxxl7 gl3lb2sf hhz5lgdu\"><img loading=\"lazy\" decoding=\"async\" src=\"https:\/\/static.xx.fbcdn.net\/images\/emoji.php\/v9\/t5d\/1\/16\/26a1.png\" alt=\"\u26a1\" width=\"16\" height=\"16\" \/><\/span><span class=\"pq6dq46d tbxw36s4 knj5qynh kvgmc6g5 ditlmg2l oygrvhab nvdbi5me sf5mxxl7 gl3lb2sf hhz5lgdu\"><span class=\"pq6dq46d tbxw36s4 knj5qynh kvgmc6g5 ditlmg2l oygrvhab nvdbi5me sf5mxxl7 gl3lb2sf hhz5lgdu\"><img loading=\"lazy\" decoding=\"async\" src=\"https:\/\/static.xx.fbcdn.net\/images\/emoji.php\/v9\/t94\/1\/16\/1f49a.png\" alt=\"\ud83d\udc9a\" width=\"16\" height=\"16\" \/><br \/>\nSerit\u00eb profesionale te karikuesave GREEN CELL synojn\u00eb t\u00eb jen\u00eb efikase dhe t\u00eb q\u00ebndrueshme. Ata jan\u00eb pajisur me nj\u00eb gam\u00eb t\u00eb plot\u00eb t\u00eb mbrojtjeve elektronike q\u00eb sigurojn\u00eb kontroll t\u00eb sakt\u00eb t\u00eb parametrave t\u00eb karikimit. Ata do t\u00eb ngarkojn\u00eb laptopin tuaj jo vet\u00ebm shpejt, por edhe n\u00eb m\u00ebnyr\u00eb t\u00eb sigurt.<\/span><\/span><\/div>\n<\/div>\n<div class=\"o9v6fnle cxmmr5t8 oygrvhab hcukyx3x c1et5uql ii04i59q\">\n<div dir=\"auto\"><span class=\"pq6dq46d tbxw36s4 knj5qynh kvgmc6g5 ditlmg2l oygrvhab nvdbi5me sf5mxxl7 gl3lb2sf hhz5lgdu\"><img loading=\"lazy\" decoding=\"async\" src=\"https:\/\/static.xx.fbcdn.net\/images\/emoji.php\/v9\/t33\/1\/16\/2705.png\" alt=\"\u2705\" width=\"16\" height=\"16\" \/><\/span> Q\u00ebndrueshm\u00ebri e pakonkurueshme !<\/div>\n<div dir=\"auto\"><span class=\"pq6dq46d tbxw36s4 knj5qynh kvgmc6g5 ditlmg2l oygrvhab nvdbi5me sf5mxxl7 gl3lb2sf hhz5lgdu\"><img loading=\"lazy\" decoding=\"async\" src=\"https:\/\/static.xx.fbcdn.net\/images\/emoji.php\/v9\/t33\/1\/16\/2705.png\" alt=\"\u2705\" width=\"16\" height=\"16\" \/><\/span> Dioda dhe tranzistor\u00eb me cil\u00ebsi t\u00eb lart\u00eb<\/div>\n<div dir=\"auto\"><span class=\"pq6dq46d tbxw36s4 knj5qynh kvgmc6g5 ditlmg2l oygrvhab nvdbi5me sf5mxxl7 gl3lb2sf hhz5lgdu\"><img loading=\"lazy\" decoding=\"async\" src=\"https:\/\/static.xx.fbcdn.net\/images\/emoji.php\/v9\/t33\/1\/16\/2705.png\" alt=\"\u2705\" width=\"16\" height=\"16\" \/><\/span> Filtr shtes\u00eb p\u00ebr rrjetitin elektrik<\/div>\n<div dir=\"auto\"><span class=\"pq6dq46d tbxw36s4 knj5qynh kvgmc6g5 ditlmg2l oygrvhab nvdbi5me sf5mxxl7 gl3lb2sf hhz5lgdu\"><img loading=\"lazy\" decoding=\"async\" src=\"https:\/\/static.xx.fbcdn.net\/images\/emoji.php\/v9\/t33\/1\/16\/2705.png\" alt=\"\u2705\" width=\"16\" height=\"16\" \/><\/span> Siguri e plot\u00eb<\/div>\n<div dir=\"auto\">\n<p><span class=\"pq6dq46d tbxw36s4 knj5qynh kvgmc6g5 ditlmg2l oygrvhab nvdbi5me sf5mxxl7 gl3lb2sf hhz5lgdu\"><img loading=\"lazy\" decoding=\"async\" src=\"https:\/\/static.xx.fbcdn.net\/images\/emoji.php\/v9\/t33\/1\/16\/2705.png\" alt=\"\u2705\" width=\"16\" height=\"16\" \/><\/span> Shtes\u00eb alumini ftoh\u00ebse kund\u00ebr nxeht\u00ebsis\u00eb<\/p>\n<p>Q\u00ebndrueshm\u00ebri e pakonkurueshme<br \/>\nDizajni i menduar mir\u00eb dhe cil\u00ebsia e lart\u00eb e p\u00ebrb\u00ebr\u00ebsve p\u00ebrmir\u00ebsojn\u00eb q\u00ebndrueshm\u00ebrin\u00eb e ngarkuesit. Nj\u00eb filt\u00ebr shtes\u00eb n\u00eb rrjet filtron tensionin tashm\u00eb n\u00eb hyrjen e ngarkuesit dhe nj\u00eb radiator m\u00eb i madh shp\u00ebrndan nxeht\u00ebsin\u00eb n\u00eb m\u00ebnyr\u00eb m\u00eb efikase n\u00eb m\u00ebnyr\u00eb q\u00eb ngarkuesi t\u00eb mos nxehet shum\u00eb. E gjith\u00eb kjo e b\u00ebn PSU-n\u00eb p\u00ebr mrekulli t\u00eb q\u00ebndrueshme dhe siguron funksionim t\u00eb qet\u00eb p\u00ebr vite me rradh\u00eb.<\/p>\n<\/div>\n<\/div>\n","protected":false},"excerpt":{"rendered":"<p>Karikues GREEN CELL seria Profesional<\/p>\n<div class=\"kvgmc6g5 cxmmr5t8 oygrvhab hcukyx3x c1et5uql ii04i59q\"><\/div>\n<div class=\"o9v6fnle cxmmr5t8 oygrvhab hcukyx3x c1et5uql ii04i59q\">\n<div dir=\"auto\">Power 90W<br \/>\nVoltage 19V<br \/>\nAmperage 4.74A<br \/>\nTip size 5.5mm-2.5mm<br \/>\nCondition New<br \/>\nOverheat protection Yes<br \/>\nColour Black<br \/>\nManufacturer Green Cell<br \/>\nSurge protection Yes<br \/>\nProduct code AD27AP<\/div>\n<\/div>\n","protected":false},"featured_media":2531,"template":"","meta":[],"product_brand":[],"product_cat":[40],"product_tag":[],"class_list":{"0":"post-2533","1":"product","2":"type-product","3":"status-publish","4":"has-post-thumbnail","6":"product_cat-karikues","7":"description-off","9":"first","10":"instock","11":"shipping-taxable","12":"purchasable","13":"product-type-simple"},"yoast_head":"<!-- This site is optimized with the Yoast SEO plugin v27.3 - https:\/\/yoast.com\/product\/yoast-seo-wordpress\/ -->\n<title>Green Cell PRO \u00ae Charger \/ AC Adapter for Laptop FUJITSU SIEMENS 19V 4.7A (90W) 5.5MM X 2.5MM - CMIMI 2500 LEKE - Kapidani PCCSERVICE<\/title>\n<meta name=\"robots\" content=\"index, follow, max-snippet:-1, max-image-preview:large, max-video-preview:-1\" \/>\n<link rel=\"canonical\" href=\"https:\/\/kapidani.com\/index.php\/product\/ac-adapter-for-laptop-fujitsu-siemens\/\" \/>\n<meta property=\"og:locale\" content=\"en_US\" \/>\n<meta property=\"og:type\" content=\"article\" \/>\n<meta property=\"og:title\" content=\"Green Cell PRO \u00ae Charger \/ AC Adapter for Laptop FUJITSU SIEMENS 19V 4.7A (90W) 5.5MM X 2.5MM - CMIMI 2500 LEKE - Kapidani PCCSERVICE\" \/>\n<meta property=\"og:description\" content=\"Karikues GREEN CELL seria Profesional   Power 90W Voltage 19V Amperage 4.74A Tip size 5.5mm-2.5mm Condition New Overheat protection Yes Colour Black Manufacturer Green Cell Surge protection Yes Product code AD27AP\" \/>\n<meta property=\"og:url\" content=\"https:\/\/kapidani.com\/index.php\/product\/ac-adapter-for-laptop-fujitsu-siemens\/\" \/>\n<meta property=\"og:site_name\" content=\"Kapidani PCCSERVICE\" \/>\n<meta property=\"article:modified_time\" content=\"2021-05-25T20:29:20+00:00\" \/>\n<meta property=\"og:image\" content=\"https:\/\/kapidani.com\/wp-content\/uploads\/2021\/05\/green-cell-pro-charger-ac-adapter-for-laptop-toshiba-satellite-a200-l350-a300-a500-a505-a350d-a660-l350-l300d.jpg\" \/>\n\t<meta property=\"og:image:width\" content=\"800\" \/>\n\t<meta property=\"og:image:height\" content=\"800\" \/>\n\t<meta property=\"og:image:type\" content=\"image\/jpeg\" \/>\n<meta name=\"twitter:card\" content=\"summary_large_image\" \/>\n<meta name=\"twitter:label1\" content=\"Est. reading time\" \/>\n\t<meta name=\"twitter:data1\" content=\"1 minute\" \/>\n<script type=\"application\/ld+json\" class=\"yoast-schema-graph\">{\"@context\":\"https:\\\/\\\/schema.org\",\"@graph\":[{\"@type\":\"WebPage\",\"@id\":\"https:\\\/\\\/kapidani.com\\\/index.php\\\/product\\\/ac-adapter-for-laptop-fujitsu-siemens\\\/\",\"url\":\"https:\\\/\\\/kapidani.com\\\/index.php\\\/product\\\/ac-adapter-for-laptop-fujitsu-siemens\\\/\",\"name\":\"Green Cell PRO \u00ae Charger \\\/ AC Adapter for Laptop FUJITSU SIEMENS 19V 4.7A (90W) 5.5MM X 2.5MM - CMIMI 2500 LEKE - Kapidani PCCSERVICE\",\"isPartOf\":{\"@id\":\"https:\\\/\\\/kapidani.com\\\/#website\"},\"primaryImageOfPage\":{\"@id\":\"https:\\\/\\\/kapidani.com\\\/index.php\\\/product\\\/ac-adapter-for-laptop-fujitsu-siemens\\\/#primaryimage\"},\"image\":{\"@id\":\"https:\\\/\\\/kapidani.com\\\/index.php\\\/product\\\/ac-adapter-for-laptop-fujitsu-siemens\\\/#primaryimage\"},\"thumbnailUrl\":\"https:\\\/\\\/kapidani.com\\\/wp-content\\\/uploads\\\/2021\\\/05\\\/green-cell-pro-charger-ac-adapter-for-laptop-toshiba-satellite-a200-l350-a300-a500-a505-a350d-a660-l350-l300d.jpg\",\"datePublished\":\"2021-05-25T20:28:15+00:00\",\"dateModified\":\"2021-05-25T20:29:20+00:00\",\"breadcrumb\":{\"@id\":\"https:\\\/\\\/kapidani.com\\\/index.php\\\/product\\\/ac-adapter-for-laptop-fujitsu-siemens\\\/#breadcrumb\"},\"inLanguage\":\"en-US\",\"potentialAction\":[{\"@type\":\"ReadAction\",\"target\":[\"https:\\\/\\\/kapidani.com\\\/index.php\\\/product\\\/ac-adapter-for-laptop-fujitsu-siemens\\\/\"]}]},{\"@type\":\"ImageObject\",\"inLanguage\":\"en-US\",\"@id\":\"https:\\\/\\\/kapidani.com\\\/index.php\\\/product\\\/ac-adapter-for-laptop-fujitsu-siemens\\\/#primaryimage\",\"url\":\"https:\\\/\\\/kapidani.com\\\/wp-content\\\/uploads\\\/2021\\\/05\\\/green-cell-pro-charger-ac-adapter-for-laptop-toshiba-satellite-a200-l350-a300-a500-a505-a350d-a660-l350-l300d.jpg\",\"contentUrl\":\"https:\\\/\\\/kapidani.com\\\/wp-content\\\/uploads\\\/2021\\\/05\\\/green-cell-pro-charger-ac-adapter-for-laptop-toshiba-satellite-a200-l350-a300-a500-a505-a350d-a660-l350-l300d.jpg\",\"width\":800,\"height\":800},{\"@type\":\"BreadcrumbList\",\"@id\":\"https:\\\/\\\/kapidani.com\\\/index.php\\\/product\\\/ac-adapter-for-laptop-fujitsu-siemens\\\/#breadcrumb\",\"itemListElement\":[{\"@type\":\"ListItem\",\"position\":1,\"name\":\"Home\",\"item\":\"https:\\\/\\\/kapidani.com\\\/\"},{\"@type\":\"ListItem\",\"position\":2,\"name\":\"Shop\",\"item\":\"https:\\\/\\\/kapidani.com\\\/index.php\\\/shop\\\/\"},{\"@type\":\"ListItem\",\"position\":3,\"name\":\"Green Cell PRO \u00ae Charger \\\/ AC Adapter for Laptop FUJITSU SIEMENS 19V 4.7A (90W) 5.5MM X 2.5MM &#8211; CMIMI 2500 LEKE\"}]},{\"@type\":\"WebSite\",\"@id\":\"https:\\\/\\\/kapidani.com\\\/#website\",\"url\":\"https:\\\/\\\/kapidani.com\\\/\",\"name\":\"Kapidani PCCSERVICE\",\"description\":\"Hardware, Software, Accessories, Services, Hdd, Computer, Laptops,\",\"potentialAction\":[{\"@type\":\"SearchAction\",\"target\":{\"@type\":\"EntryPoint\",\"urlTemplate\":\"https:\\\/\\\/kapidani.com\\\/?s={search_term_string}\"},\"query-input\":{\"@type\":\"PropertyValueSpecification\",\"valueRequired\":true,\"valueName\":\"search_term_string\"}}],\"inLanguage\":\"en-US\"}]}<\/script>\n<!-- \/ Yoast SEO plugin. -->","yoast_head_json":{"title":"Green Cell PRO \u00ae Charger \/ AC Adapter for Laptop FUJITSU SIEMENS 19V 4.7A (90W) 5.5MM X 2.5MM - CMIMI 2500 LEKE - Kapidani PCCSERVICE","robots":{"index":"index","follow":"follow","max-snippet":"max-snippet:-1","max-image-preview":"max-image-preview:large","max-video-preview":"max-video-preview:-1"},"canonical":"https:\/\/kapidani.com\/index.php\/product\/ac-adapter-for-laptop-fujitsu-siemens\/","og_locale":"en_US","og_type":"article","og_title":"Green Cell PRO \u00ae Charger \/ AC Adapter for Laptop FUJITSU SIEMENS 19V 4.7A (90W) 5.5MM X 2.5MM - CMIMI 2500 LEKE - Kapidani PCCSERVICE","og_description":"Karikues GREEN CELL seria Profesional   Power 90W Voltage 19V Amperage 4.74A Tip size 5.5mm-2.5mm Condition New Overheat protection Yes Colour Black Manufacturer Green Cell Surge protection Yes Product code AD27AP","og_url":"https:\/\/kapidani.com\/index.php\/product\/ac-adapter-for-laptop-fujitsu-siemens\/","og_site_name":"Kapidani PCCSERVICE","article_modified_time":"2021-05-25T20:29:20+00:00","og_image":[{"width":800,"height":800,"url":"https:\/\/kapidani.com\/wp-content\/uploads\/2021\/05\/green-cell-pro-charger-ac-adapter-for-laptop-toshiba-satellite-a200-l350-a300-a500-a505-a350d-a660-l350-l300d.jpg","type":"image\/jpeg"}],"twitter_card":"summary_large_image","twitter_misc":{"Est. reading time":"1 minute"},"schema":{"@context":"https:\/\/schema.org","@graph":[{"@type":"WebPage","@id":"https:\/\/kapidani.com\/index.php\/product\/ac-adapter-for-laptop-fujitsu-siemens\/","url":"https:\/\/kapidani.com\/index.php\/product\/ac-adapter-for-laptop-fujitsu-siemens\/","name":"Green Cell PRO \u00ae Charger \/ AC Adapter for Laptop FUJITSU SIEMENS 19V 4.7A (90W) 5.5MM X 2.5MM - CMIMI 2500 LEKE - Kapidani PCCSERVICE","isPartOf":{"@id":"https:\/\/kapidani.com\/#website"},"primaryImageOfPage":{"@id":"https:\/\/kapidani.com\/index.php\/product\/ac-adapter-for-laptop-fujitsu-siemens\/#primaryimage"},"image":{"@id":"https:\/\/kapidani.com\/index.php\/product\/ac-adapter-for-laptop-fujitsu-siemens\/#primaryimage"},"thumbnailUrl":"https:\/\/kapidani.com\/wp-content\/uploads\/2021\/05\/green-cell-pro-charger-ac-adapter-for-laptop-toshiba-satellite-a200-l350-a300-a500-a505-a350d-a660-l350-l300d.jpg","datePublished":"2021-05-25T20:28:15+00:00","dateModified":"2021-05-25T20:29:20+00:00","breadcrumb":{"@id":"https:\/\/kapidani.com\/index.php\/product\/ac-adapter-for-laptop-fujitsu-siemens\/#breadcrumb"},"inLanguage":"en-US","potentialAction":[{"@type":"ReadAction","target":["https:\/\/kapidani.com\/index.php\/product\/ac-adapter-for-laptop-fujitsu-siemens\/"]}]},{"@type":"ImageObject","inLanguage":"en-US","@id":"https:\/\/kapidani.com\/index.php\/product\/ac-adapter-for-laptop-fujitsu-siemens\/#primaryimage","url":"https:\/\/kapidani.com\/wp-content\/uploads\/2021\/05\/green-cell-pro-charger-ac-adapter-for-laptop-toshiba-satellite-a200-l350-a300-a500-a505-a350d-a660-l350-l300d.jpg","contentUrl":"https:\/\/kapidani.com\/wp-content\/uploads\/2021\/05\/green-cell-pro-charger-ac-adapter-for-laptop-toshiba-satellite-a200-l350-a300-a500-a505-a350d-a660-l350-l300d.jpg","width":800,"height":800},{"@type":"BreadcrumbList","@id":"https:\/\/kapidani.com\/index.php\/product\/ac-adapter-for-laptop-fujitsu-siemens\/#breadcrumb","itemListElement":[{"@type":"ListItem","position":1,"name":"Home","item":"https:\/\/kapidani.com\/"},{"@type":"ListItem","position":2,"name":"Shop","item":"https:\/\/kapidani.com\/index.php\/shop\/"},{"@type":"ListItem","position":3,"name":"Green Cell PRO \u00ae Charger \/ AC Adapter for Laptop FUJITSU SIEMENS 19V 4.7A (90W) 5.5MM X 2.5MM &#8211; CMIMI 2500 LEKE"}]},{"@type":"WebSite","@id":"https:\/\/kapidani.com\/#website","url":"https:\/\/kapidani.com\/","name":"Kapidani PCCSERVICE","description":"Hardware, Software, Accessories, Services, Hdd, Computer, Laptops,","potentialAction":[{"@type":"SearchAction","target":{"@type":"EntryPoint","urlTemplate":"https:\/\/kapidani.com\/?s={search_term_string}"},"query-input":{"@type":"PropertyValueSpecification","valueRequired":true,"valueName":"search_term_string"}}],"inLanguage":"en-US"}]}},"_links":{"self":[{"href":"https:\/\/kapidani.com\/index.php\/wp-json\/wp\/v2\/product\/2533","targetHints":{"allow":["GET"]}}],"collection":[{"href":"https:\/\/kapidani.com\/index.php\/wp-json\/wp\/v2\/product"}],"about":[{"href":"https:\/\/kapidani.com\/index.php\/wp-json\/wp\/v2\/types\/product"}],"wp:featuredmedia":[{"embeddable":true,"href":"https:\/\/kapidani.com\/index.php\/wp-json\/wp\/v2\/media\/2531"}],"wp:attachment":[{"href":"https:\/\/kapidani.com\/index.php\/wp-json\/wp\/v2\/media?parent=2533"}],"wp:term":[{"taxonomy":"product_brand","embeddable":true,"href":"https:\/\/kapidani.com\/index.php\/wp-json\/wp\/v2\/product_brand?post=2533"},{"taxonomy":"product_cat","embeddable":true,"href":"https:\/\/kapidani.com\/index.php\/wp-json\/wp\/v2\/product_cat?post=2533"},{"taxonomy":"product_tag","embeddable":true,"href":"https:\/\/kapidani.com\/index.php\/wp-json\/wp\/v2\/product_tag?post=2533"}],"curies":[{"name":"wp","href":"https:\/\/api.w.org\/{rel}","templated":true}]}}