{"id":2748,"date":"2022-02-21T10:27:38","date_gmt":"2022-02-21T10:27:38","guid":{"rendered":"https:\/\/kapidani.com\/?post_type=product&#038;p=2748"},"modified":"2024-11-17T10:56:44","modified_gmt":"2024-11-17T10:56:44","slug":"trust-gxt-881-odyss-semi-mechanical-led-gaming-keyboard-3800-leke","status":"publish","type":"product","link":"https:\/\/kapidani.com\/index.php\/product\/trust-gxt-881-odyss-semi-mechanical-led-gaming-keyboard-3800-leke\/","title":{"rendered":"TRUST GXT 881 ODYSS SEMI-MECHANICAL LED GAMING KEYBOARD"},"content":{"rendered":"<p>Best of Both Worlds<br \/>\nAll of the benefits from mechanical and membrane keyboards, without the weaknesses. The Trust GXT 881 Odyss gives gamers everything they need to break boundaries, without breaking the bank: anti-ghosting, LED illumination, a mechanical feel\u2026 The Odyss delivers the best of both worlds.<\/p>\n<p>Made for Gaming<br \/>\nThe semi-mechanical switches in the Trust Odyss give gamers exactly the feel they need. Every button press is felt, making the GXT 811 reliable for gamers who want the right feedback during their gameplay. Thanks to the use of conventional technology, you won\u2019t spend too much but still enjoy important features, such as anti-ghosting of up to 19 key presses.<\/p>\n<p>Functionality is Key<br \/>\nThe Odyss is equipped with 10 direct access buttons and 12 media function keys to give you complete control over your media. While gaming, turning on the game mode will disable the Windows key, so you won\u2019t be accidentally kicked to your desktop screen. When your playing your favourite game, you\u2019re in full control.<\/p>\n","protected":false},"excerpt":{"rendered":"<p>Tastiera<em>\u00a0GXT 881 ODYSS<\/em>\u00a0e\u00a0<em>Trust<\/em>\u00a0\u00ebsht\u00eb tastier\u00eb lojrash gjysm\u00eb mekanike me ndri\u00e7im LED shum\u00ebngjyr\u00ebsh. Ka 12 butona funksionesh dhe 10 butona t\u00eb aksesit t\u00eb menj\u00ebhersh\u00ebm. Ndjeni \u00e7do l\u00ebvizje dhe jini t\u00eb kompletuar me\u00a0<em>GXT 881 ODYSS.<\/em><\/p>\n<p>&nbsp;<\/p>\n<p>Features<br \/>\nFull-size keyboard designed specifically for gaming<br \/>\nSemi-mechanical keys: conventional technology with the typing characteristics of a mechanical keyboard<br \/>\nMulticolour LED illumination in 6 different light modes and adjustable brightness<br \/>\nAdvanced anti-ghosting: up to 19 simultaneous key pressings<br \/>\n10 Direct access keys and 12 multimedia keys for quick control<br \/>\nSpecial gaming mode to disable the Windows key, for uninterrupted gaming<br \/>\nCompatible with PS4, Xbox One, Xbox Series X &amp; PS5<br \/>\nProduct Description<br \/>\nSemi-mechanical gaming keyboard with multicolour LED illumination<\/p>\n<p>System requirements \u2022 USB port \u2022 Windows 11, 10, 8 or 7 \u2022 macOS 10.15 (Catalina) or higher \u2022 Chrome OS<\/p>\n<p><em>\u00a0<\/em><\/p>\n","protected":false},"featured_media":2749,"template":"","meta":[],"product_brand":[],"product_cat":[45],"product_tag":[],"class_list":{"0":"post-2748","1":"product","2":"type-product","3":"status-publish","4":"has-post-thumbnail","6":"product_cat-keyboard","7":"description-off","9":"first","10":"instock","11":"shipping-taxable","12":"purchasable","13":"product-type-simple"},"aioseo_notices":[],"_links":{"self":[{"href":"https:\/\/kapidani.com\/index.php\/wp-json\/wp\/v2\/product\/2748","targetHints":{"allow":["GET"]}}],"collection":[{"href":"https:\/\/kapidani.com\/index.php\/wp-json\/wp\/v2\/product"}],"about":[{"href":"https:\/\/kapidani.com\/index.php\/wp-json\/wp\/v2\/types\/product"}],"wp:featuredmedia":[{"embeddable":true,"href":"https:\/\/kapidani.com\/index.php\/wp-json\/wp\/v2\/media\/2749"}],"wp:attachment":[{"href":"https:\/\/kapidani.com\/index.php\/wp-json\/wp\/v2\/media?parent=2748"}],"wp:term":[{"taxonomy":"product_brand","embeddable":true,"href":"https:\/\/kapidani.com\/index.php\/wp-json\/wp\/v2\/product_brand?post=2748"},{"taxonomy":"product_cat","embeddable":true,"href":"https:\/\/kapidani.com\/index.php\/wp-json\/wp\/v2\/product_cat?post=2748"},{"taxonomy":"product_tag","embeddable":true,"href":"https:\/\/kapidani.com\/index.php\/wp-json\/wp\/v2\/product_tag?post=2748"}],"curies":[{"name":"wp","href":"https:\/\/api.w.org\/{rel}","templated":true}]}}