{"id":2848,"date":"2022-08-16T08:58:22","date_gmt":"2022-08-16T08:58:22","guid":{"rendered":"https:\/\/kapidani.com\/?post_type=product&#038;p=2848"},"modified":"2022-08-16T08:59:45","modified_gmt":"2022-08-16T08:59:45","slug":"dell-essential-backpack-15-es1520p-cante-anti-vjedhje-cmimi-2900-leke","status":"publish","type":"product","link":"https:\/\/kapidani.com\/index.php\/product\/dell-essential-backpack-15-es1520p-cante-anti-vjedhje-cmimi-2900-leke\/","title":{"rendered":"Dell Essential Backpack 15 (ES1520P) &#8211; Cante anti vjedhje &#8211; Cmimi 2900 Leke"},"content":{"rendered":"<p>DIZENJUAR KUNDRA VJEDHJES TE LAPTOPIT<br \/>\nE PERFORCUAR ME SHTRES KUNDRA UJIT<br \/>\nPER MADHESI NGA 9 INCH DERI TE 15.6 INCH<\/p>\n<p>E leht\u00eb, por e gjer\u00eb p\u00ebr gj\u00ebrat tuaja thelb\u00ebsore<br \/>\nKapacitet i mir\u00eb p\u00ebr t\u00eb mbajtur laptopin tuaj dhe gjith\u00e7ka q\u00eb ju nevojitet gjat\u00eb dit\u00ebs. Gj\u00ebrat tuaja thelb\u00ebsore do t\u00eb jen\u00eb t\u00eb arritshme kur vendosni telefonin tuaj n\u00eb xhepin e p\u00ebrparm\u00eb me zinxhir dhe mbani shishen e ujit dhe ombrell\u00ebn brenda xhepave t\u00eb jasht\u00ebm an\u00ebsor.<\/p>\n<p>Mbani gj\u00ebrat thelb\u00ebsore t\u00eb mbrojtura nga brenda<br \/>\nE b\u00ebr\u00eb nga materiali i jasht\u00ebm rezistent ndaj ujit me nj\u00eb m\u00ebng\u00eb t\u00eb dedikuar laptopi t\u00eb mbushur, Dell Essential Backpack 15 (ES1520P) e mban laptopin tuaj t\u00eb mbrojtur dhe gj\u00ebrat e tjera thelb\u00ebsore. E dizenjuar me zinxhir\u00eb q\u00eb mund t\u00eb fshihen posht\u00eb rripit t\u00eb shpatullave ndihmon n\u00eb shmangien e v\u00ebmendjes s\u00eb pad\u00ebshiruar.<\/p>\n<p>Q\u00ebndroni t\u00eb sigurt n\u00eb l\u00ebvizje<br \/>\nE dizenjuar me printime reflektuese n\u00eb panelin e p\u00ebrparm\u00eb, Dell Essential Backpack 15 (ES1520P) eshte e dallushme<\/p>\n<p>n\u00eb kushte me drit\u00eb t\u00eb ul\u00ebt, shk\u00eblqen fort kur goditet me drit\u00eb direkte, si fener\u00ebt e makinave, duke ju b\u00ebr\u00eb m\u00eb t\u00eb duksh\u00ebm p\u00ebr t\u00eb tjer\u00ebt kur jeni duke lundruar n\u00eb rrug\u00eb t\u00eb ngarkuara. dhe trotuare.<\/p>\n<p>VIDIO PERSHKRUSE E PRODUKTIT<br \/>\n<a class=\"oajrlxb2 g5ia77u1 qu0x051f esr5mh6w e9989ue4 r7d6kgcz rq0escxv nhd2j8a9 nc684nl6 p7hjln8o kvgmc6g5 cxmmr5t8 oygrvhab hcukyx3x jb3vyjys rz4wbd8a qt6c0cv9 a8nywdso i1ao9s8h esuyzwwr f1sip0of lzcic4wl gpro0wi8 py34i1dx\" tabindex=\"0\" role=\"link\" href=\"https:\/\/www.youtube.com\/watch?v=Noq2xlWVy50&amp;t=8s&amp;fbclid=IwAR36pDQDdtujXYFC-YbQT4XDoDuDTyY8r9eMB02vS0rRNBm_8NI3Nazx6Pk\" target=\"_blank\" rel=\"nofollow noopener\">https:\/\/www.youtube.com\/watch?v=Noq2xlWVy50&amp;t=8s<\/a><\/p>\n","protected":false},"excerpt":{"rendered":"<h3 class=\"tab-content-subtitle\">Dell Essential Backpack 15 &#8211; ES1520P<\/h3>\n<p><b>Product type:<\/b>\u00a0Bagpack<\/p>\n<p><b>Max. laptop size:<\/b>\u00a015,6&#8243;<\/p>\n<p><b>Additional Compartments:<\/b>\u00a0Umbrellas, bottle, side external pocket<\/p>\n<p><b>Carrying Strap:<\/b>\u00a0Hand grip, shoulder carrying straps<\/p>\n<p><b>Closure Type:<\/b>\u00a0Zipper<\/p>\n<p><b>Capacity:<\/b>\u00a020 litres<\/p>\n<p><b>Colour:<\/b>\u00a0Black reflective printing with bumped up texture<\/p>\n<p><b>Dimensions:<\/b>\u00a031 cm x 14 cm x 43 cm<\/p>\n","protected":false},"featured_media":2857,"template":"","meta":[],"product_brand":[],"product_cat":[49],"product_tag":[],"class_list":{"0":"post-2848","1":"product","2":"type-product","3":"status-publish","4":"has-post-thumbnail","6":"product_cat-laptop-bag","7":"description-off","9":"first","10":"instock","11":"shipping-taxable","12":"product-type-simple"},"aioseo_notices":[],"_links":{"self":[{"href":"https:\/\/kapidani.com\/index.php\/wp-json\/wp\/v2\/product\/2848","targetHints":{"allow":["GET"]}}],"collection":[{"href":"https:\/\/kapidani.com\/index.php\/wp-json\/wp\/v2\/product"}],"about":[{"href":"https:\/\/kapidani.com\/index.php\/wp-json\/wp\/v2\/types\/product"}],"wp:featuredmedia":[{"embeddable":true,"href":"https:\/\/kapidani.com\/index.php\/wp-json\/wp\/v2\/media\/2857"}],"wp:attachment":[{"href":"https:\/\/kapidani.com\/index.php\/wp-json\/wp\/v2\/media?parent=2848"}],"wp:term":[{"taxonomy":"product_brand","embeddable":true,"href":"https:\/\/kapidani.com\/index.php\/wp-json\/wp\/v2\/product_brand?post=2848"},{"taxonomy":"product_cat","embeddable":true,"href":"https:\/\/kapidani.com\/index.php\/wp-json\/wp\/v2\/product_cat?post=2848"},{"taxonomy":"product_tag","embeddable":true,"href":"https:\/\/kapidani.com\/index.php\/wp-json\/wp\/v2\/product_tag?post=2848"}],"curies":[{"name":"wp","href":"https:\/\/api.w.org\/{rel}","templated":true}]}}