{"id":2884,"date":"2022-11-10T21:52:35","date_gmt":"2022-11-10T21:52:35","guid":{"rendered":"https:\/\/kapidani.com\/?post_type=product&#038;p=2884"},"modified":"2024-11-18T00:15:52","modified_gmt":"2024-11-18T00:15:52","slug":"trust-mousemouse-pad-gaming-gxt781-rixa-camo-cmimi-1800-leke","status":"publish","type":"product","link":"https:\/\/kapidani.com\/index.php\/product\/trust-mousemouse-pad-gaming-gxt781-rixa-camo-cmimi-1800-leke\/","title":{"rendered":"Trust Mouse+Mouse Pad Gaming GXT781, Rixa Camo"},"content":{"rendered":"<div class=\"x11i5rnm xat24cr x1mh8g0r x1vvkbs xtlvy1s x126k92a\">\n<div dir=\"auto\">TRUST GXT 781 Rixa Camo Gaming Mouse &amp; Mouse Pad<\/div>\n<\/div>\n<div class=\"x11i5rnm xat24cr x1mh8g0r x1vvkbs xtlvy1s x126k92a\">\n<div dir=\"auto\">Veprim i sakt\u00eb i mausit!<\/div>\n<div dir=\"auto\">Sakt\u00ebsia \u00ebsht\u00eb thelb\u00ebsore dhe Rixa \u00ebsht\u00eb vendosur t\u00eb lart\u00ebsoj\u00eb tuajin. Si fillim, ju keni 6 butona t\u00eb p\u00ebrgjegjsh\u00ebm me leht\u00ebsi. M\u00eb pas, mund t\u00eb zgjidhni cil\u00ebsimin tuaj t\u00eb preferuar t\u00eb DPI; m\u00eb e ul\u00ebt p\u00ebr t\u00eb sht\u00ebna me snajper m\u00eb t\u00eb sakta dhe m\u00eb e lart\u00eb p\u00ebr reflekse t\u00eb shpejta dhe p\u00ebr t\u00eb eksploruar shpejt rrethin\u00ebn tuaj. Dhe fal\u00eb faktorit t\u00eb tij t\u00eb dyfisht\u00eb t\u00eb form\u00ebs, \u00e7dokush mund ta p\u00ebrdor\u00eb k\u00ebt\u00eb maus me sakt\u00ebsi t\u00eb shpejt\u00eb.<\/div>\n<\/div>\n<div class=\"x11i5rnm xat24cr x1mh8g0r x1vvkbs xtlvy1s x126k92a\">\n<div dir=\"auto\">Mouse Pad i optimizuar p\u00ebr kontroll t\u00eb qet\u00eb<\/div>\n<div dir=\"auto\">Struktura e sip\u00ebrfaqes s\u00eb tapetit s\u00eb mausit \u00ebsht\u00eb e optimizuar p\u00ebr t\u00eb gjith\u00eb sensor\u00ebt e mausit dhe ndjeshm\u00ebrit\u00eb DPI. Do t\u00eb thot\u00eb se ky \u00ebsht\u00eb tapeti i p\u00ebrsosur p\u00ebr t&#8217;u p\u00ebrfshir\u00eb n\u00eb disa veprime serioze t\u00eb mausit. Mbani shpejt\u00ebsin\u00eb dhe sakt\u00ebsin\u00eb tuaj nd\u00ebrkoh\u00eb q\u00eb q\u00ebndroni n\u00eb kontroll fal\u00eb baz\u00ebs s\u00eb gom\u00ebs q\u00eb nuk rr\u00ebshqet.<\/div>\n<\/div>\n","protected":false},"excerpt":{"rendered":"<p>Sensori 3200 dpi p\u00ebr kontroll t\u00eb sakt\u00eb<br \/>\nNdri\u00e7im LED me 4 ngjyra<br \/>\n6 butona reagimi<br \/>\nButoni i zgjedhjes s\u00eb shpejt\u00ebsis\u00eb (800-1200-2400-3200 dpi)<br \/>\nForma e dyfisht\u00eb me an\u00ebt me tekstur\u00eb p\u00ebr mb\u00ebrthim t\u00eb shtuar<br \/>\nP\u00ebrfshin bllokun e mausit (220 mm x 300 mm), me sip\u00ebrfaqe t\u00eb optimizuar dhe baz\u00eb gome q\u00eb nuk rr\u00ebshqet<\/p>\n","protected":false},"featured_media":2885,"template":"","meta":[],"product_brand":[],"product_cat":[48],"product_tag":[],"class_list":{"0":"post-2884","1":"product","2":"type-product","3":"status-publish","4":"has-post-thumbnail","6":"product_cat-mouse","7":"description-off","9":"first","10":"instock","11":"shipping-taxable","12":"purchasable","13":"product-type-simple"},"aioseo_notices":[],"_links":{"self":[{"href":"https:\/\/kapidani.com\/index.php\/wp-json\/wp\/v2\/product\/2884","targetHints":{"allow":["GET"]}}],"collection":[{"href":"https:\/\/kapidani.com\/index.php\/wp-json\/wp\/v2\/product"}],"about":[{"href":"https:\/\/kapidani.com\/index.php\/wp-json\/wp\/v2\/types\/product"}],"wp:featuredmedia":[{"embeddable":true,"href":"https:\/\/kapidani.com\/index.php\/wp-json\/wp\/v2\/media\/2885"}],"wp:attachment":[{"href":"https:\/\/kapidani.com\/index.php\/wp-json\/wp\/v2\/media?parent=2884"}],"wp:term":[{"taxonomy":"product_brand","embeddable":true,"href":"https:\/\/kapidani.com\/index.php\/wp-json\/wp\/v2\/product_brand?post=2884"},{"taxonomy":"product_cat","embeddable":true,"href":"https:\/\/kapidani.com\/index.php\/wp-json\/wp\/v2\/product_cat?post=2884"},{"taxonomy":"product_tag","embeddable":true,"href":"https:\/\/kapidani.com\/index.php\/wp-json\/wp\/v2\/product_tag?post=2884"}],"curies":[{"name":"wp","href":"https:\/\/api.w.org\/{rel}","templated":true}]}}