{"id":2889,"date":"2022-11-10T22:00:17","date_gmt":"2022-11-10T22:00:17","guid":{"rendered":"https:\/\/kapidani.com\/?post_type=product&#038;p=2889"},"modified":"2024-11-18T00:17:00","modified_gmt":"2024-11-18T00:17:00","slug":"trust-mouse-gaming-ziva-cmimi-1200-leke","status":"publish","type":"product","link":"https:\/\/kapidani.com\/index.php\/product\/trust-mouse-gaming-ziva-cmimi-1200-leke\/","title":{"rendered":"Trust Mouse Gaming, Ziva"},"content":{"rendered":"<p><span class=\"\">Trust Ziva Gaming Mouse, ndjeni\u00a0<\/span><span class=\"\">shpejt\u00ebsin\u00eb dhe\u00a0<\/span><strong><span class=\"\">sakt\u00ebsin\u00eb\u00a0<\/span><\/strong><strong><span class=\"\">absolute<\/span><\/strong><span class=\"\">\u00a0me\u00a0<\/span><strong><span class=\"\">Trust Ziva<\/span><\/strong><span class=\"\">\u00a0!\u00a0<\/span>Projektuar p\u00ebr lojtar\u00eb profesionist\u00eb, Z\u00a0<strong>iva Gaming Mouse<\/strong>\u00a0\u00ebsht\u00eb nd\u00ebrtuar si nj\u00eb mjet\u00a0lojrash\u00a0<strong>preciz<\/strong>\u00a0.\u00a0<span class=\"\">Zbuloni\u00a0<\/span><strong><span class=\"\">rezolucionin e<\/span><\/strong><span class=\"\">\u00a0lart\u00eb\u00a0<\/span><span class=\"\">nga 1000 deri n\u00eb 2000<\/span><span class=\"\">\u00a0i dhe 6 \u00e7el\u00ebsa t\u00eb programuesh\u00ebm.\u00a0<\/span>Definitivisht\u00a0<strong>Trrust Ziva Mouse Gaming<\/strong>\u00a0\u00ebsht\u00eb nj\u00eb zgjedhje e fort\u00eb p\u00ebr profesionist\u00ebt dhe\u00a0<strong>lojtar\u00eb<\/strong>\u00a0!<\/p>\n","protected":false},"excerpt":{"rendered":"<p>Trust Ziva \u00ebsht\u00eb nj\u00eb maus lojrash me kabel dhe port usb, i krijuar p\u00ebr p\u00ebrdoruesit e djatht\u00eb, me nj\u00eb sensor optik dhe nj\u00eb rezolucion prej 2000 DPI. Ka 6 butona.<\/p>\n<p>Numri i butonave: 6<br \/>\nLloji i sensorit: Optik<br \/>\nM\u00ebnyra e lidhjes: me tel<br \/>\nRezolucioni i sensorit: 2000 DPI<br \/>\nPesha: 96 gr<br \/>\nP\u00ebrdoruesit q\u00eb e kan\u00eb bler\u00eb e dallojn\u00eb kryesisht sepse \u00ebsht\u00eb komode p\u00ebr tu mbajtur dhe ka pesh\u00ebn e duhur.<\/p>\n","protected":false},"featured_media":2890,"template":"","meta":[],"product_brand":[],"product_cat":[48],"product_tag":[],"class_list":{"0":"post-2889","1":"product","2":"type-product","3":"status-publish","4":"has-post-thumbnail","6":"product_cat-mouse","7":"description-off","9":"first","10":"instock","11":"shipping-taxable","12":"purchasable","13":"product-type-simple"},"yoast_head":"<!-- This site is optimized with the Yoast SEO plugin v27.3 - https:\/\/yoast.com\/product\/yoast-seo-wordpress\/ -->\n<title>Trust Mouse Gaming, Ziva - Kapidani PCCSERVICE<\/title>\n<meta name=\"robots\" content=\"index, follow, max-snippet:-1, max-image-preview:large, max-video-preview:-1\" \/>\n<link rel=\"canonical\" href=\"https:\/\/kapidani.com\/index.php\/product\/trust-mouse-gaming-ziva-cmimi-1200-leke\/\" \/>\n<meta property=\"og:locale\" content=\"en_US\" \/>\n<meta property=\"og:type\" content=\"article\" \/>\n<meta property=\"og:title\" content=\"Trust Mouse Gaming, Ziva - Kapidani PCCSERVICE\" \/>\n<meta property=\"og:description\" content=\"Trust Ziva \u00ebsht\u00eb nj\u00eb maus lojrash me kabel dhe port usb, i krijuar p\u00ebr p\u00ebrdoruesit e djatht\u00eb, me nj\u00eb sensor optik dhe nj\u00eb rezolucion prej 2000 DPI. Ka 6 butona.  Numri i butonave: 6 Lloji i sensorit: Optik M\u00ebnyra e lidhjes: me tel Rezolucioni i sensorit: 2000 DPI Pesha: 96 gr P\u00ebrdoruesit q\u00eb e kan\u00eb bler\u00eb e dallojn\u00eb kryesisht sepse \u00ebsht\u00eb komode p\u00ebr tu mbajtur dhe ka pesh\u00ebn e duhur.\" \/>\n<meta property=\"og:url\" content=\"https:\/\/kapidani.com\/index.php\/product\/trust-mouse-gaming-ziva-cmimi-1200-leke\/\" \/>\n<meta property=\"og:site_name\" content=\"Kapidani PCCSERVICE\" \/>\n<meta property=\"article:modified_time\" content=\"2024-11-18T00:17:00+00:00\" \/>\n<meta property=\"og:image\" content=\"https:\/\/kapidani.com\/wp-content\/uploads\/2022\/11\/Trust-Mouse-Gaming-Ziva.jpg\" \/>\n\t<meta property=\"og:image:width\" content=\"2048\" \/>\n\t<meta property=\"og:image:height\" content=\"2048\" \/>\n\t<meta property=\"og:image:type\" content=\"image\/jpeg\" \/>\n<meta name=\"twitter:card\" content=\"summary_large_image\" \/>\n<script type=\"application\/ld+json\" class=\"yoast-schema-graph\">{\"@context\":\"https:\\\/\\\/schema.org\",\"@graph\":[{\"@type\":\"WebPage\",\"@id\":\"https:\\\/\\\/kapidani.com\\\/index.php\\\/product\\\/trust-mouse-gaming-ziva-cmimi-1200-leke\\\/\",\"url\":\"https:\\\/\\\/kapidani.com\\\/index.php\\\/product\\\/trust-mouse-gaming-ziva-cmimi-1200-leke\\\/\",\"name\":\"Trust Mouse Gaming, Ziva - Kapidani PCCSERVICE\",\"isPartOf\":{\"@id\":\"https:\\\/\\\/kapidani.com\\\/#website\"},\"primaryImageOfPage\":{\"@id\":\"https:\\\/\\\/kapidani.com\\\/index.php\\\/product\\\/trust-mouse-gaming-ziva-cmimi-1200-leke\\\/#primaryimage\"},\"image\":{\"@id\":\"https:\\\/\\\/kapidani.com\\\/index.php\\\/product\\\/trust-mouse-gaming-ziva-cmimi-1200-leke\\\/#primaryimage\"},\"thumbnailUrl\":\"https:\\\/\\\/kapidani.com\\\/wp-content\\\/uploads\\\/2022\\\/11\\\/Trust-Mouse-Gaming-Ziva.jpg\",\"datePublished\":\"2022-11-10T22:00:17+00:00\",\"dateModified\":\"2024-11-18T00:17:00+00:00\",\"breadcrumb\":{\"@id\":\"https:\\\/\\\/kapidani.com\\\/index.php\\\/product\\\/trust-mouse-gaming-ziva-cmimi-1200-leke\\\/#breadcrumb\"},\"inLanguage\":\"en-US\",\"potentialAction\":[{\"@type\":\"ReadAction\",\"target\":[\"https:\\\/\\\/kapidani.com\\\/index.php\\\/product\\\/trust-mouse-gaming-ziva-cmimi-1200-leke\\\/\"]}]},{\"@type\":\"ImageObject\",\"inLanguage\":\"en-US\",\"@id\":\"https:\\\/\\\/kapidani.com\\\/index.php\\\/product\\\/trust-mouse-gaming-ziva-cmimi-1200-leke\\\/#primaryimage\",\"url\":\"https:\\\/\\\/kapidani.com\\\/wp-content\\\/uploads\\\/2022\\\/11\\\/Trust-Mouse-Gaming-Ziva.jpg\",\"contentUrl\":\"https:\\\/\\\/kapidani.com\\\/wp-content\\\/uploads\\\/2022\\\/11\\\/Trust-Mouse-Gaming-Ziva.jpg\",\"width\":2048,\"height\":2048},{\"@type\":\"BreadcrumbList\",\"@id\":\"https:\\\/\\\/kapidani.com\\\/index.php\\\/product\\\/trust-mouse-gaming-ziva-cmimi-1200-leke\\\/#breadcrumb\",\"itemListElement\":[{\"@type\":\"ListItem\",\"position\":1,\"name\":\"Home\",\"item\":\"https:\\\/\\\/kapidani.com\\\/\"},{\"@type\":\"ListItem\",\"position\":2,\"name\":\"Shop\",\"item\":\"https:\\\/\\\/kapidani.com\\\/index.php\\\/shop\\\/\"},{\"@type\":\"ListItem\",\"position\":3,\"name\":\"Trust Mouse Gaming, Ziva\"}]},{\"@type\":\"WebSite\",\"@id\":\"https:\\\/\\\/kapidani.com\\\/#website\",\"url\":\"https:\\\/\\\/kapidani.com\\\/\",\"name\":\"Kapidani PCCSERVICE\",\"description\":\"Hardware, Software, Accessories, Services, Hdd, Computer, Laptops,\",\"potentialAction\":[{\"@type\":\"SearchAction\",\"target\":{\"@type\":\"EntryPoint\",\"urlTemplate\":\"https:\\\/\\\/kapidani.com\\\/?s={search_term_string}\"},\"query-input\":{\"@type\":\"PropertyValueSpecification\",\"valueRequired\":true,\"valueName\":\"search_term_string\"}}],\"inLanguage\":\"en-US\"}]}<\/script>\n<!-- \/ Yoast SEO plugin. -->","yoast_head_json":{"title":"Trust Mouse Gaming, Ziva - Kapidani PCCSERVICE","robots":{"index":"index","follow":"follow","max-snippet":"max-snippet:-1","max-image-preview":"max-image-preview:large","max-video-preview":"max-video-preview:-1"},"canonical":"https:\/\/kapidani.com\/index.php\/product\/trust-mouse-gaming-ziva-cmimi-1200-leke\/","og_locale":"en_US","og_type":"article","og_title":"Trust Mouse Gaming, Ziva - Kapidani PCCSERVICE","og_description":"Trust Ziva \u00ebsht\u00eb nj\u00eb maus lojrash me kabel dhe port usb, i krijuar p\u00ebr p\u00ebrdoruesit e djatht\u00eb, me nj\u00eb sensor optik dhe nj\u00eb rezolucion prej 2000 DPI. Ka 6 butona.  Numri i butonave: 6 Lloji i sensorit: Optik M\u00ebnyra e lidhjes: me tel Rezolucioni i sensorit: 2000 DPI Pesha: 96 gr P\u00ebrdoruesit q\u00eb e kan\u00eb bler\u00eb e dallojn\u00eb kryesisht sepse \u00ebsht\u00eb komode p\u00ebr tu mbajtur dhe ka pesh\u00ebn e duhur.","og_url":"https:\/\/kapidani.com\/index.php\/product\/trust-mouse-gaming-ziva-cmimi-1200-leke\/","og_site_name":"Kapidani PCCSERVICE","article_modified_time":"2024-11-18T00:17:00+00:00","og_image":[{"width":2048,"height":2048,"url":"https:\/\/kapidani.com\/wp-content\/uploads\/2022\/11\/Trust-Mouse-Gaming-Ziva.jpg","type":"image\/jpeg"}],"twitter_card":"summary_large_image","schema":{"@context":"https:\/\/schema.org","@graph":[{"@type":"WebPage","@id":"https:\/\/kapidani.com\/index.php\/product\/trust-mouse-gaming-ziva-cmimi-1200-leke\/","url":"https:\/\/kapidani.com\/index.php\/product\/trust-mouse-gaming-ziva-cmimi-1200-leke\/","name":"Trust Mouse Gaming, Ziva - Kapidani PCCSERVICE","isPartOf":{"@id":"https:\/\/kapidani.com\/#website"},"primaryImageOfPage":{"@id":"https:\/\/kapidani.com\/index.php\/product\/trust-mouse-gaming-ziva-cmimi-1200-leke\/#primaryimage"},"image":{"@id":"https:\/\/kapidani.com\/index.php\/product\/trust-mouse-gaming-ziva-cmimi-1200-leke\/#primaryimage"},"thumbnailUrl":"https:\/\/kapidani.com\/wp-content\/uploads\/2022\/11\/Trust-Mouse-Gaming-Ziva.jpg","datePublished":"2022-11-10T22:00:17+00:00","dateModified":"2024-11-18T00:17:00+00:00","breadcrumb":{"@id":"https:\/\/kapidani.com\/index.php\/product\/trust-mouse-gaming-ziva-cmimi-1200-leke\/#breadcrumb"},"inLanguage":"en-US","potentialAction":[{"@type":"ReadAction","target":["https:\/\/kapidani.com\/index.php\/product\/trust-mouse-gaming-ziva-cmimi-1200-leke\/"]}]},{"@type":"ImageObject","inLanguage":"en-US","@id":"https:\/\/kapidani.com\/index.php\/product\/trust-mouse-gaming-ziva-cmimi-1200-leke\/#primaryimage","url":"https:\/\/kapidani.com\/wp-content\/uploads\/2022\/11\/Trust-Mouse-Gaming-Ziva.jpg","contentUrl":"https:\/\/kapidani.com\/wp-content\/uploads\/2022\/11\/Trust-Mouse-Gaming-Ziva.jpg","width":2048,"height":2048},{"@type":"BreadcrumbList","@id":"https:\/\/kapidani.com\/index.php\/product\/trust-mouse-gaming-ziva-cmimi-1200-leke\/#breadcrumb","itemListElement":[{"@type":"ListItem","position":1,"name":"Home","item":"https:\/\/kapidani.com\/"},{"@type":"ListItem","position":2,"name":"Shop","item":"https:\/\/kapidani.com\/index.php\/shop\/"},{"@type":"ListItem","position":3,"name":"Trust Mouse Gaming, Ziva"}]},{"@type":"WebSite","@id":"https:\/\/kapidani.com\/#website","url":"https:\/\/kapidani.com\/","name":"Kapidani PCCSERVICE","description":"Hardware, Software, Accessories, Services, Hdd, Computer, Laptops,","potentialAction":[{"@type":"SearchAction","target":{"@type":"EntryPoint","urlTemplate":"https:\/\/kapidani.com\/?s={search_term_string}"},"query-input":{"@type":"PropertyValueSpecification","valueRequired":true,"valueName":"search_term_string"}}],"inLanguage":"en-US"}]}},"_links":{"self":[{"href":"https:\/\/kapidani.com\/index.php\/wp-json\/wp\/v2\/product\/2889","targetHints":{"allow":["GET"]}}],"collection":[{"href":"https:\/\/kapidani.com\/index.php\/wp-json\/wp\/v2\/product"}],"about":[{"href":"https:\/\/kapidani.com\/index.php\/wp-json\/wp\/v2\/types\/product"}],"wp:featuredmedia":[{"embeddable":true,"href":"https:\/\/kapidani.com\/index.php\/wp-json\/wp\/v2\/media\/2890"}],"wp:attachment":[{"href":"https:\/\/kapidani.com\/index.php\/wp-json\/wp\/v2\/media?parent=2889"}],"wp:term":[{"taxonomy":"product_brand","embeddable":true,"href":"https:\/\/kapidani.com\/index.php\/wp-json\/wp\/v2\/product_brand?post=2889"},{"taxonomy":"product_cat","embeddable":true,"href":"https:\/\/kapidani.com\/index.php\/wp-json\/wp\/v2\/product_cat?post=2889"},{"taxonomy":"product_tag","embeddable":true,"href":"https:\/\/kapidani.com\/index.php\/wp-json\/wp\/v2\/product_tag?post=2889"}],"curies":[{"name":"wp","href":"https:\/\/api.w.org\/{rel}","templated":true}]}}