{"id":3097,"date":"2024-03-25T18:02:42","date_gmt":"2024-03-25T18:02:42","guid":{"rendered":"https:\/\/kapidani.com\/?post_type=product&#038;p=3097"},"modified":"2024-04-26T17:08:41","modified_gmt":"2024-04-26T17:08:41","slug":"apple-macbook-pro-115-a1398-retina-15-4-inch-early-2015","status":"publish","type":"product","link":"https:\/\/kapidani.com\/index.php\/product\/apple-macbook-pro-115-a1398-retina-15-4-inch-early-2015\/","title":{"rendered":"APPLE MACBOOK PRO 11,5\/A1398 &#8211; (Retina, 15.4-inch, Early 2015)"},"content":{"rendered":"<div dir=\"auto\"><span class=\"x3nfvp2 x1j61x8r x1fcty0u xdj266r xhhsvwb xat24cr xgzva0m xxymvpz xlup9mm x1kky2od\"><img loading=\"lazy\" decoding=\"async\" class=\"xz74otr\" src=\"https:\/\/static.xx.fbcdn.net\/images\/emoji.php\/v9\/tc6\/1\/16\/1f680.png\" alt=\"\ud83d\ude80\" width=\"16\" height=\"16\" \/><\/span> B\u00ebhu nj\u00eb hap para me MacBook Pro!<\/div>\n<div dir=\"auto\">D\u00ebshiron t\u00eb eksplorosh potencialin t\u00ebnd maksimal kudo q\u00eb shkon? N\u00ebse po, ky MacBook Pro \u00ebsht\u00eb miku yt m\u00eb i mir\u00eb! Me nj\u00eb dizajn t\u00ebrheq\u00ebs dhe nj\u00eb performanc\u00eb t\u00eb pabesueshme, ai do t\u00eb t\u00eb b\u00ebj\u00eb t\u00eb ndjehesh si nj\u00eb pionier i teknologjis\u00eb.<\/div>\n<div dir=\"auto\"><span class=\"x3nfvp2 x1j61x8r x1fcty0u xdj266r xhhsvwb xat24cr xgzva0m xxymvpz xlup9mm x1kky2od\"><img loading=\"lazy\" decoding=\"async\" class=\"xz74otr\" src=\"https:\/\/static.xx.fbcdn.net\/images\/emoji.php\/v9\/t8c\/1\/16\/1f4bb.png\" alt=\"\ud83d\udcbb\" width=\"16\" height=\"16\" \/><\/span> Performanc\u00eb n\u00eb Gjendje T\u00eb Lart\u00eb: Procesori i fuqish\u00ebm dhe memorja e p\u00ebrparuar t\u00eb japin mund\u00ebsin\u00eb p\u00ebr t\u00eb punuar me shpejt\u00ebsi dhe efikasitet. Nuk ka asgj\u00eb q\u00eb mund ta ngadal\u00ebsoj\u00eb pun\u00ebn t\u00ebnde kreative.<\/div>\n<div dir=\"auto\"><span class=\"x3nfvp2 x1j61x8r x1fcty0u xdj266r xhhsvwb xat24cr xgzva0m xxymvpz xlup9mm x1kky2od\"><img loading=\"lazy\" decoding=\"async\" class=\"xz74otr\" src=\"https:\/\/static.xx.fbcdn.net\/images\/emoji.php\/v9\/te0\/1\/16\/1f31f.png\" alt=\"\ud83c\udf1f\" width=\"16\" height=\"16\" \/><\/span> Ekrani : P\u00ebrjetimi i imazhit t\u00eb shk\u00eblqyer, ngjyrat e thella dhe detajet e qarta t\u00eb ekrani Retina do t\u00eb t\u00eb b\u00ebjn\u00eb t\u00eb p\u00ebrjetosh nj\u00eb bot\u00eb t\u00eb re t\u00eb ngjashme me realitetin.<\/div>\n<div dir=\"auto\"><span class=\"x3nfvp2 x1j61x8r x1fcty0u xdj266r xhhsvwb xat24cr xgzva0m xxymvpz xlup9mm x1kky2od\"><img loading=\"lazy\" decoding=\"async\" class=\"xz74otr\" src=\"https:\/\/static.xx.fbcdn.net\/images\/emoji.php\/v9\/tbf\/1\/16\/1f50b.png\" alt=\"\ud83d\udd0b\" width=\"16\" height=\"16\" \/><\/span> Jet\u00ebgjat\u00ebsi e Batteris\u00eb: Puno pa u shqet\u00ebsuar p\u00ebr \u00e7do moment me jet\u00ebgjat\u00ebsi t\u00eb ndihmuar nga bateria e laptopit. \u00c7do moment \u00ebsht\u00eb nj\u00eb aventur\u00eb e re p\u00ebr t\u00eb eksploruar dhe krijimtari.<\/div>\n<div dir=\"auto\"><span class=\"x3nfvp2 x1j61x8r x1fcty0u xdj266r xhhsvwb xat24cr xgzva0m xxymvpz xlup9mm x1kky2od\"><img loading=\"lazy\" decoding=\"async\" class=\"xz74otr\" src=\"https:\/\/static.xx.fbcdn.net\/images\/emoji.php\/v9\/tde\/1\/16\/1f4f8.png\" alt=\"\ud83d\udcf8\" width=\"16\" height=\"16\" \/><\/span> Krijimi n\u00eb Nivele t\u00eb Reja: Nga fotografimi deri n\u00eb redaktimin e video-t, ky laptop do t\u00eb jet\u00eb partneri yt m\u00eb i mir\u00eb. Aplikacionet profesionale do t\u00eb punojn\u00eb si nj\u00eb \u00ebnd\u00ebrr, duke t\u00eb lejuar t\u00eb shpreh\u00ebsh veten n\u00eb m\u00ebnyra q\u00eb nuk i ke menduar kurr\u00eb m\u00eb par\u00eb.<\/div>\n<div dir=\"auto\"><span class=\"x3nfvp2 x1j61x8r x1fcty0u xdj266r xhhsvwb xat24cr xgzva0m xxymvpz xlup9mm x1kky2od\"><img loading=\"lazy\" decoding=\"async\" class=\"xz74otr\" src=\"https:\/\/static.xx.fbcdn.net\/images\/emoji.php\/v9\/td\/1\/16\/1f4bc.png\" alt=\"\ud83d\udcbc\" width=\"16\" height=\"16\" \/><\/span> Leht\u00ebsi n\u00eb Ushtrimin e Detyrave: Ndihmo veten t\u00eb jesh m\u00eb produktiv me p\u00ebrfitimet e shumta t\u00eb sistemit operativ MacOS. Navigimi i leht\u00eb dhe performanca e jasht\u00ebzakonshme do t\u00eb ndihmojn\u00eb n\u00eb p\u00ebrmbushjen e \u00e7do detyre, pa patur nevoj\u00eb t\u00eb humb\u00ebsh koh\u00eb p\u00ebr frustrime teknike.<\/div>\n<div dir=\"auto\">K\u00ebshtu q\u00eb, n\u00ebse d\u00ebshiron t\u00eb b\u00ebsh nj\u00eb hap p\u00ebrpara drejt nj\u00eb eksperienc\u00eb t\u00eb re teknologjike, ky MacBook Pro \u00ebsht\u00eb zgjedhja e duhur p\u00ebr ty. Nuk \u00ebsht\u00eb vet\u00ebm nj\u00eb laptop, por nj\u00eb shfryt\u00ebzim i potencialit t\u00ebnd maksimal. Mos e humb k\u00ebt\u00eb mund\u00ebsi p\u00ebr t\u00eb b\u00ebr\u00eb nj\u00eb investim n\u00eb pun\u00ebn dhe k\u00ebnaq\u00ebsin\u00eb t\u00ebnde! <span class=\"x3nfvp2 x1j61x8r x1fcty0u xdj266r xhhsvwb xat24cr xgzva0m xxymvpz xlup9mm x1kky2od\"><img loading=\"lazy\" decoding=\"async\" class=\"xz74otr\" src=\"https:\/\/static.xx.fbcdn.net\/images\/emoji.php\/v9\/tc6\/1\/16\/1f680.png\" alt=\"\ud83d\ude80\" width=\"16\" height=\"16\" \/><\/span><\/div>\n","protected":false},"excerpt":{"rendered":"<p>APPLE MACBOOK PRO 11,5\/A1398<br \/>\n(Retina, 15.4-inch, Early 2015)<br \/>\nCORE I7-4870HQ 4X 2.50 GHZ<br \/>\nQuad Core 8 berthama<br \/>\nRAM 16 GB<br \/>\nSSD 500 GB<br \/>\nGRAFIKA RADEON HD 8870M Dedikuar<br \/>\nMONITOR I MADH 15,4 INCH Retina<br \/>\nREZOLUCION 2880 X 1800 3K<br \/>\nWIFI<br \/>\nKAMER<br \/>\nBLUETOOTH<br \/>\nBATERI EKSELENTE<br \/>\nKARIKUES<\/p>\n","protected":false},"featured_media":3098,"template":"","meta":[],"product_brand":[],"product_cat":[27],"product_tag":[],"class_list":{"0":"post-3097","1":"product","2":"type-product","3":"status-publish","4":"has-post-thumbnail","6":"product_cat-laptop","7":"description-off","9":"first","10":"instock","11":"shipping-taxable","12":"product-type-simple"},"yoast_head":"<!-- This site is optimized with the Yoast SEO plugin v27.3 - https:\/\/yoast.com\/product\/yoast-seo-wordpress\/ -->\n<title>APPLE MACBOOK PRO 11,5\/A1398 - (Retina, 15.4-inch, Early 2015) - Kapidani PCCSERVICE<\/title>\n<meta name=\"robots\" content=\"index, follow, max-snippet:-1, max-image-preview:large, max-video-preview:-1\" \/>\n<link rel=\"canonical\" href=\"https:\/\/kapidani.com\/index.php\/product\/apple-macbook-pro-115-a1398-retina-15-4-inch-early-2015\/\" \/>\n<meta property=\"og:locale\" content=\"en_US\" \/>\n<meta property=\"og:type\" content=\"article\" \/>\n<meta property=\"og:title\" content=\"APPLE MACBOOK PRO 11,5\/A1398 - (Retina, 15.4-inch, Early 2015) - Kapidani PCCSERVICE\" \/>\n<meta property=\"og:description\" content=\"APPLE MACBOOK PRO 11,5\/A1398 (Retina, 15.4-inch, Early 2015) CORE I7-4870HQ 4X 2.50 GHZ Quad Core 8 berthama RAM 16 GB SSD 500 GB GRAFIKA RADEON HD 8870M Dedikuar MONITOR I MADH 15,4 INCH Retina REZOLUCION 2880 X 1800 3K WIFI KAMER BLUETOOTH BATERI EKSELENTE KARIKUES\" \/>\n<meta property=\"og:url\" content=\"https:\/\/kapidani.com\/index.php\/product\/apple-macbook-pro-115-a1398-retina-15-4-inch-early-2015\/\" \/>\n<meta property=\"og:site_name\" content=\"Kapidani PCCSERVICE\" \/>\n<meta property=\"article:modified_time\" content=\"2024-04-26T17:08:41+00:00\" \/>\n<meta property=\"og:image\" content=\"https:\/\/kapidani.com\/wp-content\/uploads\/2024\/03\/APPLE-MACBOOK-PRO-115A1398.jpeg\" \/>\n\t<meta property=\"og:image:width\" content=\"2309\" \/>\n\t<meta property=\"og:image:height\" content=\"1950\" \/>\n\t<meta property=\"og:image:type\" content=\"image\/jpeg\" \/>\n<meta name=\"twitter:card\" content=\"summary_large_image\" \/>\n<meta name=\"twitter:label1\" content=\"Est. reading time\" \/>\n\t<meta name=\"twitter:data1\" content=\"2 minutes\" \/>\n<script type=\"application\/ld+json\" class=\"yoast-schema-graph\">{\"@context\":\"https:\\\/\\\/schema.org\",\"@graph\":[{\"@type\":\"WebPage\",\"@id\":\"https:\\\/\\\/kapidani.com\\\/index.php\\\/product\\\/apple-macbook-pro-115-a1398-retina-15-4-inch-early-2015\\\/\",\"url\":\"https:\\\/\\\/kapidani.com\\\/index.php\\\/product\\\/apple-macbook-pro-115-a1398-retina-15-4-inch-early-2015\\\/\",\"name\":\"APPLE MACBOOK PRO 11,5\\\/A1398 - (Retina, 15.4-inch, Early 2015) - Kapidani PCCSERVICE\",\"isPartOf\":{\"@id\":\"https:\\\/\\\/kapidani.com\\\/#website\"},\"primaryImageOfPage\":{\"@id\":\"https:\\\/\\\/kapidani.com\\\/index.php\\\/product\\\/apple-macbook-pro-115-a1398-retina-15-4-inch-early-2015\\\/#primaryimage\"},\"image\":{\"@id\":\"https:\\\/\\\/kapidani.com\\\/index.php\\\/product\\\/apple-macbook-pro-115-a1398-retina-15-4-inch-early-2015\\\/#primaryimage\"},\"thumbnailUrl\":\"https:\\\/\\\/kapidani.com\\\/wp-content\\\/uploads\\\/2024\\\/03\\\/APPLE-MACBOOK-PRO-115A1398.jpeg\",\"datePublished\":\"2024-03-25T18:02:42+00:00\",\"dateModified\":\"2024-04-26T17:08:41+00:00\",\"breadcrumb\":{\"@id\":\"https:\\\/\\\/kapidani.com\\\/index.php\\\/product\\\/apple-macbook-pro-115-a1398-retina-15-4-inch-early-2015\\\/#breadcrumb\"},\"inLanguage\":\"en-US\",\"potentialAction\":[{\"@type\":\"ReadAction\",\"target\":[\"https:\\\/\\\/kapidani.com\\\/index.php\\\/product\\\/apple-macbook-pro-115-a1398-retina-15-4-inch-early-2015\\\/\"]}]},{\"@type\":\"ImageObject\",\"inLanguage\":\"en-US\",\"@id\":\"https:\\\/\\\/kapidani.com\\\/index.php\\\/product\\\/apple-macbook-pro-115-a1398-retina-15-4-inch-early-2015\\\/#primaryimage\",\"url\":\"https:\\\/\\\/kapidani.com\\\/wp-content\\\/uploads\\\/2024\\\/03\\\/APPLE-MACBOOK-PRO-115A1398.jpeg\",\"contentUrl\":\"https:\\\/\\\/kapidani.com\\\/wp-content\\\/uploads\\\/2024\\\/03\\\/APPLE-MACBOOK-PRO-115A1398.jpeg\",\"width\":2309,\"height\":1950},{\"@type\":\"BreadcrumbList\",\"@id\":\"https:\\\/\\\/kapidani.com\\\/index.php\\\/product\\\/apple-macbook-pro-115-a1398-retina-15-4-inch-early-2015\\\/#breadcrumb\",\"itemListElement\":[{\"@type\":\"ListItem\",\"position\":1,\"name\":\"Home\",\"item\":\"https:\\\/\\\/kapidani.com\\\/\"},{\"@type\":\"ListItem\",\"position\":2,\"name\":\"Shop\",\"item\":\"https:\\\/\\\/kapidani.com\\\/index.php\\\/shop\\\/\"},{\"@type\":\"ListItem\",\"position\":3,\"name\":\"APPLE MACBOOK PRO 11,5\\\/A1398 &#8211; (Retina, 15.4-inch, Early 2015)\"}]},{\"@type\":\"WebSite\",\"@id\":\"https:\\\/\\\/kapidani.com\\\/#website\",\"url\":\"https:\\\/\\\/kapidani.com\\\/\",\"name\":\"Kapidani PCCSERVICE\",\"description\":\"Hardware, Software, Accessories, Services, Hdd, Computer, Laptops,\",\"potentialAction\":[{\"@type\":\"SearchAction\",\"target\":{\"@type\":\"EntryPoint\",\"urlTemplate\":\"https:\\\/\\\/kapidani.com\\\/?s={search_term_string}\"},\"query-input\":{\"@type\":\"PropertyValueSpecification\",\"valueRequired\":true,\"valueName\":\"search_term_string\"}}],\"inLanguage\":\"en-US\"}]}<\/script>\n<!-- \/ Yoast SEO plugin. -->","yoast_head_json":{"title":"APPLE MACBOOK PRO 11,5\/A1398 - (Retina, 15.4-inch, Early 2015) - Kapidani PCCSERVICE","robots":{"index":"index","follow":"follow","max-snippet":"max-snippet:-1","max-image-preview":"max-image-preview:large","max-video-preview":"max-video-preview:-1"},"canonical":"https:\/\/kapidani.com\/index.php\/product\/apple-macbook-pro-115-a1398-retina-15-4-inch-early-2015\/","og_locale":"en_US","og_type":"article","og_title":"APPLE MACBOOK PRO 11,5\/A1398 - (Retina, 15.4-inch, Early 2015) - Kapidani PCCSERVICE","og_description":"APPLE MACBOOK PRO 11,5\/A1398 (Retina, 15.4-inch, Early 2015) CORE I7-4870HQ 4X 2.50 GHZ Quad Core 8 berthama RAM 16 GB SSD 500 GB GRAFIKA RADEON HD 8870M Dedikuar MONITOR I MADH 15,4 INCH Retina REZOLUCION 2880 X 1800 3K WIFI KAMER BLUETOOTH BATERI EKSELENTE KARIKUES","og_url":"https:\/\/kapidani.com\/index.php\/product\/apple-macbook-pro-115-a1398-retina-15-4-inch-early-2015\/","og_site_name":"Kapidani PCCSERVICE","article_modified_time":"2024-04-26T17:08:41+00:00","og_image":[{"width":2309,"height":1950,"url":"https:\/\/kapidani.com\/wp-content\/uploads\/2024\/03\/APPLE-MACBOOK-PRO-115A1398.jpeg","type":"image\/jpeg"}],"twitter_card":"summary_large_image","twitter_misc":{"Est. reading time":"2 minutes"},"schema":{"@context":"https:\/\/schema.org","@graph":[{"@type":"WebPage","@id":"https:\/\/kapidani.com\/index.php\/product\/apple-macbook-pro-115-a1398-retina-15-4-inch-early-2015\/","url":"https:\/\/kapidani.com\/index.php\/product\/apple-macbook-pro-115-a1398-retina-15-4-inch-early-2015\/","name":"APPLE MACBOOK PRO 11,5\/A1398 - (Retina, 15.4-inch, Early 2015) - Kapidani PCCSERVICE","isPartOf":{"@id":"https:\/\/kapidani.com\/#website"},"primaryImageOfPage":{"@id":"https:\/\/kapidani.com\/index.php\/product\/apple-macbook-pro-115-a1398-retina-15-4-inch-early-2015\/#primaryimage"},"image":{"@id":"https:\/\/kapidani.com\/index.php\/product\/apple-macbook-pro-115-a1398-retina-15-4-inch-early-2015\/#primaryimage"},"thumbnailUrl":"https:\/\/kapidani.com\/wp-content\/uploads\/2024\/03\/APPLE-MACBOOK-PRO-115A1398.jpeg","datePublished":"2024-03-25T18:02:42+00:00","dateModified":"2024-04-26T17:08:41+00:00","breadcrumb":{"@id":"https:\/\/kapidani.com\/index.php\/product\/apple-macbook-pro-115-a1398-retina-15-4-inch-early-2015\/#breadcrumb"},"inLanguage":"en-US","potentialAction":[{"@type":"ReadAction","target":["https:\/\/kapidani.com\/index.php\/product\/apple-macbook-pro-115-a1398-retina-15-4-inch-early-2015\/"]}]},{"@type":"ImageObject","inLanguage":"en-US","@id":"https:\/\/kapidani.com\/index.php\/product\/apple-macbook-pro-115-a1398-retina-15-4-inch-early-2015\/#primaryimage","url":"https:\/\/kapidani.com\/wp-content\/uploads\/2024\/03\/APPLE-MACBOOK-PRO-115A1398.jpeg","contentUrl":"https:\/\/kapidani.com\/wp-content\/uploads\/2024\/03\/APPLE-MACBOOK-PRO-115A1398.jpeg","width":2309,"height":1950},{"@type":"BreadcrumbList","@id":"https:\/\/kapidani.com\/index.php\/product\/apple-macbook-pro-115-a1398-retina-15-4-inch-early-2015\/#breadcrumb","itemListElement":[{"@type":"ListItem","position":1,"name":"Home","item":"https:\/\/kapidani.com\/"},{"@type":"ListItem","position":2,"name":"Shop","item":"https:\/\/kapidani.com\/index.php\/shop\/"},{"@type":"ListItem","position":3,"name":"APPLE MACBOOK PRO 11,5\/A1398 &#8211; (Retina, 15.4-inch, Early 2015)"}]},{"@type":"WebSite","@id":"https:\/\/kapidani.com\/#website","url":"https:\/\/kapidani.com\/","name":"Kapidani PCCSERVICE","description":"Hardware, Software, Accessories, Services, Hdd, Computer, Laptops,","potentialAction":[{"@type":"SearchAction","target":{"@type":"EntryPoint","urlTemplate":"https:\/\/kapidani.com\/?s={search_term_string}"},"query-input":{"@type":"PropertyValueSpecification","valueRequired":true,"valueName":"search_term_string"}}],"inLanguage":"en-US"}]}},"_links":{"self":[{"href":"https:\/\/kapidani.com\/index.php\/wp-json\/wp\/v2\/product\/3097","targetHints":{"allow":["GET"]}}],"collection":[{"href":"https:\/\/kapidani.com\/index.php\/wp-json\/wp\/v2\/product"}],"about":[{"href":"https:\/\/kapidani.com\/index.php\/wp-json\/wp\/v2\/types\/product"}],"wp:featuredmedia":[{"embeddable":true,"href":"https:\/\/kapidani.com\/index.php\/wp-json\/wp\/v2\/media\/3098"}],"wp:attachment":[{"href":"https:\/\/kapidani.com\/index.php\/wp-json\/wp\/v2\/media?parent=3097"}],"wp:term":[{"taxonomy":"product_brand","embeddable":true,"href":"https:\/\/kapidani.com\/index.php\/wp-json\/wp\/v2\/product_brand?post=3097"},{"taxonomy":"product_cat","embeddable":true,"href":"https:\/\/kapidani.com\/index.php\/wp-json\/wp\/v2\/product_cat?post=3097"},{"taxonomy":"product_tag","embeddable":true,"href":"https:\/\/kapidani.com\/index.php\/wp-json\/wp\/v2\/product_tag?post=3097"}],"curies":[{"name":"wp","href":"https:\/\/api.w.org\/{rel}","templated":true}]}}