{"id":3507,"date":"2024-07-19T13:16:32","date_gmt":"2024-07-19T13:16:32","guid":{"rendered":"https:\/\/kapidani.com\/?post_type=product&#038;p=3507"},"modified":"2024-07-19T13:36:35","modified_gmt":"2024-07-19T13:36:35","slug":"microsoft-authorized-refurbisher-mar-windows-10-home","status":"publish","type":"product","link":"https:\/\/kapidani.com\/index.php\/product\/microsoft-authorized-refurbisher-mar-windows-10-home\/","title":{"rendered":"Microsoft Authorized Refurbisher (MAR) &#8211; Windows 10 Home License Key \u2013 1 PC"},"content":{"rendered":"<p><strong>Kompania Jon\u00eb \u00ebsht\u00eb Tashm\u00eb Partner TPR i Microsoft p\u00ebr Licensat Windows 10 Home dhe Professional Refurbish MAR! \ud83d\ude80<\/strong><\/p>\n<p>Ne jemi t\u00eb lumtur t\u00eb njoftojm\u00eb se kompania jon\u00eb ka arritur nj\u00eb arritje t\u00eb r\u00ebnd\u00ebsishme duke u b\u00ebr\u00eb partner i autorizuar TPR (Third Party Refurbisher) i Microsoft p\u00ebr licensat Windows 10 Home dhe Professional Refurbish MAR (Microsoft Authorized Refurbisher). Kjo do t\u00eb thot\u00eb q\u00eb ne tani mund t\u00eb ofrojm\u00eb zgjidhje t\u00eb p\u00ebrballueshme dhe t\u00eb besueshme p\u00ebr sistemet operative Windows 10 p\u00ebr klient\u00ebt tan\u00eb, duke p\u00ebrfshir\u00eb ata q\u00eb kan\u00eb nevoj\u00eb p\u00ebr pajisje t\u00eb rinovuara.<\/p>\n<p>\u2705 <strong>Pse t\u00eb zgjidhni ne?<\/strong><\/p>\n<ul>\n<li><strong>Licensat Origjinale Microsoft<\/strong>: T\u00eb gjitha licensat jan\u00eb t\u00eb certifikuara nga Microsoft dhe ofrojn\u00eb siguri t\u00eb plot\u00eb.<\/li>\n<li><strong>Kursim i Madh<\/strong>: Pajisjet e rinovuara me Windows 10 jan\u00eb nj\u00eb zgjidhje e shk\u00eblqyer p\u00ebr t\u00eb kursyer para pa sakrifikuar cil\u00ebsin\u00eb.<\/li>\n<li><strong>P\u00ebrkushtim ndaj Cil\u00ebsis\u00eb<\/strong>: Ne garantojm\u00eb q\u00eb \u00e7do pajisje e rinovuar t\u00eb jet\u00eb e testuar dhe n\u00eb gjendje t\u00eb p\u00ebrsosur pune.<\/li>\n<\/ul>\n<p>Duke bashk\u00ebpunuar me ne, ju mund t\u00eb p\u00ebrfitoni nga licensat e rinovuara t\u00eb Windows 10 p\u00ebr t\u00eb p\u00ebrmir\u00ebsuar p\u00ebrvoj\u00ebn tuaj t\u00eb p\u00ebrdorimit t\u00eb kompjuter\u00ebve pa kosto t\u00eb lart\u00eb. Besojm\u00eb se ky partneritet do t\u00eb sjell\u00eb m\u00eb shum\u00eb vler\u00eb p\u00ebr klient\u00ebt tan\u00eb dhe do t\u00eb na ndihmoj\u00eb t\u00eb rritemi m\u00eb tej n\u00eb tregun e teknologjis\u00eb.<\/p>\n<p>Faleminderit q\u00eb jeni pjes\u00eb e k\u00ebtij udh\u00ebtimi me ne! \ud83c\udf1f<\/p>\n","protected":false},"excerpt":{"rendered":"<h2>Windows 10 Home<\/h2>\n<p>P\u00ebrfshin 1 \u00e7el\u00ebs licence dixhitale.<br \/>\nNj\u00eb \u00e7el\u00ebs p\u00ebr nj\u00eb PC, JO p\u00ebr Mac.<br \/>\nBlerje nj\u00eb her\u00eb p\u00ebr licenc\u00eb t\u00eb p\u00ebrjetshme.<br \/>\nE vlefshme p\u00ebr t\u00eb dy versionet 32-bit dhe 64-bit.<br \/>\nMb\u00ebshtetet globale dhe shum\u00eb-gjuh\u00ebshe.<br \/>\nNUK MUND t\u00eb p\u00ebrdoret p\u00ebr t\u00eb p\u00ebrmir\u00ebsuar drejtp\u00ebrdrejt sistemin, s\u00eb pari duhet t\u00eb shkarkoni dhe instaloni Windows t\u00eb ri.<\/p>\n","protected":false},"featured_media":3508,"template":"","meta":[],"product_brand":[],"product_cat":[98,42],"product_tag":[],"class_list":{"0":"post-3507","1":"product","2":"type-product","3":"status-publish","4":"has-post-thumbnail","6":"product_cat-microsoft-partner","7":"product_cat-software","8":"description-off","10":"first","11":"instock","12":"shipping-taxable","13":"purchasable","14":"product-type-simple"},"yoast_head":"<!-- This site is optimized with the Yoast SEO plugin v27.3 - https:\/\/yoast.com\/product\/yoast-seo-wordpress\/ -->\n<title>Microsoft Authorized Refurbisher (MAR) - Windows 10 Home License Key \u2013 1 PC - Kapidani PCCSERVICE<\/title>\n<meta name=\"robots\" content=\"index, follow, max-snippet:-1, max-image-preview:large, max-video-preview:-1\" \/>\n<link rel=\"canonical\" href=\"https:\/\/kapidani.com\/index.php\/product\/microsoft-authorized-refurbisher-mar-windows-10-home\/\" \/>\n<meta property=\"og:locale\" content=\"en_US\" \/>\n<meta property=\"og:type\" content=\"article\" \/>\n<meta property=\"og:title\" content=\"Microsoft Authorized Refurbisher (MAR) - Windows 10 Home License Key \u2013 1 PC - Kapidani PCCSERVICE\" \/>\n<meta property=\"og:description\" content=\"Windows 10 Home P\u00ebrfshin 1 \u00e7el\u00ebs licence dixhitale. Nj\u00eb \u00e7el\u00ebs p\u00ebr nj\u00eb PC, JO p\u00ebr Mac. Blerje nj\u00eb her\u00eb p\u00ebr licenc\u00eb t\u00eb p\u00ebrjetshme. E vlefshme p\u00ebr t\u00eb dy versionet 32-bit dhe 64-bit. Mb\u00ebshtetet globale dhe shum\u00eb-gjuh\u00ebshe. NUK MUND t\u00eb p\u00ebrdoret p\u00ebr t\u00eb p\u00ebrmir\u00ebsuar drejtp\u00ebrdrejt sistemin, s\u00eb pari duhet t\u00eb shkarkoni dhe instaloni Windows t\u00eb ri.\" \/>\n<meta property=\"og:url\" content=\"https:\/\/kapidani.com\/index.php\/product\/microsoft-authorized-refurbisher-mar-windows-10-home\/\" \/>\n<meta property=\"og:site_name\" content=\"Kapidani PCCSERVICE\" \/>\n<meta property=\"article:modified_time\" content=\"2024-07-19T13:36:35+00:00\" \/>\n<meta property=\"og:image\" content=\"https:\/\/kapidani.com\/wp-content\/uploads\/2024\/07\/Licensa-mar.jpg\" \/>\n\t<meta property=\"og:image:width\" content=\"341\" \/>\n\t<meta property=\"og:image:height\" content=\"351\" \/>\n\t<meta property=\"og:image:type\" content=\"image\/jpeg\" \/>\n<meta name=\"twitter:card\" content=\"summary_large_image\" \/>\n<meta name=\"twitter:label1\" content=\"Est. reading time\" \/>\n\t<meta name=\"twitter:data1\" content=\"1 minute\" \/>\n<script type=\"application\/ld+json\" class=\"yoast-schema-graph\">{\"@context\":\"https:\\\/\\\/schema.org\",\"@graph\":[{\"@type\":\"WebPage\",\"@id\":\"https:\\\/\\\/kapidani.com\\\/index.php\\\/product\\\/microsoft-authorized-refurbisher-mar-windows-10-home\\\/\",\"url\":\"https:\\\/\\\/kapidani.com\\\/index.php\\\/product\\\/microsoft-authorized-refurbisher-mar-windows-10-home\\\/\",\"name\":\"Microsoft Authorized Refurbisher (MAR) - Windows 10 Home License Key \u2013 1 PC - Kapidani PCCSERVICE\",\"isPartOf\":{\"@id\":\"https:\\\/\\\/kapidani.com\\\/#website\"},\"primaryImageOfPage\":{\"@id\":\"https:\\\/\\\/kapidani.com\\\/index.php\\\/product\\\/microsoft-authorized-refurbisher-mar-windows-10-home\\\/#primaryimage\"},\"image\":{\"@id\":\"https:\\\/\\\/kapidani.com\\\/index.php\\\/product\\\/microsoft-authorized-refurbisher-mar-windows-10-home\\\/#primaryimage\"},\"thumbnailUrl\":\"https:\\\/\\\/kapidani.com\\\/wp-content\\\/uploads\\\/2024\\\/07\\\/Licensa-mar.jpg\",\"datePublished\":\"2024-07-19T13:16:32+00:00\",\"dateModified\":\"2024-07-19T13:36:35+00:00\",\"breadcrumb\":{\"@id\":\"https:\\\/\\\/kapidani.com\\\/index.php\\\/product\\\/microsoft-authorized-refurbisher-mar-windows-10-home\\\/#breadcrumb\"},\"inLanguage\":\"en-US\",\"potentialAction\":[{\"@type\":\"ReadAction\",\"target\":[\"https:\\\/\\\/kapidani.com\\\/index.php\\\/product\\\/microsoft-authorized-refurbisher-mar-windows-10-home\\\/\"]}]},{\"@type\":\"ImageObject\",\"inLanguage\":\"en-US\",\"@id\":\"https:\\\/\\\/kapidani.com\\\/index.php\\\/product\\\/microsoft-authorized-refurbisher-mar-windows-10-home\\\/#primaryimage\",\"url\":\"https:\\\/\\\/kapidani.com\\\/wp-content\\\/uploads\\\/2024\\\/07\\\/Licensa-mar.jpg\",\"contentUrl\":\"https:\\\/\\\/kapidani.com\\\/wp-content\\\/uploads\\\/2024\\\/07\\\/Licensa-mar.jpg\",\"width\":341,\"height\":351},{\"@type\":\"BreadcrumbList\",\"@id\":\"https:\\\/\\\/kapidani.com\\\/index.php\\\/product\\\/microsoft-authorized-refurbisher-mar-windows-10-home\\\/#breadcrumb\",\"itemListElement\":[{\"@type\":\"ListItem\",\"position\":1,\"name\":\"Home\",\"item\":\"https:\\\/\\\/kapidani.com\\\/\"},{\"@type\":\"ListItem\",\"position\":2,\"name\":\"Shop\",\"item\":\"https:\\\/\\\/kapidani.com\\\/index.php\\\/shop\\\/\"},{\"@type\":\"ListItem\",\"position\":3,\"name\":\"Microsoft Authorized Refurbisher (MAR) &#8211; Windows 10 Home License Key \u2013 1 PC\"}]},{\"@type\":\"WebSite\",\"@id\":\"https:\\\/\\\/kapidani.com\\\/#website\",\"url\":\"https:\\\/\\\/kapidani.com\\\/\",\"name\":\"Kapidani PCCSERVICE\",\"description\":\"Hardware, Software, Accessories, Services, Hdd, Computer, Laptops,\",\"potentialAction\":[{\"@type\":\"SearchAction\",\"target\":{\"@type\":\"EntryPoint\",\"urlTemplate\":\"https:\\\/\\\/kapidani.com\\\/?s={search_term_string}\"},\"query-input\":{\"@type\":\"PropertyValueSpecification\",\"valueRequired\":true,\"valueName\":\"search_term_string\"}}],\"inLanguage\":\"en-US\"}]}<\/script>\n<!-- \/ Yoast SEO plugin. -->","yoast_head_json":{"title":"Microsoft Authorized Refurbisher (MAR) - Windows 10 Home License Key \u2013 1 PC - Kapidani PCCSERVICE","robots":{"index":"index","follow":"follow","max-snippet":"max-snippet:-1","max-image-preview":"max-image-preview:large","max-video-preview":"max-video-preview:-1"},"canonical":"https:\/\/kapidani.com\/index.php\/product\/microsoft-authorized-refurbisher-mar-windows-10-home\/","og_locale":"en_US","og_type":"article","og_title":"Microsoft Authorized Refurbisher (MAR) - Windows 10 Home License Key \u2013 1 PC - Kapidani PCCSERVICE","og_description":"Windows 10 Home P\u00ebrfshin 1 \u00e7el\u00ebs licence dixhitale. Nj\u00eb \u00e7el\u00ebs p\u00ebr nj\u00eb PC, JO p\u00ebr Mac. Blerje nj\u00eb her\u00eb p\u00ebr licenc\u00eb t\u00eb p\u00ebrjetshme. E vlefshme p\u00ebr t\u00eb dy versionet 32-bit dhe 64-bit. Mb\u00ebshtetet globale dhe shum\u00eb-gjuh\u00ebshe. NUK MUND t\u00eb p\u00ebrdoret p\u00ebr t\u00eb p\u00ebrmir\u00ebsuar drejtp\u00ebrdrejt sistemin, s\u00eb pari duhet t\u00eb shkarkoni dhe instaloni Windows t\u00eb ri.","og_url":"https:\/\/kapidani.com\/index.php\/product\/microsoft-authorized-refurbisher-mar-windows-10-home\/","og_site_name":"Kapidani PCCSERVICE","article_modified_time":"2024-07-19T13:36:35+00:00","og_image":[{"width":341,"height":351,"url":"https:\/\/kapidani.com\/wp-content\/uploads\/2024\/07\/Licensa-mar.jpg","type":"image\/jpeg"}],"twitter_card":"summary_large_image","twitter_misc":{"Est. reading time":"1 minute"},"schema":{"@context":"https:\/\/schema.org","@graph":[{"@type":"WebPage","@id":"https:\/\/kapidani.com\/index.php\/product\/microsoft-authorized-refurbisher-mar-windows-10-home\/","url":"https:\/\/kapidani.com\/index.php\/product\/microsoft-authorized-refurbisher-mar-windows-10-home\/","name":"Microsoft Authorized Refurbisher (MAR) - Windows 10 Home License Key \u2013 1 PC - Kapidani PCCSERVICE","isPartOf":{"@id":"https:\/\/kapidani.com\/#website"},"primaryImageOfPage":{"@id":"https:\/\/kapidani.com\/index.php\/product\/microsoft-authorized-refurbisher-mar-windows-10-home\/#primaryimage"},"image":{"@id":"https:\/\/kapidani.com\/index.php\/product\/microsoft-authorized-refurbisher-mar-windows-10-home\/#primaryimage"},"thumbnailUrl":"https:\/\/kapidani.com\/wp-content\/uploads\/2024\/07\/Licensa-mar.jpg","datePublished":"2024-07-19T13:16:32+00:00","dateModified":"2024-07-19T13:36:35+00:00","breadcrumb":{"@id":"https:\/\/kapidani.com\/index.php\/product\/microsoft-authorized-refurbisher-mar-windows-10-home\/#breadcrumb"},"inLanguage":"en-US","potentialAction":[{"@type":"ReadAction","target":["https:\/\/kapidani.com\/index.php\/product\/microsoft-authorized-refurbisher-mar-windows-10-home\/"]}]},{"@type":"ImageObject","inLanguage":"en-US","@id":"https:\/\/kapidani.com\/index.php\/product\/microsoft-authorized-refurbisher-mar-windows-10-home\/#primaryimage","url":"https:\/\/kapidani.com\/wp-content\/uploads\/2024\/07\/Licensa-mar.jpg","contentUrl":"https:\/\/kapidani.com\/wp-content\/uploads\/2024\/07\/Licensa-mar.jpg","width":341,"height":351},{"@type":"BreadcrumbList","@id":"https:\/\/kapidani.com\/index.php\/product\/microsoft-authorized-refurbisher-mar-windows-10-home\/#breadcrumb","itemListElement":[{"@type":"ListItem","position":1,"name":"Home","item":"https:\/\/kapidani.com\/"},{"@type":"ListItem","position":2,"name":"Shop","item":"https:\/\/kapidani.com\/index.php\/shop\/"},{"@type":"ListItem","position":3,"name":"Microsoft Authorized Refurbisher (MAR) &#8211; Windows 10 Home License Key \u2013 1 PC"}]},{"@type":"WebSite","@id":"https:\/\/kapidani.com\/#website","url":"https:\/\/kapidani.com\/","name":"Kapidani PCCSERVICE","description":"Hardware, Software, Accessories, Services, Hdd, Computer, Laptops,","potentialAction":[{"@type":"SearchAction","target":{"@type":"EntryPoint","urlTemplate":"https:\/\/kapidani.com\/?s={search_term_string}"},"query-input":{"@type":"PropertyValueSpecification","valueRequired":true,"valueName":"search_term_string"}}],"inLanguage":"en-US"}]}},"_links":{"self":[{"href":"https:\/\/kapidani.com\/index.php\/wp-json\/wp\/v2\/product\/3507","targetHints":{"allow":["GET"]}}],"collection":[{"href":"https:\/\/kapidani.com\/index.php\/wp-json\/wp\/v2\/product"}],"about":[{"href":"https:\/\/kapidani.com\/index.php\/wp-json\/wp\/v2\/types\/product"}],"wp:featuredmedia":[{"embeddable":true,"href":"https:\/\/kapidani.com\/index.php\/wp-json\/wp\/v2\/media\/3508"}],"wp:attachment":[{"href":"https:\/\/kapidani.com\/index.php\/wp-json\/wp\/v2\/media?parent=3507"}],"wp:term":[{"taxonomy":"product_brand","embeddable":true,"href":"https:\/\/kapidani.com\/index.php\/wp-json\/wp\/v2\/product_brand?post=3507"},{"taxonomy":"product_cat","embeddable":true,"href":"https:\/\/kapidani.com\/index.php\/wp-json\/wp\/v2\/product_cat?post=3507"},{"taxonomy":"product_tag","embeddable":true,"href":"https:\/\/kapidani.com\/index.php\/wp-json\/wp\/v2\/product_tag?post=3507"}],"curies":[{"name":"wp","href":"https:\/\/api.w.org\/{rel}","templated":true}]}}