{"id":3522,"date":"2024-07-23T20:18:38","date_gmt":"2024-07-23T20:18:38","guid":{"rendered":"https:\/\/kapidani.com\/?post_type=product&#038;p=3522"},"modified":"2024-07-23T21:49:41","modified_gmt":"2024-07-23T21:49:41","slug":"data-recovery-rikuperim-te-dhenash","status":"publish","type":"product","link":"https:\/\/kapidani.com\/index.php\/product\/data-recovery-rikuperim-te-dhenash\/","title":{"rendered":"DATA RECOVERY &#8211; Rikuperim t\u00eb dh\u00ebnash &#8211; Cfar sh\u00ebrbimi ofrojm\u00eb"},"content":{"rendered":"<p>Ne jemi ekspert\u00eb n\u00eb rikuperimin e t\u00eb dh\u00ebnave, t\u00eb p\u00ebrkushtuar p\u00ebr t\u00eb rikthyer informacionin tuaj t\u00eb \u00e7muar. Me nj\u00eb staf t\u00eb trajnuar nga kompanit\u00eb m\u00eb t\u00eb mira bot\u00ebrore dhe mbi 8 vite p\u00ebrvoj\u00eb, ne ofrojm\u00eb sh\u00ebrbime t\u00eb kualitetit t\u00eb lart\u00eb dhe rezultate t\u00eb garantuara. \u00c7do situat\u00eb rikuperimi trajtohet me kujdes dhe profesionaliz\u00ebm, duke siguruar q\u00eb t\u00eb dh\u00ebnat tuaja t\u00eb rikuperohen n\u00eb m\u00ebnyr\u00eb t\u00eb sigurt dhe efikase.<\/p>\n<p>Besoni n\u00eb ekspertiz\u00ebn ton\u00eb p\u00ebr t\u00eb rikthyer t\u00eb dh\u00ebnat tuaja dhe p\u00ebr t\u00eb mbrojtur informacionin tuaj t\u00eb r\u00ebnd\u00ebsish\u00ebm.<\/p>\n<h3><strong>Dhe ka edhe m\u00eb shum\u00eb &#8230;<\/strong><br \/>\n<strong><br \/>\nRiparimi i skedar\u00ebve<\/strong><\/h3>\n<p>&nbsp;<\/p>\n<h3>Videot e korruptuara ose te fshira MP4 dhe MOV, fotot JPEG\/JPG mund t\u00eb riparohen gjat\u00eb rikuperimit t\u00eb t\u00eb dh\u00ebnave.<\/h3>\n<div class=\"card flex_style no1 between\">\n<div class=\"right_box\"><img loading=\"lazy\" decoding=\"async\" class=\" lazyloaded\" src=\"https:\/\/www.easeus.com\/images_2019\/2024\/1-29\/more-1.png\" alt=\"\" width=\"285\" height=\"136\" data-src=\"\/images_2019\/2024\/1-29\/more-1.png\" data-cmp-info=\"10\" \/><\/div>\n<\/div>\n<div class=\"flex_style between\">\n<div class=\"card no2\">\n<p>&nbsp;<\/p>\n<p><img loading=\"lazy\" decoding=\"async\" class=\" lazyloaded\" src=\"https:\/\/www.easeus.com\/images_2019\/2024\/1-29\/more-3.png\" alt=\"\" width=\"132\" height=\"115\" data-src=\"\/images_2019\/2024\/1-29\/more-3.png\" data-cmp-info=\"10\" \/><\/p>\n<\/div>\n<div class=\"card no3 flex_style between\">\n<div class=\"right_box\">\n<h3>Sh\u00ebrbimi i djagnoz\u00ebs<\/h3>\n<p>Sh\u00ebrbimi i ekspertit teknik, diagnostifikon shpejt problemin.<\/p>\n<\/div>\n<\/div>\n<\/div>\n<div class=\"flex_style between mobli_show\">\n<div class=\"box2\">\n<div class=\"card no4 flex_style between\">\n<p><img loading=\"lazy\" decoding=\"async\" class=\" lazyloaded\" src=\"https:\/\/www.easeus.com\/images_2019\/2024\/1-29\/more-4.png\" alt=\"\" width=\"109\" height=\"116\" data-src=\"\/images_2019\/2024\/1-29\/more-4.png\" data-cmp-info=\"10\" \/><\/p>\n<div class=\"right_box\">\n<h3>Pamja paraprake e skedarit<\/h3>\n<p>Mb\u00ebshtet shikimin paraprak t\u00eb t\u00eb gjith\u00eb skedar\u00ebve p\u00ebrpara restaurimit. Ju mund t\u00eb shfletoni dosjet si\u00e7 do t\u00eb b\u00ebni n\u00eb Explorer.<\/p>\n<\/div>\n<\/div>\n<div class=\"flex_style between\">\n<div class=\"card no5\">\n<p><img loading=\"lazy\" decoding=\"async\" class=\" lazyloaded\" src=\"https:\/\/www.easeus.com\/images_2019\/2024\/1-29\/more-6.png\" alt=\"\" width=\"138\" height=\"138\" data-src=\"\/images_2019\/2024\/1-29\/more-6.png\" data-cmp-info=\"10\" \/><\/p>\n<h3>Rikuperoni gjat\u00eb skanimit<\/h3>\n<p>P\u00ebr hir t\u00eb shpejt\u00ebsis\u00eb, ne mund t\u00eb rikuperojm\u00eb skedar\u00ebt tuaj m\u00eb t\u00eb r\u00ebnd\u00ebsish\u00ebm pa qen\u00eb nevoja t\u00eb presim p\u00ebr softuerin e p\u00ebrgjithsh\u00ebm t\u00eb rikuperimit t\u00eb t\u00eb dh\u00ebnave.<\/p>\n<\/div>\n<div class=\"card no6\">\n<h3><img loading=\"lazy\" decoding=\"async\" class=\" lazyloaded\" src=\"https:\/\/www.easeus.com\/images_2019\/2024\/1-29\/more-7.png\" alt=\"\" width=\"81\" height=\"67\" data-src=\"\/images_2019\/2024\/1-29\/more-7.png\" data-cmp-info=\"10\" \/><\/h3>\n<h3>Rikuperim total i paisjes<\/h3>\n<p>P\u00ebr nj\u00eb rikuperim t\u00eb madh t\u00eb t\u00eb dh\u00ebnave t\u00eb diskut, mund t\u00eb zgjidhni kerkimin e thell\u00eb t\u00eb nxjerjes t\u00eb dokumentave<\/p>\n<\/div>\n<\/div>\n<\/div>\n<div>\n<div class=\"card no7\">\n<p><img loading=\"lazy\" decoding=\"async\" class=\" lazyloaded\" src=\"https:\/\/www.easeus.com\/images_2019\/2024\/1-29\/more-5.png\" alt=\"\" width=\"115\" height=\"210\" data-src=\"\/images_2019\/2024\/1-29\/more-5.png\" data-cmp-info=\"10\" \/><\/p>\n<h3>Rikuperim i shpejt\u00eb<\/h3>\n<p>Ju lejon t\u00eb gjeni shpejt skedar\u00ebt tuaj t\u00eb synuar duke renditur skedar\u00ebt sipas llojit t\u00eb skedarit, dat\u00ebs s\u00eb heqjes dhe emrit.<\/p>\n<\/div>\n<div class=\"card no8 flex_style between\">\n<p><img loading=\"lazy\" decoding=\"async\" class=\" lazyloaded\" src=\"https:\/\/www.easeus.com\/images_2019\/2024\/1-29\/more-8.png\" alt=\"\" width=\"122\" height=\"116\" data-src=\"\/images_2019\/2024\/1-29\/more-8.png\" data-cmp-info=\"10\" \/><\/p>\n<div class=\"right_box\">\n<h3>Rim\u00ebk\u00ebmbja e p\u00ebrmir\u00ebsuar e videos<\/h3>\n<p>Ofrojm\u00eb nj\u00eb skanim t\u00eb plot\u00eb p\u00ebr t\u00eb gjetur materiale t\u00eb d\u00ebmtuara videot fotot n\u00eb pajisjen tuaj.<\/p>\n<ul class=\"right_box\">\n<li class=\"animate_right run\"><img loading=\"lazy\" decoding=\"async\" class=\" lazyloaded\" src=\"https:\/\/www.easeus.com\/images_2019\/2024\/1-29\/case-ico-1.png\" alt=\"\" width=\"42\" height=\"35\" data-src=\"\/images_2019\/2024\/1-29\/case-ico-1.png\" data-cmp-info=\"10\" \/><br \/>\n<h3>Rikuperoni t\u00eb dh\u00ebnat nga nj\u00eb OS i d\u00ebshtuar<\/h3>\n<p>Sistemi vazhdimisht rindizet dhe ngrihet me nj\u00eb mesazh gabimi (error)\u00a0 t\u00eb shfaqur n\u00eb ekran? Ekspert\u00ebt tan\u00eb t\u00eb rikuperimit t\u00eb t\u00eb dh\u00ebnave mund t\u00eb kopjoj\u00eb n\u00eb m\u00ebnyr\u00eb profesionale t\u00eb gjith\u00eb skedar\u00ebt kritik\u00eb.<\/li>\n<li class=\"animate_right run\"><img loading=\"lazy\" decoding=\"async\" class=\" lazyloaded\" src=\"https:\/\/www.easeus.com\/images_2019\/2024\/1-29\/case-ico-2.png\" alt=\"\" width=\"44\" height=\"36\" data-src=\"\/images_2019\/2024\/1-29\/case-ico-2.png\" data-cmp-info=\"10\" \/><br \/>\n<h3>Nuk mund t\u00eb rikuperojm\u00eb HDD SSD USB KARTA t\u00eb d\u00ebmtuar FIZIKISHT<\/h3>\n<p>Nuk rikuperojm\u00eb t\u00eb dh\u00ebnat nga paisje t\u00eb demtuara fizikisht.<\/li>\n<li class=\"animate_right run\"><img loading=\"lazy\" decoding=\"async\" class=\" lazyloaded\" src=\"https:\/\/www.easeus.com\/images_2019\/2024\/1-29\/case-ico-3.png\" alt=\"\" width=\"37\" height=\"36\" data-src=\"\/images_2019\/2024\/1-29\/case-ico-3.png\" data-cmp-info=\"10\" \/><br \/>\n<h3>Rikuperoni nga m\u00eb shum\u00eb skenar\u00eb<\/h3>\n<p>Ju mund t\u00eb hasni nj\u00eb s\u00ebr\u00eb dilemash t\u00eb humbjes s\u00eb t\u00eb dh\u00ebnave nga ana softuerike. N\u00ebse jeni p\u00ebrballur me nj\u00eb nga k\u00ebto simptoma, Ekspert\u00ebt tan\u00eb jan\u00eb m\u00ebnyra m\u00eb e shpejt\u00eb p\u00ebr t\u00eb rikuperuar t\u00eb dh\u00ebnat.<\/li>\n<\/ul>\n<\/div>\n<\/div>\n<\/div>\n<\/div>\n","protected":false},"excerpt":{"rendered":"<h3 class=\"des\">Pajisjet e rikuperueshme dhe llojet e skedar\u00ebve<\/h3>\n<div class=\"title\">\n<h3><strong>Supportojme mbi 2000+ <span class=\"current\">Storage Devices<\/span><\/strong><\/h3>\n<h3>dhe mbi 1000\u00a0lloje skedar\u00ebsh<\/h3>\n<\/div>\n<ul class=\"ul_list animate_down run\">\n<li>\n<div class=\"list_img\"><img loading=\"lazy\" decoding=\"async\" class=\" lazyloaded\" src=\"https:\/\/www.easeus.com\/images_2019\/2024\/1-29\/device-1.png\" alt=\"\" width=\"46\" height=\"79\" data-src=\"\/images_2019\/2024\/1-29\/device-1.png\" data-cmp-info=\"10\" \/><\/div>\n<h3>USB Flash Drives<\/h3>\n<p>USB Flash Drive\uff0cPen Drive\uff0c Thumb Drive\uff0cFlash Memory Stick.<\/li>\n<li>\n<div class=\"list_img\"><img loading=\"lazy\" decoding=\"async\" class=\" lazyloaded\" src=\"https:\/\/www.easeus.com\/images_2019\/2024\/1-29\/device-2.png\" alt=\"\" width=\"48\" height=\"64\" data-src=\"\/images_2019\/2024\/1-29\/device-2.png\" data-cmp-info=\"10\" \/><\/div>\n<h3>Memory Cards<\/h3>\n<p>SD\/CF card\uff0cMicroSD\uff0cMiniSD\uff0cSandisk\uff0cMemory card\/stick, CFast card, MultiMediaCard, SmartMedia card.<\/li>\n<li>\n<div class=\"list_img\"><img loading=\"lazy\" decoding=\"async\" class=\" lazyloaded\" src=\"https:\/\/www.easeus.com\/images_2019\/2024\/1-29\/device-3.png\" alt=\"\" width=\"70\" height=\"53\" data-src=\"\/images_2019\/2024\/1-29\/device-3.png\" data-cmp-info=\"10\" \/><\/div>\n<h3>Cameras<\/h3>\n<p>Digital Camera\uff0cAction Camera\uff0cDashboard Camera, Camcorder\uff0cDji\/Gopro Drone Camera.<\/li>\n<li>\n<div class=\"list_img\"><img loading=\"lazy\" decoding=\"async\" class=\" lazyloaded\" src=\"https:\/\/www.easeus.com\/images_2019\/2024\/1-29\/device-4.png\" alt=\"\" width=\"47\" height=\"63\" data-src=\"\/images_2019\/2024\/1-29\/device-4.png\" data-cmp-info=\"10\" \/><\/div>\n<h3>SD Card<\/h3>\n<p>SanDisk recovery, Kingston sd card recovery, Lexar, PNY, Transcend, etc.<\/li>\n<li>\n<div class=\"list_img\"><img loading=\"lazy\" decoding=\"async\" class=\" lazyloaded\" src=\"https:\/\/www.easeus.com\/images_2019\/2024\/1-29\/device-5.png\" alt=\"\" width=\"65\" height=\"53\" data-src=\"\/images_2019\/2024\/1-29\/device-5.png\" data-cmp-info=\"10\" \/><\/div>\n<h3>Computer\/Laptop<\/h3>\n<p>Recycle Bin\uff0cComputer Disk\uff0cPartion\uff0cWindows Operation Systems, Perpetual Deleted Files<\/li>\n<li>\n<div class=\"list_img\"><img loading=\"lazy\" decoding=\"async\" class=\" lazyloaded\" src=\"https:\/\/www.easeus.com\/images_2019\/2024\/1-29\/device-6.png\" alt=\"\" width=\"65\" height=\"64\" data-src=\"\/images_2019\/2024\/1-29\/device-6.png\" data-cmp-info=\"10\" \/><\/div>\n<h3>External Hard Drive<\/h3>\n<p>HDD (hard disk drive), SSD (solid-state drive) and SSHD (solid-state hybrid drive), Camera\uff0cMusic\/Video Player\uff0c Floppy Drive\uff0cZip Drive.<\/li>\n<\/ul>\n","protected":false},"featured_media":3523,"template":"","meta":[],"product_brand":[],"product_cat":[99],"product_tag":[],"class_list":{"0":"post-3522","1":"product","2":"type-product","3":"status-publish","4":"has-post-thumbnail","6":"product_cat-data-recovery","7":"description-off","9":"first","10":"instock","11":"shipping-taxable","12":"product-type-simple"},"yoast_head":"<!-- This site is optimized with the Yoast SEO plugin v27.3 - https:\/\/yoast.com\/product\/yoast-seo-wordpress\/ -->\n<title>DATA RECOVERY - Rikuperim t\u00eb dh\u00ebnash - Cfar sh\u00ebrbimi ofrojm\u00eb - Kapidani PCCSERVICE<\/title>\n<meta name=\"robots\" content=\"index, follow, max-snippet:-1, max-image-preview:large, max-video-preview:-1\" \/>\n<link rel=\"canonical\" href=\"https:\/\/kapidani.com\/index.php\/product\/data-recovery-rikuperim-te-dhenash\/\" \/>\n<meta property=\"og:locale\" content=\"en_US\" \/>\n<meta property=\"og:type\" content=\"article\" \/>\n<meta property=\"og:title\" content=\"DATA RECOVERY - Rikuperim t\u00eb dh\u00ebnash - Cfar sh\u00ebrbimi ofrojm\u00eb - Kapidani PCCSERVICE\" \/>\n<meta property=\"og:description\" content=\"Pajisjet e rikuperueshme dhe llojet e skedar\u00ebve  Supportojme mbi 2000+ Storage Devices dhe mbi 1000\u00a0lloje skedar\u00ebsh      USB Flash Drives USB Flash Drive\uff0cPen Drive\uff0c Thumb Drive\uff0cFlash Memory Stick.    Memory Cards SD\/CF card\uff0cMicroSD\uff0cMiniSD\uff0cSandisk\uff0cMemory card\/stick, CFast card, MultiMediaCard, SmartMedia card.    Cameras Digital Camera\uff0cAction Camera\uff0cDashboard Camera, Camcorder\uff0cDji\/Gopro Drone Camera.    SD Card SanDisk recovery, Kingston sd card recovery, Lexar, PNY, Transcend, etc.    Computer\/Laptop Recycle Bin\uff0cComputer Disk\uff0cPartion\uff0cWindows Operation Systems, Perpetual Deleted Files    External Hard Drive HDD (hard disk drive), SSD (solid-state drive) and SSHD (solid-state hybrid drive), Camera\uff0cMusic\/Video Player\uff0c Floppy Drive\uff0cZip Drive.\" \/>\n<meta property=\"og:url\" content=\"https:\/\/kapidani.com\/index.php\/product\/data-recovery-rikuperim-te-dhenash\/\" \/>\n<meta property=\"og:site_name\" content=\"Kapidani PCCSERVICE\" \/>\n<meta property=\"article:modified_time\" content=\"2024-07-23T21:49:41+00:00\" \/>\n<meta property=\"og:image\" content=\"https:\/\/kapidani.com\/wp-content\/uploads\/2024\/07\/c367f9f3e0dda608219aa2de53557b1c-1.jpg\" \/>\n\t<meta property=\"og:image:width\" content=\"1000\" \/>\n\t<meta property=\"og:image:height\" content=\"667\" \/>\n\t<meta property=\"og:image:type\" content=\"image\/jpeg\" \/>\n<meta name=\"twitter:card\" content=\"summary_large_image\" \/>\n<meta name=\"twitter:label1\" content=\"Est. reading time\" \/>\n\t<meta name=\"twitter:data1\" content=\"2 minutes\" \/>\n<script type=\"application\/ld+json\" class=\"yoast-schema-graph\">{\"@context\":\"https:\\\/\\\/schema.org\",\"@graph\":[{\"@type\":\"WebPage\",\"@id\":\"https:\\\/\\\/kapidani.com\\\/index.php\\\/product\\\/data-recovery-rikuperim-te-dhenash\\\/\",\"url\":\"https:\\\/\\\/kapidani.com\\\/index.php\\\/product\\\/data-recovery-rikuperim-te-dhenash\\\/\",\"name\":\"DATA RECOVERY - Rikuperim t\u00eb dh\u00ebnash - Cfar sh\u00ebrbimi ofrojm\u00eb - Kapidani PCCSERVICE\",\"isPartOf\":{\"@id\":\"https:\\\/\\\/kapidani.com\\\/#website\"},\"primaryImageOfPage\":{\"@id\":\"https:\\\/\\\/kapidani.com\\\/index.php\\\/product\\\/data-recovery-rikuperim-te-dhenash\\\/#primaryimage\"},\"image\":{\"@id\":\"https:\\\/\\\/kapidani.com\\\/index.php\\\/product\\\/data-recovery-rikuperim-te-dhenash\\\/#primaryimage\"},\"thumbnailUrl\":\"https:\\\/\\\/kapidani.com\\\/wp-content\\\/uploads\\\/2024\\\/07\\\/c367f9f3e0dda608219aa2de53557b1c-1.jpg\",\"datePublished\":\"2024-07-23T20:18:38+00:00\",\"dateModified\":\"2024-07-23T21:49:41+00:00\",\"breadcrumb\":{\"@id\":\"https:\\\/\\\/kapidani.com\\\/index.php\\\/product\\\/data-recovery-rikuperim-te-dhenash\\\/#breadcrumb\"},\"inLanguage\":\"en-US\",\"potentialAction\":[{\"@type\":\"ReadAction\",\"target\":[\"https:\\\/\\\/kapidani.com\\\/index.php\\\/product\\\/data-recovery-rikuperim-te-dhenash\\\/\"]}]},{\"@type\":\"ImageObject\",\"inLanguage\":\"en-US\",\"@id\":\"https:\\\/\\\/kapidani.com\\\/index.php\\\/product\\\/data-recovery-rikuperim-te-dhenash\\\/#primaryimage\",\"url\":\"https:\\\/\\\/kapidani.com\\\/wp-content\\\/uploads\\\/2024\\\/07\\\/c367f9f3e0dda608219aa2de53557b1c-1.jpg\",\"contentUrl\":\"https:\\\/\\\/kapidani.com\\\/wp-content\\\/uploads\\\/2024\\\/07\\\/c367f9f3e0dda608219aa2de53557b1c-1.jpg\",\"width\":1000,\"height\":667},{\"@type\":\"BreadcrumbList\",\"@id\":\"https:\\\/\\\/kapidani.com\\\/index.php\\\/product\\\/data-recovery-rikuperim-te-dhenash\\\/#breadcrumb\",\"itemListElement\":[{\"@type\":\"ListItem\",\"position\":1,\"name\":\"Home\",\"item\":\"https:\\\/\\\/kapidani.com\\\/\"},{\"@type\":\"ListItem\",\"position\":2,\"name\":\"Shop\",\"item\":\"https:\\\/\\\/kapidani.com\\\/index.php\\\/shop\\\/\"},{\"@type\":\"ListItem\",\"position\":3,\"name\":\"DATA RECOVERY &#8211; Rikuperim t\u00eb dh\u00ebnash &#8211; Cfar sh\u00ebrbimi ofrojm\u00eb\"}]},{\"@type\":\"WebSite\",\"@id\":\"https:\\\/\\\/kapidani.com\\\/#website\",\"url\":\"https:\\\/\\\/kapidani.com\\\/\",\"name\":\"Kapidani PCCSERVICE\",\"description\":\"Hardware, Software, Accessories, Services, Hdd, Computer, Laptops,\",\"potentialAction\":[{\"@type\":\"SearchAction\",\"target\":{\"@type\":\"EntryPoint\",\"urlTemplate\":\"https:\\\/\\\/kapidani.com\\\/?s={search_term_string}\"},\"query-input\":{\"@type\":\"PropertyValueSpecification\",\"valueRequired\":true,\"valueName\":\"search_term_string\"}}],\"inLanguage\":\"en-US\"}]}<\/script>\n<!-- \/ Yoast SEO plugin. -->","yoast_head_json":{"title":"DATA RECOVERY - Rikuperim t\u00eb dh\u00ebnash - Cfar sh\u00ebrbimi ofrojm\u00eb - Kapidani PCCSERVICE","robots":{"index":"index","follow":"follow","max-snippet":"max-snippet:-1","max-image-preview":"max-image-preview:large","max-video-preview":"max-video-preview:-1"},"canonical":"https:\/\/kapidani.com\/index.php\/product\/data-recovery-rikuperim-te-dhenash\/","og_locale":"en_US","og_type":"article","og_title":"DATA RECOVERY - Rikuperim t\u00eb dh\u00ebnash - Cfar sh\u00ebrbimi ofrojm\u00eb - Kapidani PCCSERVICE","og_description":"Pajisjet e rikuperueshme dhe llojet e skedar\u00ebve  Supportojme mbi 2000+ Storage Devices dhe mbi 1000\u00a0lloje skedar\u00ebsh      USB Flash Drives USB Flash Drive\uff0cPen Drive\uff0c Thumb Drive\uff0cFlash Memory Stick.    Memory Cards SD\/CF card\uff0cMicroSD\uff0cMiniSD\uff0cSandisk\uff0cMemory card\/stick, CFast card, MultiMediaCard, SmartMedia card.    Cameras Digital Camera\uff0cAction Camera\uff0cDashboard Camera, Camcorder\uff0cDji\/Gopro Drone Camera.    SD Card SanDisk recovery, Kingston sd card recovery, Lexar, PNY, Transcend, etc.    Computer\/Laptop Recycle Bin\uff0cComputer Disk\uff0cPartion\uff0cWindows Operation Systems, Perpetual Deleted Files    External Hard Drive HDD (hard disk drive), SSD (solid-state drive) and SSHD (solid-state hybrid drive), Camera\uff0cMusic\/Video Player\uff0c Floppy Drive\uff0cZip Drive.","og_url":"https:\/\/kapidani.com\/index.php\/product\/data-recovery-rikuperim-te-dhenash\/","og_site_name":"Kapidani PCCSERVICE","article_modified_time":"2024-07-23T21:49:41+00:00","og_image":[{"width":1000,"height":667,"url":"https:\/\/kapidani.com\/wp-content\/uploads\/2024\/07\/c367f9f3e0dda608219aa2de53557b1c-1.jpg","type":"image\/jpeg"}],"twitter_card":"summary_large_image","twitter_misc":{"Est. reading time":"2 minutes"},"schema":{"@context":"https:\/\/schema.org","@graph":[{"@type":"WebPage","@id":"https:\/\/kapidani.com\/index.php\/product\/data-recovery-rikuperim-te-dhenash\/","url":"https:\/\/kapidani.com\/index.php\/product\/data-recovery-rikuperim-te-dhenash\/","name":"DATA RECOVERY - Rikuperim t\u00eb dh\u00ebnash - Cfar sh\u00ebrbimi ofrojm\u00eb - Kapidani PCCSERVICE","isPartOf":{"@id":"https:\/\/kapidani.com\/#website"},"primaryImageOfPage":{"@id":"https:\/\/kapidani.com\/index.php\/product\/data-recovery-rikuperim-te-dhenash\/#primaryimage"},"image":{"@id":"https:\/\/kapidani.com\/index.php\/product\/data-recovery-rikuperim-te-dhenash\/#primaryimage"},"thumbnailUrl":"https:\/\/kapidani.com\/wp-content\/uploads\/2024\/07\/c367f9f3e0dda608219aa2de53557b1c-1.jpg","datePublished":"2024-07-23T20:18:38+00:00","dateModified":"2024-07-23T21:49:41+00:00","breadcrumb":{"@id":"https:\/\/kapidani.com\/index.php\/product\/data-recovery-rikuperim-te-dhenash\/#breadcrumb"},"inLanguage":"en-US","potentialAction":[{"@type":"ReadAction","target":["https:\/\/kapidani.com\/index.php\/product\/data-recovery-rikuperim-te-dhenash\/"]}]},{"@type":"ImageObject","inLanguage":"en-US","@id":"https:\/\/kapidani.com\/index.php\/product\/data-recovery-rikuperim-te-dhenash\/#primaryimage","url":"https:\/\/kapidani.com\/wp-content\/uploads\/2024\/07\/c367f9f3e0dda608219aa2de53557b1c-1.jpg","contentUrl":"https:\/\/kapidani.com\/wp-content\/uploads\/2024\/07\/c367f9f3e0dda608219aa2de53557b1c-1.jpg","width":1000,"height":667},{"@type":"BreadcrumbList","@id":"https:\/\/kapidani.com\/index.php\/product\/data-recovery-rikuperim-te-dhenash\/#breadcrumb","itemListElement":[{"@type":"ListItem","position":1,"name":"Home","item":"https:\/\/kapidani.com\/"},{"@type":"ListItem","position":2,"name":"Shop","item":"https:\/\/kapidani.com\/index.php\/shop\/"},{"@type":"ListItem","position":3,"name":"DATA RECOVERY &#8211; Rikuperim t\u00eb dh\u00ebnash &#8211; Cfar sh\u00ebrbimi ofrojm\u00eb"}]},{"@type":"WebSite","@id":"https:\/\/kapidani.com\/#website","url":"https:\/\/kapidani.com\/","name":"Kapidani PCCSERVICE","description":"Hardware, Software, Accessories, Services, Hdd, Computer, Laptops,","potentialAction":[{"@type":"SearchAction","target":{"@type":"EntryPoint","urlTemplate":"https:\/\/kapidani.com\/?s={search_term_string}"},"query-input":{"@type":"PropertyValueSpecification","valueRequired":true,"valueName":"search_term_string"}}],"inLanguage":"en-US"}]}},"_links":{"self":[{"href":"https:\/\/kapidani.com\/index.php\/wp-json\/wp\/v2\/product\/3522","targetHints":{"allow":["GET"]}}],"collection":[{"href":"https:\/\/kapidani.com\/index.php\/wp-json\/wp\/v2\/product"}],"about":[{"href":"https:\/\/kapidani.com\/index.php\/wp-json\/wp\/v2\/types\/product"}],"wp:featuredmedia":[{"embeddable":true,"href":"https:\/\/kapidani.com\/index.php\/wp-json\/wp\/v2\/media\/3523"}],"wp:attachment":[{"href":"https:\/\/kapidani.com\/index.php\/wp-json\/wp\/v2\/media?parent=3522"}],"wp:term":[{"taxonomy":"product_brand","embeddable":true,"href":"https:\/\/kapidani.com\/index.php\/wp-json\/wp\/v2\/product_brand?post=3522"},{"taxonomy":"product_cat","embeddable":true,"href":"https:\/\/kapidani.com\/index.php\/wp-json\/wp\/v2\/product_cat?post=3522"},{"taxonomy":"product_tag","embeddable":true,"href":"https:\/\/kapidani.com\/index.php\/wp-json\/wp\/v2\/product_tag?post=3522"}],"curies":[{"name":"wp","href":"https:\/\/api.w.org\/{rel}","templated":true}]}}