{"id":3526,"date":"2024-07-23T21:37:56","date_gmt":"2024-07-23T21:37:56","guid":{"rendered":"https:\/\/kapidani.com\/?post_type=product&#038;p=3526"},"modified":"2024-07-23T21:52:12","modified_gmt":"2024-07-23T21:52:12","slug":"cfar-do-te-thote-data-recovery","status":"publish","type":"product","link":"https:\/\/kapidani.com\/index.php\/product\/cfar-do-te-thote-data-recovery\/","title":{"rendered":"CFAR DO TE THOTE &#8211; DATA RECOVERY"},"content":{"rendered":"<p><strong>1 &#8211; \u00c7far\u00eb \u00ebsht\u00eb Rim\u00ebk\u00ebmbja e t\u00eb Dh\u00ebnave?<\/strong><br \/>\nRikuperimi i t\u00eb dh\u00ebnave \u00ebsht\u00eb nj\u00eb sh\u00ebrbim profesional n\u00eb t\u00eb cilin informacioni dixhital rikuperohet nga nj\u00eb hard disk, ssd, usb, kart memorie, hdd i jashtem, ose pajisje tjet\u00ebr.<\/p>\n<p><strong><br \/>\n2 &#8211; Ky proces kryhet nga inxhinier\u00eb t\u00eb trajnuar.<\/strong><br \/>\nPajisjet e d\u00ebmtuara riparohen p\u00ebrkoh\u00ebsisht dhe t\u00eb dh\u00ebnat transferohen n\u00eb nj\u00eb pajisje t\u00eb dyt\u00eb (zakonisht nj\u00eb hard disk i jasht\u00ebm ose flash drive). Kur skedar\u00ebt fshihen, korruptohen ose d\u00ebmtohen ndryshe, inxhinier\u00ebt do t\u00eb punojn\u00eb drejtp\u00ebrdrejt me t\u00eb dh\u00ebnat p\u00ebr t&#8217;i rivendosur ato, duke p\u00ebrdorur mjete softuerike p\u00ebr t\u00eb rivendosur aksesin.<\/p>\n<p><strong><br \/>\n3 &#8211; Cil\u00ebt faktor\u00eb p\u00ebrcaktojn\u00eb koston e rikuperimit?<\/strong><br \/>\nKa disa faktor\u00eb q\u00eb inxhinier\u00ebt e rikuperimit t\u00eb t\u00eb dh\u00ebnave i marrin parasysh kur p\u00ebrcaktojn\u00eb koston. Faktori kryesor \u00ebsht\u00eb koha e nevojshme p\u00ebr t\u00eb kryer hapat e nevojsh\u00ebm p\u00ebr t\u00eb siguruar nj\u00eb procedur\u00eb rikuperimi t\u00eb sigurt dhe efektive. Faktor\u00eb t\u00eb tjer\u00eb p\u00ebrfshijn\u00eb k\u00ebrkimin dhe zhvillimin e teknologjis\u00eb, dhe kur \u00ebsht\u00eb e nevojshme, tarifat e pjes\u00ebve dhe pajisjeve. P\u00ebr p\u00ebrdoruesit e kompjuter\u00ebve, kjo shpesh n\u00ebnkupton kosto t\u00eb larta.<\/p>\n<p><strong><br \/>\n4 &#8211;<\/strong> <strong>N\u00eb Data recovery<\/strong><br \/>\nStafi jone\u00eb ka m\u00eb shum\u00eb se 9 vjet p\u00ebrvoj\u00eb. Ne kemi p\u00ebrdorur p\u00ebrvoj\u00ebn ton\u00eb p\u00ebr t\u00eb ulur koston e procesit t\u00eb rikuperimit t\u00eb t\u00eb dh\u00ebnave p\u00ebr klient\u00ebt tan\u00eb.<\/p>\n<p><strong><br \/>\n5- Sigurija dhe eficens\u00eb<\/strong><br \/>\nKompania jone \u00ebsht\u00eb nj\u00eb nga kompanit\u00eb e vetme me shum\u00eb sh\u00ebrbime t\u00eb plota, e pajisur me teknologjin\u00eb Softureike te fjales se fundit. Ne kryejm\u00eb gjithashtu sh\u00ebrbime p\u00ebr rikuperimin e t\u00eb dh\u00ebnave t\u00eb paisjeve RAID.<\/p>\n<p>N\u00ebp\u00ebrmjet p\u00ebrparimeve tona n\u00eb teknologji, ne jemi n\u00eb gjendje t\u00eb ofrojm\u00eb sh\u00ebrbime t\u00eb p\u00ebrballueshme p\u00ebr rikuperimin e t\u00eb dh\u00ebnave t\u00eb hard drive me shkall\u00eb t\u00eb lart\u00eb suksesi. Ne ofrojm\u00eb gjithashtu opsione t\u00eb p\u00ebrshpejtuara, sh\u00ebrbime t\u00eb rikuperimit t\u00eb t\u00eb dh\u00ebnave RAID dhe burime t\u00eb tjera thelb\u00ebsore p\u00ebr t\u00eb ndihmuar klient\u00ebt tan\u00eb t\u00eb rikuperohen nga tronditja e humbjes s\u00eb papritur t\u00eb t\u00eb dh\u00ebnave.<\/p>\n<p><strong><br \/>\n6- Kur \u00ebsht\u00eb i mundur rikuperimi i t\u00eb dh\u00ebnave?<\/strong><br \/>\nN\u00ebse keni humbur skedar\u00eb p\u00ebr shkak t\u00eb nj\u00eb d\u00ebshtimi t\u00eb diskut, mbishkrimit aksidental, zjarrit ose ndonj\u00eb arsye tjet\u00ebr, inxhinier\u00ebt profesionist\u00eb t\u00eb rikuperimit t\u00eb t\u00eb dh\u00ebnave shpesh mund t\u00eb ndihmojn\u00eb. Shanset e rikuperimit do t\u00eb ndryshojn\u00eb n\u00eb var\u00ebsi t\u00eb shkall\u00ebs s\u00eb d\u00ebmtimit (aty ku \u00ebsht\u00eb e aplikueshme), koh\u00ebzgjatjes s\u00eb koh\u00ebs q\u00eb nga ngjarja origjinale, harduerit t\u00eb pajisjes dhe disa faktor\u00ebve t\u00eb tjer\u00eb.<\/p>\n<p>P\u00ebr t\u00eb p\u00ebrmir\u00ebsuar shanset p\u00ebr nj\u00eb rikuperim t\u00eb suksessh\u00ebm, shk\u00ebputeni menj\u00ebher\u00eb energjin\u00eb nga \u00e7do pajisje sapo t\u00eb ndodh\u00eb humbja e t\u00eb dh\u00ebnave. Mos p\u00ebrdorni softuer n\u00eb pajisje p\u00ebr t\u00eb tentuar t\u00eb rivendosni t\u00eb dh\u00ebnat, pasi kjo shpesh do t\u00eb shkaktoj\u00eb probleme shtes\u00eb duke mbishkruar skedar\u00ebt.<\/p>\n<p>Mos u p\u00ebrpiqni t\u00eb riparoni fizikisht disqet e ngurt\u00eb ose media t\u00eb tjera. Kontaktoni menj\u00ebher\u00eb inxhinier\u00ebt tan\u00eb p\u00ebr t\u00eb diskutuar nj\u00eb plan rikuperimi. Ne mund t\u00eb vler\u00ebsojm\u00eb shanset p\u00ebr nj\u00eb rikuperim t\u00eb suksessh\u00ebm dhe t&#8217;ju udh\u00ebzojm\u00eb n\u00ebp\u00ebr hapat q\u00eb mund t\u00eb nd\u00ebrmerrni.<\/p>\n","protected":false},"excerpt":{"rendered":"<p>1 &#8211; \u00c7far\u00eb \u00ebsht\u00eb Rim\u00ebk\u00ebmbja e t\u00eb Dh\u00ebnave? Rikuperimi i t\u00eb dh\u00ebnave \u00ebsht\u00eb nj\u00eb sh\u00ebrbim profesional n\u00eb t\u00eb cilin informacioni dixhital rikuperohet nga nj\u00eb hard disk, ssd, usb, kart memorie, hdd i jashtem, ose pajisje tjet\u00ebr. 2 &#8211; Ky proces kryhet nga inxhinier\u00eb t\u00eb trajnuar. Pajisjet e d\u00ebmtuara riparohen p\u00ebrkoh\u00ebsisht dhe t\u00eb dh\u00ebnat transferohen n\u00eb&hellip;<\/p>\n","protected":false},"featured_media":3527,"template":"","meta":[],"product_brand":[],"product_cat":[99],"product_tag":[],"class_list":{"0":"post-3526","1":"product","2":"type-product","3":"status-publish","4":"has-post-thumbnail","6":"product_cat-data-recovery","7":"description-off","9":"first","10":"instock","11":"shipping-taxable","12":"product-type-simple"},"yoast_head":"<!-- This site is optimized with the Yoast SEO plugin v27.3 - https:\/\/yoast.com\/product\/yoast-seo-wordpress\/ -->\n<title>CFAR DO TE THOTE - DATA RECOVERY - Kapidani PCCSERVICE<\/title>\n<meta name=\"robots\" content=\"index, follow, max-snippet:-1, max-image-preview:large, max-video-preview:-1\" \/>\n<link rel=\"canonical\" href=\"https:\/\/kapidani.com\/index.php\/product\/cfar-do-te-thote-data-recovery\/\" \/>\n<meta property=\"og:locale\" content=\"en_US\" \/>\n<meta property=\"og:type\" content=\"article\" \/>\n<meta property=\"og:title\" content=\"CFAR DO TE THOTE - DATA RECOVERY - Kapidani PCCSERVICE\" \/>\n<meta property=\"og:description\" content=\"1 &#8211; \u00c7far\u00eb \u00ebsht\u00eb Rim\u00ebk\u00ebmbja e t\u00eb Dh\u00ebnave? Rikuperimi i t\u00eb dh\u00ebnave \u00ebsht\u00eb nj\u00eb sh\u00ebrbim profesional n\u00eb t\u00eb cilin informacioni dixhital rikuperohet nga nj\u00eb hard disk, ssd, usb, kart memorie, hdd i jashtem, ose pajisje tjet\u00ebr. 2 &#8211; Ky proces kryhet nga inxhinier\u00eb t\u00eb trajnuar. Pajisjet e d\u00ebmtuara riparohen p\u00ebrkoh\u00ebsisht dhe t\u00eb dh\u00ebnat transferohen n\u00eb&hellip;\" \/>\n<meta property=\"og:url\" content=\"https:\/\/kapidani.com\/index.php\/product\/cfar-do-te-thote-data-recovery\/\" \/>\n<meta property=\"og:site_name\" content=\"Kapidani PCCSERVICE\" \/>\n<meta property=\"article:modified_time\" content=\"2024-07-23T21:52:12+00:00\" \/>\n<meta property=\"og:image\" content=\"https:\/\/kapidani.com\/wp-content\/uploads\/2024\/07\/pcjavitas.eu_.jpg\" \/>\n\t<meta property=\"og:image:width\" content=\"1600\" \/>\n\t<meta property=\"og:image:height\" content=\"1066\" \/>\n\t<meta property=\"og:image:type\" content=\"image\/jpeg\" \/>\n<meta name=\"twitter:card\" content=\"summary_large_image\" \/>\n<meta name=\"twitter:label1\" content=\"Est. reading time\" \/>\n\t<meta name=\"twitter:data1\" content=\"3 minutes\" \/>\n<script type=\"application\/ld+json\" class=\"yoast-schema-graph\">{\"@context\":\"https:\\\/\\\/schema.org\",\"@graph\":[{\"@type\":\"WebPage\",\"@id\":\"https:\\\/\\\/kapidani.com\\\/index.php\\\/product\\\/cfar-do-te-thote-data-recovery\\\/\",\"url\":\"https:\\\/\\\/kapidani.com\\\/index.php\\\/product\\\/cfar-do-te-thote-data-recovery\\\/\",\"name\":\"CFAR DO TE THOTE - DATA RECOVERY - Kapidani PCCSERVICE\",\"isPartOf\":{\"@id\":\"https:\\\/\\\/kapidani.com\\\/#website\"},\"primaryImageOfPage\":{\"@id\":\"https:\\\/\\\/kapidani.com\\\/index.php\\\/product\\\/cfar-do-te-thote-data-recovery\\\/#primaryimage\"},\"image\":{\"@id\":\"https:\\\/\\\/kapidani.com\\\/index.php\\\/product\\\/cfar-do-te-thote-data-recovery\\\/#primaryimage\"},\"thumbnailUrl\":\"https:\\\/\\\/kapidani.com\\\/wp-content\\\/uploads\\\/2024\\\/07\\\/pcjavitas.eu_.jpg\",\"datePublished\":\"2024-07-23T21:37:56+00:00\",\"dateModified\":\"2024-07-23T21:52:12+00:00\",\"breadcrumb\":{\"@id\":\"https:\\\/\\\/kapidani.com\\\/index.php\\\/product\\\/cfar-do-te-thote-data-recovery\\\/#breadcrumb\"},\"inLanguage\":\"en-US\",\"potentialAction\":[{\"@type\":\"ReadAction\",\"target\":[\"https:\\\/\\\/kapidani.com\\\/index.php\\\/product\\\/cfar-do-te-thote-data-recovery\\\/\"]}]},{\"@type\":\"ImageObject\",\"inLanguage\":\"en-US\",\"@id\":\"https:\\\/\\\/kapidani.com\\\/index.php\\\/product\\\/cfar-do-te-thote-data-recovery\\\/#primaryimage\",\"url\":\"https:\\\/\\\/kapidani.com\\\/wp-content\\\/uploads\\\/2024\\\/07\\\/pcjavitas.eu_.jpg\",\"contentUrl\":\"https:\\\/\\\/kapidani.com\\\/wp-content\\\/uploads\\\/2024\\\/07\\\/pcjavitas.eu_.jpg\",\"width\":1600,\"height\":1066},{\"@type\":\"BreadcrumbList\",\"@id\":\"https:\\\/\\\/kapidani.com\\\/index.php\\\/product\\\/cfar-do-te-thote-data-recovery\\\/#breadcrumb\",\"itemListElement\":[{\"@type\":\"ListItem\",\"position\":1,\"name\":\"Home\",\"item\":\"https:\\\/\\\/kapidani.com\\\/\"},{\"@type\":\"ListItem\",\"position\":2,\"name\":\"Shop\",\"item\":\"https:\\\/\\\/kapidani.com\\\/index.php\\\/shop\\\/\"},{\"@type\":\"ListItem\",\"position\":3,\"name\":\"CFAR DO TE THOTE &#8211; DATA RECOVERY\"}]},{\"@type\":\"WebSite\",\"@id\":\"https:\\\/\\\/kapidani.com\\\/#website\",\"url\":\"https:\\\/\\\/kapidani.com\\\/\",\"name\":\"Kapidani PCCSERVICE\",\"description\":\"Hardware, Software, Accessories, Services, Hdd, Computer, Laptops,\",\"potentialAction\":[{\"@type\":\"SearchAction\",\"target\":{\"@type\":\"EntryPoint\",\"urlTemplate\":\"https:\\\/\\\/kapidani.com\\\/?s={search_term_string}\"},\"query-input\":{\"@type\":\"PropertyValueSpecification\",\"valueRequired\":true,\"valueName\":\"search_term_string\"}}],\"inLanguage\":\"en-US\"}]}<\/script>\n<!-- \/ Yoast SEO plugin. -->","yoast_head_json":{"title":"CFAR DO TE THOTE - DATA RECOVERY - Kapidani PCCSERVICE","robots":{"index":"index","follow":"follow","max-snippet":"max-snippet:-1","max-image-preview":"max-image-preview:large","max-video-preview":"max-video-preview:-1"},"canonical":"https:\/\/kapidani.com\/index.php\/product\/cfar-do-te-thote-data-recovery\/","og_locale":"en_US","og_type":"article","og_title":"CFAR DO TE THOTE - DATA RECOVERY - Kapidani PCCSERVICE","og_description":"1 &#8211; \u00c7far\u00eb \u00ebsht\u00eb Rim\u00ebk\u00ebmbja e t\u00eb Dh\u00ebnave? Rikuperimi i t\u00eb dh\u00ebnave \u00ebsht\u00eb nj\u00eb sh\u00ebrbim profesional n\u00eb t\u00eb cilin informacioni dixhital rikuperohet nga nj\u00eb hard disk, ssd, usb, kart memorie, hdd i jashtem, ose pajisje tjet\u00ebr. 2 &#8211; Ky proces kryhet nga inxhinier\u00eb t\u00eb trajnuar. Pajisjet e d\u00ebmtuara riparohen p\u00ebrkoh\u00ebsisht dhe t\u00eb dh\u00ebnat transferohen n\u00eb&hellip;","og_url":"https:\/\/kapidani.com\/index.php\/product\/cfar-do-te-thote-data-recovery\/","og_site_name":"Kapidani PCCSERVICE","article_modified_time":"2024-07-23T21:52:12+00:00","og_image":[{"width":1600,"height":1066,"url":"https:\/\/kapidani.com\/wp-content\/uploads\/2024\/07\/pcjavitas.eu_.jpg","type":"image\/jpeg"}],"twitter_card":"summary_large_image","twitter_misc":{"Est. reading time":"3 minutes"},"schema":{"@context":"https:\/\/schema.org","@graph":[{"@type":"WebPage","@id":"https:\/\/kapidani.com\/index.php\/product\/cfar-do-te-thote-data-recovery\/","url":"https:\/\/kapidani.com\/index.php\/product\/cfar-do-te-thote-data-recovery\/","name":"CFAR DO TE THOTE - DATA RECOVERY - Kapidani PCCSERVICE","isPartOf":{"@id":"https:\/\/kapidani.com\/#website"},"primaryImageOfPage":{"@id":"https:\/\/kapidani.com\/index.php\/product\/cfar-do-te-thote-data-recovery\/#primaryimage"},"image":{"@id":"https:\/\/kapidani.com\/index.php\/product\/cfar-do-te-thote-data-recovery\/#primaryimage"},"thumbnailUrl":"https:\/\/kapidani.com\/wp-content\/uploads\/2024\/07\/pcjavitas.eu_.jpg","datePublished":"2024-07-23T21:37:56+00:00","dateModified":"2024-07-23T21:52:12+00:00","breadcrumb":{"@id":"https:\/\/kapidani.com\/index.php\/product\/cfar-do-te-thote-data-recovery\/#breadcrumb"},"inLanguage":"en-US","potentialAction":[{"@type":"ReadAction","target":["https:\/\/kapidani.com\/index.php\/product\/cfar-do-te-thote-data-recovery\/"]}]},{"@type":"ImageObject","inLanguage":"en-US","@id":"https:\/\/kapidani.com\/index.php\/product\/cfar-do-te-thote-data-recovery\/#primaryimage","url":"https:\/\/kapidani.com\/wp-content\/uploads\/2024\/07\/pcjavitas.eu_.jpg","contentUrl":"https:\/\/kapidani.com\/wp-content\/uploads\/2024\/07\/pcjavitas.eu_.jpg","width":1600,"height":1066},{"@type":"BreadcrumbList","@id":"https:\/\/kapidani.com\/index.php\/product\/cfar-do-te-thote-data-recovery\/#breadcrumb","itemListElement":[{"@type":"ListItem","position":1,"name":"Home","item":"https:\/\/kapidani.com\/"},{"@type":"ListItem","position":2,"name":"Shop","item":"https:\/\/kapidani.com\/index.php\/shop\/"},{"@type":"ListItem","position":3,"name":"CFAR DO TE THOTE &#8211; DATA RECOVERY"}]},{"@type":"WebSite","@id":"https:\/\/kapidani.com\/#website","url":"https:\/\/kapidani.com\/","name":"Kapidani PCCSERVICE","description":"Hardware, Software, Accessories, Services, Hdd, Computer, Laptops,","potentialAction":[{"@type":"SearchAction","target":{"@type":"EntryPoint","urlTemplate":"https:\/\/kapidani.com\/?s={search_term_string}"},"query-input":{"@type":"PropertyValueSpecification","valueRequired":true,"valueName":"search_term_string"}}],"inLanguage":"en-US"}]}},"_links":{"self":[{"href":"https:\/\/kapidani.com\/index.php\/wp-json\/wp\/v2\/product\/3526","targetHints":{"allow":["GET"]}}],"collection":[{"href":"https:\/\/kapidani.com\/index.php\/wp-json\/wp\/v2\/product"}],"about":[{"href":"https:\/\/kapidani.com\/index.php\/wp-json\/wp\/v2\/types\/product"}],"wp:featuredmedia":[{"embeddable":true,"href":"https:\/\/kapidani.com\/index.php\/wp-json\/wp\/v2\/media\/3527"}],"wp:attachment":[{"href":"https:\/\/kapidani.com\/index.php\/wp-json\/wp\/v2\/media?parent=3526"}],"wp:term":[{"taxonomy":"product_brand","embeddable":true,"href":"https:\/\/kapidani.com\/index.php\/wp-json\/wp\/v2\/product_brand?post=3526"},{"taxonomy":"product_cat","embeddable":true,"href":"https:\/\/kapidani.com\/index.php\/wp-json\/wp\/v2\/product_cat?post=3526"},{"taxonomy":"product_tag","embeddable":true,"href":"https:\/\/kapidani.com\/index.php\/wp-json\/wp\/v2\/product_tag?post=3526"}],"curies":[{"name":"wp","href":"https:\/\/api.w.org\/{rel}","templated":true}]}}