{"id":3553,"date":"2024-09-01T20:16:18","date_gmt":"2024-09-01T20:16:18","guid":{"rendered":"https:\/\/kapidani.com\/?post_type=product&#038;p=3553"},"modified":"2026-01-05T11:11:04","modified_gmt":"2026-01-05T11:11:04","slug":"ram-crucial-8gb-ddr4-3200-udimm-original-new","status":"publish","type":"product","link":"https:\/\/kapidani.com\/index.php\/product\/ram-crucial-8gb-ddr4-3200-udimm-original-new\/","title":{"rendered":"RAM Crucial 8GB DDR4-3200 UDIMM ( ORIGINAL NEW )"},"content":{"rendered":"<p>E krijuar p\u00ebr t\u00eb ndihmuar sistemin tuaj t\u00eb funksionoj\u00eb m\u00eb shpejt dhe m\u00eb mir\u00eb, &#8220;Kujtesa e Desktopit Crucial&#8221; \u00ebsht\u00eb nj\u00eb nga m\u00ebnyrat m\u00eb t\u00eb lehta dhe m\u00eb t\u00eb p\u00ebrballueshme p\u00ebr t\u00eb p\u00ebrmir\u00ebsuar performanc\u00ebn e sistemit tuaj<\/p>\n<div class=\"zurbrow basecomponent parbase\">\n<div id=\"guxs8w-interchange\" class=\"section --bottom-only \" data-interchange=\"[, small], [, medium], [, large] ,[, xlarge]\" aria-label=\" \" data-resize=\"guxs8w-interchange\">\n<div class=\"row margin-top--medium margin-bottom--medium \">\n<div class=\"basecomponent zurbcolumn parbase columns small-12 medium-expand large-expand default-theme uphill slantleft\">\n<div class=\"zurbcolumn-container\">\n<div class=\"image basecomponent parbase is-maxwidthed\">\n<div id=\"zurbrowzurbcolumn1contentimage_copy\" class=\"imagewidth-attributes\" data-smallimagepercentage=\"100\" data-mediumimagepercentage=\"100\" data-largeimagepercentage=\"100\"><img decoding=\"async\" id=\"ztjbnk-interchange\" src=\"https:\/\/www.crucial.com\/content\/dam\/crucial\/dram-products\/laptop\/images\/lifestyle\/crucial-ddr4-sodimm-lifestyle-laptop-install-4.psd.transform\/large-jpg\/img.jpg\" alt=\" \" data-interchange=\"[\/content\/dam\/crucial\/dram-products\/laptop\/images\/lifestyle\/crucial-ddr4-sodimm-lifestyle-laptop-install-4.psd.transform\/small-jpg\/img.jpg, small], [\/content\/dam\/crucial\/dram-products\/laptop\/images\/lifestyle\/crucial-ddr4-sodimm-lifestyle-laptop-install-4.psd.transform\/medium-jpg\/img.jpg, medium], [\/content\/dam\/crucial\/dram-products\/laptop\/images\/lifestyle\/crucial-ddr4-sodimm-lifestyle-laptop-install-4.psd.transform\/large-jpg\/img.jpg, large]\" data-type=\"src\" data-resize=\"ztjbnk-interchange\" \/><\/div>\n<\/div>\n<\/div>\n<\/div>\n<div class=\"basecomponent zurbcolumn parbase columns small-12 medium-expand large-expand default-theme uphill slantleft\">\n<div class=\"zurbcolumn-container\">\n<div class=\"text parbase\">\n<h3>Make everything on your computer faster<\/h3>\n<p>Memory is a component in your computer that allows for short-term data access. Since your system\u2019s moment-to-moment operations rely on short-term data access \u2013 loading applications, browsing the Web or editing a spreadsheet \u2013 the speed and amount of memory in your system plays a critical role. Load apps in seconds by increasing the speed of your memory and installing more of it.<\/p>\n<\/div>\n<\/div>\n<\/div>\n<\/div>\n<\/div>\n<\/div>\n<div class=\"zurbrow basecomponent parbase\">\n<div id=\"fi1zs5-interchange\" class=\"section --bottom-only \" data-interchange=\"[, small], [, medium], [, large] ,[, xlarge]\" aria-label=\" \" data-resize=\"fi1zs5-interchange\">\n<div class=\"row margin-bottom--medium \">\n<div class=\"basecomponent zurbcolumn parbase columns small-12 medium-expand large-expand default-theme uphill slantleft\">\n<div class=\"zurbcolumn-container\">\n<div class=\"text parbase\">\n<h3>Multitask with ease<\/h3>\n<p>If you\u2019re like us, you use your computer to do a lot of things at once. You might be editing a document, while also looking at pictures and browsing the internet. This naturally leads to a performance problem: every app you\u2019re running requires memory and competes for a limited pool of resources. Overcome this by installing high-density modules in each memory slot for seamless multitasking.<\/p>\n<\/div>\n<\/div>\n<\/div>\n<div class=\"basecomponent zurbcolumn parbase columns small-12 medium-expand large-expand default-theme uphill slantleft\">\n<div class=\"zurbcolumn-container\">\n<div class=\"image basecomponent parbase is-maxwidthed\">\n<div id=\"zurbrow_copyzurbcolumn2contentimage_copy\" class=\"imagewidth-attributes\" data-smallimagepercentage=\"100\" data-mediumimagepercentage=\"100\" data-largeimagepercentage=\"100\"><img decoding=\"async\" id=\"a01d77-interchange\" src=\"https:\/\/www.crucial.com\/content\/dam\/crucial\/dram-products\/laptop\/flyer\/working\/images\/laptop-user-multitask-window.jpg.transform\/medium-jpg\/img.jpg\" alt=\" \" data-interchange=\"[\/content\/dam\/crucial\/dram-products\/laptop\/flyer\/working\/images\/laptop-user-multitask-window.jpg.transform\/small-jpg\/img.jpg, small], [\/content\/dam\/crucial\/dram-products\/laptop\/flyer\/working\/images\/laptop-user-multitask-window.jpg.transform\/medium-jpg\/img.jpg, medium]\" data-type=\"src\" data-resize=\"a01d77-interchange\" \/><\/div>\n<\/div>\n<\/div>\n<\/div>\n<\/div>\n<\/div>\n<\/div>\n<div class=\"zurbrow basecomponent parbase\">\n<div id=\"a3w5da-interchange\" class=\"section --bottom-only \" data-interchange=\"[, small], [, medium], [, large] ,[, xlarge]\" aria-label=\" \" data-resize=\"a3w5da-interchange\">\n<div class=\"row margin-bottom--medium \">\n<div class=\"basecomponent zurbcolumn parbase columns small-12 medium-expand large-expand default-theme uphill slantleft\">\n<div class=\"zurbcolumn-container\">\n<div class=\"image basecomponent parbase is-maxwidthed\">\n<div id=\"zurbrow_copy_70279032zurbcolumn1contentimage_copy\" class=\"imagewidth-attributes\" data-smallimagepercentage=\"100\" data-mediumimagepercentage=\"100\" data-largeimagepercentage=\"100\"><img decoding=\"async\" id=\"5lhrr7-interchange\" src=\"https:\/\/www.crucial.com\/content\/dam\/crucial\/brand-assets\/photography\/lifestyle\/installation\/crucial-laptop-installation-home-50.jpg.transform\/large-jpg\/img.jpg\" alt=\" \" data-interchange=\"[\/content\/dam\/crucial\/brand-assets\/photography\/lifestyle\/installation\/crucial-laptop-installation-home-50.jpg.transform\/small-jpg\/img.jpg, small], [\/content\/dam\/crucial\/brand-assets\/photography\/lifestyle\/installation\/crucial-laptop-installation-home-50.jpg.transform\/medium-jpg\/img.jpg, medium], [\/content\/dam\/crucial\/brand-assets\/photography\/lifestyle\/installation\/crucial-laptop-installation-home-50.jpg.transform\/large-jpg\/img.jpg, large]\" data-type=\"src\" data-resize=\"5lhrr7-interchange\" \/><\/div>\n<\/div>\n<\/div>\n<\/div>\n<div class=\"basecomponent zurbcolumn parbase columns small-12 medium-expand large-expand default-theme uphill slantleft\">\n<div class=\"zurbcolumn-container\">\n<div class=\"text parbase\">\n<h3>Install with ease \u2013 no computer skills required<\/h3>\n<p>With just a screwdriver, your owner\u2019s manual, and a few minutes of time, you can install memory \u2013 no computer skills necessary. Just watch one of our three-minute install videos, and we\u2019ll walk you step-by-step through the process. Don\u2019t pay a computer shop to do something you can do in minutes!<\/p>\n<\/div>\n<\/div>\n<\/div>\n<\/div>\n<\/div>\n<\/div>\n<div class=\"zurbrow basecomponent parbase\">\n<div id=\"ust4sd-interchange\" class=\"section --bottom-only \" data-interchange=\"[, small], [, medium], [, large] ,[, xlarge]\" aria-label=\" \" data-resize=\"ust4sd-interchange\">\n<div class=\"row margin-bottom--medium \">\n<div class=\"basecomponent zurbcolumn parbase columns small-12 medium-expand large-expand default-theme uphill slantleft\">\n<div class=\"zurbcolumn-container\">\n<div class=\"text parbase\">\n<h3>Maximize the value of your system<\/h3>\n<p>At a fraction of the cost of a new system, a memory upgrade is one of the most affordable ways to increase performance. Get more out of your laptop by giving it the resources it needs to perform.<\/p>\n<\/div>\n<\/div>\n<\/div>\n<div class=\"basecomponent zurbcolumn parbase columns small-12 medium-expand large-expand default-theme uphill slantleft\">\n<div class=\"zurbcolumn-container\">\n<div class=\"image basecomponent parbase is-maxwidthed\">\n<div id=\"zurbrow_copy_64881808zurbcolumn2contentimage_copy\" class=\"imagewidth-attributes\" data-smallimagepercentage=\"100\" data-mediumimagepercentage=\"100\" data-largeimagepercentage=\"100\"><img decoding=\"async\" id=\"gld3xj-interchange\" src=\"https:\/\/www.crucial.com\/content\/dam\/crucial\/dram-products\/laptop\/images\/lifestyle\/crucial-ddr4-sodimm-lifestyle-laptop-5.psd.transform\/large-jpg\/img.jpg\" alt=\" \" data-interchange=\"[\/content\/dam\/crucial\/dram-products\/laptop\/images\/lifestyle\/crucial-ddr4-sodimm-lifestyle-laptop-5.psd.transform\/small-jpg\/img.jpg, small], [\/content\/dam\/crucial\/dram-products\/laptop\/images\/lifestyle\/crucial-ddr4-sodimm-lifestyle-laptop-5.psd.transform\/medium-jpg\/img.jpg, medium], [\/content\/dam\/crucial\/dram-products\/laptop\/images\/lifestyle\/crucial-ddr4-sodimm-lifestyle-laptop-5.psd.transform\/large-jpg\/img.jpg, large]\" data-type=\"src\" data-resize=\"gld3xj-interchange\" \/><\/div>\n<\/div>\n<\/div>\n<\/div>\n<\/div>\n<\/div>\n<\/div>\n<div class=\"zurbrow basecomponent parbase\">\n<div id=\"neqbfe-interchange\" class=\"section --bottom-only \" data-interchange=\"[, small], [, medium], [, large] ,[, xlarge]\" aria-label=\" \" data-resize=\"neqbfe-interchange\">\n<div class=\"row margin-bottom--medium \">\n<div class=\"basecomponent zurbcolumn parbase columns small-12 medium-expand large-expand default-theme uphill slantleft\">\n<div class=\"zurbcolumn-container\">\n<div class=\"image basecomponent parbase is-maxwidthed\">\n<div id=\"zurbrow_copy_1231666604zurbcolumn1contentimage_copy_865351213\" class=\"imagewidth-attributes\" data-smallimagepercentage=\"100\" data-mediumimagepercentage=\"100\" data-largeimagepercentage=\"100\"><img decoding=\"async\" id=\"4v6w3r-interchange\" src=\"https:\/\/www.crucial.com\/content\/dam\/crucial\/crucial-family\/images\/web\/crucial-memory-for-mac-quality-image.png.transform\/large-jpg\/img.jpg\" alt=\" \" data-interchange=\"[\/content\/dam\/crucial\/crucial-family\/images\/web\/crucial-memory-for-mac-quality-image.png.transform\/small-jpg\/img.jpg, small], [\/content\/dam\/crucial\/crucial-family\/images\/web\/crucial-memory-for-mac-quality-image.png.transform\/medium-jpg\/img.jpg, medium], [\/content\/dam\/crucial\/crucial-family\/images\/web\/crucial-memory-for-mac-quality-image.png.transform\/large-jpg\/img.jpg, large]\" data-type=\"src\" data-resize=\"4v6w3r-interchange\" \/><\/div>\n<\/div>\n<\/div>\n<\/div>\n<div class=\"basecomponent zurbcolumn parbase columns small-12 medium-expand large-expand default-theme uphill slantleft\">\n<div class=\"zurbcolumn-container\">\n<div class=\"text parbase\">\n<h3>Micron\u00ae quality \u2013 a higher level of reliability.<\/h3>\n<p>As a brand of Micron, one of the largest memory manufacturers in the world, Crucial Desktop Memory is the standard for reliable performance. From the original SDRAM technology all the way to DDR4, we\u2019ve engineered the memory technologies that have powered the world\u2019s computers for 40 years and counting. When you choose Crucial memory, you\u2019re choosing memory that\u2019s backed by a limited lifetime warranty and designed for the world\u2019s leading systems.1 Don\u2019t settle for anything less.<\/p>\n<\/div>\n<\/div>\n<\/div>\n<\/div>\n<\/div>\n<\/div>\n","protected":false},"excerpt":{"rendered":"<div class=\"eyebrow\">\n<div class=\"zurbrow basecomponent parbase\">\n<div id=\"guxs8w-interchange\" class=\"section --bottom-only \" data-interchange=\"[, small], [, medium], [, large] ,[, xlarge]\" aria-label=\" \" data-resize=\"guxs8w-interchange\">\n<div class=\"row margin-top--medium margin-bottom--medium \">\n<div class=\"basecomponent zurbcolumn parbase columns small-12 medium-expand large-expand default-theme uphill slantleft\">\n<div class=\"zurbcolumn-container\">\n<div class=\"image basecomponent parbase is-maxwidthed\"><\/div>\n<\/div>\n<\/div>\n<\/div>\n<\/div>\n<\/div>\n<div class=\"zurbrow basecomponent parbase\">\n<div id=\"neqbfe-interchange\" class=\"section --bottom-only \" data-interchange=\"[, small], [, medium], [, large] ,[, xlarge]\" aria-label=\" \" data-resize=\"neqbfe-interchange\">\n<div class=\"row margin-bottom--medium \">\n<div class=\"basecomponent zurbcolumn parbase columns small-12 medium-expand large-expand default-theme uphill slantleft\">\n<div class=\"zurbcolumn-container\">\n<div class=\"text parbase\">\n<p>RAM Crucial 8GB DDR4-3200 UDIMM NEW<\/p>\n<\/div>\n<\/div>\n<\/div>\n<\/div>\n<\/div>\n<\/div>\n<\/div>\n<div class=\"row column link-list\">\n<ul class=\"menu simple align-justify\">\n<li class=\"product-number\"><span class=\"h2 part-number base-part-number\"><span class=\"h2 part-number base-part-number\"><span class=\"h2 part-number base-part-number\">CT8G4DFRA32A<\/span><\/span><\/span>\n<div class=\"column small-12 large-6\">\n<table class=\"spec-table\">\n<thead>\n<tr>\n<th colspan=\"2\">General tech specs<\/th>\n<\/tr>\n<\/thead>\n<tbody>\n<tr>\n<td>DIMM type<\/td>\n<td class=\"spec-value\">Unbuffered<\/td>\n<\/tr>\n<tr>\n<td>Technology<\/td>\n<td class=\"spec-value\">DDR4<\/td>\n<\/tr>\n<tr>\n<td>Density<\/td>\n<td class=\"spec-value\">8GB<\/td>\n<\/tr>\n<tr>\n<td>Module quantity<\/td>\n<td class=\"spec-value\">1<\/td>\n<\/tr>\n<tr>\n<td>Voltage<\/td>\n<td class=\"spec-value\">1.2V<\/td>\n<\/tr>\n<tr>\n<td>Module type<\/td>\n<td class=\"spec-value\">UDIMM<\/td>\n<\/tr>\n<tr>\n<td>Die Density<\/td>\n<td class=\"spec-value\">\u00a08Gb<\/td>\n<\/tr>\n<\/tbody>\n<\/table>\n<\/div>\n<div class=\"column small-12 large-6\">\n<table class=\"spec-table\">\n<thead>\n<tr>\n<th colspan=\"2\">Default and performance recovery profiles<\/th>\n<\/tr>\n<\/thead>\n<tbody>\n<tr>\n<td>Default(JEDEC)<\/td>\n<td class=\"spec-value\">22-22-22<\/td>\n<\/tr>\n<\/tbody>\n<\/table>\n<p>Ram i ri per kompjuter ddr4.<br \/>\nVjen ne paketim te mbyllur ne forme hermetike.<br \/>\nRam origjinal i importuar nga Europa jo model Kinez<br \/>\n( I gjurmushem nga numri i serise te verifikuar origjinalitetin )<\/p>\n<\/div>\n<\/li>\n<\/ul>\n<\/div>\n","protected":false},"featured_media":1621,"template":"","meta":[],"product_brand":[],"product_cat":[38],"product_tag":[],"class_list":{"0":"post-3553","1":"product","2":"type-product","3":"status-publish","4":"has-post-thumbnail","6":"product_cat-hdd-ram","7":"description-off","9":"first","10":"outofstock","11":"shipping-taxable","12":"product-type-simple"},"aioseo_notices":[],"_links":{"self":[{"href":"https:\/\/kapidani.com\/index.php\/wp-json\/wp\/v2\/product\/3553","targetHints":{"allow":["GET"]}}],"collection":[{"href":"https:\/\/kapidani.com\/index.php\/wp-json\/wp\/v2\/product"}],"about":[{"href":"https:\/\/kapidani.com\/index.php\/wp-json\/wp\/v2\/types\/product"}],"wp:featuredmedia":[{"embeddable":true,"href":"https:\/\/kapidani.com\/index.php\/wp-json\/wp\/v2\/media\/1621"}],"wp:attachment":[{"href":"https:\/\/kapidani.com\/index.php\/wp-json\/wp\/v2\/media?parent=3553"}],"wp:term":[{"taxonomy":"product_brand","embeddable":true,"href":"https:\/\/kapidani.com\/index.php\/wp-json\/wp\/v2\/product_brand?post=3553"},{"taxonomy":"product_cat","embeddable":true,"href":"https:\/\/kapidani.com\/index.php\/wp-json\/wp\/v2\/product_cat?post=3553"},{"taxonomy":"product_tag","embeddable":true,"href":"https:\/\/kapidani.com\/index.php\/wp-json\/wp\/v2\/product_tag?post=3553"}],"curies":[{"name":"wp","href":"https:\/\/api.w.org\/{rel}","templated":true}]}}