{"id":3689,"date":"2024-10-08T22:12:51","date_gmt":"2024-10-08T22:12:51","guid":{"rendered":"https:\/\/kapidani.com\/?post_type=product&#038;p=3689"},"modified":"2024-10-08T22:28:46","modified_gmt":"2024-10-08T22:28:46","slug":"jonsbo-cr-1400-evo-argb-cpu-cooler-white","status":"publish","type":"product","link":"https:\/\/kapidani.com\/index.php\/product\/jonsbo-cr-1400-evo-argb-cpu-cooler-white\/","title":{"rendered":"Jonsbo CR-1400 EVO ARGB CPU cooler &#8211; White"},"content":{"rendered":"<div id=\"description\" class=\"mt-3 js-slot product-detail-content-accordion-slot\">\n<div id=\"product-detail-content-accordion-body-id-description\" class=\"accordion-collapse collapse show\" aria-labelledby=\"product-detail-content-accordion-id-description\" data-bs-parent=\"\">\n<div class=\"product-detail-content-accordion-body-content rich-content\">\n<div id=\"collapsible-description-1\" class=\"value content\">\n<h3>Der Jonsbo CR-1400 EVO COLOR CPU-K\u00fchler:<\/h3>\n<p>The\u00a0<i>Jonsbo CR-1400 EVO COLOR CPU cooler<\/i>\u00a0offers extremely high cooling performance thanks to its four heat pipes and PWM fan. The cooler is also very quiet and has immense cooling reserves for overclocked CPUs with\u00a0<b>180 W TDP<\/b>\u00a0and can be mounted even with a motherboard installed, despite its size.<\/p>\n<h3>Simple design with strong cooling performance<\/h3>\n<p>The\u00a0<i>CR-1400 EVO COLOR<\/i>\u00a0is a powerful single-tower cooler that enables very efficient and quiet cooling thanks to the fan. The smooth-running fan motor ensures reduced vibrations and, in conjunction with the bearing, a very long service life.<\/p>\n<p>With ARGB lighting, you can make your build shine and give it a unique touch.<\/p>\n<h3>Perfect cooling for your CPU<\/h3>\n<p>Thanks to\u00a0<b>four high-performance heat pipes,<\/b>\u00a0the heat sink ensures excellent heat dissipation. The fin surface of the cooler is very large due to the single tower design, so that a particularly large amount of heat can be transferred to the air flowing through it.<\/p>\n<div class=\"specification\">\n<h3>Technical details:<\/h3>\n<ul>\n<li>Ma\u00dfe: 92 \u00d7 130 \u00d7 70 mm (B x H x T)<\/li>\n<li>Material: copper (heat pipes, base plate), aluminum (fins, cover plate)<\/li>\n<li>Weight: 341 g<\/li>\n<li>Color: Black, Silver<\/li>\n<li>Heatpipes: 4x \u00d8 6 mm<\/li>\n<li>Cooling capacity: 180 W TDP<\/li>\n<li>Fan:<br \/>\n1x 92 mm PWM (max. 2,200 rpm)<br \/>\nConnection: 4-pin PWM<br \/>\nTotal volume: max. 33.8 dB(A)<\/li>\n<li>Compatibility:<br \/>\nIntel Socket LGA 1700, 1200, 1151, 115x<br \/>\nAMD Socket AM5, AM4<\/li>\n<li>Scope of delivery:<br \/>\n1x cooler including 1x fan<br \/>\n1x installation set and accessories for Intel &amp; AMD<br \/>\n1x manual<\/li>\n<\/ul>\n<\/div>\n<\/div>\n<\/div>\n<\/div>\n<\/div>\n<div id=\"specification\" class=\"mt-3 js-slot product-detail-content-accordion-slot\">\n<p><button id=\"product-detail-content-accordion-id-specification\" class=\"product-detail-content-accordion-head border-bottom d-flex align-items-center p-2 btn-reset w-100 collapsed-icon-flip\" type=\"button\" data-bs-toggle=\"collapse\" data-bs-target=\"#product-detail-content-accordion-body-id-specification\" aria-expanded=\"true\" aria-controls=\"product-detail-content-accordion-body-id-specification\"><span class=\"h5 me-auto mb-0\">Technical Details<\/span><\/button><\/p>\n<div id=\"product-detail-content-accordion-body-id-specification\" class=\"accordion-collapse collapse show\" aria-labelledby=\"product-detail-content-accordion-id-specification\" data-bs-parent=\"\">\n<div class=\"product-detail-content-accordion-body-content\">\n<div class=\"table-responsive\">\n<table class=\"table\">\n<tbody>\n<tr class=\"spec-lvl-0\">\n<td colspan=\"2\">\n<div class=\"bg-gray-100 fw-bold\">lighting<\/div>\n<\/td>\n<\/tr>\n<tr class=\"spec-lvl-1\">\n<td>\n<div>lighting color<\/div>\n<\/td>\n<td>\n<div>RGB<\/div>\n<\/td>\n<\/tr>\n<\/tbody>\n<\/table>\n<\/div>\n<\/div>\n<\/div>\n<\/div>\n","protected":false},"excerpt":{"rendered":"<ul>\n<li>Extremely powerful single-tower cooler with 180 W TDP<\/li>\n<li>Vier 6-mm-Heatpipes<\/li>\n<li>1x PWM fan in 92 mm format<\/li>\n<li>High compatibility with AMD and Intel<\/li>\n<li>bracket for easy installation<\/li>\n<li>Integrated ARGB lighting<\/li>\n<\/ul>\n","protected":false},"featured_media":3691,"template":"","meta":[],"product_brand":[],"product_cat":[94],"product_tag":[],"class_list":{"0":"post-3689","1":"product","2":"type-product","3":"status-publish","4":"has-post-thumbnail","6":"product_cat-gaming","7":"description-off","9":"first","10":"instock","11":"shipping-taxable","12":"purchasable","13":"product-type-simple"},"yoast_head":"<!-- This site is optimized with the Yoast SEO plugin v27.3 - https:\/\/yoast.com\/product\/yoast-seo-wordpress\/ -->\n<title>Jonsbo CR-1400 EVO ARGB CPU cooler - White - Kapidani PCCSERVICE<\/title>\n<meta name=\"robots\" content=\"index, follow, max-snippet:-1, max-image-preview:large, max-video-preview:-1\" \/>\n<link rel=\"canonical\" href=\"https:\/\/kapidani.com\/index.php\/product\/jonsbo-cr-1400-evo-argb-cpu-cooler-white\/\" \/>\n<meta property=\"og:locale\" content=\"en_US\" \/>\n<meta property=\"og:type\" content=\"article\" \/>\n<meta property=\"og:title\" content=\"Jonsbo CR-1400 EVO ARGB CPU cooler - White - Kapidani PCCSERVICE\" \/>\n<meta property=\"og:description\" content=\"Extremely powerful single-tower cooler with 180 W TDP  Vier 6-mm-Heatpipes  1x PWM fan in 92 mm format  High compatibility with AMD and Intel  bracket for easy installation  Integrated ARGB lighting\" \/>\n<meta property=\"og:url\" content=\"https:\/\/kapidani.com\/index.php\/product\/jonsbo-cr-1400-evo-argb-cpu-cooler-white\/\" \/>\n<meta property=\"og:site_name\" content=\"Kapidani PCCSERVICE\" \/>\n<meta property=\"article:modified_time\" content=\"2024-10-08T22:28:46+00:00\" \/>\n<meta property=\"og:image\" content=\"https:\/\/kapidani.com\/wp-content\/uploads\/2024\/10\/Jonsbo-CR-1400-EVO-ARGB-CPU-cooler-white-1.webp\" \/>\n\t<meta property=\"og:image:width\" content=\"731\" \/>\n\t<meta property=\"og:image:height\" content=\"731\" \/>\n\t<meta property=\"og:image:type\" content=\"image\/webp\" \/>\n<meta name=\"twitter:card\" content=\"summary_large_image\" \/>\n<meta name=\"twitter:label1\" content=\"Est. reading time\" \/>\n\t<meta name=\"twitter:data1\" content=\"1 minute\" \/>\n<script type=\"application\/ld+json\" class=\"yoast-schema-graph\">{\"@context\":\"https:\\\/\\\/schema.org\",\"@graph\":[{\"@type\":\"WebPage\",\"@id\":\"https:\\\/\\\/kapidani.com\\\/index.php\\\/product\\\/jonsbo-cr-1400-evo-argb-cpu-cooler-white\\\/\",\"url\":\"https:\\\/\\\/kapidani.com\\\/index.php\\\/product\\\/jonsbo-cr-1400-evo-argb-cpu-cooler-white\\\/\",\"name\":\"Jonsbo CR-1400 EVO ARGB CPU cooler - White - Kapidani PCCSERVICE\",\"isPartOf\":{\"@id\":\"https:\\\/\\\/kapidani.com\\\/#website\"},\"primaryImageOfPage\":{\"@id\":\"https:\\\/\\\/kapidani.com\\\/index.php\\\/product\\\/jonsbo-cr-1400-evo-argb-cpu-cooler-white\\\/#primaryimage\"},\"image\":{\"@id\":\"https:\\\/\\\/kapidani.com\\\/index.php\\\/product\\\/jonsbo-cr-1400-evo-argb-cpu-cooler-white\\\/#primaryimage\"},\"thumbnailUrl\":\"https:\\\/\\\/kapidani.com\\\/wp-content\\\/uploads\\\/2024\\\/10\\\/Jonsbo-CR-1400-EVO-ARGB-CPU-cooler-white-1.webp\",\"datePublished\":\"2024-10-08T22:12:51+00:00\",\"dateModified\":\"2024-10-08T22:28:46+00:00\",\"breadcrumb\":{\"@id\":\"https:\\\/\\\/kapidani.com\\\/index.php\\\/product\\\/jonsbo-cr-1400-evo-argb-cpu-cooler-white\\\/#breadcrumb\"},\"inLanguage\":\"en-US\",\"potentialAction\":[{\"@type\":\"ReadAction\",\"target\":[\"https:\\\/\\\/kapidani.com\\\/index.php\\\/product\\\/jonsbo-cr-1400-evo-argb-cpu-cooler-white\\\/\"]}]},{\"@type\":\"ImageObject\",\"inLanguage\":\"en-US\",\"@id\":\"https:\\\/\\\/kapidani.com\\\/index.php\\\/product\\\/jonsbo-cr-1400-evo-argb-cpu-cooler-white\\\/#primaryimage\",\"url\":\"https:\\\/\\\/kapidani.com\\\/wp-content\\\/uploads\\\/2024\\\/10\\\/Jonsbo-CR-1400-EVO-ARGB-CPU-cooler-white-1.webp\",\"contentUrl\":\"https:\\\/\\\/kapidani.com\\\/wp-content\\\/uploads\\\/2024\\\/10\\\/Jonsbo-CR-1400-EVO-ARGB-CPU-cooler-white-1.webp\",\"width\":731,\"height\":731},{\"@type\":\"BreadcrumbList\",\"@id\":\"https:\\\/\\\/kapidani.com\\\/index.php\\\/product\\\/jonsbo-cr-1400-evo-argb-cpu-cooler-white\\\/#breadcrumb\",\"itemListElement\":[{\"@type\":\"ListItem\",\"position\":1,\"name\":\"Home\",\"item\":\"https:\\\/\\\/kapidani.com\\\/\"},{\"@type\":\"ListItem\",\"position\":2,\"name\":\"Shop\",\"item\":\"https:\\\/\\\/kapidani.com\\\/index.php\\\/shop\\\/\"},{\"@type\":\"ListItem\",\"position\":3,\"name\":\"Jonsbo CR-1400 EVO ARGB CPU cooler &#8211; White\"}]},{\"@type\":\"WebSite\",\"@id\":\"https:\\\/\\\/kapidani.com\\\/#website\",\"url\":\"https:\\\/\\\/kapidani.com\\\/\",\"name\":\"Kapidani PCCSERVICE\",\"description\":\"Hardware, Software, Accessories, Services, Hdd, Computer, Laptops,\",\"potentialAction\":[{\"@type\":\"SearchAction\",\"target\":{\"@type\":\"EntryPoint\",\"urlTemplate\":\"https:\\\/\\\/kapidani.com\\\/?s={search_term_string}\"},\"query-input\":{\"@type\":\"PropertyValueSpecification\",\"valueRequired\":true,\"valueName\":\"search_term_string\"}}],\"inLanguage\":\"en-US\"}]}<\/script>\n<!-- \/ Yoast SEO plugin. -->","yoast_head_json":{"title":"Jonsbo CR-1400 EVO ARGB CPU cooler - White - Kapidani PCCSERVICE","robots":{"index":"index","follow":"follow","max-snippet":"max-snippet:-1","max-image-preview":"max-image-preview:large","max-video-preview":"max-video-preview:-1"},"canonical":"https:\/\/kapidani.com\/index.php\/product\/jonsbo-cr-1400-evo-argb-cpu-cooler-white\/","og_locale":"en_US","og_type":"article","og_title":"Jonsbo CR-1400 EVO ARGB CPU cooler - White - Kapidani PCCSERVICE","og_description":"Extremely powerful single-tower cooler with 180 W TDP  Vier 6-mm-Heatpipes  1x PWM fan in 92 mm format  High compatibility with AMD and Intel  bracket for easy installation  Integrated ARGB lighting","og_url":"https:\/\/kapidani.com\/index.php\/product\/jonsbo-cr-1400-evo-argb-cpu-cooler-white\/","og_site_name":"Kapidani PCCSERVICE","article_modified_time":"2024-10-08T22:28:46+00:00","og_image":[{"width":731,"height":731,"url":"https:\/\/kapidani.com\/wp-content\/uploads\/2024\/10\/Jonsbo-CR-1400-EVO-ARGB-CPU-cooler-white-1.webp","type":"image\/webp"}],"twitter_card":"summary_large_image","twitter_misc":{"Est. reading time":"1 minute"},"schema":{"@context":"https:\/\/schema.org","@graph":[{"@type":"WebPage","@id":"https:\/\/kapidani.com\/index.php\/product\/jonsbo-cr-1400-evo-argb-cpu-cooler-white\/","url":"https:\/\/kapidani.com\/index.php\/product\/jonsbo-cr-1400-evo-argb-cpu-cooler-white\/","name":"Jonsbo CR-1400 EVO ARGB CPU cooler - White - Kapidani PCCSERVICE","isPartOf":{"@id":"https:\/\/kapidani.com\/#website"},"primaryImageOfPage":{"@id":"https:\/\/kapidani.com\/index.php\/product\/jonsbo-cr-1400-evo-argb-cpu-cooler-white\/#primaryimage"},"image":{"@id":"https:\/\/kapidani.com\/index.php\/product\/jonsbo-cr-1400-evo-argb-cpu-cooler-white\/#primaryimage"},"thumbnailUrl":"https:\/\/kapidani.com\/wp-content\/uploads\/2024\/10\/Jonsbo-CR-1400-EVO-ARGB-CPU-cooler-white-1.webp","datePublished":"2024-10-08T22:12:51+00:00","dateModified":"2024-10-08T22:28:46+00:00","breadcrumb":{"@id":"https:\/\/kapidani.com\/index.php\/product\/jonsbo-cr-1400-evo-argb-cpu-cooler-white\/#breadcrumb"},"inLanguage":"en-US","potentialAction":[{"@type":"ReadAction","target":["https:\/\/kapidani.com\/index.php\/product\/jonsbo-cr-1400-evo-argb-cpu-cooler-white\/"]}]},{"@type":"ImageObject","inLanguage":"en-US","@id":"https:\/\/kapidani.com\/index.php\/product\/jonsbo-cr-1400-evo-argb-cpu-cooler-white\/#primaryimage","url":"https:\/\/kapidani.com\/wp-content\/uploads\/2024\/10\/Jonsbo-CR-1400-EVO-ARGB-CPU-cooler-white-1.webp","contentUrl":"https:\/\/kapidani.com\/wp-content\/uploads\/2024\/10\/Jonsbo-CR-1400-EVO-ARGB-CPU-cooler-white-1.webp","width":731,"height":731},{"@type":"BreadcrumbList","@id":"https:\/\/kapidani.com\/index.php\/product\/jonsbo-cr-1400-evo-argb-cpu-cooler-white\/#breadcrumb","itemListElement":[{"@type":"ListItem","position":1,"name":"Home","item":"https:\/\/kapidani.com\/"},{"@type":"ListItem","position":2,"name":"Shop","item":"https:\/\/kapidani.com\/index.php\/shop\/"},{"@type":"ListItem","position":3,"name":"Jonsbo CR-1400 EVO ARGB CPU cooler &#8211; White"}]},{"@type":"WebSite","@id":"https:\/\/kapidani.com\/#website","url":"https:\/\/kapidani.com\/","name":"Kapidani PCCSERVICE","description":"Hardware, Software, Accessories, Services, Hdd, Computer, Laptops,","potentialAction":[{"@type":"SearchAction","target":{"@type":"EntryPoint","urlTemplate":"https:\/\/kapidani.com\/?s={search_term_string}"},"query-input":{"@type":"PropertyValueSpecification","valueRequired":true,"valueName":"search_term_string"}}],"inLanguage":"en-US"}]}},"_links":{"self":[{"href":"https:\/\/kapidani.com\/index.php\/wp-json\/wp\/v2\/product\/3689","targetHints":{"allow":["GET"]}}],"collection":[{"href":"https:\/\/kapidani.com\/index.php\/wp-json\/wp\/v2\/product"}],"about":[{"href":"https:\/\/kapidani.com\/index.php\/wp-json\/wp\/v2\/types\/product"}],"wp:featuredmedia":[{"embeddable":true,"href":"https:\/\/kapidani.com\/index.php\/wp-json\/wp\/v2\/media\/3691"}],"wp:attachment":[{"href":"https:\/\/kapidani.com\/index.php\/wp-json\/wp\/v2\/media?parent=3689"}],"wp:term":[{"taxonomy":"product_brand","embeddable":true,"href":"https:\/\/kapidani.com\/index.php\/wp-json\/wp\/v2\/product_brand?post=3689"},{"taxonomy":"product_cat","embeddable":true,"href":"https:\/\/kapidani.com\/index.php\/wp-json\/wp\/v2\/product_cat?post=3689"},{"taxonomy":"product_tag","embeddable":true,"href":"https:\/\/kapidani.com\/index.php\/wp-json\/wp\/v2\/product_tag?post=3689"}],"curies":[{"name":"wp","href":"https:\/\/api.w.org\/{rel}","templated":true}]}}