{"id":3739,"date":"2024-10-20T10:37:32","date_gmt":"2024-10-20T10:37:32","guid":{"rendered":"https:\/\/kapidani.com\/?post_type=product&#038;p=3739"},"modified":"2024-10-20T13:20:55","modified_gmt":"2024-10-20T13:20:55","slug":"fujitsu-esprimo-p758-core-i7-6700-3-40-ghz-ram-16-gb-ssd-256-gb-nvme-hd-grafika-530-4-gb-share","status":"publish","type":"product","link":"https:\/\/kapidani.com\/index.php\/product\/fujitsu-esprimo-p758-core-i7-6700-3-40-ghz-ram-16-gb-ssd-256-gb-nvme-hd-grafika-530-4-gb-share\/","title":{"rendered":"FUJITSU ESPRIMO P758 &#8211; CORE I7-6700 3.40 GHZ &#8211; RAM 16 GB &#8211; SSD 256 GB NVME &#8211; HD GRAFIKA 530 4 GB SHARE"},"content":{"rendered":"<p>\ud83d\udd25 <strong>FUJITSU ESPRIMO P758<\/strong> \u2013 Zgjidhja e fuqishme p\u00ebr performanc\u00eb maksimale! \ud83d\udd25<\/p>\n<p>\ud83d\ude80 <strong>Procesor:<\/strong> Intel Core i7-6700 3.40 GHz p\u00ebr shpejt\u00ebsi dhe fuqin\u00eb q\u00eb ju nevojitet.<br \/>\n\u26a1 <strong>RAM:<\/strong> 16 GB ddr4 p\u00ebr multitasking pa nd\u00ebrprerje.<br \/>\n\ud83d\udcbe <strong>SSD:<\/strong> 256 GB NVMe p\u00ebr nisje ultra t\u00eb shpejt\u00eb dhe akses t\u00eb menj\u00ebhersh\u00ebm t\u00eb t\u00eb dh\u00ebnave.<br \/>\n\ud83c\udfae <strong>Grafika:<\/strong> HD Graphics 530 me 4 GB Share, ideale p\u00ebr video t\u00eb qarta dhe p\u00ebr p\u00ebrpunim grafik.<\/p>\n<p>\ud83d\udcbb Perfekt p\u00ebr pun\u00eb intensive, programim, projektim dhe multimedia! Kapeni tani p\u00ebr nj\u00eb p\u00ebrvoj\u00eb pune t\u00eb shk\u00eblqyer!<\/p>\n","protected":false},"excerpt":{"rendered":"<p>FUJITSU ESPRIMO P758<br \/>\nCORE I7-6700 3.40 GHZ<br \/>\nRAM 16 GB DDR4<br \/>\nSSD 256 GB NVME<br \/>\nHD GRAFIKA 530 4 GB SHARE<\/p>\n","protected":false},"featured_media":3741,"template":"","meta":[],"product_brand":[],"product_cat":[22],"product_tag":[],"class_list":{"0":"post-3739","1":"product","2":"type-product","3":"status-publish","4":"has-post-thumbnail","6":"product_cat-computers","7":"description-off","9":"first","10":"instock","11":"sale","12":"shipping-taxable","13":"purchasable","14":"product-type-simple"},"yoast_head":"<!-- This site is optimized with the Yoast SEO plugin v27.3 - https:\/\/yoast.com\/product\/yoast-seo-wordpress\/ -->\n<title>FUJITSU ESPRIMO P758 - CORE I7-6700 3.40 GHZ - RAM 16 GB - SSD 256 GB NVME - HD GRAFIKA 530 4 GB SHARE - Kapidani PCCSERVICE<\/title>\n<meta name=\"robots\" content=\"index, follow, max-snippet:-1, max-image-preview:large, max-video-preview:-1\" \/>\n<link rel=\"canonical\" href=\"https:\/\/kapidani.com\/index.php\/product\/fujitsu-esprimo-p758-core-i7-6700-3-40-ghz-ram-16-gb-ssd-256-gb-nvme-hd-grafika-530-4-gb-share\/\" \/>\n<meta property=\"og:locale\" content=\"en_US\" \/>\n<meta property=\"og:type\" content=\"article\" \/>\n<meta property=\"og:title\" content=\"FUJITSU ESPRIMO P758 - CORE I7-6700 3.40 GHZ - RAM 16 GB - SSD 256 GB NVME - HD GRAFIKA 530 4 GB SHARE - Kapidani PCCSERVICE\" \/>\n<meta property=\"og:description\" content=\"FUJITSU ESPRIMO P758 CORE I7-6700 3.40 GHZ RAM 16 GB DDR4 SSD 256 GB NVME HD GRAFIKA 530 4 GB SHARE\" \/>\n<meta property=\"og:url\" content=\"https:\/\/kapidani.com\/index.php\/product\/fujitsu-esprimo-p758-core-i7-6700-3-40-ghz-ram-16-gb-ssd-256-gb-nvme-hd-grafika-530-4-gb-share\/\" \/>\n<meta property=\"og:site_name\" content=\"Kapidani PCCSERVICE\" \/>\n<meta property=\"article:modified_time\" content=\"2024-10-20T13:20:55+00:00\" \/>\n<meta property=\"og:image\" content=\"https:\/\/kapidani.com\/wp-content\/uploads\/2024\/10\/fujitsu-esprimo-p758-1.jpg\" \/>\n\t<meta property=\"og:image:width\" content=\"1000\" \/>\n\t<meta property=\"og:image:height\" content=\"1000\" \/>\n\t<meta property=\"og:image:type\" content=\"image\/jpeg\" \/>\n<meta name=\"twitter:card\" content=\"summary_large_image\" \/>\n<script type=\"application\/ld+json\" class=\"yoast-schema-graph\">{\"@context\":\"https:\\\/\\\/schema.org\",\"@graph\":[{\"@type\":\"WebPage\",\"@id\":\"https:\\\/\\\/kapidani.com\\\/index.php\\\/product\\\/fujitsu-esprimo-p758-core-i7-6700-3-40-ghz-ram-16-gb-ssd-256-gb-nvme-hd-grafika-530-4-gb-share\\\/\",\"url\":\"https:\\\/\\\/kapidani.com\\\/index.php\\\/product\\\/fujitsu-esprimo-p758-core-i7-6700-3-40-ghz-ram-16-gb-ssd-256-gb-nvme-hd-grafika-530-4-gb-share\\\/\",\"name\":\"FUJITSU ESPRIMO P758 - CORE I7-6700 3.40 GHZ - RAM 16 GB - SSD 256 GB NVME - HD GRAFIKA 530 4 GB SHARE - Kapidani PCCSERVICE\",\"isPartOf\":{\"@id\":\"https:\\\/\\\/kapidani.com\\\/#website\"},\"primaryImageOfPage\":{\"@id\":\"https:\\\/\\\/kapidani.com\\\/index.php\\\/product\\\/fujitsu-esprimo-p758-core-i7-6700-3-40-ghz-ram-16-gb-ssd-256-gb-nvme-hd-grafika-530-4-gb-share\\\/#primaryimage\"},\"image\":{\"@id\":\"https:\\\/\\\/kapidani.com\\\/index.php\\\/product\\\/fujitsu-esprimo-p758-core-i7-6700-3-40-ghz-ram-16-gb-ssd-256-gb-nvme-hd-grafika-530-4-gb-share\\\/#primaryimage\"},\"thumbnailUrl\":\"https:\\\/\\\/kapidani.com\\\/wp-content\\\/uploads\\\/2024\\\/10\\\/fujitsu-esprimo-p758-1.jpg\",\"datePublished\":\"2024-10-20T10:37:32+00:00\",\"dateModified\":\"2024-10-20T13:20:55+00:00\",\"breadcrumb\":{\"@id\":\"https:\\\/\\\/kapidani.com\\\/index.php\\\/product\\\/fujitsu-esprimo-p758-core-i7-6700-3-40-ghz-ram-16-gb-ssd-256-gb-nvme-hd-grafika-530-4-gb-share\\\/#breadcrumb\"},\"inLanguage\":\"en-US\",\"potentialAction\":[{\"@type\":\"ReadAction\",\"target\":[\"https:\\\/\\\/kapidani.com\\\/index.php\\\/product\\\/fujitsu-esprimo-p758-core-i7-6700-3-40-ghz-ram-16-gb-ssd-256-gb-nvme-hd-grafika-530-4-gb-share\\\/\"]}]},{\"@type\":\"ImageObject\",\"inLanguage\":\"en-US\",\"@id\":\"https:\\\/\\\/kapidani.com\\\/index.php\\\/product\\\/fujitsu-esprimo-p758-core-i7-6700-3-40-ghz-ram-16-gb-ssd-256-gb-nvme-hd-grafika-530-4-gb-share\\\/#primaryimage\",\"url\":\"https:\\\/\\\/kapidani.com\\\/wp-content\\\/uploads\\\/2024\\\/10\\\/fujitsu-esprimo-p758-1.jpg\",\"contentUrl\":\"https:\\\/\\\/kapidani.com\\\/wp-content\\\/uploads\\\/2024\\\/10\\\/fujitsu-esprimo-p758-1.jpg\",\"width\":1000,\"height\":1000},{\"@type\":\"BreadcrumbList\",\"@id\":\"https:\\\/\\\/kapidani.com\\\/index.php\\\/product\\\/fujitsu-esprimo-p758-core-i7-6700-3-40-ghz-ram-16-gb-ssd-256-gb-nvme-hd-grafika-530-4-gb-share\\\/#breadcrumb\",\"itemListElement\":[{\"@type\":\"ListItem\",\"position\":1,\"name\":\"Home\",\"item\":\"https:\\\/\\\/kapidani.com\\\/\"},{\"@type\":\"ListItem\",\"position\":2,\"name\":\"Shop\",\"item\":\"https:\\\/\\\/kapidani.com\\\/index.php\\\/shop\\\/\"},{\"@type\":\"ListItem\",\"position\":3,\"name\":\"FUJITSU ESPRIMO P758 &#8211; CORE I7-6700 3.40 GHZ &#8211; RAM 16 GB &#8211; SSD 256 GB NVME &#8211; HD GRAFIKA 530 4 GB SHARE\"}]},{\"@type\":\"WebSite\",\"@id\":\"https:\\\/\\\/kapidani.com\\\/#website\",\"url\":\"https:\\\/\\\/kapidani.com\\\/\",\"name\":\"Kapidani PCCSERVICE\",\"description\":\"Hardware, Software, Accessories, Services, Hdd, Computer, Laptops,\",\"potentialAction\":[{\"@type\":\"SearchAction\",\"target\":{\"@type\":\"EntryPoint\",\"urlTemplate\":\"https:\\\/\\\/kapidani.com\\\/?s={search_term_string}\"},\"query-input\":{\"@type\":\"PropertyValueSpecification\",\"valueRequired\":true,\"valueName\":\"search_term_string\"}}],\"inLanguage\":\"en-US\"}]}<\/script>\n<!-- \/ Yoast SEO plugin. -->","yoast_head_json":{"title":"FUJITSU ESPRIMO P758 - CORE I7-6700 3.40 GHZ - RAM 16 GB - SSD 256 GB NVME - HD GRAFIKA 530 4 GB SHARE - Kapidani PCCSERVICE","robots":{"index":"index","follow":"follow","max-snippet":"max-snippet:-1","max-image-preview":"max-image-preview:large","max-video-preview":"max-video-preview:-1"},"canonical":"https:\/\/kapidani.com\/index.php\/product\/fujitsu-esprimo-p758-core-i7-6700-3-40-ghz-ram-16-gb-ssd-256-gb-nvme-hd-grafika-530-4-gb-share\/","og_locale":"en_US","og_type":"article","og_title":"FUJITSU ESPRIMO P758 - CORE I7-6700 3.40 GHZ - RAM 16 GB - SSD 256 GB NVME - HD GRAFIKA 530 4 GB SHARE - Kapidani PCCSERVICE","og_description":"FUJITSU ESPRIMO P758 CORE I7-6700 3.40 GHZ RAM 16 GB DDR4 SSD 256 GB NVME HD GRAFIKA 530 4 GB SHARE","og_url":"https:\/\/kapidani.com\/index.php\/product\/fujitsu-esprimo-p758-core-i7-6700-3-40-ghz-ram-16-gb-ssd-256-gb-nvme-hd-grafika-530-4-gb-share\/","og_site_name":"Kapidani PCCSERVICE","article_modified_time":"2024-10-20T13:20:55+00:00","og_image":[{"width":1000,"height":1000,"url":"https:\/\/kapidani.com\/wp-content\/uploads\/2024\/10\/fujitsu-esprimo-p758-1.jpg","type":"image\/jpeg"}],"twitter_card":"summary_large_image","schema":{"@context":"https:\/\/schema.org","@graph":[{"@type":"WebPage","@id":"https:\/\/kapidani.com\/index.php\/product\/fujitsu-esprimo-p758-core-i7-6700-3-40-ghz-ram-16-gb-ssd-256-gb-nvme-hd-grafika-530-4-gb-share\/","url":"https:\/\/kapidani.com\/index.php\/product\/fujitsu-esprimo-p758-core-i7-6700-3-40-ghz-ram-16-gb-ssd-256-gb-nvme-hd-grafika-530-4-gb-share\/","name":"FUJITSU ESPRIMO P758 - CORE I7-6700 3.40 GHZ - RAM 16 GB - SSD 256 GB NVME - HD GRAFIKA 530 4 GB SHARE - Kapidani PCCSERVICE","isPartOf":{"@id":"https:\/\/kapidani.com\/#website"},"primaryImageOfPage":{"@id":"https:\/\/kapidani.com\/index.php\/product\/fujitsu-esprimo-p758-core-i7-6700-3-40-ghz-ram-16-gb-ssd-256-gb-nvme-hd-grafika-530-4-gb-share\/#primaryimage"},"image":{"@id":"https:\/\/kapidani.com\/index.php\/product\/fujitsu-esprimo-p758-core-i7-6700-3-40-ghz-ram-16-gb-ssd-256-gb-nvme-hd-grafika-530-4-gb-share\/#primaryimage"},"thumbnailUrl":"https:\/\/kapidani.com\/wp-content\/uploads\/2024\/10\/fujitsu-esprimo-p758-1.jpg","datePublished":"2024-10-20T10:37:32+00:00","dateModified":"2024-10-20T13:20:55+00:00","breadcrumb":{"@id":"https:\/\/kapidani.com\/index.php\/product\/fujitsu-esprimo-p758-core-i7-6700-3-40-ghz-ram-16-gb-ssd-256-gb-nvme-hd-grafika-530-4-gb-share\/#breadcrumb"},"inLanguage":"en-US","potentialAction":[{"@type":"ReadAction","target":["https:\/\/kapidani.com\/index.php\/product\/fujitsu-esprimo-p758-core-i7-6700-3-40-ghz-ram-16-gb-ssd-256-gb-nvme-hd-grafika-530-4-gb-share\/"]}]},{"@type":"ImageObject","inLanguage":"en-US","@id":"https:\/\/kapidani.com\/index.php\/product\/fujitsu-esprimo-p758-core-i7-6700-3-40-ghz-ram-16-gb-ssd-256-gb-nvme-hd-grafika-530-4-gb-share\/#primaryimage","url":"https:\/\/kapidani.com\/wp-content\/uploads\/2024\/10\/fujitsu-esprimo-p758-1.jpg","contentUrl":"https:\/\/kapidani.com\/wp-content\/uploads\/2024\/10\/fujitsu-esprimo-p758-1.jpg","width":1000,"height":1000},{"@type":"BreadcrumbList","@id":"https:\/\/kapidani.com\/index.php\/product\/fujitsu-esprimo-p758-core-i7-6700-3-40-ghz-ram-16-gb-ssd-256-gb-nvme-hd-grafika-530-4-gb-share\/#breadcrumb","itemListElement":[{"@type":"ListItem","position":1,"name":"Home","item":"https:\/\/kapidani.com\/"},{"@type":"ListItem","position":2,"name":"Shop","item":"https:\/\/kapidani.com\/index.php\/shop\/"},{"@type":"ListItem","position":3,"name":"FUJITSU ESPRIMO P758 &#8211; CORE I7-6700 3.40 GHZ &#8211; RAM 16 GB &#8211; SSD 256 GB NVME &#8211; HD GRAFIKA 530 4 GB SHARE"}]},{"@type":"WebSite","@id":"https:\/\/kapidani.com\/#website","url":"https:\/\/kapidani.com\/","name":"Kapidani PCCSERVICE","description":"Hardware, Software, Accessories, Services, Hdd, Computer, Laptops,","potentialAction":[{"@type":"SearchAction","target":{"@type":"EntryPoint","urlTemplate":"https:\/\/kapidani.com\/?s={search_term_string}"},"query-input":{"@type":"PropertyValueSpecification","valueRequired":true,"valueName":"search_term_string"}}],"inLanguage":"en-US"}]}},"_links":{"self":[{"href":"https:\/\/kapidani.com\/index.php\/wp-json\/wp\/v2\/product\/3739","targetHints":{"allow":["GET"]}}],"collection":[{"href":"https:\/\/kapidani.com\/index.php\/wp-json\/wp\/v2\/product"}],"about":[{"href":"https:\/\/kapidani.com\/index.php\/wp-json\/wp\/v2\/types\/product"}],"wp:featuredmedia":[{"embeddable":true,"href":"https:\/\/kapidani.com\/index.php\/wp-json\/wp\/v2\/media\/3741"}],"wp:attachment":[{"href":"https:\/\/kapidani.com\/index.php\/wp-json\/wp\/v2\/media?parent=3739"}],"wp:term":[{"taxonomy":"product_brand","embeddable":true,"href":"https:\/\/kapidani.com\/index.php\/wp-json\/wp\/v2\/product_brand?post=3739"},{"taxonomy":"product_cat","embeddable":true,"href":"https:\/\/kapidani.com\/index.php\/wp-json\/wp\/v2\/product_cat?post=3739"},{"taxonomy":"product_tag","embeddable":true,"href":"https:\/\/kapidani.com\/index.php\/wp-json\/wp\/v2\/product_tag?post=3739"}],"curies":[{"name":"wp","href":"https:\/\/api.w.org\/{rel}","templated":true}]}}