{"id":3746,"date":"2024-10-20T12:56:38","date_gmt":"2024-10-20T12:56:38","guid":{"rendered":"https:\/\/kapidani.com\/?post_type=product&#038;p=3746"},"modified":"2025-11-19T10:37:55","modified_gmt":"2025-11-19T10:37:55","slug":"dell-optiplex-3040-core-i3-6100-ram-4-gb-ddr4-hdd-256-gb-grafika-hd-530-2-2-gb-share","status":"publish","type":"product","link":"https:\/\/kapidani.com\/index.php\/product\/dell-optiplex-3040-core-i3-6100-ram-4-gb-ddr4-hdd-256-gb-grafika-hd-530-2-2-gb-share\/","title":{"rendered":"DELL OPTIPLEX 3040 &#8211; CORE I3-6100 &#8211; RAM 4 GB DDR4 &#8211; HDD 256 GB &#8211; GRAFIKA HD 530 2.2 GB SHARE"},"content":{"rendered":"<p>\ud83d\udcbc <strong>DELL OptiPlex 3040<\/strong> \u2013 Zgjidhja ideale p\u00ebr ata q\u00eb k\u00ebrkojn\u00eb <strong>cil\u00ebsi dhe \u00e7mim t\u00eb p\u00ebrballuesh\u00ebm<\/strong>! \ud83d\udcbc<\/p>\n<p>\ud83d\udd39 <strong>Procesor:<\/strong> Intel Core i3-6100 p\u00ebr performanc\u00eb t\u00eb q\u00ebndrueshme dhe pun\u00eb t\u00eb p\u00ebrditshme.<br \/>\n\ud83d\udd39 <strong>RAM:<\/strong> 4 GB DDR4 p\u00ebr t\u00eb p\u00ebrballuar detyrat e p\u00ebrditshme pa probleme.<br \/>\n\ud83d\udd39 <strong>SSD:<\/strong> 256 GB p\u00ebr hap\u00ebsir\u00eb t\u00eb bollshme p\u00ebr skedar\u00ebt dhe dokumentet tuaja.<br \/>\n\ud83d\udd39 <strong>Grafika:<\/strong> HD 530 me 2.2 GB share \u2013 e p\u00ebrshtatshme p\u00ebr shfletim, pun\u00eb zyre dhe multimedia.<\/p>\n<p>\ud83d\udd27 Nj\u00eb kompjuter i shk\u00eblqyer dhe ekonomik p\u00ebr zyr\u00ebn ose p\u00ebrdorim personal. Kapni k\u00ebt\u00eb ofert\u00eb fantastike dhe siguroni nj\u00eb pajisje t\u00eb fuqishme dhe t\u00eb besueshme me nj\u00eb \u00e7mim t\u00eb volitsh\u00ebm!<\/p>\n","protected":false},"excerpt":{"rendered":"<p>DELL OPTIPLEX 3040<br \/>\nCORE I3-6100<br \/>\nRAM 4 GB DDR4<br \/>\nSSD 256 GB<br \/>\nGRAFIKA HD 530 2.2 GB SHARE<\/p>\n","protected":false},"featured_media":3747,"template":"","meta":[],"product_brand":[],"product_cat":[22],"product_tag":[],"class_list":{"0":"post-3746","1":"product","2":"type-product","3":"status-publish","4":"has-post-thumbnail","6":"product_cat-computers","7":"description-off","9":"first","10":"instock","11":"shipping-taxable","12":"purchasable","13":"product-type-simple"},"yoast_head":"<!-- This site is optimized with the Yoast SEO plugin v27.3 - https:\/\/yoast.com\/product\/yoast-seo-wordpress\/ -->\n<title>DELL OPTIPLEX 3040 - CORE I3-6100 - RAM 4 GB DDR4 - HDD 256 GB - GRAFIKA HD 530 2.2 GB SHARE - Kapidani PCCSERVICE<\/title>\n<meta name=\"robots\" content=\"index, follow, max-snippet:-1, max-image-preview:large, max-video-preview:-1\" \/>\n<link rel=\"canonical\" href=\"https:\/\/kapidani.com\/index.php\/product\/dell-optiplex-3040-core-i3-6100-ram-4-gb-ddr4-hdd-256-gb-grafika-hd-530-2-2-gb-share\/\" \/>\n<meta property=\"og:locale\" content=\"en_US\" \/>\n<meta property=\"og:type\" content=\"article\" \/>\n<meta property=\"og:title\" content=\"DELL OPTIPLEX 3040 - CORE I3-6100 - RAM 4 GB DDR4 - HDD 256 GB - GRAFIKA HD 530 2.2 GB SHARE - Kapidani PCCSERVICE\" \/>\n<meta property=\"og:description\" content=\"DELL OPTIPLEX 3040 CORE I3-6100 RAM 4 GB DDR4 SSD 256 GB GRAFIKA HD 530 2.2 GB SHARE\" \/>\n<meta property=\"og:url\" content=\"https:\/\/kapidani.com\/index.php\/product\/dell-optiplex-3040-core-i3-6100-ram-4-gb-ddr4-hdd-256-gb-grafika-hd-530-2-2-gb-share\/\" \/>\n<meta property=\"og:site_name\" content=\"Kapidani PCCSERVICE\" \/>\n<meta property=\"article:modified_time\" content=\"2025-11-19T10:37:55+00:00\" \/>\n<meta property=\"og:image\" content=\"https:\/\/kapidani.com\/wp-content\/uploads\/2024\/10\/DELL-OPTIPLEX-3040.png\" \/>\n\t<meta property=\"og:image:width\" content=\"1080\" \/>\n\t<meta property=\"og:image:height\" content=\"1080\" \/>\n\t<meta property=\"og:image:type\" content=\"image\/png\" \/>\n<meta name=\"twitter:card\" content=\"summary_large_image\" \/>\n<meta name=\"twitter:label1\" content=\"Est. reading time\" \/>\n\t<meta name=\"twitter:data1\" content=\"1 minute\" \/>\n<script type=\"application\/ld+json\" class=\"yoast-schema-graph\">{\"@context\":\"https:\\\/\\\/schema.org\",\"@graph\":[{\"@type\":\"WebPage\",\"@id\":\"https:\\\/\\\/kapidani.com\\\/index.php\\\/product\\\/dell-optiplex-3040-core-i3-6100-ram-4-gb-ddr4-hdd-256-gb-grafika-hd-530-2-2-gb-share\\\/\",\"url\":\"https:\\\/\\\/kapidani.com\\\/index.php\\\/product\\\/dell-optiplex-3040-core-i3-6100-ram-4-gb-ddr4-hdd-256-gb-grafika-hd-530-2-2-gb-share\\\/\",\"name\":\"DELL OPTIPLEX 3040 - CORE I3-6100 - RAM 4 GB DDR4 - HDD 256 GB - GRAFIKA HD 530 2.2 GB SHARE - Kapidani PCCSERVICE\",\"isPartOf\":{\"@id\":\"https:\\\/\\\/kapidani.com\\\/#website\"},\"primaryImageOfPage\":{\"@id\":\"https:\\\/\\\/kapidani.com\\\/index.php\\\/product\\\/dell-optiplex-3040-core-i3-6100-ram-4-gb-ddr4-hdd-256-gb-grafika-hd-530-2-2-gb-share\\\/#primaryimage\"},\"image\":{\"@id\":\"https:\\\/\\\/kapidani.com\\\/index.php\\\/product\\\/dell-optiplex-3040-core-i3-6100-ram-4-gb-ddr4-hdd-256-gb-grafika-hd-530-2-2-gb-share\\\/#primaryimage\"},\"thumbnailUrl\":\"https:\\\/\\\/kapidani.com\\\/wp-content\\\/uploads\\\/2024\\\/10\\\/DELL-OPTIPLEX-3040.png\",\"datePublished\":\"2024-10-20T12:56:38+00:00\",\"dateModified\":\"2025-11-19T10:37:55+00:00\",\"breadcrumb\":{\"@id\":\"https:\\\/\\\/kapidani.com\\\/index.php\\\/product\\\/dell-optiplex-3040-core-i3-6100-ram-4-gb-ddr4-hdd-256-gb-grafika-hd-530-2-2-gb-share\\\/#breadcrumb\"},\"inLanguage\":\"en-US\",\"potentialAction\":[{\"@type\":\"ReadAction\",\"target\":[\"https:\\\/\\\/kapidani.com\\\/index.php\\\/product\\\/dell-optiplex-3040-core-i3-6100-ram-4-gb-ddr4-hdd-256-gb-grafika-hd-530-2-2-gb-share\\\/\"]}]},{\"@type\":\"ImageObject\",\"inLanguage\":\"en-US\",\"@id\":\"https:\\\/\\\/kapidani.com\\\/index.php\\\/product\\\/dell-optiplex-3040-core-i3-6100-ram-4-gb-ddr4-hdd-256-gb-grafika-hd-530-2-2-gb-share\\\/#primaryimage\",\"url\":\"https:\\\/\\\/kapidani.com\\\/wp-content\\\/uploads\\\/2024\\\/10\\\/DELL-OPTIPLEX-3040.png\",\"contentUrl\":\"https:\\\/\\\/kapidani.com\\\/wp-content\\\/uploads\\\/2024\\\/10\\\/DELL-OPTIPLEX-3040.png\",\"width\":1080,\"height\":1080},{\"@type\":\"BreadcrumbList\",\"@id\":\"https:\\\/\\\/kapidani.com\\\/index.php\\\/product\\\/dell-optiplex-3040-core-i3-6100-ram-4-gb-ddr4-hdd-256-gb-grafika-hd-530-2-2-gb-share\\\/#breadcrumb\",\"itemListElement\":[{\"@type\":\"ListItem\",\"position\":1,\"name\":\"Home\",\"item\":\"https:\\\/\\\/kapidani.com\\\/\"},{\"@type\":\"ListItem\",\"position\":2,\"name\":\"Shop\",\"item\":\"https:\\\/\\\/kapidani.com\\\/index.php\\\/shop\\\/\"},{\"@type\":\"ListItem\",\"position\":3,\"name\":\"DELL OPTIPLEX 3040 &#8211; CORE I3-6100 &#8211; RAM 4 GB DDR4 &#8211; HDD 256 GB &#8211; GRAFIKA HD 530 2.2 GB SHARE\"}]},{\"@type\":\"WebSite\",\"@id\":\"https:\\\/\\\/kapidani.com\\\/#website\",\"url\":\"https:\\\/\\\/kapidani.com\\\/\",\"name\":\"Kapidani PCCSERVICE\",\"description\":\"Hardware, Software, Accessories, Services, Hdd, Computer, Laptops,\",\"potentialAction\":[{\"@type\":\"SearchAction\",\"target\":{\"@type\":\"EntryPoint\",\"urlTemplate\":\"https:\\\/\\\/kapidani.com\\\/?s={search_term_string}\"},\"query-input\":{\"@type\":\"PropertyValueSpecification\",\"valueRequired\":true,\"valueName\":\"search_term_string\"}}],\"inLanguage\":\"en-US\"}]}<\/script>\n<!-- \/ Yoast SEO plugin. -->","yoast_head_json":{"title":"DELL OPTIPLEX 3040 - CORE I3-6100 - RAM 4 GB DDR4 - HDD 256 GB - GRAFIKA HD 530 2.2 GB SHARE - Kapidani PCCSERVICE","robots":{"index":"index","follow":"follow","max-snippet":"max-snippet:-1","max-image-preview":"max-image-preview:large","max-video-preview":"max-video-preview:-1"},"canonical":"https:\/\/kapidani.com\/index.php\/product\/dell-optiplex-3040-core-i3-6100-ram-4-gb-ddr4-hdd-256-gb-grafika-hd-530-2-2-gb-share\/","og_locale":"en_US","og_type":"article","og_title":"DELL OPTIPLEX 3040 - CORE I3-6100 - RAM 4 GB DDR4 - HDD 256 GB - GRAFIKA HD 530 2.2 GB SHARE - Kapidani PCCSERVICE","og_description":"DELL OPTIPLEX 3040 CORE I3-6100 RAM 4 GB DDR4 SSD 256 GB GRAFIKA HD 530 2.2 GB SHARE","og_url":"https:\/\/kapidani.com\/index.php\/product\/dell-optiplex-3040-core-i3-6100-ram-4-gb-ddr4-hdd-256-gb-grafika-hd-530-2-2-gb-share\/","og_site_name":"Kapidani PCCSERVICE","article_modified_time":"2025-11-19T10:37:55+00:00","og_image":[{"width":1080,"height":1080,"url":"https:\/\/kapidani.com\/wp-content\/uploads\/2024\/10\/DELL-OPTIPLEX-3040.png","type":"image\/png"}],"twitter_card":"summary_large_image","twitter_misc":{"Est. reading time":"1 minute"},"schema":{"@context":"https:\/\/schema.org","@graph":[{"@type":"WebPage","@id":"https:\/\/kapidani.com\/index.php\/product\/dell-optiplex-3040-core-i3-6100-ram-4-gb-ddr4-hdd-256-gb-grafika-hd-530-2-2-gb-share\/","url":"https:\/\/kapidani.com\/index.php\/product\/dell-optiplex-3040-core-i3-6100-ram-4-gb-ddr4-hdd-256-gb-grafika-hd-530-2-2-gb-share\/","name":"DELL OPTIPLEX 3040 - CORE I3-6100 - RAM 4 GB DDR4 - HDD 256 GB - GRAFIKA HD 530 2.2 GB SHARE - Kapidani PCCSERVICE","isPartOf":{"@id":"https:\/\/kapidani.com\/#website"},"primaryImageOfPage":{"@id":"https:\/\/kapidani.com\/index.php\/product\/dell-optiplex-3040-core-i3-6100-ram-4-gb-ddr4-hdd-256-gb-grafika-hd-530-2-2-gb-share\/#primaryimage"},"image":{"@id":"https:\/\/kapidani.com\/index.php\/product\/dell-optiplex-3040-core-i3-6100-ram-4-gb-ddr4-hdd-256-gb-grafika-hd-530-2-2-gb-share\/#primaryimage"},"thumbnailUrl":"https:\/\/kapidani.com\/wp-content\/uploads\/2024\/10\/DELL-OPTIPLEX-3040.png","datePublished":"2024-10-20T12:56:38+00:00","dateModified":"2025-11-19T10:37:55+00:00","breadcrumb":{"@id":"https:\/\/kapidani.com\/index.php\/product\/dell-optiplex-3040-core-i3-6100-ram-4-gb-ddr4-hdd-256-gb-grafika-hd-530-2-2-gb-share\/#breadcrumb"},"inLanguage":"en-US","potentialAction":[{"@type":"ReadAction","target":["https:\/\/kapidani.com\/index.php\/product\/dell-optiplex-3040-core-i3-6100-ram-4-gb-ddr4-hdd-256-gb-grafika-hd-530-2-2-gb-share\/"]}]},{"@type":"ImageObject","inLanguage":"en-US","@id":"https:\/\/kapidani.com\/index.php\/product\/dell-optiplex-3040-core-i3-6100-ram-4-gb-ddr4-hdd-256-gb-grafika-hd-530-2-2-gb-share\/#primaryimage","url":"https:\/\/kapidani.com\/wp-content\/uploads\/2024\/10\/DELL-OPTIPLEX-3040.png","contentUrl":"https:\/\/kapidani.com\/wp-content\/uploads\/2024\/10\/DELL-OPTIPLEX-3040.png","width":1080,"height":1080},{"@type":"BreadcrumbList","@id":"https:\/\/kapidani.com\/index.php\/product\/dell-optiplex-3040-core-i3-6100-ram-4-gb-ddr4-hdd-256-gb-grafika-hd-530-2-2-gb-share\/#breadcrumb","itemListElement":[{"@type":"ListItem","position":1,"name":"Home","item":"https:\/\/kapidani.com\/"},{"@type":"ListItem","position":2,"name":"Shop","item":"https:\/\/kapidani.com\/index.php\/shop\/"},{"@type":"ListItem","position":3,"name":"DELL OPTIPLEX 3040 &#8211; CORE I3-6100 &#8211; RAM 4 GB DDR4 &#8211; HDD 256 GB &#8211; GRAFIKA HD 530 2.2 GB SHARE"}]},{"@type":"WebSite","@id":"https:\/\/kapidani.com\/#website","url":"https:\/\/kapidani.com\/","name":"Kapidani PCCSERVICE","description":"Hardware, Software, Accessories, Services, Hdd, Computer, Laptops,","potentialAction":[{"@type":"SearchAction","target":{"@type":"EntryPoint","urlTemplate":"https:\/\/kapidani.com\/?s={search_term_string}"},"query-input":{"@type":"PropertyValueSpecification","valueRequired":true,"valueName":"search_term_string"}}],"inLanguage":"en-US"}]}},"_links":{"self":[{"href":"https:\/\/kapidani.com\/index.php\/wp-json\/wp\/v2\/product\/3746","targetHints":{"allow":["GET"]}}],"collection":[{"href":"https:\/\/kapidani.com\/index.php\/wp-json\/wp\/v2\/product"}],"about":[{"href":"https:\/\/kapidani.com\/index.php\/wp-json\/wp\/v2\/types\/product"}],"wp:featuredmedia":[{"embeddable":true,"href":"https:\/\/kapidani.com\/index.php\/wp-json\/wp\/v2\/media\/3747"}],"wp:attachment":[{"href":"https:\/\/kapidani.com\/index.php\/wp-json\/wp\/v2\/media?parent=3746"}],"wp:term":[{"taxonomy":"product_brand","embeddable":true,"href":"https:\/\/kapidani.com\/index.php\/wp-json\/wp\/v2\/product_brand?post=3746"},{"taxonomy":"product_cat","embeddable":true,"href":"https:\/\/kapidani.com\/index.php\/wp-json\/wp\/v2\/product_cat?post=3746"},{"taxonomy":"product_tag","embeddable":true,"href":"https:\/\/kapidani.com\/index.php\/wp-json\/wp\/v2\/product_tag?post=3746"}],"curies":[{"name":"wp","href":"https:\/\/api.w.org\/{rel}","templated":true}]}}