{"id":3762,"date":"2024-10-20T15:14:08","date_gmt":"2024-10-20T15:14:08","guid":{"rendered":"https:\/\/kapidani.com\/?post_type=product&#038;p=3762"},"modified":"2024-10-20T15:21:03","modified_gmt":"2024-10-20T15:21:03","slug":"hp-elite-x2-1012-g2-touch-tastjere-core-i5-7300u-2-60-ghz-ram-8-gb-ssd-256-gb-wifi-bt-intel-1920x1080-12-3-inch","status":"publish","type":"product","link":"https:\/\/kapidani.com\/index.php\/product\/hp-elite-x2-1012-g2-touch-tastjere-core-i5-7300u-2-60-ghz-ram-8-gb-ssd-256-gb-wifi-bt-intel-1920x1080-12-3-inch\/","title":{"rendered":"HP ELITE X2 1012 G2 TOUCH + TASTJERE &#8211; CORE I5-7300U 2.60 GHZ &#8211; RAM 8 GB &#8211; SSD 256 GB \/ WIFI \/ BT \/ INTEL \/ 1920X1080 \/ 12.3 INCH"},"content":{"rendered":"<p>DETAJE<br \/>\nI optimizuar p\u00ebr bashk\u00ebpunim dhe i projektuar p\u00ebr t\u00eb p\u00ebrshpejtuar ritmin e biznesit modern, HP Elite x2 p\u00ebrshtatet me nevojat tuaja duke siguruar lidhje t\u00eb thella nga pothuajse kudo n\u00eb bot\u00eb me performanc\u00eb t\u00eb jasht\u00ebzakonshme n\u00eb nivel PC.<\/p>\n<p>Lir\u00eb p\u00ebr t\u00eb punuar, ashtu si\u00e7 d\u00ebshironi. Nj\u00eb p\u00ebrzierje e pand\u00ebrprer\u00eb e fuqis\u00eb s\u00eb kompjuterit dhe transportueshm\u00ebris\u00eb s\u00eb palidhur, HP Elite x2 kombinon performanc\u00ebn e avancuar t\u00eb laptopit dhe l\u00ebvizshm\u00ebrin\u00eb e tabletit p\u00ebr t\u00eb \u00e7liruar m\u00ebnyr\u00ebn se si punoni.<br \/>\nProjektuar p\u00ebr t\u00eb bashkuar bot\u00ebt. I \u00e7ertifikuar p\u00ebr Skype p\u00ebr Biznes, HP Elite x2 ju mban n\u00eb kontakt dhe sinkron, kudo q\u00eb t\u00eb jeni. Tastiera e bashk\u00ebpunimit \u00ebsht\u00eb e integruar n\u00eb ADN-n\u00eb e saj me audio premium, dhe kamera me rezolucion t\u00eb lart\u00eb dhe tastier\u00eb bashk\u00ebpunimi HP Elite x2.<br \/>\nInxhinieri e klasit elitar. HP Elite x2 bashkon sigurin\u00eb dhe menaxhueshm\u00ebrin\u00eb e fuqishme n\u00eb nj\u00eb korniz\u00eb elegante me mbrojtjen e HP Sure Start Gen3 BIOS dhe Kompletin e Integrimit t\u00eb Menaxhimit t\u00eb HP.<br \/>\nPerformanca p\u00ebr t\u00eb kryer pun\u00ebn. HP Elite x2 i shtyn kufijt\u00eb e performanc\u00ebs me nj\u00eb procesor Intel Core i5\/i7 t\u00eb gjenerat\u00ebs s\u00eb 7-t\u00eb dhe 10 or\u00eb jet\u00ebgjat\u00ebsi baterie q\u00eb ju lejon t\u00eb punoni, t\u00eb shfletoni dhe t\u00eb lidheni me koleg\u00ebt.<br \/>\nL\u00ebreni asgj\u00eb t\u00eb mos ju pengoj\u00eb<br \/>\nKaloni dit\u00ebn me Windows 10 Pro dhe HP Elite x2 t\u00eb fuqish\u00ebm, t\u00eb hijsh\u00ebm, t\u00eb holl\u00eb dhe t\u00eb leht\u00eb.<\/p>\n<p>Duke k\u00ebnaqur p\u00ebrdoruesit, duke ndihmuar IT<br \/>\nE bukur, e dobishme dhe e nd\u00ebrtuar p\u00ebr q\u00ebndrueshm\u00ebri, siguri dhe mb\u00ebshtetje t\u00eb klasit t\u00eb nd\u00ebrmarrjes.<\/p>\n<p>Mbrojtje vet\u00eb-sh\u00ebruese<br \/>\nFilloni me nj\u00eb HP BIOS origjinal \u00e7do her\u00eb. HP Sure Start Gen3 monitoron BIOS-in n\u00eb memorie, rikuperon platform\u00ebn pa nd\u00ebrhyrjen e p\u00ebrdoruesit ose administratorit, e rikthen BIOS-in n\u00eb nj\u00eb gjendje t\u00eb personalizuar dhe \u00ebsht\u00eb gati p\u00ebr menaxhim t\u00eb centralizuar.<\/p>\n<p>Kreativiteti dhe bashk\u00ebpunimi shkojn\u00eb dor\u00eb p\u00ebr dore<br \/>\nEksploroni potencialin tuaj krijues me stilolapsin opsional HP Active Pen with App Launch p\u00ebr nj\u00eb p\u00ebrvoj\u00eb natyrale t\u00eb boj\u00ebs. Ndani krijimet tuaja me prekjen e nj\u00eb butoni duke p\u00ebrdorur tastier\u00ebn e bashk\u00ebpunimit HP Elite x2.<\/p>\n<p>Karikoni shpejt<br \/>\nP\u00ebrfitoni deri n\u00eb 50% jet\u00ebgjat\u00ebsi t\u00eb bateris\u00eb n\u00eb vet\u00ebm 30 minuta karikim me nj\u00eb bateri me karikim t\u00eb shpejt\u00eb HP.<\/p>\n<p>Jepini altoparlant\u00ebve tuaj nj\u00eb nxitje<br \/>\nHP Audio Boost balancon z\u00ebrin dhe qart\u00ebsin\u00eb, dhe p\u00ebrmir\u00ebson basin p\u00ebr cil\u00ebsi t\u00eb p\u00ebrmir\u00ebsuar t\u00eb t\u00eb folurit.<\/p>\n","protected":false},"excerpt":{"rendered":"<table>\n<tbody>\n<tr>\n<td class=\"ccs-ds-mainSpec-item\" role=\"rowheader\">Product Description<\/td>\n<td class=\"ccs-ds-mainSpec-value\">HP Elite x2 1012 G2 &#8211; 12.3&#8243; &#8211; Intel Core i5 &#8211; 7300U &#8211; 8 GB RAM &#8211; 256 GB SSD<\/td>\n<\/tr>\n<tr>\n<td class=\"ccs-ds-mainSpec-item\" role=\"rowheader\">Product Type<\/td>\n<td class=\"ccs-ds-mainSpec-value\">Tablet + Keyboard<\/td>\n<\/tr>\n<tr>\n<td class=\"ccs-ds-mainSpec-item\" role=\"rowheader\">Operating System<\/td>\n<td class=\"ccs-ds-mainSpec-value\">Win 10 Pro 64-bit &#8211; English<\/td>\n<\/tr>\n<tr>\n<td class=\"ccs-ds-mainSpec-item\" role=\"rowheader\">Processor<\/td>\n<td class=\"ccs-ds-mainSpec-value\">Intel Core i5 (7th Gen) &#8211; 7300U \/ 2.6 GHz<\/td>\n<\/tr>\n<tr>\n<td class=\"ccs-ds-mainSpec-item\" role=\"rowheader\">Memory<\/td>\n<td class=\"ccs-ds-mainSpec-value\">8 GB LPDDR3 (provided memory is soldered)<\/td>\n<\/tr>\n<tr>\n<td class=\"ccs-ds-mainSpec-item\" role=\"rowheader\">Storage<\/td>\n<td class=\"ccs-ds-mainSpec-value\">256 GB SSD &#8211; NVMe, HP Turbo Drive G2, TLC<\/td>\n<\/tr>\n<tr>\n<td class=\"ccs-ds-mainSpec-item\" role=\"rowheader\">Display<\/td>\n<td class=\"ccs-ds-mainSpec-value\">12.3&#8243; LED backlight touchscreen 2736 x 1824 \/ WQXGA+ &#8211; 268 ppi<\/td>\n<\/tr>\n<tr>\n<td class=\"ccs-ds-mainSpec-item\" role=\"rowheader\">Graphics<\/td>\n<td class=\"ccs-ds-mainSpec-value\">Intel HD Graphics 620<\/td>\n<\/tr>\n<tr>\n<td class=\"ccs-ds-mainSpec-item\" role=\"rowheader\">Networking<\/td>\n<td class=\"ccs-ds-mainSpec-value\">802.11a\/b\/g\/n\/ac, Bluetooth 4.2<\/td>\n<\/tr>\n<tr>\n<td class=\"ccs-ds-mainSpec-item\" role=\"rowheader\">Battery<\/td>\n<td class=\"ccs-ds-mainSpec-value\">4-cell &#8211; up to 4 hours<\/td>\n<\/tr>\n<tr>\n<td class=\"ccs-ds-mainSpec-item\" role=\"rowheader\">Features<\/td>\n<td class=\"ccs-ds-mainSpec-value\">Accelerometer, ambient light sensor, proximity sensor, magnetometer, gyro sensor, hall sensor<\/td>\n<\/tr>\n<tr>\n<td class=\"ccs-ds-mainSpec-item\" role=\"rowheader\">Dockable<\/td>\n<td class=\"ccs-ds-mainSpec-value\">Yes<\/td>\n<\/tr>\n<tr>\n<td class=\"ccs-ds-mainSpec-item\" role=\"rowheader\">Security<\/td>\n<td class=\"ccs-ds-mainSpec-value\">Trusted Platform Module (TPM 2.0) Security Chip<\/td>\n<\/tr>\n<tr>\n<td class=\"ccs-ds-mainSpec-item\" role=\"rowheader\">Dimensions (WxDxH) &#8211; tablet<\/td>\n<td class=\"ccs-ds-mainSpec-value\">30 cm x 21.385 cm x 8.05 mm<\/td>\n<\/tr>\n<tr>\n<td class=\"ccs-ds-mainSpec-item\" role=\"rowheader\">Weight<\/td>\n<td class=\"ccs-ds-mainSpec-value\">803 g<\/td>\n<\/tr>\n<tr>\n<td class=\"ccs-ds-mainSpec-item\" role=\"rowheader\">Localization<\/td>\n<td class=\"ccs-ds-mainSpec-value\">Language: English \/ region: United States<\/td>\n<\/tr>\n<tr>\n<td class=\"ccs-ds-mainSpec-item\" role=\"rowheader\">Environmental Standards<\/td>\n<td class=\"ccs-ds-mainSpec-value\">ENERGY STAR Qualified<\/td>\n<\/tr>\n<tr>\n<td class=\"ccs-ds-mainSpec-item\" role=\"rowheader\">Manufacturer Warranty<\/td>\n<td class=\"ccs-ds-mainSpec-value\">6 MUAJ<\/td>\n<\/tr>\n<\/tbody>\n<\/table>\n","protected":false},"featured_media":3763,"template":"","meta":[],"product_brand":[],"product_cat":[27],"product_tag":[],"class_list":{"0":"post-3762","1":"product","2":"type-product","3":"status-publish","4":"has-post-thumbnail","6":"product_cat-laptop","7":"description-off","9":"first","10":"instock","11":"shipping-taxable","12":"purchasable","13":"product-type-simple"},"yoast_head":"<!-- This site is optimized with the Yoast SEO plugin v27.3 - https:\/\/yoast.com\/product\/yoast-seo-wordpress\/ -->\n<title>HP ELITE X2 1012 G2 TOUCH + TASTJERE - CORE I5-7300U 2.60 GHZ - RAM 8 GB - SSD 256 GB \/ WIFI \/ BT \/ INTEL \/ 1920X1080 \/ 12.3 INCH - Kapidani PCCSERVICE<\/title>\n<meta name=\"robots\" content=\"index, follow, max-snippet:-1, max-image-preview:large, max-video-preview:-1\" \/>\n<link rel=\"canonical\" href=\"https:\/\/kapidani.com\/index.php\/product\/hp-elite-x2-1012-g2-touch-tastjere-core-i5-7300u-2-60-ghz-ram-8-gb-ssd-256-gb-wifi-bt-intel-1920x1080-12-3-inch\/\" \/>\n<meta property=\"og:locale\" content=\"en_US\" \/>\n<meta property=\"og:type\" content=\"article\" \/>\n<meta property=\"og:title\" content=\"HP ELITE X2 1012 G2 TOUCH + TASTJERE - CORE I5-7300U 2.60 GHZ - RAM 8 GB - SSD 256 GB \/ WIFI \/ BT \/ INTEL \/ 1920X1080 \/ 12.3 INCH - Kapidani PCCSERVICE\" \/>\n<meta property=\"og:description\" content=\"Product Description HP Elite x2 1012 G2 - 12.3&quot; - Intel Core i5 - 7300U - 8 GB RAM - 256 GB SSD   Product Type Tablet + Keyboard   Operating System Win 10 Pro 64-bit - English   Processor Intel Core i5 (7th Gen) - 7300U \/ 2.6 GHz   Memory 8 GB LPDDR3 (provided memory is soldered)   Storage 256 GB SSD - NVMe, HP Turbo Drive G2, TLC   Display 12.3&quot; LED backlight touchscreen 2736 x 1824 \/ WQXGA+ - 268 ppi   Graphics Intel HD Graphics 620   Networking 802.11a\/b\/g\/n\/ac, Bluetooth 4.2   Battery 4-cell - up to 4 hours   Features Accelerometer, ambient light sensor, proximity sensor, magnetometer, gyro sensor, hall sensor   Dockable Yes   Security Trusted Platform Module (TPM 2.0) Security Chip   Dimensions (WxDxH) - tablet 30 cm x 21.385 cm x 8.05 mm   Weight 803 g   Localization Language: English \/ region: United States   Environmental Standards ENERGY STAR Qualified   Manufacturer Warranty 6 MUAJ\" \/>\n<meta property=\"og:url\" content=\"https:\/\/kapidani.com\/index.php\/product\/hp-elite-x2-1012-g2-touch-tastjere-core-i5-7300u-2-60-ghz-ram-8-gb-ssd-256-gb-wifi-bt-intel-1920x1080-12-3-inch\/\" \/>\n<meta property=\"og:site_name\" content=\"Kapidani PCCSERVICE\" \/>\n<meta property=\"article:modified_time\" content=\"2024-10-20T15:21:03+00:00\" \/>\n<meta property=\"og:image\" content=\"https:\/\/kapidani.com\/wp-content\/uploads\/2024\/10\/HP-ELITE-X2-1012-G2-TOUCH-1.jpg\" \/>\n\t<meta property=\"og:image:width\" content=\"500\" \/>\n\t<meta property=\"og:image:height\" content=\"500\" \/>\n\t<meta property=\"og:image:type\" content=\"image\/jpeg\" \/>\n<meta name=\"twitter:card\" content=\"summary_large_image\" \/>\n<meta name=\"twitter:label1\" content=\"Est. reading time\" \/>\n\t<meta name=\"twitter:data1\" content=\"2 minutes\" \/>\n<script type=\"application\/ld+json\" class=\"yoast-schema-graph\">{\"@context\":\"https:\\\/\\\/schema.org\",\"@graph\":[{\"@type\":\"WebPage\",\"@id\":\"https:\\\/\\\/kapidani.com\\\/index.php\\\/product\\\/hp-elite-x2-1012-g2-touch-tastjere-core-i5-7300u-2-60-ghz-ram-8-gb-ssd-256-gb-wifi-bt-intel-1920x1080-12-3-inch\\\/\",\"url\":\"https:\\\/\\\/kapidani.com\\\/index.php\\\/product\\\/hp-elite-x2-1012-g2-touch-tastjere-core-i5-7300u-2-60-ghz-ram-8-gb-ssd-256-gb-wifi-bt-intel-1920x1080-12-3-inch\\\/\",\"name\":\"HP ELITE X2 1012 G2 TOUCH + TASTJERE - CORE I5-7300U 2.60 GHZ - RAM 8 GB - SSD 256 GB \\\/ WIFI \\\/ BT \\\/ INTEL \\\/ 1920X1080 \\\/ 12.3 INCH - Kapidani PCCSERVICE\",\"isPartOf\":{\"@id\":\"https:\\\/\\\/kapidani.com\\\/#website\"},\"primaryImageOfPage\":{\"@id\":\"https:\\\/\\\/kapidani.com\\\/index.php\\\/product\\\/hp-elite-x2-1012-g2-touch-tastjere-core-i5-7300u-2-60-ghz-ram-8-gb-ssd-256-gb-wifi-bt-intel-1920x1080-12-3-inch\\\/#primaryimage\"},\"image\":{\"@id\":\"https:\\\/\\\/kapidani.com\\\/index.php\\\/product\\\/hp-elite-x2-1012-g2-touch-tastjere-core-i5-7300u-2-60-ghz-ram-8-gb-ssd-256-gb-wifi-bt-intel-1920x1080-12-3-inch\\\/#primaryimage\"},\"thumbnailUrl\":\"https:\\\/\\\/kapidani.com\\\/wp-content\\\/uploads\\\/2024\\\/10\\\/HP-ELITE-X2-1012-G2-TOUCH-1.jpg\",\"datePublished\":\"2024-10-20T15:14:08+00:00\",\"dateModified\":\"2024-10-20T15:21:03+00:00\",\"breadcrumb\":{\"@id\":\"https:\\\/\\\/kapidani.com\\\/index.php\\\/product\\\/hp-elite-x2-1012-g2-touch-tastjere-core-i5-7300u-2-60-ghz-ram-8-gb-ssd-256-gb-wifi-bt-intel-1920x1080-12-3-inch\\\/#breadcrumb\"},\"inLanguage\":\"en-US\",\"potentialAction\":[{\"@type\":\"ReadAction\",\"target\":[\"https:\\\/\\\/kapidani.com\\\/index.php\\\/product\\\/hp-elite-x2-1012-g2-touch-tastjere-core-i5-7300u-2-60-ghz-ram-8-gb-ssd-256-gb-wifi-bt-intel-1920x1080-12-3-inch\\\/\"]}]},{\"@type\":\"ImageObject\",\"inLanguage\":\"en-US\",\"@id\":\"https:\\\/\\\/kapidani.com\\\/index.php\\\/product\\\/hp-elite-x2-1012-g2-touch-tastjere-core-i5-7300u-2-60-ghz-ram-8-gb-ssd-256-gb-wifi-bt-intel-1920x1080-12-3-inch\\\/#primaryimage\",\"url\":\"https:\\\/\\\/kapidani.com\\\/wp-content\\\/uploads\\\/2024\\\/10\\\/HP-ELITE-X2-1012-G2-TOUCH-1.jpg\",\"contentUrl\":\"https:\\\/\\\/kapidani.com\\\/wp-content\\\/uploads\\\/2024\\\/10\\\/HP-ELITE-X2-1012-G2-TOUCH-1.jpg\",\"width\":500,\"height\":500},{\"@type\":\"BreadcrumbList\",\"@id\":\"https:\\\/\\\/kapidani.com\\\/index.php\\\/product\\\/hp-elite-x2-1012-g2-touch-tastjere-core-i5-7300u-2-60-ghz-ram-8-gb-ssd-256-gb-wifi-bt-intel-1920x1080-12-3-inch\\\/#breadcrumb\",\"itemListElement\":[{\"@type\":\"ListItem\",\"position\":1,\"name\":\"Home\",\"item\":\"https:\\\/\\\/kapidani.com\\\/\"},{\"@type\":\"ListItem\",\"position\":2,\"name\":\"Shop\",\"item\":\"https:\\\/\\\/kapidani.com\\\/index.php\\\/shop\\\/\"},{\"@type\":\"ListItem\",\"position\":3,\"name\":\"HP ELITE X2 1012 G2 TOUCH + TASTJERE &#8211; CORE I5-7300U 2.60 GHZ &#8211; RAM 8 GB &#8211; SSD 256 GB \\\/ WIFI \\\/ BT \\\/ INTEL \\\/ 1920X1080 \\\/ 12.3 INCH\"}]},{\"@type\":\"WebSite\",\"@id\":\"https:\\\/\\\/kapidani.com\\\/#website\",\"url\":\"https:\\\/\\\/kapidani.com\\\/\",\"name\":\"Kapidani PCCSERVICE\",\"description\":\"Hardware, Software, Accessories, Services, Hdd, Computer, Laptops,\",\"potentialAction\":[{\"@type\":\"SearchAction\",\"target\":{\"@type\":\"EntryPoint\",\"urlTemplate\":\"https:\\\/\\\/kapidani.com\\\/?s={search_term_string}\"},\"query-input\":{\"@type\":\"PropertyValueSpecification\",\"valueRequired\":true,\"valueName\":\"search_term_string\"}}],\"inLanguage\":\"en-US\"}]}<\/script>\n<!-- \/ Yoast SEO plugin. -->","yoast_head_json":{"title":"HP ELITE X2 1012 G2 TOUCH + TASTJERE - CORE I5-7300U 2.60 GHZ - RAM 8 GB - SSD 256 GB \/ WIFI \/ BT \/ INTEL \/ 1920X1080 \/ 12.3 INCH - Kapidani PCCSERVICE","robots":{"index":"index","follow":"follow","max-snippet":"max-snippet:-1","max-image-preview":"max-image-preview:large","max-video-preview":"max-video-preview:-1"},"canonical":"https:\/\/kapidani.com\/index.php\/product\/hp-elite-x2-1012-g2-touch-tastjere-core-i5-7300u-2-60-ghz-ram-8-gb-ssd-256-gb-wifi-bt-intel-1920x1080-12-3-inch\/","og_locale":"en_US","og_type":"article","og_title":"HP ELITE X2 1012 G2 TOUCH + TASTJERE - CORE I5-7300U 2.60 GHZ - RAM 8 GB - SSD 256 GB \/ WIFI \/ BT \/ INTEL \/ 1920X1080 \/ 12.3 INCH - Kapidani PCCSERVICE","og_description":"Product Description HP Elite x2 1012 G2 - 12.3\" - Intel Core i5 - 7300U - 8 GB RAM - 256 GB SSD   Product Type Tablet + Keyboard   Operating System Win 10 Pro 64-bit - English   Processor Intel Core i5 (7th Gen) - 7300U \/ 2.6 GHz   Memory 8 GB LPDDR3 (provided memory is soldered)   Storage 256 GB SSD - NVMe, HP Turbo Drive G2, TLC   Display 12.3\" LED backlight touchscreen 2736 x 1824 \/ WQXGA+ - 268 ppi   Graphics Intel HD Graphics 620   Networking 802.11a\/b\/g\/n\/ac, Bluetooth 4.2   Battery 4-cell - up to 4 hours   Features Accelerometer, ambient light sensor, proximity sensor, magnetometer, gyro sensor, hall sensor   Dockable Yes   Security Trusted Platform Module (TPM 2.0) Security Chip   Dimensions (WxDxH) - tablet 30 cm x 21.385 cm x 8.05 mm   Weight 803 g   Localization Language: English \/ region: United States   Environmental Standards ENERGY STAR Qualified   Manufacturer Warranty 6 MUAJ","og_url":"https:\/\/kapidani.com\/index.php\/product\/hp-elite-x2-1012-g2-touch-tastjere-core-i5-7300u-2-60-ghz-ram-8-gb-ssd-256-gb-wifi-bt-intel-1920x1080-12-3-inch\/","og_site_name":"Kapidani PCCSERVICE","article_modified_time":"2024-10-20T15:21:03+00:00","og_image":[{"width":500,"height":500,"url":"https:\/\/kapidani.com\/wp-content\/uploads\/2024\/10\/HP-ELITE-X2-1012-G2-TOUCH-1.jpg","type":"image\/jpeg"}],"twitter_card":"summary_large_image","twitter_misc":{"Est. reading time":"2 minutes"},"schema":{"@context":"https:\/\/schema.org","@graph":[{"@type":"WebPage","@id":"https:\/\/kapidani.com\/index.php\/product\/hp-elite-x2-1012-g2-touch-tastjere-core-i5-7300u-2-60-ghz-ram-8-gb-ssd-256-gb-wifi-bt-intel-1920x1080-12-3-inch\/","url":"https:\/\/kapidani.com\/index.php\/product\/hp-elite-x2-1012-g2-touch-tastjere-core-i5-7300u-2-60-ghz-ram-8-gb-ssd-256-gb-wifi-bt-intel-1920x1080-12-3-inch\/","name":"HP ELITE X2 1012 G2 TOUCH + TASTJERE - CORE I5-7300U 2.60 GHZ - RAM 8 GB - SSD 256 GB \/ WIFI \/ BT \/ INTEL \/ 1920X1080 \/ 12.3 INCH - Kapidani PCCSERVICE","isPartOf":{"@id":"https:\/\/kapidani.com\/#website"},"primaryImageOfPage":{"@id":"https:\/\/kapidani.com\/index.php\/product\/hp-elite-x2-1012-g2-touch-tastjere-core-i5-7300u-2-60-ghz-ram-8-gb-ssd-256-gb-wifi-bt-intel-1920x1080-12-3-inch\/#primaryimage"},"image":{"@id":"https:\/\/kapidani.com\/index.php\/product\/hp-elite-x2-1012-g2-touch-tastjere-core-i5-7300u-2-60-ghz-ram-8-gb-ssd-256-gb-wifi-bt-intel-1920x1080-12-3-inch\/#primaryimage"},"thumbnailUrl":"https:\/\/kapidani.com\/wp-content\/uploads\/2024\/10\/HP-ELITE-X2-1012-G2-TOUCH-1.jpg","datePublished":"2024-10-20T15:14:08+00:00","dateModified":"2024-10-20T15:21:03+00:00","breadcrumb":{"@id":"https:\/\/kapidani.com\/index.php\/product\/hp-elite-x2-1012-g2-touch-tastjere-core-i5-7300u-2-60-ghz-ram-8-gb-ssd-256-gb-wifi-bt-intel-1920x1080-12-3-inch\/#breadcrumb"},"inLanguage":"en-US","potentialAction":[{"@type":"ReadAction","target":["https:\/\/kapidani.com\/index.php\/product\/hp-elite-x2-1012-g2-touch-tastjere-core-i5-7300u-2-60-ghz-ram-8-gb-ssd-256-gb-wifi-bt-intel-1920x1080-12-3-inch\/"]}]},{"@type":"ImageObject","inLanguage":"en-US","@id":"https:\/\/kapidani.com\/index.php\/product\/hp-elite-x2-1012-g2-touch-tastjere-core-i5-7300u-2-60-ghz-ram-8-gb-ssd-256-gb-wifi-bt-intel-1920x1080-12-3-inch\/#primaryimage","url":"https:\/\/kapidani.com\/wp-content\/uploads\/2024\/10\/HP-ELITE-X2-1012-G2-TOUCH-1.jpg","contentUrl":"https:\/\/kapidani.com\/wp-content\/uploads\/2024\/10\/HP-ELITE-X2-1012-G2-TOUCH-1.jpg","width":500,"height":500},{"@type":"BreadcrumbList","@id":"https:\/\/kapidani.com\/index.php\/product\/hp-elite-x2-1012-g2-touch-tastjere-core-i5-7300u-2-60-ghz-ram-8-gb-ssd-256-gb-wifi-bt-intel-1920x1080-12-3-inch\/#breadcrumb","itemListElement":[{"@type":"ListItem","position":1,"name":"Home","item":"https:\/\/kapidani.com\/"},{"@type":"ListItem","position":2,"name":"Shop","item":"https:\/\/kapidani.com\/index.php\/shop\/"},{"@type":"ListItem","position":3,"name":"HP ELITE X2 1012 G2 TOUCH + TASTJERE &#8211; CORE I5-7300U 2.60 GHZ &#8211; RAM 8 GB &#8211; SSD 256 GB \/ WIFI \/ BT \/ INTEL \/ 1920X1080 \/ 12.3 INCH"}]},{"@type":"WebSite","@id":"https:\/\/kapidani.com\/#website","url":"https:\/\/kapidani.com\/","name":"Kapidani PCCSERVICE","description":"Hardware, Software, Accessories, Services, Hdd, Computer, Laptops,","potentialAction":[{"@type":"SearchAction","target":{"@type":"EntryPoint","urlTemplate":"https:\/\/kapidani.com\/?s={search_term_string}"},"query-input":{"@type":"PropertyValueSpecification","valueRequired":true,"valueName":"search_term_string"}}],"inLanguage":"en-US"}]}},"_links":{"self":[{"href":"https:\/\/kapidani.com\/index.php\/wp-json\/wp\/v2\/product\/3762","targetHints":{"allow":["GET"]}}],"collection":[{"href":"https:\/\/kapidani.com\/index.php\/wp-json\/wp\/v2\/product"}],"about":[{"href":"https:\/\/kapidani.com\/index.php\/wp-json\/wp\/v2\/types\/product"}],"wp:featuredmedia":[{"embeddable":true,"href":"https:\/\/kapidani.com\/index.php\/wp-json\/wp\/v2\/media\/3763"}],"wp:attachment":[{"href":"https:\/\/kapidani.com\/index.php\/wp-json\/wp\/v2\/media?parent=3762"}],"wp:term":[{"taxonomy":"product_brand","embeddable":true,"href":"https:\/\/kapidani.com\/index.php\/wp-json\/wp\/v2\/product_brand?post=3762"},{"taxonomy":"product_cat","embeddable":true,"href":"https:\/\/kapidani.com\/index.php\/wp-json\/wp\/v2\/product_cat?post=3762"},{"taxonomy":"product_tag","embeddable":true,"href":"https:\/\/kapidani.com\/index.php\/wp-json\/wp\/v2\/product_tag?post=3762"}],"curies":[{"name":"wp","href":"https:\/\/api.w.org\/{rel}","templated":true}]}}