{"id":3773,"date":"2024-10-20T15:42:53","date_gmt":"2024-10-20T15:42:53","guid":{"rendered":"https:\/\/kapidani.com\/?post_type=product&#038;p=3773"},"modified":"2024-10-20T16:27:04","modified_gmt":"2024-10-20T16:27:04","slug":"hp-zbook-fury-15-g7-workstation-core-i7-10850h-2-70-ghz-ram-32-gb-ddr4-ssd-512-gb-nvme-nvidia-t1000-3840x2160-4k-uhd-ultra-high-definition","status":"publish","type":"product","link":"https:\/\/kapidani.com\/index.php\/product\/hp-zbook-fury-15-g7-workstation-core-i7-10850h-2-70-ghz-ram-32-gb-ddr4-ssd-512-gb-nvme-nvidia-t1000-3840x2160-4k-uhd-ultra-high-definition\/","title":{"rendered":"HP ZBOOK FURY 15 G7 WORKSTATION  &#8211; CORE I7-10850H 2.70 GHZ SIX CORE &#8211; RAM 32 GB DDR4 &#8211; SSD 512 GB NVME &#8211; NVIDIA T1000 &#8211; 3840X2160  4K UHD (Ultra High Definition)"},"content":{"rendered":"<p>\ud83d\ude80 <strong>HP ZBook Fury 15 G7 Workstation<\/strong> \u2013 Fuqia e jasht\u00ebzakonshme n\u00eb nj\u00eb laptop t\u00eb dedikuar p\u00ebr profesionist\u00ebt! \ud83d\ude80<\/p>\n<p>\ud83d\udcbb <strong>Procesor:<\/strong> Intel Core i7-10850H 2.70 GHz (6 b\u00ebrthama) p\u00ebr performanc\u00eb t\u00eb fuqishme n\u00eb \u00e7do detyr\u00eb.<br \/>\n\u26a1 <strong>RAM:<\/strong> 32 GB DDR4 p\u00ebr multitasking pa nd\u00ebrprerje dhe aplikacione t\u00eb r\u00ebnda.<br \/>\n\ud83d\udcbe <strong>SSD:<\/strong> 512 GB NVMe p\u00ebr nisje dhe aksesim t\u00eb dh\u00ebnave me shpejt\u00ebsi t\u00eb jasht\u00ebzakonshme.<br \/>\n\ud83c\udfae <strong>Grafika:<\/strong> NVIDIA T1000 p\u00ebr performanc\u00eb grafike t\u00eb lart\u00eb n\u00eb projektim, animacion dhe rendering.<br \/>\n\ud83c\udf1f <strong>Ekran:<\/strong> 15&#8243; me rezolucion 3840&#215;2160 4K UHD p\u00ebr pamje t\u00eb mprehta dhe ngjyra t\u00eb gjalla, perfekt p\u00ebr projektim grafik dhe video t\u00eb nivelit t\u00eb lart\u00eb.<\/p>\n<p>\u2699\ufe0f Ideale p\u00ebr inxhinier\u00eb, arkitekt\u00eb, dizajner\u00eb grafik\u00eb dhe t\u00eb gjith\u00eb ata q\u00eb k\u00ebrkojn\u00eb performanc\u00eb maksimale!<\/p>\n","protected":false},"excerpt":{"rendered":"<p>HP ZBOOK FURY 15 G7 WORKSTATION<br \/>\nCORE I7-10850H 2.70 GHZ SIX CORE<br \/>\nRAM 32 GB DDR4<br \/>\nSSD 512 GB NVME<br \/>\nNVIDIA T1000<br \/>\nMONITOR 3840X2160 4K UHD (Ultra High Definition)<\/p>\n","protected":false},"featured_media":3774,"template":"","meta":[],"product_brand":[],"product_cat":[27],"product_tag":[],"class_list":{"0":"post-3773","1":"product","2":"type-product","3":"status-publish","4":"has-post-thumbnail","6":"product_cat-laptop","7":"description-off","9":"first","10":"instock","11":"shipping-taxable","12":"purchasable","13":"product-type-simple"},"yoast_head":"<!-- This site is optimized with the Yoast SEO plugin v27.3 - https:\/\/yoast.com\/product\/yoast-seo-wordpress\/ -->\n<title>HP ZBOOK FURY 15 G7 WORKSTATION - CORE I7-10850H 2.70 GHZ SIX CORE - RAM 32 GB DDR4 - SSD 512 GB NVME - NVIDIA T1000 - 3840X2160 4K UHD (Ultra High Definition) - Kapidani PCCSERVICE<\/title>\n<meta name=\"robots\" content=\"index, follow, max-snippet:-1, max-image-preview:large, max-video-preview:-1\" \/>\n<link rel=\"canonical\" href=\"https:\/\/kapidani.com\/index.php\/product\/hp-zbook-fury-15-g7-workstation-core-i7-10850h-2-70-ghz-ram-32-gb-ddr4-ssd-512-gb-nvme-nvidia-t1000-3840x2160-4k-uhd-ultra-high-definition\/\" \/>\n<meta property=\"og:locale\" content=\"en_US\" \/>\n<meta property=\"og:type\" content=\"article\" \/>\n<meta property=\"og:title\" content=\"HP ZBOOK FURY 15 G7 WORKSTATION - CORE I7-10850H 2.70 GHZ SIX CORE - RAM 32 GB DDR4 - SSD 512 GB NVME - NVIDIA T1000 - 3840X2160 4K UHD (Ultra High Definition) - Kapidani PCCSERVICE\" \/>\n<meta property=\"og:description\" content=\"HP ZBOOK FURY 15 G7 WORKSTATION CORE I7-10850H 2.70 GHZ SIX CORE RAM 32 GB DDR4 SSD 512 GB NVME NVIDIA T1000 MONITOR 3840X2160 4K UHD (Ultra High Definition)\" \/>\n<meta property=\"og:url\" content=\"https:\/\/kapidani.com\/index.php\/product\/hp-zbook-fury-15-g7-workstation-core-i7-10850h-2-70-ghz-ram-32-gb-ddr4-ssd-512-gb-nvme-nvidia-t1000-3840x2160-4k-uhd-ultra-high-definition\/\" \/>\n<meta property=\"og:site_name\" content=\"Kapidani PCCSERVICE\" \/>\n<meta property=\"article:modified_time\" content=\"2024-10-20T16:27:04+00:00\" \/>\n<meta property=\"og:image\" content=\"https:\/\/kapidani.com\/wp-content\/uploads\/2024\/10\/HP-ZBOOK-FURY-15-G7-7.jpg\" \/>\n\t<meta property=\"og:image:width\" content=\"1400\" \/>\n\t<meta property=\"og:image:height\" content=\"1400\" \/>\n\t<meta property=\"og:image:type\" content=\"image\/jpeg\" \/>\n<meta name=\"twitter:card\" content=\"summary_large_image\" \/>\n<meta name=\"twitter:label1\" content=\"Est. reading time\" \/>\n\t<meta name=\"twitter:data1\" content=\"1 minute\" \/>\n<script type=\"application\/ld+json\" class=\"yoast-schema-graph\">{\"@context\":\"https:\\\/\\\/schema.org\",\"@graph\":[{\"@type\":\"WebPage\",\"@id\":\"https:\\\/\\\/kapidani.com\\\/index.php\\\/product\\\/hp-zbook-fury-15-g7-workstation-core-i7-10850h-2-70-ghz-ram-32-gb-ddr4-ssd-512-gb-nvme-nvidia-t1000-3840x2160-4k-uhd-ultra-high-definition\\\/\",\"url\":\"https:\\\/\\\/kapidani.com\\\/index.php\\\/product\\\/hp-zbook-fury-15-g7-workstation-core-i7-10850h-2-70-ghz-ram-32-gb-ddr4-ssd-512-gb-nvme-nvidia-t1000-3840x2160-4k-uhd-ultra-high-definition\\\/\",\"name\":\"HP ZBOOK FURY 15 G7 WORKSTATION - CORE I7-10850H 2.70 GHZ SIX CORE - RAM 32 GB DDR4 - SSD 512 GB NVME - NVIDIA T1000 - 3840X2160 4K UHD (Ultra High Definition) - Kapidani PCCSERVICE\",\"isPartOf\":{\"@id\":\"https:\\\/\\\/kapidani.com\\\/#website\"},\"primaryImageOfPage\":{\"@id\":\"https:\\\/\\\/kapidani.com\\\/index.php\\\/product\\\/hp-zbook-fury-15-g7-workstation-core-i7-10850h-2-70-ghz-ram-32-gb-ddr4-ssd-512-gb-nvme-nvidia-t1000-3840x2160-4k-uhd-ultra-high-definition\\\/#primaryimage\"},\"image\":{\"@id\":\"https:\\\/\\\/kapidani.com\\\/index.php\\\/product\\\/hp-zbook-fury-15-g7-workstation-core-i7-10850h-2-70-ghz-ram-32-gb-ddr4-ssd-512-gb-nvme-nvidia-t1000-3840x2160-4k-uhd-ultra-high-definition\\\/#primaryimage\"},\"thumbnailUrl\":\"https:\\\/\\\/kapidani.com\\\/wp-content\\\/uploads\\\/2024\\\/10\\\/HP-ZBOOK-FURY-15-G7-7.jpg\",\"datePublished\":\"2024-10-20T15:42:53+00:00\",\"dateModified\":\"2024-10-20T16:27:04+00:00\",\"breadcrumb\":{\"@id\":\"https:\\\/\\\/kapidani.com\\\/index.php\\\/product\\\/hp-zbook-fury-15-g7-workstation-core-i7-10850h-2-70-ghz-ram-32-gb-ddr4-ssd-512-gb-nvme-nvidia-t1000-3840x2160-4k-uhd-ultra-high-definition\\\/#breadcrumb\"},\"inLanguage\":\"en-US\",\"potentialAction\":[{\"@type\":\"ReadAction\",\"target\":[\"https:\\\/\\\/kapidani.com\\\/index.php\\\/product\\\/hp-zbook-fury-15-g7-workstation-core-i7-10850h-2-70-ghz-ram-32-gb-ddr4-ssd-512-gb-nvme-nvidia-t1000-3840x2160-4k-uhd-ultra-high-definition\\\/\"]}]},{\"@type\":\"ImageObject\",\"inLanguage\":\"en-US\",\"@id\":\"https:\\\/\\\/kapidani.com\\\/index.php\\\/product\\\/hp-zbook-fury-15-g7-workstation-core-i7-10850h-2-70-ghz-ram-32-gb-ddr4-ssd-512-gb-nvme-nvidia-t1000-3840x2160-4k-uhd-ultra-high-definition\\\/#primaryimage\",\"url\":\"https:\\\/\\\/kapidani.com\\\/wp-content\\\/uploads\\\/2024\\\/10\\\/HP-ZBOOK-FURY-15-G7-7.jpg\",\"contentUrl\":\"https:\\\/\\\/kapidani.com\\\/wp-content\\\/uploads\\\/2024\\\/10\\\/HP-ZBOOK-FURY-15-G7-7.jpg\",\"width\":1400,\"height\":1400},{\"@type\":\"BreadcrumbList\",\"@id\":\"https:\\\/\\\/kapidani.com\\\/index.php\\\/product\\\/hp-zbook-fury-15-g7-workstation-core-i7-10850h-2-70-ghz-ram-32-gb-ddr4-ssd-512-gb-nvme-nvidia-t1000-3840x2160-4k-uhd-ultra-high-definition\\\/#breadcrumb\",\"itemListElement\":[{\"@type\":\"ListItem\",\"position\":1,\"name\":\"Home\",\"item\":\"https:\\\/\\\/kapidani.com\\\/\"},{\"@type\":\"ListItem\",\"position\":2,\"name\":\"Shop\",\"item\":\"https:\\\/\\\/kapidani.com\\\/index.php\\\/shop\\\/\"},{\"@type\":\"ListItem\",\"position\":3,\"name\":\"HP ZBOOK FURY 15 G7 WORKSTATION &#8211; CORE I7-10850H 2.70 GHZ SIX CORE &#8211; RAM 32 GB DDR4 &#8211; SSD 512 GB NVME &#8211; NVIDIA T1000 &#8211; 3840X2160 4K UHD (Ultra High Definition)\"}]},{\"@type\":\"WebSite\",\"@id\":\"https:\\\/\\\/kapidani.com\\\/#website\",\"url\":\"https:\\\/\\\/kapidani.com\\\/\",\"name\":\"Kapidani PCCSERVICE\",\"description\":\"Hardware, Software, Accessories, Services, Hdd, Computer, Laptops,\",\"potentialAction\":[{\"@type\":\"SearchAction\",\"target\":{\"@type\":\"EntryPoint\",\"urlTemplate\":\"https:\\\/\\\/kapidani.com\\\/?s={search_term_string}\"},\"query-input\":{\"@type\":\"PropertyValueSpecification\",\"valueRequired\":true,\"valueName\":\"search_term_string\"}}],\"inLanguage\":\"en-US\"}]}<\/script>\n<!-- \/ Yoast SEO plugin. -->","yoast_head_json":{"title":"HP ZBOOK FURY 15 G7 WORKSTATION - CORE I7-10850H 2.70 GHZ SIX CORE - RAM 32 GB DDR4 - SSD 512 GB NVME - NVIDIA T1000 - 3840X2160 4K UHD (Ultra High Definition) - Kapidani PCCSERVICE","robots":{"index":"index","follow":"follow","max-snippet":"max-snippet:-1","max-image-preview":"max-image-preview:large","max-video-preview":"max-video-preview:-1"},"canonical":"https:\/\/kapidani.com\/index.php\/product\/hp-zbook-fury-15-g7-workstation-core-i7-10850h-2-70-ghz-ram-32-gb-ddr4-ssd-512-gb-nvme-nvidia-t1000-3840x2160-4k-uhd-ultra-high-definition\/","og_locale":"en_US","og_type":"article","og_title":"HP ZBOOK FURY 15 G7 WORKSTATION - CORE I7-10850H 2.70 GHZ SIX CORE - RAM 32 GB DDR4 - SSD 512 GB NVME - NVIDIA T1000 - 3840X2160 4K UHD (Ultra High Definition) - Kapidani PCCSERVICE","og_description":"HP ZBOOK FURY 15 G7 WORKSTATION CORE I7-10850H 2.70 GHZ SIX CORE RAM 32 GB DDR4 SSD 512 GB NVME NVIDIA T1000 MONITOR 3840X2160 4K UHD (Ultra High Definition)","og_url":"https:\/\/kapidani.com\/index.php\/product\/hp-zbook-fury-15-g7-workstation-core-i7-10850h-2-70-ghz-ram-32-gb-ddr4-ssd-512-gb-nvme-nvidia-t1000-3840x2160-4k-uhd-ultra-high-definition\/","og_site_name":"Kapidani PCCSERVICE","article_modified_time":"2024-10-20T16:27:04+00:00","og_image":[{"width":1400,"height":1400,"url":"https:\/\/kapidani.com\/wp-content\/uploads\/2024\/10\/HP-ZBOOK-FURY-15-G7-7.jpg","type":"image\/jpeg"}],"twitter_card":"summary_large_image","twitter_misc":{"Est. reading time":"1 minute"},"schema":{"@context":"https:\/\/schema.org","@graph":[{"@type":"WebPage","@id":"https:\/\/kapidani.com\/index.php\/product\/hp-zbook-fury-15-g7-workstation-core-i7-10850h-2-70-ghz-ram-32-gb-ddr4-ssd-512-gb-nvme-nvidia-t1000-3840x2160-4k-uhd-ultra-high-definition\/","url":"https:\/\/kapidani.com\/index.php\/product\/hp-zbook-fury-15-g7-workstation-core-i7-10850h-2-70-ghz-ram-32-gb-ddr4-ssd-512-gb-nvme-nvidia-t1000-3840x2160-4k-uhd-ultra-high-definition\/","name":"HP ZBOOK FURY 15 G7 WORKSTATION - CORE I7-10850H 2.70 GHZ SIX CORE - RAM 32 GB DDR4 - SSD 512 GB NVME - NVIDIA T1000 - 3840X2160 4K UHD (Ultra High Definition) - Kapidani PCCSERVICE","isPartOf":{"@id":"https:\/\/kapidani.com\/#website"},"primaryImageOfPage":{"@id":"https:\/\/kapidani.com\/index.php\/product\/hp-zbook-fury-15-g7-workstation-core-i7-10850h-2-70-ghz-ram-32-gb-ddr4-ssd-512-gb-nvme-nvidia-t1000-3840x2160-4k-uhd-ultra-high-definition\/#primaryimage"},"image":{"@id":"https:\/\/kapidani.com\/index.php\/product\/hp-zbook-fury-15-g7-workstation-core-i7-10850h-2-70-ghz-ram-32-gb-ddr4-ssd-512-gb-nvme-nvidia-t1000-3840x2160-4k-uhd-ultra-high-definition\/#primaryimage"},"thumbnailUrl":"https:\/\/kapidani.com\/wp-content\/uploads\/2024\/10\/HP-ZBOOK-FURY-15-G7-7.jpg","datePublished":"2024-10-20T15:42:53+00:00","dateModified":"2024-10-20T16:27:04+00:00","breadcrumb":{"@id":"https:\/\/kapidani.com\/index.php\/product\/hp-zbook-fury-15-g7-workstation-core-i7-10850h-2-70-ghz-ram-32-gb-ddr4-ssd-512-gb-nvme-nvidia-t1000-3840x2160-4k-uhd-ultra-high-definition\/#breadcrumb"},"inLanguage":"en-US","potentialAction":[{"@type":"ReadAction","target":["https:\/\/kapidani.com\/index.php\/product\/hp-zbook-fury-15-g7-workstation-core-i7-10850h-2-70-ghz-ram-32-gb-ddr4-ssd-512-gb-nvme-nvidia-t1000-3840x2160-4k-uhd-ultra-high-definition\/"]}]},{"@type":"ImageObject","inLanguage":"en-US","@id":"https:\/\/kapidani.com\/index.php\/product\/hp-zbook-fury-15-g7-workstation-core-i7-10850h-2-70-ghz-ram-32-gb-ddr4-ssd-512-gb-nvme-nvidia-t1000-3840x2160-4k-uhd-ultra-high-definition\/#primaryimage","url":"https:\/\/kapidani.com\/wp-content\/uploads\/2024\/10\/HP-ZBOOK-FURY-15-G7-7.jpg","contentUrl":"https:\/\/kapidani.com\/wp-content\/uploads\/2024\/10\/HP-ZBOOK-FURY-15-G7-7.jpg","width":1400,"height":1400},{"@type":"BreadcrumbList","@id":"https:\/\/kapidani.com\/index.php\/product\/hp-zbook-fury-15-g7-workstation-core-i7-10850h-2-70-ghz-ram-32-gb-ddr4-ssd-512-gb-nvme-nvidia-t1000-3840x2160-4k-uhd-ultra-high-definition\/#breadcrumb","itemListElement":[{"@type":"ListItem","position":1,"name":"Home","item":"https:\/\/kapidani.com\/"},{"@type":"ListItem","position":2,"name":"Shop","item":"https:\/\/kapidani.com\/index.php\/shop\/"},{"@type":"ListItem","position":3,"name":"HP ZBOOK FURY 15 G7 WORKSTATION &#8211; CORE I7-10850H 2.70 GHZ SIX CORE &#8211; RAM 32 GB DDR4 &#8211; SSD 512 GB NVME &#8211; NVIDIA T1000 &#8211; 3840X2160 4K UHD (Ultra High Definition)"}]},{"@type":"WebSite","@id":"https:\/\/kapidani.com\/#website","url":"https:\/\/kapidani.com\/","name":"Kapidani PCCSERVICE","description":"Hardware, Software, Accessories, Services, Hdd, Computer, Laptops,","potentialAction":[{"@type":"SearchAction","target":{"@type":"EntryPoint","urlTemplate":"https:\/\/kapidani.com\/?s={search_term_string}"},"query-input":{"@type":"PropertyValueSpecification","valueRequired":true,"valueName":"search_term_string"}}],"inLanguage":"en-US"}]}},"_links":{"self":[{"href":"https:\/\/kapidani.com\/index.php\/wp-json\/wp\/v2\/product\/3773","targetHints":{"allow":["GET"]}}],"collection":[{"href":"https:\/\/kapidani.com\/index.php\/wp-json\/wp\/v2\/product"}],"about":[{"href":"https:\/\/kapidani.com\/index.php\/wp-json\/wp\/v2\/types\/product"}],"wp:featuredmedia":[{"embeddable":true,"href":"https:\/\/kapidani.com\/index.php\/wp-json\/wp\/v2\/media\/3774"}],"wp:attachment":[{"href":"https:\/\/kapidani.com\/index.php\/wp-json\/wp\/v2\/media?parent=3773"}],"wp:term":[{"taxonomy":"product_brand","embeddable":true,"href":"https:\/\/kapidani.com\/index.php\/wp-json\/wp\/v2\/product_brand?post=3773"},{"taxonomy":"product_cat","embeddable":true,"href":"https:\/\/kapidani.com\/index.php\/wp-json\/wp\/v2\/product_cat?post=3773"},{"taxonomy":"product_tag","embeddable":true,"href":"https:\/\/kapidani.com\/index.php\/wp-json\/wp\/v2\/product_tag?post=3773"}],"curies":[{"name":"wp","href":"https:\/\/api.w.org\/{rel}","templated":true}]}}