{"id":3779,"date":"2024-10-20T16:44:16","date_gmt":"2024-10-20T16:44:16","guid":{"rendered":"https:\/\/kapidani.com\/?post_type=product&#038;p=3779"},"modified":"2025-06-20T15:43:39","modified_gmt":"2025-06-20T15:43:39","slug":"hp-zbook-15-g6-workstation-core-i7-9850h-2-60-ghz-six-core-ram-32-gb-ddr4-ssd-512-gb-nvidia-quadro","status":"publish","type":"product","link":"https:\/\/kapidani.com\/index.php\/product\/hp-zbook-15-g6-workstation-core-i7-9850h-2-60-ghz-six-core-ram-32-gb-ddr4-ssd-512-gb-nvidia-quadro\/","title":{"rendered":"HP ZBOOK 15 G6 WORKSTATION &#8211; CORE I7-9850H 2.60 GHZ SIX CORE &#8211; RAM 32 GB DDR4 &#8211; SSD 512 GB &#8211; NVIDIA QUADRO"},"content":{"rendered":"","protected":false},"excerpt":{"rendered":"<p data-start=\"44\" data-end=\"86\"><strong data-start=\"44\" data-end=\"86\">\ud83d\udda5\ufe0f P\u00ebrshkrimi i pajisjes p\u00ebr website:<\/strong><\/p>\n<p data-start=\"88\" data-end=\"1093\"><strong data-start=\"88\" data-end=\"101\">Procesor:<\/strong> Intel\u00a0Core\u00a0i7\u20119850H, 6\u2011b\u00ebrthama (12 threads), frekuenc\u00eb baz\u00eb 2.60\u202fGHz, Turbo Boost deri 4.60\u202fGHz, cache 12\u202fMB, TDP 45\u202fW <br data-start=\"259\" data-end=\"262\" \/><strong data-start=\"262\" data-end=\"277\">Memori RAM:<\/strong> 32\u202fGB DDR4 ECC (siguri dhe stabilitet t\u00eb lart\u00eb p\u00ebr profesionist\u00eb)<br data-start=\"343\" data-end=\"346\" \/><strong data-start=\"346\" data-end=\"358\">Storage:<\/strong> SSD 512\u202fGB (me shpejt\u00ebsi t\u00eb lart\u00eb)<br data-start=\"393\" data-end=\"396\" \/><strong data-start=\"396\" data-end=\"407\">Ekrani:<\/strong> 15.6\u2033 FHD Vivid sRGB, i p\u00ebrsosur p\u00ebr dizajn dhe editim grafik<br data-start=\"469\" data-end=\"472\" \/><strong data-start=\"472\" data-end=\"490\">Kart\u00eb Grafike:<\/strong> NVIDIA Quadro T1000, 896 CUDA cores, 4\u202fGB GDDR6 (+18\u202fGB shared), banda deri 160\u202fGB\/s, FUll\u2011size professional GPU \u2014 ideal p\u00ebr CAD, 3D vizualizim dhe editing video <br data-start=\"690\" data-end=\"693\" \/><strong data-start=\"693\" data-end=\"717\">Konectivitet pa tel:<\/strong> Wi\u2011Fi 5G, Bluetooth<br data-start=\"737\" data-end=\"740\" \/><strong data-start=\"740\" data-end=\"761\">Porta &amp; Zgjerime:<\/strong> HDMI, USB\u202f3.0, Thunderbolt (me mund\u00ebsi shpejt\u00ebsish t\u00eb larta transferi), LAN Gigabit, lexues kartash SD, slot SIM<br data-start=\"874\" data-end=\"877\" \/><strong data-start=\"877\" data-end=\"905\">Siguri &amp; opsione shtes\u00eb:<\/strong> Sensor fingerprint<br data-start=\"924\" data-end=\"927\" \/><strong data-start=\"927\" data-end=\"940\">Tastier\u00eb:<\/strong> LED-backlit, p\u00ebrshtatje gjat\u00eb or\u00ebve t\u00eb err\u00ebta<br data-start=\"986\" data-end=\"989\" \/><strong data-start=\"989\" data-end=\"1000\">Kamera:<\/strong> E integruar p\u00ebr video-konferenca<br data-start=\"1033\" data-end=\"1036\" \/><strong data-start=\"1036\" data-end=\"1048\">Gjendja:<\/strong> Grade A \u2013 si i ri, pa g\u00ebrvishje ose defekte.<\/p>\n","protected":false},"featured_media":3789,"template":"","meta":[],"product_brand":[],"product_cat":[15,27],"product_tag":[],"class_list":{"0":"post-3779","1":"product","2":"type-product","3":"status-publish","4":"has-post-thumbnail","6":"product_cat-uncategorized","7":"product_cat-laptop","8":"description-off","10":"first","11":"instock","12":"shipping-taxable","13":"purchasable","14":"product-type-simple"},"yoast_head":"<!-- This site is optimized with the Yoast SEO plugin v27.3 - https:\/\/yoast.com\/product\/yoast-seo-wordpress\/ -->\n<title>HP ZBOOK 15 G6 WORKSTATION - CORE I7-9850H 2.60 GHZ SIX CORE - RAM 32 GB DDR4 - SSD 512 GB - NVIDIA QUADRO - Kapidani PCCSERVICE<\/title>\n<meta name=\"robots\" content=\"index, follow, max-snippet:-1, max-image-preview:large, max-video-preview:-1\" \/>\n<link rel=\"canonical\" href=\"https:\/\/kapidani.com\/index.php\/product\/hp-zbook-15-g6-workstation-core-i7-9850h-2-60-ghz-six-core-ram-32-gb-ddr4-ssd-512-gb-nvidia-quadro\/\" \/>\n<meta property=\"og:locale\" content=\"en_US\" \/>\n<meta property=\"og:type\" content=\"article\" \/>\n<meta property=\"og:title\" content=\"HP ZBOOK 15 G6 WORKSTATION - CORE I7-9850H 2.60 GHZ SIX CORE - RAM 32 GB DDR4 - SSD 512 GB - NVIDIA QUADRO - Kapidani PCCSERVICE\" \/>\n<meta property=\"og:description\" content=\"\ud83d\udda5\ufe0f P\u00ebrshkrimi i pajisjes p\u00ebr website: Procesor: Intel\u00a0Core\u00a0i7\u20119850H, 6\u2011b\u00ebrthama (12 threads), frekuenc\u00eb baz\u00eb 2.60\u202fGHz, Turbo Boost deri 4.60\u202fGHz, cache 12\u202fMB, TDP 45\u202fW Memori RAM: 32\u202fGB DDR4 ECC (siguri dhe stabilitet t\u00eb lart\u00eb p\u00ebr profesionist\u00eb)Storage: SSD 512\u202fGB (me shpejt\u00ebsi t\u00eb lart\u00eb)Ekrani: 15.6\u2033 FHD Vivid sRGB, i p\u00ebrsosur p\u00ebr dizajn dhe editim grafikKart\u00eb Grafike: NVIDIA Quadro T1000, 896 CUDA cores, 4\u202fGB GDDR6 (+18\u202fGB shared), banda deri 160\u202fGB\/s, FUll\u2011size professional GPU \u2014 ideal p\u00ebr CAD, 3D vizualizim dhe editing video Konectivitet pa tel: Wi\u2011Fi 5G, BluetoothPorta &amp; Zgjerime: HDMI, USB\u202f3.0, Thunderbolt (me mund\u00ebsi shpejt\u00ebsish t\u00eb larta transferi), LAN Gigabit, lexues kartash SD, slot SIMSiguri &amp; opsione shtes\u00eb: Sensor fingerprintTastier\u00eb: LED-backlit, p\u00ebrshtatje gjat\u00eb or\u00ebve t\u00eb err\u00ebtaKamera: E integruar p\u00ebr video-konferencaGjendja: Grade A \u2013 si i ri, pa g\u00ebrvishje ose defekte.\" \/>\n<meta property=\"og:url\" content=\"https:\/\/kapidani.com\/index.php\/product\/hp-zbook-15-g6-workstation-core-i7-9850h-2-60-ghz-six-core-ram-32-gb-ddr4-ssd-512-gb-nvidia-quadro\/\" \/>\n<meta property=\"og:site_name\" content=\"Kapidani PCCSERVICE\" \/>\n<meta property=\"article:modified_time\" content=\"2025-06-20T15:43:39+00:00\" \/>\n<meta property=\"og:image\" content=\"https:\/\/kapidani.com\/wp-content\/uploads\/2024\/10\/HP-ZBOOK-FURY-15-G7-32.webp\" \/>\n\t<meta property=\"og:image:width\" content=\"800\" \/>\n\t<meta property=\"og:image:height\" content=\"800\" \/>\n\t<meta property=\"og:image:type\" content=\"image\/webp\" \/>\n<meta name=\"twitter:card\" content=\"summary_large_image\" \/>\n<script type=\"application\/ld+json\" class=\"yoast-schema-graph\">{\"@context\":\"https:\\\/\\\/schema.org\",\"@graph\":[{\"@type\":\"WebPage\",\"@id\":\"https:\\\/\\\/kapidani.com\\\/index.php\\\/product\\\/hp-zbook-15-g6-workstation-core-i7-9850h-2-60-ghz-six-core-ram-32-gb-ddr4-ssd-512-gb-nvidia-quadro\\\/\",\"url\":\"https:\\\/\\\/kapidani.com\\\/index.php\\\/product\\\/hp-zbook-15-g6-workstation-core-i7-9850h-2-60-ghz-six-core-ram-32-gb-ddr4-ssd-512-gb-nvidia-quadro\\\/\",\"name\":\"HP ZBOOK 15 G6 WORKSTATION - CORE I7-9850H 2.60 GHZ SIX CORE - RAM 32 GB DDR4 - SSD 512 GB - NVIDIA QUADRO - Kapidani PCCSERVICE\",\"isPartOf\":{\"@id\":\"https:\\\/\\\/kapidani.com\\\/#website\"},\"primaryImageOfPage\":{\"@id\":\"https:\\\/\\\/kapidani.com\\\/index.php\\\/product\\\/hp-zbook-15-g6-workstation-core-i7-9850h-2-60-ghz-six-core-ram-32-gb-ddr4-ssd-512-gb-nvidia-quadro\\\/#primaryimage\"},\"image\":{\"@id\":\"https:\\\/\\\/kapidani.com\\\/index.php\\\/product\\\/hp-zbook-15-g6-workstation-core-i7-9850h-2-60-ghz-six-core-ram-32-gb-ddr4-ssd-512-gb-nvidia-quadro\\\/#primaryimage\"},\"thumbnailUrl\":\"https:\\\/\\\/kapidani.com\\\/wp-content\\\/uploads\\\/2024\\\/10\\\/HP-ZBOOK-FURY-15-G7-32.webp\",\"datePublished\":\"2024-10-20T16:44:16+00:00\",\"dateModified\":\"2025-06-20T15:43:39+00:00\",\"breadcrumb\":{\"@id\":\"https:\\\/\\\/kapidani.com\\\/index.php\\\/product\\\/hp-zbook-15-g6-workstation-core-i7-9850h-2-60-ghz-six-core-ram-32-gb-ddr4-ssd-512-gb-nvidia-quadro\\\/#breadcrumb\"},\"inLanguage\":\"en-US\",\"potentialAction\":[{\"@type\":\"ReadAction\",\"target\":[\"https:\\\/\\\/kapidani.com\\\/index.php\\\/product\\\/hp-zbook-15-g6-workstation-core-i7-9850h-2-60-ghz-six-core-ram-32-gb-ddr4-ssd-512-gb-nvidia-quadro\\\/\"]}]},{\"@type\":\"ImageObject\",\"inLanguage\":\"en-US\",\"@id\":\"https:\\\/\\\/kapidani.com\\\/index.php\\\/product\\\/hp-zbook-15-g6-workstation-core-i7-9850h-2-60-ghz-six-core-ram-32-gb-ddr4-ssd-512-gb-nvidia-quadro\\\/#primaryimage\",\"url\":\"https:\\\/\\\/kapidani.com\\\/wp-content\\\/uploads\\\/2024\\\/10\\\/HP-ZBOOK-FURY-15-G7-32.webp\",\"contentUrl\":\"https:\\\/\\\/kapidani.com\\\/wp-content\\\/uploads\\\/2024\\\/10\\\/HP-ZBOOK-FURY-15-G7-32.webp\",\"width\":800,\"height\":800},{\"@type\":\"BreadcrumbList\",\"@id\":\"https:\\\/\\\/kapidani.com\\\/index.php\\\/product\\\/hp-zbook-15-g6-workstation-core-i7-9850h-2-60-ghz-six-core-ram-32-gb-ddr4-ssd-512-gb-nvidia-quadro\\\/#breadcrumb\",\"itemListElement\":[{\"@type\":\"ListItem\",\"position\":1,\"name\":\"Home\",\"item\":\"https:\\\/\\\/kapidani.com\\\/\"},{\"@type\":\"ListItem\",\"position\":2,\"name\":\"Shop\",\"item\":\"https:\\\/\\\/kapidani.com\\\/index.php\\\/shop\\\/\"},{\"@type\":\"ListItem\",\"position\":3,\"name\":\"HP ZBOOK 15 G6 WORKSTATION &#8211; CORE I7-9850H 2.60 GHZ SIX CORE &#8211; RAM 32 GB DDR4 &#8211; SSD 512 GB &#8211; NVIDIA QUADRO\"}]},{\"@type\":\"WebSite\",\"@id\":\"https:\\\/\\\/kapidani.com\\\/#website\",\"url\":\"https:\\\/\\\/kapidani.com\\\/\",\"name\":\"Kapidani PCCSERVICE\",\"description\":\"Hardware, Software, Accessories, Services, Hdd, Computer, Laptops,\",\"potentialAction\":[{\"@type\":\"SearchAction\",\"target\":{\"@type\":\"EntryPoint\",\"urlTemplate\":\"https:\\\/\\\/kapidani.com\\\/?s={search_term_string}\"},\"query-input\":{\"@type\":\"PropertyValueSpecification\",\"valueRequired\":true,\"valueName\":\"search_term_string\"}}],\"inLanguage\":\"en-US\"}]}<\/script>\n<!-- \/ Yoast SEO plugin. -->","yoast_head_json":{"title":"HP ZBOOK 15 G6 WORKSTATION - CORE I7-9850H 2.60 GHZ SIX CORE - RAM 32 GB DDR4 - SSD 512 GB - NVIDIA QUADRO - Kapidani PCCSERVICE","robots":{"index":"index","follow":"follow","max-snippet":"max-snippet:-1","max-image-preview":"max-image-preview:large","max-video-preview":"max-video-preview:-1"},"canonical":"https:\/\/kapidani.com\/index.php\/product\/hp-zbook-15-g6-workstation-core-i7-9850h-2-60-ghz-six-core-ram-32-gb-ddr4-ssd-512-gb-nvidia-quadro\/","og_locale":"en_US","og_type":"article","og_title":"HP ZBOOK 15 G6 WORKSTATION - CORE I7-9850H 2.60 GHZ SIX CORE - RAM 32 GB DDR4 - SSD 512 GB - NVIDIA QUADRO - Kapidani PCCSERVICE","og_description":"\ud83d\udda5\ufe0f P\u00ebrshkrimi i pajisjes p\u00ebr website: Procesor: Intel\u00a0Core\u00a0i7\u20119850H, 6\u2011b\u00ebrthama (12 threads), frekuenc\u00eb baz\u00eb 2.60\u202fGHz, Turbo Boost deri 4.60\u202fGHz, cache 12\u202fMB, TDP 45\u202fW Memori RAM: 32\u202fGB DDR4 ECC (siguri dhe stabilitet t\u00eb lart\u00eb p\u00ebr profesionist\u00eb)Storage: SSD 512\u202fGB (me shpejt\u00ebsi t\u00eb lart\u00eb)Ekrani: 15.6\u2033 FHD Vivid sRGB, i p\u00ebrsosur p\u00ebr dizajn dhe editim grafikKart\u00eb Grafike: NVIDIA Quadro T1000, 896 CUDA cores, 4\u202fGB GDDR6 (+18\u202fGB shared), banda deri 160\u202fGB\/s, FUll\u2011size professional GPU \u2014 ideal p\u00ebr CAD, 3D vizualizim dhe editing video Konectivitet pa tel: Wi\u2011Fi 5G, BluetoothPorta &amp; Zgjerime: HDMI, USB\u202f3.0, Thunderbolt (me mund\u00ebsi shpejt\u00ebsish t\u00eb larta transferi), LAN Gigabit, lexues kartash SD, slot SIMSiguri &amp; opsione shtes\u00eb: Sensor fingerprintTastier\u00eb: LED-backlit, p\u00ebrshtatje gjat\u00eb or\u00ebve t\u00eb err\u00ebtaKamera: E integruar p\u00ebr video-konferencaGjendja: Grade A \u2013 si i ri, pa g\u00ebrvishje ose defekte.","og_url":"https:\/\/kapidani.com\/index.php\/product\/hp-zbook-15-g6-workstation-core-i7-9850h-2-60-ghz-six-core-ram-32-gb-ddr4-ssd-512-gb-nvidia-quadro\/","og_site_name":"Kapidani PCCSERVICE","article_modified_time":"2025-06-20T15:43:39+00:00","og_image":[{"width":800,"height":800,"url":"https:\/\/kapidani.com\/wp-content\/uploads\/2024\/10\/HP-ZBOOK-FURY-15-G7-32.webp","type":"image\/webp"}],"twitter_card":"summary_large_image","schema":{"@context":"https:\/\/schema.org","@graph":[{"@type":"WebPage","@id":"https:\/\/kapidani.com\/index.php\/product\/hp-zbook-15-g6-workstation-core-i7-9850h-2-60-ghz-six-core-ram-32-gb-ddr4-ssd-512-gb-nvidia-quadro\/","url":"https:\/\/kapidani.com\/index.php\/product\/hp-zbook-15-g6-workstation-core-i7-9850h-2-60-ghz-six-core-ram-32-gb-ddr4-ssd-512-gb-nvidia-quadro\/","name":"HP ZBOOK 15 G6 WORKSTATION - CORE I7-9850H 2.60 GHZ SIX CORE - RAM 32 GB DDR4 - SSD 512 GB - NVIDIA QUADRO - Kapidani PCCSERVICE","isPartOf":{"@id":"https:\/\/kapidani.com\/#website"},"primaryImageOfPage":{"@id":"https:\/\/kapidani.com\/index.php\/product\/hp-zbook-15-g6-workstation-core-i7-9850h-2-60-ghz-six-core-ram-32-gb-ddr4-ssd-512-gb-nvidia-quadro\/#primaryimage"},"image":{"@id":"https:\/\/kapidani.com\/index.php\/product\/hp-zbook-15-g6-workstation-core-i7-9850h-2-60-ghz-six-core-ram-32-gb-ddr4-ssd-512-gb-nvidia-quadro\/#primaryimage"},"thumbnailUrl":"https:\/\/kapidani.com\/wp-content\/uploads\/2024\/10\/HP-ZBOOK-FURY-15-G7-32.webp","datePublished":"2024-10-20T16:44:16+00:00","dateModified":"2025-06-20T15:43:39+00:00","breadcrumb":{"@id":"https:\/\/kapidani.com\/index.php\/product\/hp-zbook-15-g6-workstation-core-i7-9850h-2-60-ghz-six-core-ram-32-gb-ddr4-ssd-512-gb-nvidia-quadro\/#breadcrumb"},"inLanguage":"en-US","potentialAction":[{"@type":"ReadAction","target":["https:\/\/kapidani.com\/index.php\/product\/hp-zbook-15-g6-workstation-core-i7-9850h-2-60-ghz-six-core-ram-32-gb-ddr4-ssd-512-gb-nvidia-quadro\/"]}]},{"@type":"ImageObject","inLanguage":"en-US","@id":"https:\/\/kapidani.com\/index.php\/product\/hp-zbook-15-g6-workstation-core-i7-9850h-2-60-ghz-six-core-ram-32-gb-ddr4-ssd-512-gb-nvidia-quadro\/#primaryimage","url":"https:\/\/kapidani.com\/wp-content\/uploads\/2024\/10\/HP-ZBOOK-FURY-15-G7-32.webp","contentUrl":"https:\/\/kapidani.com\/wp-content\/uploads\/2024\/10\/HP-ZBOOK-FURY-15-G7-32.webp","width":800,"height":800},{"@type":"BreadcrumbList","@id":"https:\/\/kapidani.com\/index.php\/product\/hp-zbook-15-g6-workstation-core-i7-9850h-2-60-ghz-six-core-ram-32-gb-ddr4-ssd-512-gb-nvidia-quadro\/#breadcrumb","itemListElement":[{"@type":"ListItem","position":1,"name":"Home","item":"https:\/\/kapidani.com\/"},{"@type":"ListItem","position":2,"name":"Shop","item":"https:\/\/kapidani.com\/index.php\/shop\/"},{"@type":"ListItem","position":3,"name":"HP ZBOOK 15 G6 WORKSTATION &#8211; CORE I7-9850H 2.60 GHZ SIX CORE &#8211; RAM 32 GB DDR4 &#8211; SSD 512 GB &#8211; NVIDIA QUADRO"}]},{"@type":"WebSite","@id":"https:\/\/kapidani.com\/#website","url":"https:\/\/kapidani.com\/","name":"Kapidani PCCSERVICE","description":"Hardware, Software, Accessories, Services, Hdd, Computer, Laptops,","potentialAction":[{"@type":"SearchAction","target":{"@type":"EntryPoint","urlTemplate":"https:\/\/kapidani.com\/?s={search_term_string}"},"query-input":{"@type":"PropertyValueSpecification","valueRequired":true,"valueName":"search_term_string"}}],"inLanguage":"en-US"}]}},"_links":{"self":[{"href":"https:\/\/kapidani.com\/index.php\/wp-json\/wp\/v2\/product\/3779","targetHints":{"allow":["GET"]}}],"collection":[{"href":"https:\/\/kapidani.com\/index.php\/wp-json\/wp\/v2\/product"}],"about":[{"href":"https:\/\/kapidani.com\/index.php\/wp-json\/wp\/v2\/types\/product"}],"wp:featuredmedia":[{"embeddable":true,"href":"https:\/\/kapidani.com\/index.php\/wp-json\/wp\/v2\/media\/3789"}],"wp:attachment":[{"href":"https:\/\/kapidani.com\/index.php\/wp-json\/wp\/v2\/media?parent=3779"}],"wp:term":[{"taxonomy":"product_brand","embeddable":true,"href":"https:\/\/kapidani.com\/index.php\/wp-json\/wp\/v2\/product_brand?post=3779"},{"taxonomy":"product_cat","embeddable":true,"href":"https:\/\/kapidani.com\/index.php\/wp-json\/wp\/v2\/product_cat?post=3779"},{"taxonomy":"product_tag","embeddable":true,"href":"https:\/\/kapidani.com\/index.php\/wp-json\/wp\/v2\/product_tag?post=3779"}],"curies":[{"name":"wp","href":"https:\/\/api.w.org\/{rel}","templated":true}]}}