{"id":3884,"date":"2024-11-06T10:58:41","date_gmt":"2024-11-06T10:58:41","guid":{"rendered":"https:\/\/kapidani.com\/?post_type=product&#038;p=3884"},"modified":"2024-11-06T11:01:21","modified_gmt":"2024-11-06T11:01:21","slug":"dell-latitude-e5430-core-i-5-3210-2-5ghz-ram-8-gb-ssd-256-gb-grafika-hd-4000-2-2-gb-share-dvd-rw","status":"publish","type":"product","link":"https:\/\/kapidani.com\/index.php\/product\/dell-latitude-e5430-core-i-5-3210-2-5ghz-ram-8-gb-ssd-256-gb-grafika-hd-4000-2-2-gb-share-dvd-rw\/","title":{"rendered":"DELL LATITUDE E5430 &#8211; CORE I 5 3210 2.5GHZ &#8211; RAM 8 GB &#8211; SSD 256 GB &#8211; GRAFIKA HD 4000 2.2 GB SHARE &#8211; DVD RW"},"content":{"rendered":"<p>\ud83d\udcbc\ud83d\udcbb Laptopi ideal p\u00ebr biznes, zyra dhe familje! \ud83c\udfe2\ud83c\udfe0<\/p>\n<p>\ud83d\udd25 DELL LATITUDE E5430 \ud83d\udd25<br \/>\n\u2699\ufe0f Procesor Intel Core i5 3210 \u2013 2.5 GHz \u26a1<br \/>\n\u2699\ufe0f RAM 8 GB \u2013 Shpejt\u00ebsi p\u00ebr \u00e7do detyr\u00eb \ud83d\udcaa<br \/>\n\u2699\ufe0f SSD 256 GB \u2013 Ruajtje e sigurt dhe ngarkim i shpejt\u00eb \ud83d\udcbd<br \/>\n\u2699\ufe0f Grafik\u00eb HD 4000 me 2.2 GB Share \ud83c\udfa8<\/p>\n<p>\u2728 Opsione ekstra:<br \/>\n\ud83d\udcbf DVD RW \u2013 P\u00ebr t\u00eb lexuar dhe regjistruar disqe \ud83c\udfa5<br \/>\n\ud83d\udcfa HDMI \u2013 Lidhje me ekrane t\u00eb m\u00ebdha \ud83d\udcfa<br \/>\n\ud83d\udcf8 Kamera \u2013 P\u00ebr video thirrje dhe konferenca \ud83d\udcbb<\/p>\n<p>Zgjidhja perfekte p\u00ebr pun\u00eb dhe arg\u00ebtim! Kapeni tani p\u00ebr produktivitet maksimal! \ud83d\ude80<\/p>\n","protected":false},"excerpt":{"rendered":"<p>DELL LATITUDE E5430<br \/>\nCORE I 5 3210 2.5GHZ<br \/>\nRAM 8 GB<br \/>\nSSD 256 GB<br \/>\nGRAFIKA HD 4000 2.2 GB SHARE<br \/>\nDVD RW<br \/>\nHDMI<br \/>\nKAMER<\/p>\n","protected":false},"featured_media":3885,"template":"","meta":[],"product_brand":[],"product_cat":[27],"product_tag":[],"class_list":{"0":"post-3884","1":"product","2":"type-product","3":"status-publish","4":"has-post-thumbnail","6":"product_cat-laptop","7":"description-off","9":"first","10":"instock","11":"shipping-taxable","12":"purchasable","13":"product-type-simple"},"yoast_head":"<!-- This site is optimized with the Yoast SEO plugin v27.3 - https:\/\/yoast.com\/product\/yoast-seo-wordpress\/ -->\n<title>DELL LATITUDE E5430 - CORE I 5 3210 2.5GHZ - RAM 8 GB - SSD 256 GB - GRAFIKA HD 4000 2.2 GB SHARE - DVD RW - Kapidani PCCSERVICE<\/title>\n<meta name=\"robots\" content=\"index, follow, max-snippet:-1, max-image-preview:large, max-video-preview:-1\" \/>\n<link rel=\"canonical\" href=\"https:\/\/kapidani.com\/index.php\/product\/dell-latitude-e5430-core-i-5-3210-2-5ghz-ram-8-gb-ssd-256-gb-grafika-hd-4000-2-2-gb-share-dvd-rw\/\" \/>\n<meta property=\"og:locale\" content=\"en_US\" \/>\n<meta property=\"og:type\" content=\"article\" \/>\n<meta property=\"og:title\" content=\"DELL LATITUDE E5430 - CORE I 5 3210 2.5GHZ - RAM 8 GB - SSD 256 GB - GRAFIKA HD 4000 2.2 GB SHARE - DVD RW - Kapidani PCCSERVICE\" \/>\n<meta property=\"og:description\" content=\"DELL LATITUDE E5430 CORE I 5 3210 2.5GHZ RAM 8 GB SSD 256 GB GRAFIKA HD 4000 2.2 GB SHARE DVD RW HDMI KAMER\" \/>\n<meta property=\"og:url\" content=\"https:\/\/kapidani.com\/index.php\/product\/dell-latitude-e5430-core-i-5-3210-2-5ghz-ram-8-gb-ssd-256-gb-grafika-hd-4000-2-2-gb-share-dvd-rw\/\" \/>\n<meta property=\"og:site_name\" content=\"Kapidani PCCSERVICE\" \/>\n<meta property=\"article:modified_time\" content=\"2024-11-06T11:01:21+00:00\" \/>\n<meta property=\"og:image\" content=\"https:\/\/kapidani.com\/wp-content\/uploads\/2024\/11\/Dell-Latitude-E5430-Core-i3-4GB-500GB-HDD-14\u2033-Display-1.webp\" \/>\n\t<meta property=\"og:image:width\" content=\"600\" \/>\n\t<meta property=\"og:image:height\" content=\"600\" \/>\n\t<meta property=\"og:image:type\" content=\"image\/webp\" \/>\n<meta name=\"twitter:card\" content=\"summary_large_image\" \/>\n<script type=\"application\/ld+json\" class=\"yoast-schema-graph\">{\"@context\":\"https:\\\/\\\/schema.org\",\"@graph\":[{\"@type\":\"WebPage\",\"@id\":\"https:\\\/\\\/kapidani.com\\\/index.php\\\/product\\\/dell-latitude-e5430-core-i-5-3210-2-5ghz-ram-8-gb-ssd-256-gb-grafika-hd-4000-2-2-gb-share-dvd-rw\\\/\",\"url\":\"https:\\\/\\\/kapidani.com\\\/index.php\\\/product\\\/dell-latitude-e5430-core-i-5-3210-2-5ghz-ram-8-gb-ssd-256-gb-grafika-hd-4000-2-2-gb-share-dvd-rw\\\/\",\"name\":\"DELL LATITUDE E5430 - CORE I 5 3210 2.5GHZ - RAM 8 GB - SSD 256 GB - GRAFIKA HD 4000 2.2 GB SHARE - DVD RW - Kapidani PCCSERVICE\",\"isPartOf\":{\"@id\":\"https:\\\/\\\/kapidani.com\\\/#website\"},\"primaryImageOfPage\":{\"@id\":\"https:\\\/\\\/kapidani.com\\\/index.php\\\/product\\\/dell-latitude-e5430-core-i-5-3210-2-5ghz-ram-8-gb-ssd-256-gb-grafika-hd-4000-2-2-gb-share-dvd-rw\\\/#primaryimage\"},\"image\":{\"@id\":\"https:\\\/\\\/kapidani.com\\\/index.php\\\/product\\\/dell-latitude-e5430-core-i-5-3210-2-5ghz-ram-8-gb-ssd-256-gb-grafika-hd-4000-2-2-gb-share-dvd-rw\\\/#primaryimage\"},\"thumbnailUrl\":\"https:\\\/\\\/kapidani.com\\\/wp-content\\\/uploads\\\/2024\\\/11\\\/Dell-Latitude-E5430-Core-i3-4GB-500GB-HDD-14\u2033-Display-1.webp\",\"datePublished\":\"2024-11-06T10:58:41+00:00\",\"dateModified\":\"2024-11-06T11:01:21+00:00\",\"breadcrumb\":{\"@id\":\"https:\\\/\\\/kapidani.com\\\/index.php\\\/product\\\/dell-latitude-e5430-core-i-5-3210-2-5ghz-ram-8-gb-ssd-256-gb-grafika-hd-4000-2-2-gb-share-dvd-rw\\\/#breadcrumb\"},\"inLanguage\":\"en-US\",\"potentialAction\":[{\"@type\":\"ReadAction\",\"target\":[\"https:\\\/\\\/kapidani.com\\\/index.php\\\/product\\\/dell-latitude-e5430-core-i-5-3210-2-5ghz-ram-8-gb-ssd-256-gb-grafika-hd-4000-2-2-gb-share-dvd-rw\\\/\"]}]},{\"@type\":\"ImageObject\",\"inLanguage\":\"en-US\",\"@id\":\"https:\\\/\\\/kapidani.com\\\/index.php\\\/product\\\/dell-latitude-e5430-core-i-5-3210-2-5ghz-ram-8-gb-ssd-256-gb-grafika-hd-4000-2-2-gb-share-dvd-rw\\\/#primaryimage\",\"url\":\"https:\\\/\\\/kapidani.com\\\/wp-content\\\/uploads\\\/2024\\\/11\\\/Dell-Latitude-E5430-Core-i3-4GB-500GB-HDD-14\u2033-Display-1.webp\",\"contentUrl\":\"https:\\\/\\\/kapidani.com\\\/wp-content\\\/uploads\\\/2024\\\/11\\\/Dell-Latitude-E5430-Core-i3-4GB-500GB-HDD-14\u2033-Display-1.webp\",\"width\":600,\"height\":600},{\"@type\":\"BreadcrumbList\",\"@id\":\"https:\\\/\\\/kapidani.com\\\/index.php\\\/product\\\/dell-latitude-e5430-core-i-5-3210-2-5ghz-ram-8-gb-ssd-256-gb-grafika-hd-4000-2-2-gb-share-dvd-rw\\\/#breadcrumb\",\"itemListElement\":[{\"@type\":\"ListItem\",\"position\":1,\"name\":\"Home\",\"item\":\"https:\\\/\\\/kapidani.com\\\/\"},{\"@type\":\"ListItem\",\"position\":2,\"name\":\"Shop\",\"item\":\"https:\\\/\\\/kapidani.com\\\/index.php\\\/shop\\\/\"},{\"@type\":\"ListItem\",\"position\":3,\"name\":\"DELL LATITUDE E5430 &#8211; CORE I 5 3210 2.5GHZ &#8211; RAM 8 GB &#8211; SSD 256 GB &#8211; GRAFIKA HD 4000 2.2 GB SHARE &#8211; DVD RW\"}]},{\"@type\":\"WebSite\",\"@id\":\"https:\\\/\\\/kapidani.com\\\/#website\",\"url\":\"https:\\\/\\\/kapidani.com\\\/\",\"name\":\"Kapidani PCCSERVICE\",\"description\":\"Hardware, Software, Accessories, Services, Hdd, Computer, Laptops,\",\"potentialAction\":[{\"@type\":\"SearchAction\",\"target\":{\"@type\":\"EntryPoint\",\"urlTemplate\":\"https:\\\/\\\/kapidani.com\\\/?s={search_term_string}\"},\"query-input\":{\"@type\":\"PropertyValueSpecification\",\"valueRequired\":true,\"valueName\":\"search_term_string\"}}],\"inLanguage\":\"en-US\"}]}<\/script>\n<!-- \/ Yoast SEO plugin. -->","yoast_head_json":{"title":"DELL LATITUDE E5430 - CORE I 5 3210 2.5GHZ - RAM 8 GB - SSD 256 GB - GRAFIKA HD 4000 2.2 GB SHARE - DVD RW - Kapidani PCCSERVICE","robots":{"index":"index","follow":"follow","max-snippet":"max-snippet:-1","max-image-preview":"max-image-preview:large","max-video-preview":"max-video-preview:-1"},"canonical":"https:\/\/kapidani.com\/index.php\/product\/dell-latitude-e5430-core-i-5-3210-2-5ghz-ram-8-gb-ssd-256-gb-grafika-hd-4000-2-2-gb-share-dvd-rw\/","og_locale":"en_US","og_type":"article","og_title":"DELL LATITUDE E5430 - CORE I 5 3210 2.5GHZ - RAM 8 GB - SSD 256 GB - GRAFIKA HD 4000 2.2 GB SHARE - DVD RW - Kapidani PCCSERVICE","og_description":"DELL LATITUDE E5430 CORE I 5 3210 2.5GHZ RAM 8 GB SSD 256 GB GRAFIKA HD 4000 2.2 GB SHARE DVD RW HDMI KAMER","og_url":"https:\/\/kapidani.com\/index.php\/product\/dell-latitude-e5430-core-i-5-3210-2-5ghz-ram-8-gb-ssd-256-gb-grafika-hd-4000-2-2-gb-share-dvd-rw\/","og_site_name":"Kapidani PCCSERVICE","article_modified_time":"2024-11-06T11:01:21+00:00","og_image":[{"width":600,"height":600,"url":"https:\/\/kapidani.com\/wp-content\/uploads\/2024\/11\/Dell-Latitude-E5430-Core-i3-4GB-500GB-HDD-14\u2033-Display-1.webp","type":"image\/webp"}],"twitter_card":"summary_large_image","schema":{"@context":"https:\/\/schema.org","@graph":[{"@type":"WebPage","@id":"https:\/\/kapidani.com\/index.php\/product\/dell-latitude-e5430-core-i-5-3210-2-5ghz-ram-8-gb-ssd-256-gb-grafika-hd-4000-2-2-gb-share-dvd-rw\/","url":"https:\/\/kapidani.com\/index.php\/product\/dell-latitude-e5430-core-i-5-3210-2-5ghz-ram-8-gb-ssd-256-gb-grafika-hd-4000-2-2-gb-share-dvd-rw\/","name":"DELL LATITUDE E5430 - CORE I 5 3210 2.5GHZ - RAM 8 GB - SSD 256 GB - GRAFIKA HD 4000 2.2 GB SHARE - DVD RW - Kapidani PCCSERVICE","isPartOf":{"@id":"https:\/\/kapidani.com\/#website"},"primaryImageOfPage":{"@id":"https:\/\/kapidani.com\/index.php\/product\/dell-latitude-e5430-core-i-5-3210-2-5ghz-ram-8-gb-ssd-256-gb-grafika-hd-4000-2-2-gb-share-dvd-rw\/#primaryimage"},"image":{"@id":"https:\/\/kapidani.com\/index.php\/product\/dell-latitude-e5430-core-i-5-3210-2-5ghz-ram-8-gb-ssd-256-gb-grafika-hd-4000-2-2-gb-share-dvd-rw\/#primaryimage"},"thumbnailUrl":"https:\/\/kapidani.com\/wp-content\/uploads\/2024\/11\/Dell-Latitude-E5430-Core-i3-4GB-500GB-HDD-14\u2033-Display-1.webp","datePublished":"2024-11-06T10:58:41+00:00","dateModified":"2024-11-06T11:01:21+00:00","breadcrumb":{"@id":"https:\/\/kapidani.com\/index.php\/product\/dell-latitude-e5430-core-i-5-3210-2-5ghz-ram-8-gb-ssd-256-gb-grafika-hd-4000-2-2-gb-share-dvd-rw\/#breadcrumb"},"inLanguage":"en-US","potentialAction":[{"@type":"ReadAction","target":["https:\/\/kapidani.com\/index.php\/product\/dell-latitude-e5430-core-i-5-3210-2-5ghz-ram-8-gb-ssd-256-gb-grafika-hd-4000-2-2-gb-share-dvd-rw\/"]}]},{"@type":"ImageObject","inLanguage":"en-US","@id":"https:\/\/kapidani.com\/index.php\/product\/dell-latitude-e5430-core-i-5-3210-2-5ghz-ram-8-gb-ssd-256-gb-grafika-hd-4000-2-2-gb-share-dvd-rw\/#primaryimage","url":"https:\/\/kapidani.com\/wp-content\/uploads\/2024\/11\/Dell-Latitude-E5430-Core-i3-4GB-500GB-HDD-14\u2033-Display-1.webp","contentUrl":"https:\/\/kapidani.com\/wp-content\/uploads\/2024\/11\/Dell-Latitude-E5430-Core-i3-4GB-500GB-HDD-14\u2033-Display-1.webp","width":600,"height":600},{"@type":"BreadcrumbList","@id":"https:\/\/kapidani.com\/index.php\/product\/dell-latitude-e5430-core-i-5-3210-2-5ghz-ram-8-gb-ssd-256-gb-grafika-hd-4000-2-2-gb-share-dvd-rw\/#breadcrumb","itemListElement":[{"@type":"ListItem","position":1,"name":"Home","item":"https:\/\/kapidani.com\/"},{"@type":"ListItem","position":2,"name":"Shop","item":"https:\/\/kapidani.com\/index.php\/shop\/"},{"@type":"ListItem","position":3,"name":"DELL LATITUDE E5430 &#8211; CORE I 5 3210 2.5GHZ &#8211; RAM 8 GB &#8211; SSD 256 GB &#8211; GRAFIKA HD 4000 2.2 GB SHARE &#8211; DVD RW"}]},{"@type":"WebSite","@id":"https:\/\/kapidani.com\/#website","url":"https:\/\/kapidani.com\/","name":"Kapidani PCCSERVICE","description":"Hardware, Software, Accessories, Services, Hdd, Computer, Laptops,","potentialAction":[{"@type":"SearchAction","target":{"@type":"EntryPoint","urlTemplate":"https:\/\/kapidani.com\/?s={search_term_string}"},"query-input":{"@type":"PropertyValueSpecification","valueRequired":true,"valueName":"search_term_string"}}],"inLanguage":"en-US"}]}},"_links":{"self":[{"href":"https:\/\/kapidani.com\/index.php\/wp-json\/wp\/v2\/product\/3884","targetHints":{"allow":["GET"]}}],"collection":[{"href":"https:\/\/kapidani.com\/index.php\/wp-json\/wp\/v2\/product"}],"about":[{"href":"https:\/\/kapidani.com\/index.php\/wp-json\/wp\/v2\/types\/product"}],"wp:featuredmedia":[{"embeddable":true,"href":"https:\/\/kapidani.com\/index.php\/wp-json\/wp\/v2\/media\/3885"}],"wp:attachment":[{"href":"https:\/\/kapidani.com\/index.php\/wp-json\/wp\/v2\/media?parent=3884"}],"wp:term":[{"taxonomy":"product_brand","embeddable":true,"href":"https:\/\/kapidani.com\/index.php\/wp-json\/wp\/v2\/product_brand?post=3884"},{"taxonomy":"product_cat","embeddable":true,"href":"https:\/\/kapidani.com\/index.php\/wp-json\/wp\/v2\/product_cat?post=3884"},{"taxonomy":"product_tag","embeddable":true,"href":"https:\/\/kapidani.com\/index.php\/wp-json\/wp\/v2\/product_tag?post=3884"}],"curies":[{"name":"wp","href":"https:\/\/api.w.org\/{rel}","templated":true}]}}