{"id":3913,"date":"2024-11-14T13:04:08","date_gmt":"2024-11-14T13:04:08","guid":{"rendered":"https:\/\/kapidani.com\/?post_type=product&#038;p=3913"},"modified":"2024-11-14T13:04:09","modified_gmt":"2024-11-14T13:04:09","slug":"dell-optiplex-3240-aio-core-i5-6500-4x-3-20-ghz-ram-8-gb-ddr4-ssd-256-gb-monitor-22-inch-full-hd-1920x1080-wifi","status":"publish","type":"product","link":"https:\/\/kapidani.com\/index.php\/product\/dell-optiplex-3240-aio-core-i5-6500-4x-3-20-ghz-ram-8-gb-ddr4-ssd-256-gb-monitor-22-inch-full-hd-1920x1080-wifi\/","title":{"rendered":"Dell Optiplex 3240 AIO &#8211; Core i5 6500 4x 3.20 ghz &#8211; Ram 8 gb ddr4 &#8211; Ssd 256 gb &#8211; Monitor 22 Inch &#8211; Full Hd 1920&#215;1080 &#8211; WIFI"},"content":{"rendered":"<p>\u2728 Dell OptiPlex 3240 AIO \u2013 Fuqi dhe prakticitet n\u00eb nj\u00eb pajisje te vetme! \u2728<\/p>\n<p>\ud83d\udcbb Karakteristikat Kryesore \ud83d\udcbb<br \/>\n\u2699\ufe0f Procesor: Intel Core i5-6500 me 4 b\u00ebrthama n\u00eb 3.20 GHz \u2013 performanc\u00eb e fuqishme p\u00ebr shum\u00eb detyra nj\u00ebkoh\u00ebsisht<br \/>\n\u26a1 RAM 8 GB DDR4 \u2013 p\u00ebr nj\u00eb p\u00ebrvoj\u00eb t\u00eb qet\u00eb dhe t\u00eb shpejt\u00eb<br \/>\n\ud83d\udcbe SSD 256 GB \u2013 hap\u00ebsir\u00eb e sigurt dhe shpejt\u00ebsi e madhe p\u00ebr nisjen e aplikacioneve<\/p>\n<p>\ud83d\udda5\ufe0f Ekran 22\u201d Full HD (1920&#215;1080) \u2013 p\u00ebr pamje t\u00eb qart\u00eb dhe t\u00eb detajuar<br \/>\n\ud83d\udce1 Wi-Fi i integruar \u2013 Q\u00ebndroni t\u00eb lidhur n\u00eb \u00e7do moment pa kabllo<br \/>\n\u2328\ufe0f Tastier\u00eb dhe maus pa kabllo \u2013 Liri l\u00ebvizjeje dhe hap\u00ebsir\u00eb e past\u00ebr n\u00eb tavolin\u00ebn tuaj<\/p>\n<p>\ud83d\udcbc Dell OptiPlex 3240 AIO \u2013 Nj\u00eb zgjidhje ideale p\u00ebr hap\u00ebsira pune t\u00eb organizuara dhe produktivitet maksimal!<\/p>\n","protected":false},"excerpt":{"rendered":"<p>Dell Optiplex 3240 AIO<br \/>\nCore i5 6500 4x 3.20 ghz<br \/>\nRam 8 gb ddr4<br \/>\nSsd 256 gb<br \/>\nMonitor 22 Inch<br \/>\nFull Hd 1920&#215;1080<br \/>\nWIFI<br \/>\nMaus Tastjere wifi<\/p>\n","protected":false},"featured_media":3914,"template":"","meta":[],"product_brand":[],"product_cat":[22],"product_tag":[],"class_list":{"0":"post-3913","1":"product","2":"type-product","3":"status-publish","4":"has-post-thumbnail","6":"product_cat-computers","7":"description-off","9":"first","10":"instock","11":"shipping-taxable","12":"purchasable","13":"product-type-simple"},"yoast_head":"<!-- This site is optimized with the Yoast SEO plugin v27.3 - https:\/\/yoast.com\/product\/yoast-seo-wordpress\/ -->\n<title>Dell Optiplex 3240 AIO - Core i5 6500 4x 3.20 ghz - Ram 8 gb ddr4 - Ssd 256 gb - Monitor 22 Inch - Full Hd 1920x1080 - WIFI - Kapidani PCCSERVICE<\/title>\n<meta name=\"robots\" content=\"index, follow, max-snippet:-1, max-image-preview:large, max-video-preview:-1\" \/>\n<link rel=\"canonical\" href=\"https:\/\/kapidani.com\/index.php\/product\/dell-optiplex-3240-aio-core-i5-6500-4x-3-20-ghz-ram-8-gb-ddr4-ssd-256-gb-monitor-22-inch-full-hd-1920x1080-wifi\/\" \/>\n<meta property=\"og:locale\" content=\"en_US\" \/>\n<meta property=\"og:type\" content=\"article\" \/>\n<meta property=\"og:title\" content=\"Dell Optiplex 3240 AIO - Core i5 6500 4x 3.20 ghz - Ram 8 gb ddr4 - Ssd 256 gb - Monitor 22 Inch - Full Hd 1920x1080 - WIFI - Kapidani PCCSERVICE\" \/>\n<meta property=\"og:description\" content=\"Dell Optiplex 3240 AIO Core i5 6500 4x 3.20 ghz Ram 8 gb ddr4 Ssd 256 gb Monitor 22 Inch Full Hd 1920x1080 WIFI Maus Tastjere wifi\" \/>\n<meta property=\"og:url\" content=\"https:\/\/kapidani.com\/index.php\/product\/dell-optiplex-3240-aio-core-i5-6500-4x-3-20-ghz-ram-8-gb-ddr4-ssd-256-gb-monitor-22-inch-full-hd-1920x1080-wifi\/\" \/>\n<meta property=\"og:site_name\" content=\"Kapidani PCCSERVICE\" \/>\n<meta property=\"article:modified_time\" content=\"2024-11-14T13:04:09+00:00\" \/>\n<meta property=\"og:image\" content=\"https:\/\/kapidani.com\/wp-content\/uploads\/2024\/11\/617b1ff6-49bf-4a6f-8e6a-cf799a9c25a9.jpeg\" \/>\n\t<meta property=\"og:image:width\" content=\"1200\" \/>\n\t<meta property=\"og:image:height\" content=\"900\" \/>\n\t<meta property=\"og:image:type\" content=\"image\/jpeg\" \/>\n<meta name=\"twitter:card\" content=\"summary_large_image\" \/>\n<meta name=\"twitter:label1\" content=\"Est. reading time\" \/>\n\t<meta name=\"twitter:data1\" content=\"1 minute\" \/>\n<script type=\"application\/ld+json\" class=\"yoast-schema-graph\">{\"@context\":\"https:\\\/\\\/schema.org\",\"@graph\":[{\"@type\":\"WebPage\",\"@id\":\"https:\\\/\\\/kapidani.com\\\/index.php\\\/product\\\/dell-optiplex-3240-aio-core-i5-6500-4x-3-20-ghz-ram-8-gb-ddr4-ssd-256-gb-monitor-22-inch-full-hd-1920x1080-wifi\\\/\",\"url\":\"https:\\\/\\\/kapidani.com\\\/index.php\\\/product\\\/dell-optiplex-3240-aio-core-i5-6500-4x-3-20-ghz-ram-8-gb-ddr4-ssd-256-gb-monitor-22-inch-full-hd-1920x1080-wifi\\\/\",\"name\":\"Dell Optiplex 3240 AIO - Core i5 6500 4x 3.20 ghz - Ram 8 gb ddr4 - Ssd 256 gb - Monitor 22 Inch - Full Hd 1920x1080 - WIFI - Kapidani PCCSERVICE\",\"isPartOf\":{\"@id\":\"https:\\\/\\\/kapidani.com\\\/#website\"},\"primaryImageOfPage\":{\"@id\":\"https:\\\/\\\/kapidani.com\\\/index.php\\\/product\\\/dell-optiplex-3240-aio-core-i5-6500-4x-3-20-ghz-ram-8-gb-ddr4-ssd-256-gb-monitor-22-inch-full-hd-1920x1080-wifi\\\/#primaryimage\"},\"image\":{\"@id\":\"https:\\\/\\\/kapidani.com\\\/index.php\\\/product\\\/dell-optiplex-3240-aio-core-i5-6500-4x-3-20-ghz-ram-8-gb-ddr4-ssd-256-gb-monitor-22-inch-full-hd-1920x1080-wifi\\\/#primaryimage\"},\"thumbnailUrl\":\"https:\\\/\\\/kapidani.com\\\/wp-content\\\/uploads\\\/2024\\\/11\\\/617b1ff6-49bf-4a6f-8e6a-cf799a9c25a9.jpeg\",\"datePublished\":\"2024-11-14T13:04:08+00:00\",\"dateModified\":\"2024-11-14T13:04:09+00:00\",\"breadcrumb\":{\"@id\":\"https:\\\/\\\/kapidani.com\\\/index.php\\\/product\\\/dell-optiplex-3240-aio-core-i5-6500-4x-3-20-ghz-ram-8-gb-ddr4-ssd-256-gb-monitor-22-inch-full-hd-1920x1080-wifi\\\/#breadcrumb\"},\"inLanguage\":\"en-US\",\"potentialAction\":[{\"@type\":\"ReadAction\",\"target\":[\"https:\\\/\\\/kapidani.com\\\/index.php\\\/product\\\/dell-optiplex-3240-aio-core-i5-6500-4x-3-20-ghz-ram-8-gb-ddr4-ssd-256-gb-monitor-22-inch-full-hd-1920x1080-wifi\\\/\"]}]},{\"@type\":\"ImageObject\",\"inLanguage\":\"en-US\",\"@id\":\"https:\\\/\\\/kapidani.com\\\/index.php\\\/product\\\/dell-optiplex-3240-aio-core-i5-6500-4x-3-20-ghz-ram-8-gb-ddr4-ssd-256-gb-monitor-22-inch-full-hd-1920x1080-wifi\\\/#primaryimage\",\"url\":\"https:\\\/\\\/kapidani.com\\\/wp-content\\\/uploads\\\/2024\\\/11\\\/617b1ff6-49bf-4a6f-8e6a-cf799a9c25a9.jpeg\",\"contentUrl\":\"https:\\\/\\\/kapidani.com\\\/wp-content\\\/uploads\\\/2024\\\/11\\\/617b1ff6-49bf-4a6f-8e6a-cf799a9c25a9.jpeg\",\"width\":1200,\"height\":900},{\"@type\":\"BreadcrumbList\",\"@id\":\"https:\\\/\\\/kapidani.com\\\/index.php\\\/product\\\/dell-optiplex-3240-aio-core-i5-6500-4x-3-20-ghz-ram-8-gb-ddr4-ssd-256-gb-monitor-22-inch-full-hd-1920x1080-wifi\\\/#breadcrumb\",\"itemListElement\":[{\"@type\":\"ListItem\",\"position\":1,\"name\":\"Home\",\"item\":\"https:\\\/\\\/kapidani.com\\\/\"},{\"@type\":\"ListItem\",\"position\":2,\"name\":\"Shop\",\"item\":\"https:\\\/\\\/kapidani.com\\\/index.php\\\/shop\\\/\"},{\"@type\":\"ListItem\",\"position\":3,\"name\":\"Dell Optiplex 3240 AIO &#8211; Core i5 6500 4x 3.20 ghz &#8211; Ram 8 gb ddr4 &#8211; Ssd 256 gb &#8211; Monitor 22 Inch &#8211; Full Hd 1920&#215;1080 &#8211; WIFI\"}]},{\"@type\":\"WebSite\",\"@id\":\"https:\\\/\\\/kapidani.com\\\/#website\",\"url\":\"https:\\\/\\\/kapidani.com\\\/\",\"name\":\"Kapidani PCCSERVICE\",\"description\":\"Hardware, Software, Accessories, Services, Hdd, Computer, Laptops,\",\"potentialAction\":[{\"@type\":\"SearchAction\",\"target\":{\"@type\":\"EntryPoint\",\"urlTemplate\":\"https:\\\/\\\/kapidani.com\\\/?s={search_term_string}\"},\"query-input\":{\"@type\":\"PropertyValueSpecification\",\"valueRequired\":true,\"valueName\":\"search_term_string\"}}],\"inLanguage\":\"en-US\"}]}<\/script>\n<!-- \/ Yoast SEO plugin. -->","yoast_head_json":{"title":"Dell Optiplex 3240 AIO - Core i5 6500 4x 3.20 ghz - Ram 8 gb ddr4 - Ssd 256 gb - Monitor 22 Inch - Full Hd 1920x1080 - WIFI - Kapidani PCCSERVICE","robots":{"index":"index","follow":"follow","max-snippet":"max-snippet:-1","max-image-preview":"max-image-preview:large","max-video-preview":"max-video-preview:-1"},"canonical":"https:\/\/kapidani.com\/index.php\/product\/dell-optiplex-3240-aio-core-i5-6500-4x-3-20-ghz-ram-8-gb-ddr4-ssd-256-gb-monitor-22-inch-full-hd-1920x1080-wifi\/","og_locale":"en_US","og_type":"article","og_title":"Dell Optiplex 3240 AIO - Core i5 6500 4x 3.20 ghz - Ram 8 gb ddr4 - Ssd 256 gb - Monitor 22 Inch - Full Hd 1920x1080 - WIFI - Kapidani PCCSERVICE","og_description":"Dell Optiplex 3240 AIO Core i5 6500 4x 3.20 ghz Ram 8 gb ddr4 Ssd 256 gb Monitor 22 Inch Full Hd 1920x1080 WIFI Maus Tastjere wifi","og_url":"https:\/\/kapidani.com\/index.php\/product\/dell-optiplex-3240-aio-core-i5-6500-4x-3-20-ghz-ram-8-gb-ddr4-ssd-256-gb-monitor-22-inch-full-hd-1920x1080-wifi\/","og_site_name":"Kapidani PCCSERVICE","article_modified_time":"2024-11-14T13:04:09+00:00","og_image":[{"width":1200,"height":900,"url":"https:\/\/kapidani.com\/wp-content\/uploads\/2024\/11\/617b1ff6-49bf-4a6f-8e6a-cf799a9c25a9.jpeg","type":"image\/jpeg"}],"twitter_card":"summary_large_image","twitter_misc":{"Est. reading time":"1 minute"},"schema":{"@context":"https:\/\/schema.org","@graph":[{"@type":"WebPage","@id":"https:\/\/kapidani.com\/index.php\/product\/dell-optiplex-3240-aio-core-i5-6500-4x-3-20-ghz-ram-8-gb-ddr4-ssd-256-gb-monitor-22-inch-full-hd-1920x1080-wifi\/","url":"https:\/\/kapidani.com\/index.php\/product\/dell-optiplex-3240-aio-core-i5-6500-4x-3-20-ghz-ram-8-gb-ddr4-ssd-256-gb-monitor-22-inch-full-hd-1920x1080-wifi\/","name":"Dell Optiplex 3240 AIO - Core i5 6500 4x 3.20 ghz - Ram 8 gb ddr4 - Ssd 256 gb - Monitor 22 Inch - Full Hd 1920x1080 - WIFI - Kapidani PCCSERVICE","isPartOf":{"@id":"https:\/\/kapidani.com\/#website"},"primaryImageOfPage":{"@id":"https:\/\/kapidani.com\/index.php\/product\/dell-optiplex-3240-aio-core-i5-6500-4x-3-20-ghz-ram-8-gb-ddr4-ssd-256-gb-monitor-22-inch-full-hd-1920x1080-wifi\/#primaryimage"},"image":{"@id":"https:\/\/kapidani.com\/index.php\/product\/dell-optiplex-3240-aio-core-i5-6500-4x-3-20-ghz-ram-8-gb-ddr4-ssd-256-gb-monitor-22-inch-full-hd-1920x1080-wifi\/#primaryimage"},"thumbnailUrl":"https:\/\/kapidani.com\/wp-content\/uploads\/2024\/11\/617b1ff6-49bf-4a6f-8e6a-cf799a9c25a9.jpeg","datePublished":"2024-11-14T13:04:08+00:00","dateModified":"2024-11-14T13:04:09+00:00","breadcrumb":{"@id":"https:\/\/kapidani.com\/index.php\/product\/dell-optiplex-3240-aio-core-i5-6500-4x-3-20-ghz-ram-8-gb-ddr4-ssd-256-gb-monitor-22-inch-full-hd-1920x1080-wifi\/#breadcrumb"},"inLanguage":"en-US","potentialAction":[{"@type":"ReadAction","target":["https:\/\/kapidani.com\/index.php\/product\/dell-optiplex-3240-aio-core-i5-6500-4x-3-20-ghz-ram-8-gb-ddr4-ssd-256-gb-monitor-22-inch-full-hd-1920x1080-wifi\/"]}]},{"@type":"ImageObject","inLanguage":"en-US","@id":"https:\/\/kapidani.com\/index.php\/product\/dell-optiplex-3240-aio-core-i5-6500-4x-3-20-ghz-ram-8-gb-ddr4-ssd-256-gb-monitor-22-inch-full-hd-1920x1080-wifi\/#primaryimage","url":"https:\/\/kapidani.com\/wp-content\/uploads\/2024\/11\/617b1ff6-49bf-4a6f-8e6a-cf799a9c25a9.jpeg","contentUrl":"https:\/\/kapidani.com\/wp-content\/uploads\/2024\/11\/617b1ff6-49bf-4a6f-8e6a-cf799a9c25a9.jpeg","width":1200,"height":900},{"@type":"BreadcrumbList","@id":"https:\/\/kapidani.com\/index.php\/product\/dell-optiplex-3240-aio-core-i5-6500-4x-3-20-ghz-ram-8-gb-ddr4-ssd-256-gb-monitor-22-inch-full-hd-1920x1080-wifi\/#breadcrumb","itemListElement":[{"@type":"ListItem","position":1,"name":"Home","item":"https:\/\/kapidani.com\/"},{"@type":"ListItem","position":2,"name":"Shop","item":"https:\/\/kapidani.com\/index.php\/shop\/"},{"@type":"ListItem","position":3,"name":"Dell Optiplex 3240 AIO &#8211; Core i5 6500 4x 3.20 ghz &#8211; Ram 8 gb ddr4 &#8211; Ssd 256 gb &#8211; Monitor 22 Inch &#8211; Full Hd 1920&#215;1080 &#8211; WIFI"}]},{"@type":"WebSite","@id":"https:\/\/kapidani.com\/#website","url":"https:\/\/kapidani.com\/","name":"Kapidani PCCSERVICE","description":"Hardware, Software, Accessories, Services, Hdd, Computer, Laptops,","potentialAction":[{"@type":"SearchAction","target":{"@type":"EntryPoint","urlTemplate":"https:\/\/kapidani.com\/?s={search_term_string}"},"query-input":{"@type":"PropertyValueSpecification","valueRequired":true,"valueName":"search_term_string"}}],"inLanguage":"en-US"}]}},"_links":{"self":[{"href":"https:\/\/kapidani.com\/index.php\/wp-json\/wp\/v2\/product\/3913","targetHints":{"allow":["GET"]}}],"collection":[{"href":"https:\/\/kapidani.com\/index.php\/wp-json\/wp\/v2\/product"}],"about":[{"href":"https:\/\/kapidani.com\/index.php\/wp-json\/wp\/v2\/types\/product"}],"wp:featuredmedia":[{"embeddable":true,"href":"https:\/\/kapidani.com\/index.php\/wp-json\/wp\/v2\/media\/3914"}],"wp:attachment":[{"href":"https:\/\/kapidani.com\/index.php\/wp-json\/wp\/v2\/media?parent=3913"}],"wp:term":[{"taxonomy":"product_brand","embeddable":true,"href":"https:\/\/kapidani.com\/index.php\/wp-json\/wp\/v2\/product_brand?post=3913"},{"taxonomy":"product_cat","embeddable":true,"href":"https:\/\/kapidani.com\/index.php\/wp-json\/wp\/v2\/product_cat?post=3913"},{"taxonomy":"product_tag","embeddable":true,"href":"https:\/\/kapidani.com\/index.php\/wp-json\/wp\/v2\/product_tag?post=3913"}],"curies":[{"name":"wp","href":"https:\/\/api.w.org\/{rel}","templated":true}]}}