{"id":396,"date":"2020-03-10T18:47:42","date_gmt":"2020-03-10T18:47:42","guid":{"rendered":"https:\/\/kapidani.com\/?post_type=product&#038;p=396"},"modified":"2024-02-04T14:38:11","modified_gmt":"2024-02-04T14:38:11","slug":"dell-latitude-e-6540-15-6-inch-full-hd-laptop-per-grafik-dizain-copy","status":"publish","type":"product","link":"https:\/\/kapidani.com\/index.php\/product\/dell-latitude-e-6540-15-6-inch-full-hd-laptop-per-grafik-dizain-copy\/","title":{"rendered":"DELL LATITUDE E 6540 15.6 INCH FULL HD &#8211;  CORE I 5 GEN4 \u2013 RAM 16 GB \u2013 SSD 256 GB \u2013 GRAFIKA ATI RADEON MARS XTX HD 8790 \u2013 CAMERA \u2013 WIFI \u2013 HDMI &#8211; LAPTOP PER GRAFIK DIZAIN"},"content":{"rendered":"<p>Kompjuter Profesional Workstation, krijuar per pune te renda si Autocad, 3D Max, Sketchup, Photoshop, Premier,<br \/>\nLight Room, After Effects, Cubase etj . . .<br \/>\nPerformanca teper e larte ben qe programet te punojne lehtesisht dhe ne rendera te medhenj.<br \/>\nLaptopi eshte krijuar me karte grafike 2 gb te dedikuar qe te suportoje me se miri vizualizimin e projekteve tuaja.<br \/>\nKy laptop ofron nj\u00eb ekuilib\u00ebr t\u00eb madh midis madh\u00ebsis\u00eb dhe transportueshm\u00ebris\u00eb. Ekrani \u00ebsht\u00eb 15.6 &#8220;dhe laptopi \u00ebsht\u00eb i trash\u00eb vet\u00ebm 1.3 in\u00e7.<br \/>\nGrada A do t\u00eb thot\u00eb q\u00eb artikulli \u00ebsht\u00eb n\u00eb gjendje 100% t\u00eb pun\u00ebs. Kozmetikisht 9 nga 10 perfekte.<br \/>\nG\u00ebrvishtje t\u00eb vogla, gjendje shume e pranushme p\u00ebr nj\u00eb laptop t\u00eb p\u00ebrdorur q\u00eb mund t\u00eb konsiderohet.<\/p>\n","protected":false},"excerpt":{"rendered":"<p><span class=\"_5mfr\"><span class=\"_6qdm\">\ud83d\uded2<\/span><\/span> DELL LATITUDE E6540<span class=\"text_exposed_show\"><br \/>\n\u2013 CORE I 5 GJENERATA 4 4200M 2,5GHZ<br \/>\n\u2013 Max Turbo Frequency 3,2 GHZ<br \/>\n\u2013 Intel\u00ae Hyper-Threading Technology<br \/>\n\u2013 RAM 16 GB DDR 3L 12800<br \/>\n\u2013 SSD 256 GB M SATA SUPER I SHPEJTE<br \/>\n\u2013 GRAFIKA HD 4400 2.2 GB SHARE<br \/>\n\u2013 GRAFIKA ATI RADEON MARS XTX HD 8790 2 GB DEDIKUAR<br \/>\n<span class=\"_5mfr\"><span class=\"_6qdm\">\u2611<\/span><\/span> MONITOR 15.6 INCH 1920&#215;1080<br \/>\n<span class=\"_5mfr\"><span class=\"_6qdm\">\u2611<\/span><\/span>\u00a0WLED HD backlight \u2013 Anti glare<br \/>\n<span class=\"_5mfr\"><span class=\"_6qdm\">\u2611<\/span><\/span>\u00a0USB 3.0<br \/>\n<span class=\"_5mfr\"><span class=\"_6qdm\">\u2611<\/span><\/span>\u00a0HDMI<br \/>\n<span class=\"_5mfr\"><span class=\"_6qdm\">\u2611<\/span><\/span>\u00a0Mini DisplayPort<br \/>\n<span class=\"_5mfr\"><span class=\"_6qdm\">\u2611<\/span><\/span>\u00a0SMART CARDREADER<br \/>\n<span class=\"_5mfr\"><span class=\"_6qdm\">\u2611<\/span><\/span>\u00a0LAN GIGABYTE<br \/>\n<span class=\"_5mfr\"><span class=\"_6qdm\">\u2611<\/span><\/span>\u00a0BLUETOOTH<br \/>\n<span class=\"_5mfr\"><span class=\"_6qdm\">\u2611<\/span><\/span>\u00a0KAMER<br \/>\n<span class=\"_5mfr\"><span class=\"_6qdm\">\u2611<\/span><\/span> 4G<br \/>\n<\/span><\/p>\n<p><span class=\"_5mfr\"><span class=\"_6qdm\">\ud83c\udde9\ud83c\uddea<\/span><\/span>\u00a0IMPORTUAR NGA GERMANY<\/p>\n<p><span class=\"_5mfr\"><span class=\"_6qdm\">\ud83d\udcdc<\/span><\/span>\u00a0\u2013 GARANCIA 6 MUAJ<br \/>\n<span class=\"_5mfr\"><span class=\"_6qdm\">\ud83d\udee0<\/span><\/span>\u00a0ASISTENCE TEKNIKE DHE PAS PERFUNDIMIT TE SAJ.<br \/>\n<span class=\"_5mfr\"><span class=\"_6qdm\">\ud83d\udcc3<\/span><\/span>\u00a0\u2013 Cdo produkt shoqerohet me fature te regullt TVSH<\/p>\n<p>Na ndiqni ne mediat sociale<\/p>\n<p><a href=\"https:\/\/www.facebook.com\/PCCService\/\">https:\/\/www.facebook.com\/PCCService\/<\/a><br \/>\n<a href=\"https:\/\/www.instagram.com\/pccserviceal\/?fbclid=IwAR2Hl9G0ef-EUuKBgJsKtHHgRQmrDpMR1DQ84_rrhs86bbWMX41Bdy9XBuQ\" target=\"_blank\" rel=\"nofollow noopener noreferrer\" data-lynx-mode=\"asynclazy\" data-lynx-uri=\"https:\/\/l.facebook.com\/l.php?u=https%3A%2F%2Fwww.instagram.com%2Fpccserviceal%2F%3Ffbclid%3DIwAR2Hl9G0ef-EUuKBgJsKtHHgRQmrDpMR1DQ84_rrhs86bbWMX41Bdy9XBuQ&amp;h=AT3knHjZkBzJw9rU9KG8SNFZ9YfCAO5Y1Eyy-2c-GKsvhDlsdEBdpCVh3pIuIPeQFpb6_Oa5oSM_EJO3pULEKjkugJQYvayPLKpaBzAwk5nW7cnsq-zN1BkhAJYUujCtmqMC_ZM\">https:\/\/www.instagram.com\/<wbr \/>pccserviceal\/<\/a><br \/>\n<span class=\"_5mfr\"><span class=\"_6qdm\"><img decoding=\"async\" class=\"emoji\" role=\"img\" draggable=\"false\" src=\"https:\/\/s.w.org\/images\/core\/emoji\/13.1.0\/svg\/1f3e0.svg\" alt=\"\ud83c\udfe0\" \/><\/span><\/span> Adresa rruga Mine Peza<br \/>\n<span class=\"_5mfr\"><span class=\"_6qdm\">\u260e\ufe0f<\/span><\/span>\u00a0Nr kontakti 0692040300<\/p>\n","protected":false},"featured_media":397,"template":"","meta":[],"product_brand":[],"product_cat":[27],"product_tag":[],"class_list":{"0":"post-396","1":"product","2":"type-product","3":"status-publish","4":"has-post-thumbnail","6":"product_cat-laptop","7":"description-off","9":"first","10":"instock","11":"shipping-taxable","12":"product-type-simple"},"yoast_head":"<!-- This site is optimized with the Yoast SEO plugin v27.3 - https:\/\/yoast.com\/product\/yoast-seo-wordpress\/ -->\n<title>DELL LATITUDE E 6540 15.6 INCH FULL HD - CORE I 5 GEN4 \u2013 RAM 16 GB \u2013 SSD 256 GB \u2013 GRAFIKA ATI RADEON MARS XTX HD 8790 \u2013 CAMERA \u2013 WIFI \u2013 HDMI - LAPTOP PER GRAFIK DIZAIN - Kapidani PCCSERVICE<\/title>\n<meta name=\"robots\" content=\"index, follow, max-snippet:-1, max-image-preview:large, max-video-preview:-1\" \/>\n<link rel=\"canonical\" href=\"https:\/\/kapidani.com\/index.php\/product\/dell-latitude-e-6540-15-6-inch-full-hd-laptop-per-grafik-dizain-copy\/\" \/>\n<meta property=\"og:locale\" content=\"en_US\" \/>\n<meta property=\"og:type\" content=\"article\" \/>\n<meta property=\"og:title\" content=\"DELL LATITUDE E 6540 15.6 INCH FULL HD - CORE I 5 GEN4 \u2013 RAM 16 GB \u2013 SSD 256 GB \u2013 GRAFIKA ATI RADEON MARS XTX HD 8790 \u2013 CAMERA \u2013 WIFI \u2013 HDMI - LAPTOP PER GRAFIK DIZAIN - Kapidani PCCSERVICE\" \/>\n<meta property=\"og:description\" content=\"\ud83d\uded2 DELL LATITUDE E6540 \u2013 CORE I 5 GJENERATA 4 4200M 2,5GHZ \u2013 Max Turbo Frequency 3,2 GHZ \u2013 Intel\u00ae Hyper-Threading Technology \u2013 RAM 16 GB DDR 3L 12800 \u2013 SSD 256 GB M SATA SUPER I SHPEJTE \u2013 GRAFIKA HD 4400 2.2 GB SHARE \u2013 GRAFIKA ATI RADEON MARS XTX HD 8790 2 GB DEDIKUAR \u2611 MONITOR 15.6 INCH 1920x1080 \u2611\u00a0WLED HD backlight \u2013 Anti glare \u2611\u00a0USB 3.0 \u2611\u00a0HDMI \u2611\u00a0Mini DisplayPort \u2611\u00a0SMART CARDREADER \u2611\u00a0LAN GIGABYTE \u2611\u00a0BLUETOOTH \u2611\u00a0KAMER \u2611 4G   \ud83c\udde9\ud83c\uddea\u00a0IMPORTUAR NGA GERMANY  \ud83d\udcdc\u00a0\u2013 GARANCIA 6 MUAJ \ud83d\udee0\u00a0ASISTENCE TEKNIKE DHE PAS PERFUNDIMIT TE SAJ. \ud83d\udcc3\u00a0\u2013 Cdo produkt shoqerohet me fature te regullt TVSH  Na ndiqni ne mediat sociale  https:\/\/www.facebook.com\/PCCService\/ https:\/\/www.instagram.com\/pccserviceal\/  Adresa rruga Mine Peza \u260e\ufe0f\u00a0Nr kontakti 0692040300\" \/>\n<meta property=\"og:url\" content=\"https:\/\/kapidani.com\/index.php\/product\/dell-latitude-e-6540-15-6-inch-full-hd-laptop-per-grafik-dizain-copy\/\" \/>\n<meta property=\"og:site_name\" content=\"Kapidani PCCSERVICE\" \/>\n<meta property=\"article:modified_time\" content=\"2024-02-04T14:38:11+00:00\" \/>\n<meta property=\"og:image\" content=\"https:\/\/kapidani.com\/wp-content\/uploads\/2020\/03\/DELL-LATITUDE-E6540-13.jpg\" \/>\n\t<meta property=\"og:image:width\" content=\"1100\" \/>\n\t<meta property=\"og:image:height\" content=\"1100\" \/>\n\t<meta property=\"og:image:type\" content=\"image\/jpeg\" \/>\n<meta name=\"twitter:card\" content=\"summary_large_image\" \/>\n<meta name=\"twitter:label1\" content=\"Est. reading time\" \/>\n\t<meta name=\"twitter:data1\" content=\"1 minute\" \/>\n<script type=\"application\/ld+json\" class=\"yoast-schema-graph\">{\"@context\":\"https:\\\/\\\/schema.org\",\"@graph\":[{\"@type\":\"WebPage\",\"@id\":\"https:\\\/\\\/kapidani.com\\\/index.php\\\/product\\\/dell-latitude-e-6540-15-6-inch-full-hd-laptop-per-grafik-dizain-copy\\\/\",\"url\":\"https:\\\/\\\/kapidani.com\\\/index.php\\\/product\\\/dell-latitude-e-6540-15-6-inch-full-hd-laptop-per-grafik-dizain-copy\\\/\",\"name\":\"DELL LATITUDE E 6540 15.6 INCH FULL HD - CORE I 5 GEN4 \u2013 RAM 16 GB \u2013 SSD 256 GB \u2013 GRAFIKA ATI RADEON MARS XTX HD 8790 \u2013 CAMERA \u2013 WIFI \u2013 HDMI - LAPTOP PER GRAFIK DIZAIN - Kapidani PCCSERVICE\",\"isPartOf\":{\"@id\":\"https:\\\/\\\/kapidani.com\\\/#website\"},\"primaryImageOfPage\":{\"@id\":\"https:\\\/\\\/kapidani.com\\\/index.php\\\/product\\\/dell-latitude-e-6540-15-6-inch-full-hd-laptop-per-grafik-dizain-copy\\\/#primaryimage\"},\"image\":{\"@id\":\"https:\\\/\\\/kapidani.com\\\/index.php\\\/product\\\/dell-latitude-e-6540-15-6-inch-full-hd-laptop-per-grafik-dizain-copy\\\/#primaryimage\"},\"thumbnailUrl\":\"https:\\\/\\\/kapidani.com\\\/wp-content\\\/uploads\\\/2020\\\/03\\\/DELL-LATITUDE-E6540-13.jpg\",\"datePublished\":\"2020-03-10T18:47:42+00:00\",\"dateModified\":\"2024-02-04T14:38:11+00:00\",\"breadcrumb\":{\"@id\":\"https:\\\/\\\/kapidani.com\\\/index.php\\\/product\\\/dell-latitude-e-6540-15-6-inch-full-hd-laptop-per-grafik-dizain-copy\\\/#breadcrumb\"},\"inLanguage\":\"en-US\",\"potentialAction\":[{\"@type\":\"ReadAction\",\"target\":[\"https:\\\/\\\/kapidani.com\\\/index.php\\\/product\\\/dell-latitude-e-6540-15-6-inch-full-hd-laptop-per-grafik-dizain-copy\\\/\"]}]},{\"@type\":\"ImageObject\",\"inLanguage\":\"en-US\",\"@id\":\"https:\\\/\\\/kapidani.com\\\/index.php\\\/product\\\/dell-latitude-e-6540-15-6-inch-full-hd-laptop-per-grafik-dizain-copy\\\/#primaryimage\",\"url\":\"https:\\\/\\\/kapidani.com\\\/wp-content\\\/uploads\\\/2020\\\/03\\\/DELL-LATITUDE-E6540-13.jpg\",\"contentUrl\":\"https:\\\/\\\/kapidani.com\\\/wp-content\\\/uploads\\\/2020\\\/03\\\/DELL-LATITUDE-E6540-13.jpg\",\"width\":1100,\"height\":1100},{\"@type\":\"BreadcrumbList\",\"@id\":\"https:\\\/\\\/kapidani.com\\\/index.php\\\/product\\\/dell-latitude-e-6540-15-6-inch-full-hd-laptop-per-grafik-dizain-copy\\\/#breadcrumb\",\"itemListElement\":[{\"@type\":\"ListItem\",\"position\":1,\"name\":\"Home\",\"item\":\"https:\\\/\\\/kapidani.com\\\/\"},{\"@type\":\"ListItem\",\"position\":2,\"name\":\"Shop\",\"item\":\"https:\\\/\\\/kapidani.com\\\/index.php\\\/shop\\\/\"},{\"@type\":\"ListItem\",\"position\":3,\"name\":\"DELL LATITUDE E 6540 15.6 INCH FULL HD &#8211; CORE I 5 GEN4 \u2013 RAM 16 GB \u2013 SSD 256 GB \u2013 GRAFIKA ATI RADEON MARS XTX HD 8790 \u2013 CAMERA \u2013 WIFI \u2013 HDMI &#8211; LAPTOP PER GRAFIK DIZAIN\"}]},{\"@type\":\"WebSite\",\"@id\":\"https:\\\/\\\/kapidani.com\\\/#website\",\"url\":\"https:\\\/\\\/kapidani.com\\\/\",\"name\":\"Kapidani PCCSERVICE\",\"description\":\"Hardware, Software, Accessories, Services, Hdd, Computer, Laptops,\",\"potentialAction\":[{\"@type\":\"SearchAction\",\"target\":{\"@type\":\"EntryPoint\",\"urlTemplate\":\"https:\\\/\\\/kapidani.com\\\/?s={search_term_string}\"},\"query-input\":{\"@type\":\"PropertyValueSpecification\",\"valueRequired\":true,\"valueName\":\"search_term_string\"}}],\"inLanguage\":\"en-US\"}]}<\/script>\n<!-- \/ Yoast SEO plugin. -->","yoast_head_json":{"title":"DELL LATITUDE E 6540 15.6 INCH FULL HD - CORE I 5 GEN4 \u2013 RAM 16 GB \u2013 SSD 256 GB \u2013 GRAFIKA ATI RADEON MARS XTX HD 8790 \u2013 CAMERA \u2013 WIFI \u2013 HDMI - LAPTOP PER GRAFIK DIZAIN - Kapidani PCCSERVICE","robots":{"index":"index","follow":"follow","max-snippet":"max-snippet:-1","max-image-preview":"max-image-preview:large","max-video-preview":"max-video-preview:-1"},"canonical":"https:\/\/kapidani.com\/index.php\/product\/dell-latitude-e-6540-15-6-inch-full-hd-laptop-per-grafik-dizain-copy\/","og_locale":"en_US","og_type":"article","og_title":"DELL LATITUDE E 6540 15.6 INCH FULL HD - CORE I 5 GEN4 \u2013 RAM 16 GB \u2013 SSD 256 GB \u2013 GRAFIKA ATI RADEON MARS XTX HD 8790 \u2013 CAMERA \u2013 WIFI \u2013 HDMI - LAPTOP PER GRAFIK DIZAIN - Kapidani PCCSERVICE","og_description":"\ud83d\uded2 DELL LATITUDE E6540 \u2013 CORE I 5 GJENERATA 4 4200M 2,5GHZ \u2013 Max Turbo Frequency 3,2 GHZ \u2013 Intel\u00ae Hyper-Threading Technology \u2013 RAM 16 GB DDR 3L 12800 \u2013 SSD 256 GB M SATA SUPER I SHPEJTE \u2013 GRAFIKA HD 4400 2.2 GB SHARE \u2013 GRAFIKA ATI RADEON MARS XTX HD 8790 2 GB DEDIKUAR \u2611 MONITOR 15.6 INCH 1920x1080 \u2611\u00a0WLED HD backlight \u2013 Anti glare \u2611\u00a0USB 3.0 \u2611\u00a0HDMI \u2611\u00a0Mini DisplayPort \u2611\u00a0SMART CARDREADER \u2611\u00a0LAN GIGABYTE \u2611\u00a0BLUETOOTH \u2611\u00a0KAMER \u2611 4G   \ud83c\udde9\ud83c\uddea\u00a0IMPORTUAR NGA GERMANY  \ud83d\udcdc\u00a0\u2013 GARANCIA 6 MUAJ \ud83d\udee0\u00a0ASISTENCE TEKNIKE DHE PAS PERFUNDIMIT TE SAJ. \ud83d\udcc3\u00a0\u2013 Cdo produkt shoqerohet me fature te regullt TVSH  Na ndiqni ne mediat sociale  https:\/\/www.facebook.com\/PCCService\/ https:\/\/www.instagram.com\/pccserviceal\/  Adresa rruga Mine Peza \u260e\ufe0f\u00a0Nr kontakti 0692040300","og_url":"https:\/\/kapidani.com\/index.php\/product\/dell-latitude-e-6540-15-6-inch-full-hd-laptop-per-grafik-dizain-copy\/","og_site_name":"Kapidani PCCSERVICE","article_modified_time":"2024-02-04T14:38:11+00:00","og_image":[{"width":1100,"height":1100,"url":"https:\/\/kapidani.com\/wp-content\/uploads\/2020\/03\/DELL-LATITUDE-E6540-13.jpg","type":"image\/jpeg"}],"twitter_card":"summary_large_image","twitter_misc":{"Est. reading time":"1 minute"},"schema":{"@context":"https:\/\/schema.org","@graph":[{"@type":"WebPage","@id":"https:\/\/kapidani.com\/index.php\/product\/dell-latitude-e-6540-15-6-inch-full-hd-laptop-per-grafik-dizain-copy\/","url":"https:\/\/kapidani.com\/index.php\/product\/dell-latitude-e-6540-15-6-inch-full-hd-laptop-per-grafik-dizain-copy\/","name":"DELL LATITUDE E 6540 15.6 INCH FULL HD - CORE I 5 GEN4 \u2013 RAM 16 GB \u2013 SSD 256 GB \u2013 GRAFIKA ATI RADEON MARS XTX HD 8790 \u2013 CAMERA \u2013 WIFI \u2013 HDMI - LAPTOP PER GRAFIK DIZAIN - Kapidani PCCSERVICE","isPartOf":{"@id":"https:\/\/kapidani.com\/#website"},"primaryImageOfPage":{"@id":"https:\/\/kapidani.com\/index.php\/product\/dell-latitude-e-6540-15-6-inch-full-hd-laptop-per-grafik-dizain-copy\/#primaryimage"},"image":{"@id":"https:\/\/kapidani.com\/index.php\/product\/dell-latitude-e-6540-15-6-inch-full-hd-laptop-per-grafik-dizain-copy\/#primaryimage"},"thumbnailUrl":"https:\/\/kapidani.com\/wp-content\/uploads\/2020\/03\/DELL-LATITUDE-E6540-13.jpg","datePublished":"2020-03-10T18:47:42+00:00","dateModified":"2024-02-04T14:38:11+00:00","breadcrumb":{"@id":"https:\/\/kapidani.com\/index.php\/product\/dell-latitude-e-6540-15-6-inch-full-hd-laptop-per-grafik-dizain-copy\/#breadcrumb"},"inLanguage":"en-US","potentialAction":[{"@type":"ReadAction","target":["https:\/\/kapidani.com\/index.php\/product\/dell-latitude-e-6540-15-6-inch-full-hd-laptop-per-grafik-dizain-copy\/"]}]},{"@type":"ImageObject","inLanguage":"en-US","@id":"https:\/\/kapidani.com\/index.php\/product\/dell-latitude-e-6540-15-6-inch-full-hd-laptop-per-grafik-dizain-copy\/#primaryimage","url":"https:\/\/kapidani.com\/wp-content\/uploads\/2020\/03\/DELL-LATITUDE-E6540-13.jpg","contentUrl":"https:\/\/kapidani.com\/wp-content\/uploads\/2020\/03\/DELL-LATITUDE-E6540-13.jpg","width":1100,"height":1100},{"@type":"BreadcrumbList","@id":"https:\/\/kapidani.com\/index.php\/product\/dell-latitude-e-6540-15-6-inch-full-hd-laptop-per-grafik-dizain-copy\/#breadcrumb","itemListElement":[{"@type":"ListItem","position":1,"name":"Home","item":"https:\/\/kapidani.com\/"},{"@type":"ListItem","position":2,"name":"Shop","item":"https:\/\/kapidani.com\/index.php\/shop\/"},{"@type":"ListItem","position":3,"name":"DELL LATITUDE E 6540 15.6 INCH FULL HD &#8211; CORE I 5 GEN4 \u2013 RAM 16 GB \u2013 SSD 256 GB \u2013 GRAFIKA ATI RADEON MARS XTX HD 8790 \u2013 CAMERA \u2013 WIFI \u2013 HDMI &#8211; LAPTOP PER GRAFIK DIZAIN"}]},{"@type":"WebSite","@id":"https:\/\/kapidani.com\/#website","url":"https:\/\/kapidani.com\/","name":"Kapidani PCCSERVICE","description":"Hardware, Software, Accessories, Services, Hdd, Computer, Laptops,","potentialAction":[{"@type":"SearchAction","target":{"@type":"EntryPoint","urlTemplate":"https:\/\/kapidani.com\/?s={search_term_string}"},"query-input":{"@type":"PropertyValueSpecification","valueRequired":true,"valueName":"search_term_string"}}],"inLanguage":"en-US"}]}},"_links":{"self":[{"href":"https:\/\/kapidani.com\/index.php\/wp-json\/wp\/v2\/product\/396","targetHints":{"allow":["GET"]}}],"collection":[{"href":"https:\/\/kapidani.com\/index.php\/wp-json\/wp\/v2\/product"}],"about":[{"href":"https:\/\/kapidani.com\/index.php\/wp-json\/wp\/v2\/types\/product"}],"wp:featuredmedia":[{"embeddable":true,"href":"https:\/\/kapidani.com\/index.php\/wp-json\/wp\/v2\/media\/397"}],"wp:attachment":[{"href":"https:\/\/kapidani.com\/index.php\/wp-json\/wp\/v2\/media?parent=396"}],"wp:term":[{"taxonomy":"product_brand","embeddable":true,"href":"https:\/\/kapidani.com\/index.php\/wp-json\/wp\/v2\/product_brand?post=396"},{"taxonomy":"product_cat","embeddable":true,"href":"https:\/\/kapidani.com\/index.php\/wp-json\/wp\/v2\/product_cat?post=396"},{"taxonomy":"product_tag","embeddable":true,"href":"https:\/\/kapidani.com\/index.php\/wp-json\/wp\/v2\/product_tag?post=396"}],"curies":[{"name":"wp","href":"https:\/\/api.w.org\/{rel}","templated":true}]}}