{"id":4032,"date":"2024-11-27T12:59:49","date_gmt":"2024-11-27T12:59:49","guid":{"rendered":"https:\/\/kapidani.com\/?post_type=product&#038;p=4032"},"modified":"2024-11-27T12:59:51","modified_gmt":"2024-11-27T12:59:51","slug":"cante-laptopi-e-holle-deri-ne-14-inch-madhesi","status":"publish","type":"product","link":"https:\/\/kapidani.com\/index.php\/product\/cante-laptopi-e-holle-deri-ne-14-inch-madhesi\/","title":{"rendered":"CANTE LAPTOPI E HOLLE &#8211; DERI NE 14 INCH MADHESI"},"content":{"rendered":"<p>Sh\u00ebnime:<br \/>\n1. P\u00ebr shkak t\u00eb monitorimit t\u00eb ndrysh\u00ebm dhe efektit t\u00eb drit\u00ebs, ngjyra e v\u00ebrtet\u00eb e sendit mund t\u00eb jet\u00eb paksa e ndryshme nga ngjyra e treguar n\u00eb fotografi. Faleminderit!<\/p>\n","protected":false},"excerpt":{"rendered":"<p>P\u00ebrb\u00ebrja e materialit: Material elastik me cil\u00ebsi t\u00eb lart\u00eb<br \/>\nPesha: 2kg<br \/>\nStijl: Biznes<br \/>\nBrend\u00ebsia: Xhepa te ndryshem<br \/>\nDoreza \/ Lloji i Rripit: Dorez\u00eb e but\u00eb<br \/>\nMbrojt\u00ebsi: Shtresa te perforcuara kundra goditjes<br \/>\nKapaciteti: mban cdo gje  iPad, 13,14 inch \u201cLaptop, let\u00ebr A4, Portofoli, fletore, etj. . .<br \/>\nMadhesia per laptop nga me i vogli deri tek 14 inch<br \/>\nKrijuar me material: NYLON dhe Poliester<br \/>\nGjinia: Unisex<br \/>\nZinxhir metalik profesional<\/p>\n","protected":false},"featured_media":4033,"template":"","meta":[],"product_brand":[],"product_cat":[49],"product_tag":[],"class_list":{"0":"post-4032","1":"product","2":"type-product","3":"status-publish","4":"has-post-thumbnail","6":"product_cat-laptop-bag","7":"description-off","9":"first","10":"instock","11":"shipping-taxable","12":"purchasable","13":"product-type-simple"},"aioseo_notices":[],"_links":{"self":[{"href":"https:\/\/kapidani.com\/index.php\/wp-json\/wp\/v2\/product\/4032","targetHints":{"allow":["GET"]}}],"collection":[{"href":"https:\/\/kapidani.com\/index.php\/wp-json\/wp\/v2\/product"}],"about":[{"href":"https:\/\/kapidani.com\/index.php\/wp-json\/wp\/v2\/types\/product"}],"wp:featuredmedia":[{"embeddable":true,"href":"https:\/\/kapidani.com\/index.php\/wp-json\/wp\/v2\/media\/4033"}],"wp:attachment":[{"href":"https:\/\/kapidani.com\/index.php\/wp-json\/wp\/v2\/media?parent=4032"}],"wp:term":[{"taxonomy":"product_brand","embeddable":true,"href":"https:\/\/kapidani.com\/index.php\/wp-json\/wp\/v2\/product_brand?post=4032"},{"taxonomy":"product_cat","embeddable":true,"href":"https:\/\/kapidani.com\/index.php\/wp-json\/wp\/v2\/product_cat?post=4032"},{"taxonomy":"product_tag","embeddable":true,"href":"https:\/\/kapidani.com\/index.php\/wp-json\/wp\/v2\/product_tag?post=4032"}],"curies":[{"name":"wp","href":"https:\/\/api.w.org\/{rel}","templated":true}]}}