{"id":4130,"date":"2025-03-06T19:55:49","date_gmt":"2025-03-06T19:55:49","guid":{"rendered":"https:\/\/kapidani.com\/?post_type=product&#038;p=4130"},"modified":"2025-03-06T20:00:05","modified_gmt":"2025-03-06T20:00:05","slug":"jonsbo-cr-1400-e-cpu-cooler-92-mm-rgb-white","status":"publish","type":"product","link":"https:\/\/kapidani.com\/index.php\/product\/jonsbo-cr-1400-e-cpu-cooler-92-mm-rgb-white\/","title":{"rendered":"Jonsbo CR-1400 E CPU Cooler  92 mm RGB WHITE"},"content":{"rendered":"<p>&nbsp;<\/p>\n<div id=\"product-detail-content-accordion-body-id-description\" class=\"accordion-collapse collapse show\" aria-labelledby=\"product-detail-content-accordion-id-description\" data-bs-parent=\"\">\n<div class=\"product-detail-content-accordion-body-content rich-content\">\n<div id=\"collapsible-description-1\" class=\"value content\">\n<ul>\n<li>Powerful 92 mm cooler<\/li>\n<li>Four 6 mm heat pipes for optimal cooling<\/li>\n<li>1x PWM fan in 92 mm format<\/li>\n<li>High compatibility with AMD and Intel<\/li>\n<li>bracket for easy installation<\/li>\n<\/ul>\n<h3>The Jonsbo CR-1400 E CPU cooler:<\/h3>\n<p>The\u00a0<i>Jonsbo CR-1400 E CPU cooler<\/i>\u00a0offers extremely high cooling performance thanks to its four heat pipes and PWM fan. The cooler is also very quiet and has immense cooling reserves for overclocked CPUs and, despite its size, can also be mounted with a motherboard installed.<\/p>\n<h3>Simple design with strong cooling performance<\/h3>\n<p>The\u00a0<i>CR-1400 E<\/i>\u00a0is a powerful single-tower cooler that enables very efficient and quiet cooling thanks to the fan. The smooth-running fan motor ensures reduced vibrations and, in conjunction with the bearing, a very long service life.<\/p>\n<h3>Perfect cooling for your CPU<\/h3>\n<p>Thanks to\u00a0<b>four high-performance heat pipes,<\/b>\u00a0the heat sink ensures excellent heat dissipation. The fin surface of the cooler is very large due to the single tower design, so that a particularly large amount of heat can be transferred to the air flowing through it.<\/p>\n<\/div>\n<\/div>\n<\/div>\n","protected":false},"excerpt":{"rendered":"<ul>\n<li>Dimensions: 92 mm (L) \u00d7 66 mm (W) \u00d7 127 mm (H)<\/li>\n<li>Material: copper (heat pipes), aluminum (fins, cover plate)<\/li>\n<li>Color: White<\/li>\n<li>Heatpipes: 4x \u00d8 6 mm<\/li>\n<li>Fan:<br \/>\n1x 92 mm PWM (800-2200 rpm, \u00b110%)<br \/>\nAir flow: 22.00-64.90 m\u00b3\/h<br \/>\nAir pressure: 0.25-2.0 mmH2O<br \/>\nNoise level: 22.3-33.8 dB(A)<br \/>\nBearing type: Hydraulic bearing<br \/>\nMTTF: \u226540,000h @25\u00b0<br \/>\nConnection: 4-pin PWM<br \/>\nNominal voltage: 12V DC<br \/>\nNominal current: 0.22A<br \/>\nPower consumption: 2.64W<\/li>\n<li>Compatibility:<br \/>\nIntel Socket LGA 1700, 1200, 115x<br \/>\nAMD Socket AM5, AM4<\/li>\n<\/ul>\n","protected":false},"featured_media":4131,"template":"","meta":[],"product_brand":[],"product_cat":[94],"product_tag":[],"class_list":{"0":"post-4130","1":"product","2":"type-product","3":"status-publish","4":"has-post-thumbnail","6":"product_cat-gaming","7":"description-off","9":"first","10":"instock","11":"sale","12":"shipping-taxable","13":"purchasable","14":"product-type-simple"},"yoast_head":"<!-- This site is optimized with the Yoast SEO plugin v27.3 - https:\/\/yoast.com\/product\/yoast-seo-wordpress\/ -->\n<title>Jonsbo CR-1400 E CPU Cooler 92 mm RGB WHITE - Kapidani PCCSERVICE<\/title>\n<meta name=\"robots\" content=\"index, follow, max-snippet:-1, max-image-preview:large, max-video-preview:-1\" \/>\n<link rel=\"canonical\" href=\"https:\/\/kapidani.com\/index.php\/product\/jonsbo-cr-1400-e-cpu-cooler-92-mm-rgb-white\/\" \/>\n<meta property=\"og:locale\" content=\"en_US\" \/>\n<meta property=\"og:type\" content=\"article\" \/>\n<meta property=\"og:title\" content=\"Jonsbo CR-1400 E CPU Cooler 92 mm RGB WHITE - Kapidani PCCSERVICE\" \/>\n<meta property=\"og:description\" content=\"Dimensions: 92 mm (L) \u00d7 66 mm (W) \u00d7 127 mm (H)  Material: copper (heat pipes), aluminum (fins, cover plate)  Color: White  Heatpipes: 4x \u00d8 6 mm  Fan: 1x 92 mm PWM (800-2200 rpm, \u00b110%) Air flow: 22.00-64.90 m\u00b3\/h Air pressure: 0.25-2.0 mmH2O Noise level: 22.3-33.8 dB(A) Bearing type: Hydraulic bearing MTTF: \u226540,000h @25\u00b0 Connection: 4-pin PWM Nominal voltage: 12V DC Nominal current: 0.22A Power consumption: 2.64W  Compatibility: Intel Socket LGA 1700, 1200, 115x AMD Socket AM5, AM4\" \/>\n<meta property=\"og:url\" content=\"https:\/\/kapidani.com\/index.php\/product\/jonsbo-cr-1400-e-cpu-cooler-92-mm-rgb-white\/\" \/>\n<meta property=\"og:site_name\" content=\"Kapidani PCCSERVICE\" \/>\n<meta property=\"article:modified_time\" content=\"2025-03-06T20:00:05+00:00\" \/>\n<meta property=\"og:image\" content=\"https:\/\/kapidani.com\/wp-content\/uploads\/2025\/03\/Jonsbo-CR-1400-E.jpg\" \/>\n\t<meta property=\"og:image:width\" content=\"731\" \/>\n\t<meta property=\"og:image:height\" content=\"731\" \/>\n\t<meta property=\"og:image:type\" content=\"image\/jpeg\" \/>\n<meta name=\"twitter:card\" content=\"summary_large_image\" \/>\n<meta name=\"twitter:label1\" content=\"Est. reading time\" \/>\n\t<meta name=\"twitter:data1\" content=\"1 minute\" \/>\n<script type=\"application\/ld+json\" class=\"yoast-schema-graph\">{\"@context\":\"https:\\\/\\\/schema.org\",\"@graph\":[{\"@type\":\"WebPage\",\"@id\":\"https:\\\/\\\/kapidani.com\\\/index.php\\\/product\\\/jonsbo-cr-1400-e-cpu-cooler-92-mm-rgb-white\\\/\",\"url\":\"https:\\\/\\\/kapidani.com\\\/index.php\\\/product\\\/jonsbo-cr-1400-e-cpu-cooler-92-mm-rgb-white\\\/\",\"name\":\"Jonsbo CR-1400 E CPU Cooler 92 mm RGB WHITE - Kapidani PCCSERVICE\",\"isPartOf\":{\"@id\":\"https:\\\/\\\/kapidani.com\\\/#website\"},\"primaryImageOfPage\":{\"@id\":\"https:\\\/\\\/kapidani.com\\\/index.php\\\/product\\\/jonsbo-cr-1400-e-cpu-cooler-92-mm-rgb-white\\\/#primaryimage\"},\"image\":{\"@id\":\"https:\\\/\\\/kapidani.com\\\/index.php\\\/product\\\/jonsbo-cr-1400-e-cpu-cooler-92-mm-rgb-white\\\/#primaryimage\"},\"thumbnailUrl\":\"https:\\\/\\\/kapidani.com\\\/wp-content\\\/uploads\\\/2025\\\/03\\\/Jonsbo-CR-1400-E.jpg\",\"datePublished\":\"2025-03-06T19:55:49+00:00\",\"dateModified\":\"2025-03-06T20:00:05+00:00\",\"breadcrumb\":{\"@id\":\"https:\\\/\\\/kapidani.com\\\/index.php\\\/product\\\/jonsbo-cr-1400-e-cpu-cooler-92-mm-rgb-white\\\/#breadcrumb\"},\"inLanguage\":\"en-US\",\"potentialAction\":[{\"@type\":\"ReadAction\",\"target\":[\"https:\\\/\\\/kapidani.com\\\/index.php\\\/product\\\/jonsbo-cr-1400-e-cpu-cooler-92-mm-rgb-white\\\/\"]}]},{\"@type\":\"ImageObject\",\"inLanguage\":\"en-US\",\"@id\":\"https:\\\/\\\/kapidani.com\\\/index.php\\\/product\\\/jonsbo-cr-1400-e-cpu-cooler-92-mm-rgb-white\\\/#primaryimage\",\"url\":\"https:\\\/\\\/kapidani.com\\\/wp-content\\\/uploads\\\/2025\\\/03\\\/Jonsbo-CR-1400-E.jpg\",\"contentUrl\":\"https:\\\/\\\/kapidani.com\\\/wp-content\\\/uploads\\\/2025\\\/03\\\/Jonsbo-CR-1400-E.jpg\",\"width\":731,\"height\":731},{\"@type\":\"BreadcrumbList\",\"@id\":\"https:\\\/\\\/kapidani.com\\\/index.php\\\/product\\\/jonsbo-cr-1400-e-cpu-cooler-92-mm-rgb-white\\\/#breadcrumb\",\"itemListElement\":[{\"@type\":\"ListItem\",\"position\":1,\"name\":\"Home\",\"item\":\"https:\\\/\\\/kapidani.com\\\/\"},{\"@type\":\"ListItem\",\"position\":2,\"name\":\"Shop\",\"item\":\"https:\\\/\\\/kapidani.com\\\/index.php\\\/shop\\\/\"},{\"@type\":\"ListItem\",\"position\":3,\"name\":\"Jonsbo CR-1400 E CPU Cooler 92 mm RGB WHITE\"}]},{\"@type\":\"WebSite\",\"@id\":\"https:\\\/\\\/kapidani.com\\\/#website\",\"url\":\"https:\\\/\\\/kapidani.com\\\/\",\"name\":\"Kapidani PCCSERVICE\",\"description\":\"Hardware, Software, Accessories, Services, Hdd, Computer, Laptops,\",\"potentialAction\":[{\"@type\":\"SearchAction\",\"target\":{\"@type\":\"EntryPoint\",\"urlTemplate\":\"https:\\\/\\\/kapidani.com\\\/?s={search_term_string}\"},\"query-input\":{\"@type\":\"PropertyValueSpecification\",\"valueRequired\":true,\"valueName\":\"search_term_string\"}}],\"inLanguage\":\"en-US\"}]}<\/script>\n<!-- \/ Yoast SEO plugin. -->","yoast_head_json":{"title":"Jonsbo CR-1400 E CPU Cooler 92 mm RGB WHITE - Kapidani PCCSERVICE","robots":{"index":"index","follow":"follow","max-snippet":"max-snippet:-1","max-image-preview":"max-image-preview:large","max-video-preview":"max-video-preview:-1"},"canonical":"https:\/\/kapidani.com\/index.php\/product\/jonsbo-cr-1400-e-cpu-cooler-92-mm-rgb-white\/","og_locale":"en_US","og_type":"article","og_title":"Jonsbo CR-1400 E CPU Cooler 92 mm RGB WHITE - Kapidani PCCSERVICE","og_description":"Dimensions: 92 mm (L) \u00d7 66 mm (W) \u00d7 127 mm (H)  Material: copper (heat pipes), aluminum (fins, cover plate)  Color: White  Heatpipes: 4x \u00d8 6 mm  Fan: 1x 92 mm PWM (800-2200 rpm, \u00b110%) Air flow: 22.00-64.90 m\u00b3\/h Air pressure: 0.25-2.0 mmH2O Noise level: 22.3-33.8 dB(A) Bearing type: Hydraulic bearing MTTF: \u226540,000h @25\u00b0 Connection: 4-pin PWM Nominal voltage: 12V DC Nominal current: 0.22A Power consumption: 2.64W  Compatibility: Intel Socket LGA 1700, 1200, 115x AMD Socket AM5, AM4","og_url":"https:\/\/kapidani.com\/index.php\/product\/jonsbo-cr-1400-e-cpu-cooler-92-mm-rgb-white\/","og_site_name":"Kapidani PCCSERVICE","article_modified_time":"2025-03-06T20:00:05+00:00","og_image":[{"width":731,"height":731,"url":"https:\/\/kapidani.com\/wp-content\/uploads\/2025\/03\/Jonsbo-CR-1400-E.jpg","type":"image\/jpeg"}],"twitter_card":"summary_large_image","twitter_misc":{"Est. reading time":"1 minute"},"schema":{"@context":"https:\/\/schema.org","@graph":[{"@type":"WebPage","@id":"https:\/\/kapidani.com\/index.php\/product\/jonsbo-cr-1400-e-cpu-cooler-92-mm-rgb-white\/","url":"https:\/\/kapidani.com\/index.php\/product\/jonsbo-cr-1400-e-cpu-cooler-92-mm-rgb-white\/","name":"Jonsbo CR-1400 E CPU Cooler 92 mm RGB WHITE - Kapidani PCCSERVICE","isPartOf":{"@id":"https:\/\/kapidani.com\/#website"},"primaryImageOfPage":{"@id":"https:\/\/kapidani.com\/index.php\/product\/jonsbo-cr-1400-e-cpu-cooler-92-mm-rgb-white\/#primaryimage"},"image":{"@id":"https:\/\/kapidani.com\/index.php\/product\/jonsbo-cr-1400-e-cpu-cooler-92-mm-rgb-white\/#primaryimage"},"thumbnailUrl":"https:\/\/kapidani.com\/wp-content\/uploads\/2025\/03\/Jonsbo-CR-1400-E.jpg","datePublished":"2025-03-06T19:55:49+00:00","dateModified":"2025-03-06T20:00:05+00:00","breadcrumb":{"@id":"https:\/\/kapidani.com\/index.php\/product\/jonsbo-cr-1400-e-cpu-cooler-92-mm-rgb-white\/#breadcrumb"},"inLanguage":"en-US","potentialAction":[{"@type":"ReadAction","target":["https:\/\/kapidani.com\/index.php\/product\/jonsbo-cr-1400-e-cpu-cooler-92-mm-rgb-white\/"]}]},{"@type":"ImageObject","inLanguage":"en-US","@id":"https:\/\/kapidani.com\/index.php\/product\/jonsbo-cr-1400-e-cpu-cooler-92-mm-rgb-white\/#primaryimage","url":"https:\/\/kapidani.com\/wp-content\/uploads\/2025\/03\/Jonsbo-CR-1400-E.jpg","contentUrl":"https:\/\/kapidani.com\/wp-content\/uploads\/2025\/03\/Jonsbo-CR-1400-E.jpg","width":731,"height":731},{"@type":"BreadcrumbList","@id":"https:\/\/kapidani.com\/index.php\/product\/jonsbo-cr-1400-e-cpu-cooler-92-mm-rgb-white\/#breadcrumb","itemListElement":[{"@type":"ListItem","position":1,"name":"Home","item":"https:\/\/kapidani.com\/"},{"@type":"ListItem","position":2,"name":"Shop","item":"https:\/\/kapidani.com\/index.php\/shop\/"},{"@type":"ListItem","position":3,"name":"Jonsbo CR-1400 E CPU Cooler 92 mm RGB WHITE"}]},{"@type":"WebSite","@id":"https:\/\/kapidani.com\/#website","url":"https:\/\/kapidani.com\/","name":"Kapidani PCCSERVICE","description":"Hardware, Software, Accessories, Services, Hdd, Computer, Laptops,","potentialAction":[{"@type":"SearchAction","target":{"@type":"EntryPoint","urlTemplate":"https:\/\/kapidani.com\/?s={search_term_string}"},"query-input":{"@type":"PropertyValueSpecification","valueRequired":true,"valueName":"search_term_string"}}],"inLanguage":"en-US"}]}},"_links":{"self":[{"href":"https:\/\/kapidani.com\/index.php\/wp-json\/wp\/v2\/product\/4130","targetHints":{"allow":["GET"]}}],"collection":[{"href":"https:\/\/kapidani.com\/index.php\/wp-json\/wp\/v2\/product"}],"about":[{"href":"https:\/\/kapidani.com\/index.php\/wp-json\/wp\/v2\/types\/product"}],"wp:featuredmedia":[{"embeddable":true,"href":"https:\/\/kapidani.com\/index.php\/wp-json\/wp\/v2\/media\/4131"}],"wp:attachment":[{"href":"https:\/\/kapidani.com\/index.php\/wp-json\/wp\/v2\/media?parent=4130"}],"wp:term":[{"taxonomy":"product_brand","embeddable":true,"href":"https:\/\/kapidani.com\/index.php\/wp-json\/wp\/v2\/product_brand?post=4130"},{"taxonomy":"product_cat","embeddable":true,"href":"https:\/\/kapidani.com\/index.php\/wp-json\/wp\/v2\/product_cat?post=4130"},{"taxonomy":"product_tag","embeddable":true,"href":"https:\/\/kapidani.com\/index.php\/wp-json\/wp\/v2\/product_tag?post=4130"}],"curies":[{"name":"wp","href":"https:\/\/api.w.org\/{rel}","templated":true}]}}