{"id":4191,"date":"2025-03-06T21:08:47","date_gmt":"2025-03-06T21:08:47","guid":{"rendered":"https:\/\/kapidani.com\/?post_type=product&#038;p=4191"},"modified":"2025-03-06T21:12:00","modified_gmt":"2025-03-06T21:12:00","slug":"jonsbo-nf-1-ram-cooler-2-fan-argb-white-black","status":"publish","type":"product","link":"https:\/\/kapidani.com\/index.php\/product\/jonsbo-nf-1-ram-cooler-2-fan-argb-white-black\/","title":{"rendered":"Jonsbo NF-1 RAM- Cooler 2 fan ARGB &#8211; White &#8211; Black"},"content":{"rendered":"<p>Der Jonsbo NF-1 wurde speziell entwickelt, um die Temperatur deiner RAM-Module effizient zu regulieren und dadurch optimale Leistung und Stabilit\u00e4t zu gew\u00e4hrleisten.<\/p>\n<h3>Optimale K\u00fchlund f\u00fcr deinen Arbeitsspeicher<\/h3>\n<p>Die integrierte RGB-Beleuchtung erm\u00f6glicht es dir, dein Setup individuell anzupassen und deinem PC eine atemberaubende Optik zu verleihen. Dank der leisen L\u00fcfter und hochwertigen Materialien ist dieser K\u00fchler nicht nur leistungsstark, sondern auch langlebig.<\/p>\n<p>Bring dein Gaming- oder Arbeitssetup auf das n\u00e4chste Level und genie\u00dfe die verbesserte Leistung deines Systems dank des NF-1 Ram-K\u00fchler mit zwei L\u00fcftern und RGB-Beleuchtung.<\/p>\n","protected":false},"excerpt":{"rendered":"<h3>Technische Details<\/h3>\n<ul>\n<li>Ma\u00dfe: 120 x 62 x 28,1 mm (B x H x T)<\/li>\n<li>Farbe: Schwarz<\/li>\n<li>Material: Metall, Kunststoff<\/li>\n<li>Eignung:<br \/>\nF\u00fcr alle RAM-Riegel auf Mainboards geeignet<\/li>\n<li>L\u00fcfter:<br \/>\nDrehzal: 600 &#8211; 3.000 U\/min<br \/>\nStatischer Druck: max. 1,6 mmH2O<br \/>\nLautst\u00e4rke: 22,4 dBA<br \/>\nAnschl\u00fcsse: 4-Pin PWM<\/li>\n<\/ul>\n","protected":false},"featured_media":4192,"template":"","meta":[],"product_brand":[],"product_cat":[94],"product_tag":[],"class_list":{"0":"post-4191","1":"product","2":"type-product","3":"status-publish","4":"has-post-thumbnail","6":"product_cat-gaming","7":"description-off","9":"first","10":"instock","11":"shipping-taxable","12":"purchasable","13":"product-type-simple"},"yoast_head":"<!-- This site is optimized with the Yoast SEO plugin v27.3 - https:\/\/yoast.com\/product\/yoast-seo-wordpress\/ -->\n<title>Jonsbo NF-1 RAM- Cooler 2 fan ARGB - White - Black - Kapidani PCCSERVICE<\/title>\n<meta name=\"robots\" content=\"index, follow, max-snippet:-1, max-image-preview:large, max-video-preview:-1\" \/>\n<link rel=\"canonical\" href=\"https:\/\/kapidani.com\/index.php\/product\/jonsbo-nf-1-ram-cooler-2-fan-argb-white-black\/\" \/>\n<meta property=\"og:locale\" content=\"en_US\" \/>\n<meta property=\"og:type\" content=\"article\" \/>\n<meta property=\"og:title\" content=\"Jonsbo NF-1 RAM- Cooler 2 fan ARGB - White - Black - Kapidani PCCSERVICE\" \/>\n<meta property=\"og:description\" content=\"Technische Details   Ma\u00dfe: 120 x 62 x 28,1 mm (B x H x T)  Farbe: Schwarz  Material: Metall, Kunststoff  Eignung: F\u00fcr alle RAM-Riegel auf Mainboards geeignet  L\u00fcfter: Drehzal: 600 - 3.000 U\/min Statischer Druck: max. 1,6 mmH2O Lautst\u00e4rke: 22,4 dBA Anschl\u00fcsse: 4-Pin PWM\" \/>\n<meta property=\"og:url\" content=\"https:\/\/kapidani.com\/index.php\/product\/jonsbo-nf-1-ram-cooler-2-fan-argb-white-black\/\" \/>\n<meta property=\"og:site_name\" content=\"Kapidani PCCSERVICE\" \/>\n<meta property=\"article:modified_time\" content=\"2025-03-06T21:12:00+00:00\" \/>\n<meta property=\"og:image\" content=\"https:\/\/kapidani.com\/wp-content\/uploads\/2025\/03\/Jonsbo-NF-1-RAM-Kuhler-ARGB-schwarz.jpg\" \/>\n\t<meta property=\"og:image:width\" content=\"731\" \/>\n\t<meta property=\"og:image:height\" content=\"731\" \/>\n\t<meta property=\"og:image:type\" content=\"image\/jpeg\" \/>\n<meta name=\"twitter:card\" content=\"summary_large_image\" \/>\n<script type=\"application\/ld+json\" class=\"yoast-schema-graph\">{\"@context\":\"https:\\\/\\\/schema.org\",\"@graph\":[{\"@type\":\"WebPage\",\"@id\":\"https:\\\/\\\/kapidani.com\\\/index.php\\\/product\\\/jonsbo-nf-1-ram-cooler-2-fan-argb-white-black\\\/\",\"url\":\"https:\\\/\\\/kapidani.com\\\/index.php\\\/product\\\/jonsbo-nf-1-ram-cooler-2-fan-argb-white-black\\\/\",\"name\":\"Jonsbo NF-1 RAM- Cooler 2 fan ARGB - White - Black - Kapidani PCCSERVICE\",\"isPartOf\":{\"@id\":\"https:\\\/\\\/kapidani.com\\\/#website\"},\"primaryImageOfPage\":{\"@id\":\"https:\\\/\\\/kapidani.com\\\/index.php\\\/product\\\/jonsbo-nf-1-ram-cooler-2-fan-argb-white-black\\\/#primaryimage\"},\"image\":{\"@id\":\"https:\\\/\\\/kapidani.com\\\/index.php\\\/product\\\/jonsbo-nf-1-ram-cooler-2-fan-argb-white-black\\\/#primaryimage\"},\"thumbnailUrl\":\"https:\\\/\\\/kapidani.com\\\/wp-content\\\/uploads\\\/2025\\\/03\\\/Jonsbo-NF-1-RAM-Kuhler-ARGB-schwarz.jpg\",\"datePublished\":\"2025-03-06T21:08:47+00:00\",\"dateModified\":\"2025-03-06T21:12:00+00:00\",\"breadcrumb\":{\"@id\":\"https:\\\/\\\/kapidani.com\\\/index.php\\\/product\\\/jonsbo-nf-1-ram-cooler-2-fan-argb-white-black\\\/#breadcrumb\"},\"inLanguage\":\"en-US\",\"potentialAction\":[{\"@type\":\"ReadAction\",\"target\":[\"https:\\\/\\\/kapidani.com\\\/index.php\\\/product\\\/jonsbo-nf-1-ram-cooler-2-fan-argb-white-black\\\/\"]}]},{\"@type\":\"ImageObject\",\"inLanguage\":\"en-US\",\"@id\":\"https:\\\/\\\/kapidani.com\\\/index.php\\\/product\\\/jonsbo-nf-1-ram-cooler-2-fan-argb-white-black\\\/#primaryimage\",\"url\":\"https:\\\/\\\/kapidani.com\\\/wp-content\\\/uploads\\\/2025\\\/03\\\/Jonsbo-NF-1-RAM-Kuhler-ARGB-schwarz.jpg\",\"contentUrl\":\"https:\\\/\\\/kapidani.com\\\/wp-content\\\/uploads\\\/2025\\\/03\\\/Jonsbo-NF-1-RAM-Kuhler-ARGB-schwarz.jpg\",\"width\":731,\"height\":731},{\"@type\":\"BreadcrumbList\",\"@id\":\"https:\\\/\\\/kapidani.com\\\/index.php\\\/product\\\/jonsbo-nf-1-ram-cooler-2-fan-argb-white-black\\\/#breadcrumb\",\"itemListElement\":[{\"@type\":\"ListItem\",\"position\":1,\"name\":\"Home\",\"item\":\"https:\\\/\\\/kapidani.com\\\/\"},{\"@type\":\"ListItem\",\"position\":2,\"name\":\"Shop\",\"item\":\"https:\\\/\\\/kapidani.com\\\/index.php\\\/shop\\\/\"},{\"@type\":\"ListItem\",\"position\":3,\"name\":\"Jonsbo NF-1 RAM- Cooler 2 fan ARGB &#8211; White &#8211; Black\"}]},{\"@type\":\"WebSite\",\"@id\":\"https:\\\/\\\/kapidani.com\\\/#website\",\"url\":\"https:\\\/\\\/kapidani.com\\\/\",\"name\":\"Kapidani PCCSERVICE\",\"description\":\"Hardware, Software, Accessories, Services, Hdd, Computer, Laptops,\",\"potentialAction\":[{\"@type\":\"SearchAction\",\"target\":{\"@type\":\"EntryPoint\",\"urlTemplate\":\"https:\\\/\\\/kapidani.com\\\/?s={search_term_string}\"},\"query-input\":{\"@type\":\"PropertyValueSpecification\",\"valueRequired\":true,\"valueName\":\"search_term_string\"}}],\"inLanguage\":\"en-US\"}]}<\/script>\n<!-- \/ Yoast SEO plugin. -->","yoast_head_json":{"title":"Jonsbo NF-1 RAM- Cooler 2 fan ARGB - White - Black - Kapidani PCCSERVICE","robots":{"index":"index","follow":"follow","max-snippet":"max-snippet:-1","max-image-preview":"max-image-preview:large","max-video-preview":"max-video-preview:-1"},"canonical":"https:\/\/kapidani.com\/index.php\/product\/jonsbo-nf-1-ram-cooler-2-fan-argb-white-black\/","og_locale":"en_US","og_type":"article","og_title":"Jonsbo NF-1 RAM- Cooler 2 fan ARGB - White - Black - Kapidani PCCSERVICE","og_description":"Technische Details   Ma\u00dfe: 120 x 62 x 28,1 mm (B x H x T)  Farbe: Schwarz  Material: Metall, Kunststoff  Eignung: F\u00fcr alle RAM-Riegel auf Mainboards geeignet  L\u00fcfter: Drehzal: 600 - 3.000 U\/min Statischer Druck: max. 1,6 mmH2O Lautst\u00e4rke: 22,4 dBA Anschl\u00fcsse: 4-Pin PWM","og_url":"https:\/\/kapidani.com\/index.php\/product\/jonsbo-nf-1-ram-cooler-2-fan-argb-white-black\/","og_site_name":"Kapidani PCCSERVICE","article_modified_time":"2025-03-06T21:12:00+00:00","og_image":[{"width":731,"height":731,"url":"https:\/\/kapidani.com\/wp-content\/uploads\/2025\/03\/Jonsbo-NF-1-RAM-Kuhler-ARGB-schwarz.jpg","type":"image\/jpeg"}],"twitter_card":"summary_large_image","schema":{"@context":"https:\/\/schema.org","@graph":[{"@type":"WebPage","@id":"https:\/\/kapidani.com\/index.php\/product\/jonsbo-nf-1-ram-cooler-2-fan-argb-white-black\/","url":"https:\/\/kapidani.com\/index.php\/product\/jonsbo-nf-1-ram-cooler-2-fan-argb-white-black\/","name":"Jonsbo NF-1 RAM- Cooler 2 fan ARGB - White - Black - Kapidani PCCSERVICE","isPartOf":{"@id":"https:\/\/kapidani.com\/#website"},"primaryImageOfPage":{"@id":"https:\/\/kapidani.com\/index.php\/product\/jonsbo-nf-1-ram-cooler-2-fan-argb-white-black\/#primaryimage"},"image":{"@id":"https:\/\/kapidani.com\/index.php\/product\/jonsbo-nf-1-ram-cooler-2-fan-argb-white-black\/#primaryimage"},"thumbnailUrl":"https:\/\/kapidani.com\/wp-content\/uploads\/2025\/03\/Jonsbo-NF-1-RAM-Kuhler-ARGB-schwarz.jpg","datePublished":"2025-03-06T21:08:47+00:00","dateModified":"2025-03-06T21:12:00+00:00","breadcrumb":{"@id":"https:\/\/kapidani.com\/index.php\/product\/jonsbo-nf-1-ram-cooler-2-fan-argb-white-black\/#breadcrumb"},"inLanguage":"en-US","potentialAction":[{"@type":"ReadAction","target":["https:\/\/kapidani.com\/index.php\/product\/jonsbo-nf-1-ram-cooler-2-fan-argb-white-black\/"]}]},{"@type":"ImageObject","inLanguage":"en-US","@id":"https:\/\/kapidani.com\/index.php\/product\/jonsbo-nf-1-ram-cooler-2-fan-argb-white-black\/#primaryimage","url":"https:\/\/kapidani.com\/wp-content\/uploads\/2025\/03\/Jonsbo-NF-1-RAM-Kuhler-ARGB-schwarz.jpg","contentUrl":"https:\/\/kapidani.com\/wp-content\/uploads\/2025\/03\/Jonsbo-NF-1-RAM-Kuhler-ARGB-schwarz.jpg","width":731,"height":731},{"@type":"BreadcrumbList","@id":"https:\/\/kapidani.com\/index.php\/product\/jonsbo-nf-1-ram-cooler-2-fan-argb-white-black\/#breadcrumb","itemListElement":[{"@type":"ListItem","position":1,"name":"Home","item":"https:\/\/kapidani.com\/"},{"@type":"ListItem","position":2,"name":"Shop","item":"https:\/\/kapidani.com\/index.php\/shop\/"},{"@type":"ListItem","position":3,"name":"Jonsbo NF-1 RAM- Cooler 2 fan ARGB &#8211; White &#8211; Black"}]},{"@type":"WebSite","@id":"https:\/\/kapidani.com\/#website","url":"https:\/\/kapidani.com\/","name":"Kapidani PCCSERVICE","description":"Hardware, Software, Accessories, Services, Hdd, Computer, Laptops,","potentialAction":[{"@type":"SearchAction","target":{"@type":"EntryPoint","urlTemplate":"https:\/\/kapidani.com\/?s={search_term_string}"},"query-input":{"@type":"PropertyValueSpecification","valueRequired":true,"valueName":"search_term_string"}}],"inLanguage":"en-US"}]}},"_links":{"self":[{"href":"https:\/\/kapidani.com\/index.php\/wp-json\/wp\/v2\/product\/4191","targetHints":{"allow":["GET"]}}],"collection":[{"href":"https:\/\/kapidani.com\/index.php\/wp-json\/wp\/v2\/product"}],"about":[{"href":"https:\/\/kapidani.com\/index.php\/wp-json\/wp\/v2\/types\/product"}],"wp:featuredmedia":[{"embeddable":true,"href":"https:\/\/kapidani.com\/index.php\/wp-json\/wp\/v2\/media\/4192"}],"wp:attachment":[{"href":"https:\/\/kapidani.com\/index.php\/wp-json\/wp\/v2\/media?parent=4191"}],"wp:term":[{"taxonomy":"product_brand","embeddable":true,"href":"https:\/\/kapidani.com\/index.php\/wp-json\/wp\/v2\/product_brand?post=4191"},{"taxonomy":"product_cat","embeddable":true,"href":"https:\/\/kapidani.com\/index.php\/wp-json\/wp\/v2\/product_cat?post=4191"},{"taxonomy":"product_tag","embeddable":true,"href":"https:\/\/kapidani.com\/index.php\/wp-json\/wp\/v2\/product_tag?post=4191"}],"curies":[{"name":"wp","href":"https:\/\/api.w.org\/{rel}","templated":true}]}}