{"id":4209,"date":"2025-03-06T21:36:42","date_gmt":"2025-03-06T21:36:42","guid":{"rendered":"https:\/\/kapidani.com\/?post_type=product&#038;p=4209"},"modified":"2025-03-06T21:36:43","modified_gmt":"2025-03-06T21:36:43","slug":"silverstone-sst-st40f-es230-strider-essential-series-400-watt","status":"publish","type":"product","link":"https:\/\/kapidani.com\/index.php\/product\/silverstone-sst-st40f-es230-strider-essential-series-400-watt\/","title":{"rendered":"SilverStone SST-ST40F-ES230 Strider Essential Series &#8211; 400 Watt"},"content":{"rendered":"<p><button id=\"product-detail-content-accordion-id-description\" class=\"product-detail-content-accordion-head border-bottom d-flex align-items-center p-2 btn-reset w-100 collapsed-icon-flip\" type=\"button\" data-bs-toggle=\"collapse\" data-bs-target=\"#product-detail-content-accordion-body-id-description\" aria-expanded=\"true\" aria-controls=\"product-detail-content-accordion-body-id-description\"><span class=\"h5 me-auto mb-0\">Beschreibung<\/span><\/button><\/p>\n<div id=\"product-detail-content-accordion-body-id-description\" class=\"accordion-collapse collapse show\" aria-labelledby=\"product-detail-content-accordion-id-description\" data-bs-parent=\"\">\n<div class=\"product-detail-content-accordion-body-content rich-content\">\n<div id=\"collapsible-description-1\" class=\"value content\">Die Strider-Netzteile von SilverStone stellen die Silent-Reihe des Edel-Herstellers dar und werden in unz\u00e4hligen Leistungsstufen angeboten. Damit stellen sie f\u00fcr nahezu alle Anwender eine perfekte L\u00f6sung bereit, die Leistung mit geringer Lautst\u00e4rke verbinden wollen. Mit der Strider-Essential-Serie verkn\u00fcpft SilverStone nun die gewohnten Vorteile, verbunden mit einer grundsoliden Ausstattung zu einem attraktiven Preis.<\/p>\n<p>Das bei dieser Variante schwarz lackierte PSU-Geh\u00e4use besitzt nur eine minimale Einbautiefe (14 cm), womit es sich auch in \u00e4lteren PC-Geh\u00e4usen ohne Probleme verbauen l\u00e4sst, die mit den meist \u00fcberlangen Spezifikationen aktueller PSUs oft \u00fcberfordert sind. Ein L\u00fcftergitter sch\u00fctzt den 120-mm-Ventilator, der je nach Belastung automatisch seine Drehzahl anpasst und somit f\u00fcr eine minimale Ger\u00e4uschentwicklung sorgt.<\/p>\n<p>Der Netzteil Wirkungsgrad von 80 Prozent in der Spitze (bei 230 Volt und 50 Hz) erf\u00fcllt das Netzteil spielend und erh\u00e4lt damit die entsprechende Plakette. Dies reduziert den Stromverbrauch gegen\u00fcber Netzteilen mit geringerem Wirkungsgrad. Zugleich wird die W\u00e4rmeabgabe gesenkt, was durch niedrigere L\u00fcfterdrehzahlen wiederum der geringen Lautst\u00e4rke zugutekommt.<\/p>\n<p>Statt einer mehrfach aufgesplitteten 12-V-Leitung verf\u00fcgt das SST-ST40F-ES-230 \u00fcber eine kr\u00e4ftige Single-Rail mit satten 30 Ampere Stromst\u00e4rke. Die Hauptleitung des 400-Watt-Netzteils versorgt also selbst solche Systeme zuverl\u00e4ssig, die mit \u00fcbertakteten Komponenten ausgestattet sind.<\/p>\n<p>Die fest angebundenen Kabel umfassen alle notwendigen Anschl\u00fcsse zur Anbindung mittlerer Konfigurationen. Neben dem obligatorischen 20+4-Pin-Verbinder f\u00fcr das Mainboard steht f\u00fcr die CPU ein 4+4-Pin-Stecker bereit. F\u00fcr die Versorgung der Grafikkarte sorgen zwei 6+2-Pin-PCIe-Anschl\u00fcsse. Zus\u00e4tzlich lassen sich vier SATA-Drives, drei 4-Pol-Molex-Ger\u00e4te sowie ein Floppy-Laufwerk anschlie\u00dfen.<\/p><\/div>\n<\/div>\n<\/div>\n","protected":false},"excerpt":{"rendered":"<ul>\n<li>Ma\u00dfe: 150 x 86 x 140 mm (B x H x T)<\/li>\n<li>Gewicht: ca. 1,26 kg<\/li>\n<li>Farbe: Schwarz<\/li>\n<li>L\u00fcfter: 120 mm (min. 18 dB(A), automatische Steuerung)<\/li>\n<li>Effizienz: max. 85 %, 80 PLUS Zertifikat<\/li>\n<li>Active PFC (&gt; 0,90 bei 230 V\/50 Hz)<\/li>\n<li>Leistung: 400 Watt<br \/>\n+3,3V: 17 A<br \/>\n+5V: 16 A<br \/>\n+3,3V &amp; +5V kombiniert: 100 W<br \/>\n+12V: 360 W \/ 30 A<br \/>\n-12V: 6 W \/ 0,3 A<br \/>\n+5Vsb: 2,5 A<\/li>\n<li>Anschl\u00fcsse (fest):<br \/>\n1x 20+4-Pin ATX12V \/ EPS12V<br \/>\n1x 4+4-Pin ATX12V \/ EPS12V<br \/>\n2x 6+2-Pin-PCIe<br \/>\n4x SATA<br \/>\n3x 4-Pol Molex<br \/>\n1x Floppy<\/li>\n<\/ul>\n","protected":false},"featured_media":4210,"template":"","meta":[],"product_brand":[],"product_cat":[94],"product_tag":[],"class_list":{"0":"post-4209","1":"product","2":"type-product","3":"status-publish","4":"has-post-thumbnail","6":"product_cat-gaming","7":"description-off","9":"first","10":"instock","11":"shipping-taxable","12":"purchasable","13":"product-type-simple"},"yoast_head":"<!-- This site is optimized with the Yoast SEO plugin v27.3 - https:\/\/yoast.com\/product\/yoast-seo-wordpress\/ -->\n<title>SilverStone SST-ST40F-ES230 Strider Essential Series - 400 Watt - Kapidani PCCSERVICE<\/title>\n<meta name=\"robots\" content=\"index, follow, max-snippet:-1, max-image-preview:large, max-video-preview:-1\" \/>\n<link rel=\"canonical\" href=\"https:\/\/kapidani.com\/index.php\/product\/silverstone-sst-st40f-es230-strider-essential-series-400-watt\/\" \/>\n<meta property=\"og:locale\" content=\"en_US\" \/>\n<meta property=\"og:type\" content=\"article\" \/>\n<meta property=\"og:title\" content=\"SilverStone SST-ST40F-ES230 Strider Essential Series - 400 Watt - Kapidani PCCSERVICE\" \/>\n<meta property=\"og:description\" content=\"Ma\u00dfe: 150 x 86 x 140 mm (B x H x T)  Gewicht: ca. 1,26 kg  Farbe: Schwarz  L\u00fcfter: 120 mm (min. 18 dB(A), automatische Steuerung)  Effizienz: max. 85 %, 80 PLUS Zertifikat  Active PFC (&gt; 0,90 bei 230 V\/50 Hz)  Leistung: 400 Watt +3,3V: 17 A +5V: 16 A +3,3V &amp; +5V kombiniert: 100 W +12V: 360 W \/ 30 A -12V: 6 W \/ 0,3 A +5Vsb: 2,5 A  Anschl\u00fcsse (fest): 1x 20+4-Pin ATX12V \/ EPS12V 1x 4+4-Pin ATX12V \/ EPS12V 2x 6+2-Pin-PCIe 4x SATA 3x 4-Pol Molex 1x Floppy\" \/>\n<meta property=\"og:url\" content=\"https:\/\/kapidani.com\/index.php\/product\/silverstone-sst-st40f-es230-strider-essential-series-400-watt\/\" \/>\n<meta property=\"og:site_name\" content=\"Kapidani PCCSERVICE\" \/>\n<meta property=\"article:modified_time\" content=\"2025-03-06T21:36:43+00:00\" \/>\n<meta property=\"og:image\" content=\"https:\/\/kapidani.com\/wp-content\/uploads\/2025\/03\/SilverStone-SST-ST40F-ES230-Strider-Essential-Series-400-Watt.jpg\" \/>\n\t<meta property=\"og:image:width\" content=\"731\" \/>\n\t<meta property=\"og:image:height\" content=\"731\" \/>\n\t<meta property=\"og:image:type\" content=\"image\/jpeg\" \/>\n<meta name=\"twitter:card\" content=\"summary_large_image\" \/>\n<meta name=\"twitter:label1\" content=\"Est. reading time\" \/>\n\t<meta name=\"twitter:data1\" content=\"1 minute\" \/>\n<script type=\"application\/ld+json\" class=\"yoast-schema-graph\">{\"@context\":\"https:\\\/\\\/schema.org\",\"@graph\":[{\"@type\":\"WebPage\",\"@id\":\"https:\\\/\\\/kapidani.com\\\/index.php\\\/product\\\/silverstone-sst-st40f-es230-strider-essential-series-400-watt\\\/\",\"url\":\"https:\\\/\\\/kapidani.com\\\/index.php\\\/product\\\/silverstone-sst-st40f-es230-strider-essential-series-400-watt\\\/\",\"name\":\"SilverStone SST-ST40F-ES230 Strider Essential Series - 400 Watt - Kapidani PCCSERVICE\",\"isPartOf\":{\"@id\":\"https:\\\/\\\/kapidani.com\\\/#website\"},\"primaryImageOfPage\":{\"@id\":\"https:\\\/\\\/kapidani.com\\\/index.php\\\/product\\\/silverstone-sst-st40f-es230-strider-essential-series-400-watt\\\/#primaryimage\"},\"image\":{\"@id\":\"https:\\\/\\\/kapidani.com\\\/index.php\\\/product\\\/silverstone-sst-st40f-es230-strider-essential-series-400-watt\\\/#primaryimage\"},\"thumbnailUrl\":\"https:\\\/\\\/kapidani.com\\\/wp-content\\\/uploads\\\/2025\\\/03\\\/SilverStone-SST-ST40F-ES230-Strider-Essential-Series-400-Watt.jpg\",\"datePublished\":\"2025-03-06T21:36:42+00:00\",\"dateModified\":\"2025-03-06T21:36:43+00:00\",\"breadcrumb\":{\"@id\":\"https:\\\/\\\/kapidani.com\\\/index.php\\\/product\\\/silverstone-sst-st40f-es230-strider-essential-series-400-watt\\\/#breadcrumb\"},\"inLanguage\":\"en-US\",\"potentialAction\":[{\"@type\":\"ReadAction\",\"target\":[\"https:\\\/\\\/kapidani.com\\\/index.php\\\/product\\\/silverstone-sst-st40f-es230-strider-essential-series-400-watt\\\/\"]}]},{\"@type\":\"ImageObject\",\"inLanguage\":\"en-US\",\"@id\":\"https:\\\/\\\/kapidani.com\\\/index.php\\\/product\\\/silverstone-sst-st40f-es230-strider-essential-series-400-watt\\\/#primaryimage\",\"url\":\"https:\\\/\\\/kapidani.com\\\/wp-content\\\/uploads\\\/2025\\\/03\\\/SilverStone-SST-ST40F-ES230-Strider-Essential-Series-400-Watt.jpg\",\"contentUrl\":\"https:\\\/\\\/kapidani.com\\\/wp-content\\\/uploads\\\/2025\\\/03\\\/SilverStone-SST-ST40F-ES230-Strider-Essential-Series-400-Watt.jpg\",\"width\":731,\"height\":731},{\"@type\":\"BreadcrumbList\",\"@id\":\"https:\\\/\\\/kapidani.com\\\/index.php\\\/product\\\/silverstone-sst-st40f-es230-strider-essential-series-400-watt\\\/#breadcrumb\",\"itemListElement\":[{\"@type\":\"ListItem\",\"position\":1,\"name\":\"Home\",\"item\":\"https:\\\/\\\/kapidani.com\\\/\"},{\"@type\":\"ListItem\",\"position\":2,\"name\":\"Shop\",\"item\":\"https:\\\/\\\/kapidani.com\\\/index.php\\\/shop\\\/\"},{\"@type\":\"ListItem\",\"position\":3,\"name\":\"SilverStone SST-ST40F-ES230 Strider Essential Series &#8211; 400 Watt\"}]},{\"@type\":\"WebSite\",\"@id\":\"https:\\\/\\\/kapidani.com\\\/#website\",\"url\":\"https:\\\/\\\/kapidani.com\\\/\",\"name\":\"Kapidani PCCSERVICE\",\"description\":\"Hardware, Software, Accessories, Services, Hdd, Computer, Laptops,\",\"potentialAction\":[{\"@type\":\"SearchAction\",\"target\":{\"@type\":\"EntryPoint\",\"urlTemplate\":\"https:\\\/\\\/kapidani.com\\\/?s={search_term_string}\"},\"query-input\":{\"@type\":\"PropertyValueSpecification\",\"valueRequired\":true,\"valueName\":\"search_term_string\"}}],\"inLanguage\":\"en-US\"}]}<\/script>\n<!-- \/ Yoast SEO plugin. -->","yoast_head_json":{"title":"SilverStone SST-ST40F-ES230 Strider Essential Series - 400 Watt - Kapidani PCCSERVICE","robots":{"index":"index","follow":"follow","max-snippet":"max-snippet:-1","max-image-preview":"max-image-preview:large","max-video-preview":"max-video-preview:-1"},"canonical":"https:\/\/kapidani.com\/index.php\/product\/silverstone-sst-st40f-es230-strider-essential-series-400-watt\/","og_locale":"en_US","og_type":"article","og_title":"SilverStone SST-ST40F-ES230 Strider Essential Series - 400 Watt - Kapidani PCCSERVICE","og_description":"Ma\u00dfe: 150 x 86 x 140 mm (B x H x T)  Gewicht: ca. 1,26 kg  Farbe: Schwarz  L\u00fcfter: 120 mm (min. 18 dB(A), automatische Steuerung)  Effizienz: max. 85 %, 80 PLUS Zertifikat  Active PFC (&gt; 0,90 bei 230 V\/50 Hz)  Leistung: 400 Watt +3,3V: 17 A +5V: 16 A +3,3V &amp; +5V kombiniert: 100 W +12V: 360 W \/ 30 A -12V: 6 W \/ 0,3 A +5Vsb: 2,5 A  Anschl\u00fcsse (fest): 1x 20+4-Pin ATX12V \/ EPS12V 1x 4+4-Pin ATX12V \/ EPS12V 2x 6+2-Pin-PCIe 4x SATA 3x 4-Pol Molex 1x Floppy","og_url":"https:\/\/kapidani.com\/index.php\/product\/silverstone-sst-st40f-es230-strider-essential-series-400-watt\/","og_site_name":"Kapidani PCCSERVICE","article_modified_time":"2025-03-06T21:36:43+00:00","og_image":[{"width":731,"height":731,"url":"https:\/\/kapidani.com\/wp-content\/uploads\/2025\/03\/SilverStone-SST-ST40F-ES230-Strider-Essential-Series-400-Watt.jpg","type":"image\/jpeg"}],"twitter_card":"summary_large_image","twitter_misc":{"Est. reading time":"1 minute"},"schema":{"@context":"https:\/\/schema.org","@graph":[{"@type":"WebPage","@id":"https:\/\/kapidani.com\/index.php\/product\/silverstone-sst-st40f-es230-strider-essential-series-400-watt\/","url":"https:\/\/kapidani.com\/index.php\/product\/silverstone-sst-st40f-es230-strider-essential-series-400-watt\/","name":"SilverStone SST-ST40F-ES230 Strider Essential Series - 400 Watt - Kapidani PCCSERVICE","isPartOf":{"@id":"https:\/\/kapidani.com\/#website"},"primaryImageOfPage":{"@id":"https:\/\/kapidani.com\/index.php\/product\/silverstone-sst-st40f-es230-strider-essential-series-400-watt\/#primaryimage"},"image":{"@id":"https:\/\/kapidani.com\/index.php\/product\/silverstone-sst-st40f-es230-strider-essential-series-400-watt\/#primaryimage"},"thumbnailUrl":"https:\/\/kapidani.com\/wp-content\/uploads\/2025\/03\/SilverStone-SST-ST40F-ES230-Strider-Essential-Series-400-Watt.jpg","datePublished":"2025-03-06T21:36:42+00:00","dateModified":"2025-03-06T21:36:43+00:00","breadcrumb":{"@id":"https:\/\/kapidani.com\/index.php\/product\/silverstone-sst-st40f-es230-strider-essential-series-400-watt\/#breadcrumb"},"inLanguage":"en-US","potentialAction":[{"@type":"ReadAction","target":["https:\/\/kapidani.com\/index.php\/product\/silverstone-sst-st40f-es230-strider-essential-series-400-watt\/"]}]},{"@type":"ImageObject","inLanguage":"en-US","@id":"https:\/\/kapidani.com\/index.php\/product\/silverstone-sst-st40f-es230-strider-essential-series-400-watt\/#primaryimage","url":"https:\/\/kapidani.com\/wp-content\/uploads\/2025\/03\/SilverStone-SST-ST40F-ES230-Strider-Essential-Series-400-Watt.jpg","contentUrl":"https:\/\/kapidani.com\/wp-content\/uploads\/2025\/03\/SilverStone-SST-ST40F-ES230-Strider-Essential-Series-400-Watt.jpg","width":731,"height":731},{"@type":"BreadcrumbList","@id":"https:\/\/kapidani.com\/index.php\/product\/silverstone-sst-st40f-es230-strider-essential-series-400-watt\/#breadcrumb","itemListElement":[{"@type":"ListItem","position":1,"name":"Home","item":"https:\/\/kapidani.com\/"},{"@type":"ListItem","position":2,"name":"Shop","item":"https:\/\/kapidani.com\/index.php\/shop\/"},{"@type":"ListItem","position":3,"name":"SilverStone SST-ST40F-ES230 Strider Essential Series &#8211; 400 Watt"}]},{"@type":"WebSite","@id":"https:\/\/kapidani.com\/#website","url":"https:\/\/kapidani.com\/","name":"Kapidani PCCSERVICE","description":"Hardware, Software, Accessories, Services, Hdd, Computer, Laptops,","potentialAction":[{"@type":"SearchAction","target":{"@type":"EntryPoint","urlTemplate":"https:\/\/kapidani.com\/?s={search_term_string}"},"query-input":{"@type":"PropertyValueSpecification","valueRequired":true,"valueName":"search_term_string"}}],"inLanguage":"en-US"}]}},"_links":{"self":[{"href":"https:\/\/kapidani.com\/index.php\/wp-json\/wp\/v2\/product\/4209","targetHints":{"allow":["GET"]}}],"collection":[{"href":"https:\/\/kapidani.com\/index.php\/wp-json\/wp\/v2\/product"}],"about":[{"href":"https:\/\/kapidani.com\/index.php\/wp-json\/wp\/v2\/types\/product"}],"wp:featuredmedia":[{"embeddable":true,"href":"https:\/\/kapidani.com\/index.php\/wp-json\/wp\/v2\/media\/4210"}],"wp:attachment":[{"href":"https:\/\/kapidani.com\/index.php\/wp-json\/wp\/v2\/media?parent=4209"}],"wp:term":[{"taxonomy":"product_brand","embeddable":true,"href":"https:\/\/kapidani.com\/index.php\/wp-json\/wp\/v2\/product_brand?post=4209"},{"taxonomy":"product_cat","embeddable":true,"href":"https:\/\/kapidani.com\/index.php\/wp-json\/wp\/v2\/product_cat?post=4209"},{"taxonomy":"product_tag","embeddable":true,"href":"https:\/\/kapidani.com\/index.php\/wp-json\/wp\/v2\/product_tag?post=4209"}],"curies":[{"name":"wp","href":"https:\/\/api.w.org\/{rel}","templated":true}]}}