{"id":4215,"date":"2025-03-17T10:11:43","date_gmt":"2025-03-17T10:11:43","guid":{"rendered":"https:\/\/kapidani.com\/?post_type=product&#038;p=4215"},"modified":"2025-03-17T10:13:16","modified_gmt":"2025-03-17T10:13:16","slug":"rongta-rp820-thermal-printer-usb-lan-com","status":"publish","type":"product","link":"https:\/\/kapidani.com\/index.php\/product\/rongta-rp820-thermal-printer-usb-lan-com\/","title":{"rendered":"RONGTA RP820 THERMAL PRINTER \u2013 USB \u2013 LAN \u2013 COM"},"content":{"rendered":"<div class=\"celwidget aplus-module 3p-module-b aplus-standard\" data-csa-c-id=\"pjvcv6-lrs10y-be4614-1k2v9j\" data-cel-widget=\"aplus-3p-module-b\">\n<div class=\"aplus-module-wrapper aplus-3p-fixed-width\">\n<p><img decoding=\"async\" class=\"a-spacing-base\" src=\"https:\/\/m.media-amazon.com\/images\/S\/aplus-media-library-service-media\/8619df19-8b6f-43ba-8112-0660641e37f0.__CR0,0,970,600_PT0_SX970_V1___.jpg\" alt=\"receipt printer for small business 80mm usb thermal receipt printer\" data-src=\"https:\/\/m.media-amazon.com\/images\/S\/aplus-media-library-service-media\/8619df19-8b6f-43ba-8112-0660641e37f0.__CR0,0,970,600_PT0_SX970_V1___.jpg\" \/><\/p>\n<h3 class=\"a-spacing-mini\">Thermal Receipt Printer 3 1\/8\u201d 80MM with Auto Cutter and the Fastest Printing Speed&#8211;250 mm\/sec.<\/h3>\n<ul class=\"a-unordered-list a-vertical\">\n<li><span class=\"a-list-item\">Compatible with Windows and Mac OS,Linux. You can download the driver from the CD disk or our official website. Easy install and easy to use.<\/span><\/li>\n<li><span class=\"a-list-item\">DO NOT support Mobile iPhone, iPad. DO NOT have bluetooth\/Wifi.<\/span><\/li>\n<li><span class=\"a-list-item\">Auto cut every 99.99% of receipts, won&#8217;t fall on the floor. Most of all, the high speed and the portable will be attractive to you.<\/span><\/li>\n<li><span class=\"a-list-item\">With a high printing speed of 300mm\/s, this is a fantastic selection of thermal printer to use in busy areas like shopping and cafes,retail stores, grocery stores, clothing stores, supermarkets,restaurants, and any other business that uses receipts.<\/span><\/li>\n<\/ul>\n<p>&nbsp;<\/p>\n<\/div>\n<\/div>\n<div class=\"celwidget aplus-module module-9 aplus-standard\" data-csa-c-id=\"eovro1-ldx2be-77ge68-j8bc2m\" data-cel-widget=\"aplus-module-9\">\n<div class=\"aplus-module-wrapper apm-fixed-width apm-spacing\">\n<div class=\"apm-flex\">\n<div class=\"apm-flex-item-third-width\">\n<p class=\"apm-text-center\"><img decoding=\"async\" class=\"a-spacing-mini\" src=\"https:\/\/m.media-amazon.com\/images\/S\/aplus-media-library-service-media\/da7990f3-81ef-4afb-b832-2e0ea49c5677.__CR0,0,1500,1500_PT0_SX300_V1___.jpg\" alt=\"receipt printer\" data-src=\"https:\/\/m.media-amazon.com\/images\/S\/aplus-media-library-service-media\/da7990f3-81ef-4afb-b832-2e0ea49c5677.__CR0,0,1500,1500_PT0_SX300_V1___.jpg\" \/><\/p>\n<h4 class=\"a-spacing-mini\">Restaurant kitchen shops or garment shops used<\/h4>\n<p>&nbsp;<\/p>\n<ul class=\"a-unordered-list a-vertical\">\n<li><span class=\"a-list-item\">DO NOT support Mobile\\ iPhone\\ iPad.<\/span><\/li>\n<li><span class=\"a-list-item\">Support Windows or Mac systems based on ESC\/POS command.<\/span><\/li>\n<\/ul>\n<p>&nbsp;<\/p>\n<\/div>\n<div class=\"apm-flex-item-third-width\">\n<p class=\"apm-text-center\"><img decoding=\"async\" class=\"a-spacing-mini\" src=\"https:\/\/m.media-amazon.com\/images\/S\/aplus-media-library-service-media\/8c9357b1-77b4-44c2-90b4-63fa91b918a0.__CR0,0,1500,1500_PT0_SX300_V1___.jpg\" alt=\"thermal printer 80mm\" data-src=\"https:\/\/m.media-amazon.com\/images\/S\/aplus-media-library-service-media\/8c9357b1-77b4-44c2-90b4-63fa91b918a0.__CR0,0,1500,1500_PT0_SX300_V1___.jpg\" \/><\/p>\n<h4 class=\"a-spacing-mini\">USB+Serial+Etherent interface<\/h4>\n<p>&nbsp;<\/p>\n<ul class=\"a-unordered-list a-vertical\">\n<li><span class=\"a-list-item\">Easy use, USB+Serial+Etherent interface connection.<\/span><\/li>\n<li><span class=\"a-list-item\">Satisfy to your actually needed.<\/span><\/li>\n<\/ul>\n<p>&nbsp;<\/p>\n<\/div>\n<div class=\"apm-flex-item-third-width\">\n<p class=\"apm-text-center\"><img decoding=\"async\" class=\"a-spacing-mini\" src=\"https:\/\/m.media-amazon.com\/images\/S\/aplus-media-library-service-media\/e838003b-5b84-4168-a3cd-3ccaad0256f2.__CR0,0,1500,1500_PT0_SX300_V1___.jpg\" alt=\"80mm thermal receipt printer\" data-src=\"https:\/\/m.media-amazon.com\/images\/S\/aplus-media-library-service-media\/e838003b-5b84-4168-a3cd-3ccaad0256f2.__CR0,0,1500,1500_PT0_SX300_V1___.jpg\" \/><\/p>\n<h4 class=\"a-spacing-mini\">Clear Printing,High Speed 250mm\/sec<\/h4>\n<p>&nbsp;<\/p>\n<ul class=\"a-unordered-list a-vertical\">\n<li><span class=\"a-list-item\">Clear and fast printing with high speed 250mm\/sec.<\/span><\/li>\n<li><span class=\"a-list-item\">Automatic paper cutter.<\/span><\/li>\n<li><span class=\"a-list-item\">This kitchen printer easy to use, save the place.<\/span><\/li>\n<\/ul>\n<p>&nbsp;<\/p>\n<\/div>\n<\/div>\n<\/div>\n<div><\/div>\n<\/div>\n<div class=\"celwidget aplus-module 3p-module-b aplus-standard\" data-csa-c-id=\"fsqlvb-p7ahf4-6y01x-s7uzy7\" data-cel-widget=\"aplus-3p-module-b\">\n<div class=\"aplus-module-wrapper aplus-3p-fixed-width\">\n<p><img decoding=\"async\" class=\"a-spacing-base\" src=\"https:\/\/m.media-amazon.com\/images\/S\/aplus-media-library-service-media\/5119b9d1-a25f-49e4-be86-67a31c2b8c16.__CR0,0,970,600_PT0_SX970_V1___.jpg\" alt=\"thermal printer restaurant terminal receipt printer\" data-src=\"https:\/\/m.media-amazon.com\/images\/S\/aplus-media-library-service-media\/5119b9d1-a25f-49e4-be86-67a31c2b8c16.__CR0,0,970,600_PT0_SX970_V1___.jpg\" \/><\/p>\n<ul class=\"a-unordered-list a-vertical\">\n<li><span class=\"a-list-item\">Fast Printing &amp; Auto Cutter:80mm thermal printer with Auto-cutter function.High efficiency with auto cutter and the fastest printing speed&#8211;250mm\/sec.<\/span><\/li>\n<li><span class=\"a-list-item\">Direct thermal printing. Easy for paper installation, Easy maintenance, and excellent structure. Easy use thermal printer.<\/span><\/li>\n<li><span class=\"a-list-item\">No need ink and large roomy for the thermal papers, you just need to laid your receipts paper into the printer room fit for 80mm or 58mm thermal papers, not need the centre shaft.<\/span><\/li>\n<li><span class=\"a-list-item\">Rongta thermal receipt printers highly praise for its stable performance which are very useful for retail stores, garment stores, supermarkets, cafes, food trucks, banks, restaurants, ticket points and any other business that uses receipts.<\/span><\/li>\n<\/ul>\n<\/div>\n<\/div>\n","protected":false},"excerpt":{"rendered":"<p data-start=\"0\" data-end=\"82\"><strong data-start=\"0\" data-end=\"80\">\u2728\ud83d\udda8\ufe0f Printer Faturash Multifunksional \u2013 Seria Profesionale Rongta RP820 \ud83d\udda8\ufe0f\u2728<\/strong><\/p>\n<p data-start=\"84\" data-end=\"314\">\ud83d\udd25 <strong data-start=\"87\" data-end=\"127\">Zgjidhja perfekte p\u00ebr biznesin tuaj!<\/strong> \ud83d\udd25<br data-start=\"130\" data-end=\"133\" \/>\ud83d\udccc <strong data-start=\"136\" data-end=\"171\">Seria Profesionale Rongta RP820<\/strong> \u00ebsht\u00eb krijuar p\u00ebr <strong data-start=\"190\" data-end=\"232\">rezistenc\u00eb dhe q\u00ebndrueshm\u00ebri maksimale<\/strong>, duke ofruar <strong data-start=\"246\" data-end=\"270\">performanc\u00eb t\u00eb lart\u00eb<\/strong> edhe gjat\u00eb <strong data-start=\"282\" data-end=\"309\" data-is-only-node=\"\">or\u00ebve t\u00eb gjata t\u00eb pun\u00ebs<\/strong> \u23f3\u26a1<\/p>\n<p data-start=\"316\" data-end=\"438\">\ud83d\udca1 <strong data-start=\"319\" data-end=\"352\">Lidhje t\u00eb leht\u00eb dhe efi\u00e7iente<\/strong> me <strong data-start=\"356\" data-end=\"385\">porta USB, Serial dhe LAN<\/strong> p\u00ebr nj\u00eb <strong data-start=\"394\" data-end=\"417\">integrim t\u00eb shpejt\u00eb<\/strong> n\u00eb \u00e7do sistem POS!<\/p>\n<p data-start=\"440\" data-end=\"651\">\u2705 <strong data-start=\"442\" data-end=\"485\">\ud83d\udd25 Printim termik i shpejt\u00eb dhe i qart\u00eb<\/strong><br data-start=\"485\" data-end=\"488\" \/>\u2705 <strong data-start=\"490\" data-end=\"533\">\ud83d\udd17 Lidhje fleksibile: USB, Serial &amp; LAN<\/strong><br data-start=\"533\" data-end=\"536\" \/>\u2705 <strong data-start=\"538\" data-end=\"592\">\u2702\ufe0f Prit\u00ebs automatik i pjessh\u00ebm p\u00ebr prerje perfekte<\/strong><br data-start=\"592\" data-end=\"595\" \/>\u2705 <strong data-start=\"597\" data-end=\"649\">\ud83d\udcaa Nd\u00ebrtuar p\u00ebr rezistenc\u00eb dhe p\u00ebrdorim t\u00eb gjat\u00eb<\/strong><\/p>\n<p data-start=\"653\" data-end=\"1080\">\ud83d\udccc <strong data-start=\"656\" data-end=\"685\">\ud83d\udd0d Specifikimet kryesore:<\/strong><br data-start=\"685\" data-end=\"688\" \/>\ud83d\udd39 <strong data-start=\"691\" data-end=\"719\">\ud83d\udda8\ufe0f Teknologji Printimi:<\/strong> Termik direkt<br data-start=\"733\" data-end=\"736\" \/>\ud83d\udd39 <strong data-start=\"739\" data-end=\"768\">\u26a1 Shpejt\u00ebsia e printimit:<\/strong> 300mm\/sek<br data-start=\"778\" data-end=\"781\" data-is-only-node=\"\" \/>\ud83d\udd39 <strong data-start=\"784\" data-end=\"812\">\ud83d\udccf Gjer\u00ebsia e printimit:<\/strong> 72mm<br data-start=\"817\" data-end=\"820\" \/>\ud83d\udd39 <strong data-start=\"823\" data-end=\"848\">\ud83d\udcdc Diametri i letr\u00ebs:<\/strong> 79.5\u00b10.5mm \u00d7 \u03c680mm<br data-start=\"867\" data-end=\"870\" \/>\ud83d\udd39 <strong data-start=\"873\" data-end=\"899\">\ud83d\udcc4 Trash\u00ebsia e letr\u00ebs:<\/strong> 0.06~0.08mm<br data-start=\"911\" data-end=\"914\" \/>\ud83d\udd39 <strong data-start=\"917\" data-end=\"934\">\ud83d\udd0c Nd\u00ebrfaqet:<\/strong> USB + Serial + LAN<br data-start=\"953\" data-end=\"956\" \/>\ud83d\udd39 <strong data-start=\"959\" data-end=\"983\">\u2702\ufe0f Prit\u00ebs automatik:<\/strong> Pjessh\u00ebm<br data-start=\"992\" data-end=\"995\" \/>\ud83d\udd39 <strong data-start=\"998\" data-end=\"1023\">\ud83d\udd0b Adapteri i rrym\u00ebs:<\/strong> DC 24V\/2.5A<br data-start=\"1035\" data-end=\"1038\" \/>\ud83d\udd39 <strong data-start=\"1041\" data-end=\"1068\">\ud83d\udcb0 Dalja p\u00ebr kasafort\u00eb:<\/strong> DC 24V\/1A<\/p>\n<p data-start=\"1082\" data-end=\"1181\">\ud83d\ude80 <strong data-start=\"1085\" data-end=\"1179\">Ideal p\u00ebr restorante, kuzhina, arka dhe sisteme POS q\u00eb k\u00ebrkojn\u00eb shpejt\u00ebsi dhe besueshm\u00ebri!<\/strong><\/p>\n","protected":false},"featured_media":4216,"template":"","meta":[],"product_brand":[],"product_cat":[35],"product_tag":[],"class_list":{"0":"post-4215","1":"product","2":"type-product","3":"status-publish","4":"has-post-thumbnail","6":"product_cat-printers","7":"description-off","9":"first","10":"instock","11":"sale","12":"shipping-taxable","13":"purchasable","14":"product-type-simple"},"yoast_head":"<!-- This site is optimized with the Yoast SEO plugin v27.3 - https:\/\/yoast.com\/product\/yoast-seo-wordpress\/ -->\n<title>RONGTA RP820 THERMAL PRINTER \u2013 USB \u2013 LAN \u2013 COM - Kapidani PCCSERVICE<\/title>\n<meta name=\"robots\" content=\"index, follow, max-snippet:-1, max-image-preview:large, max-video-preview:-1\" \/>\n<link rel=\"canonical\" href=\"https:\/\/kapidani.com\/index.php\/product\/rongta-rp820-thermal-printer-usb-lan-com\/\" \/>\n<meta property=\"og:locale\" content=\"en_US\" \/>\n<meta property=\"og:type\" content=\"article\" \/>\n<meta property=\"og:title\" content=\"RONGTA RP820 THERMAL PRINTER \u2013 USB \u2013 LAN \u2013 COM - Kapidani PCCSERVICE\" \/>\n<meta property=\"og:description\" content=\"\u2728\ud83d\udda8\ufe0f Printer Faturash Multifunksional \u2013 Seria Profesionale Rongta RP820 \ud83d\udda8\ufe0f\u2728 \ud83d\udd25 Zgjidhja perfekte p\u00ebr biznesin tuaj! \ud83d\udd25\ud83d\udccc Seria Profesionale Rongta RP820 \u00ebsht\u00eb krijuar p\u00ebr rezistenc\u00eb dhe q\u00ebndrueshm\u00ebri maksimale, duke ofruar performanc\u00eb t\u00eb lart\u00eb edhe gjat\u00eb or\u00ebve t\u00eb gjata t\u00eb pun\u00ebs \u23f3\u26a1 \ud83d\udca1 Lidhje t\u00eb leht\u00eb dhe efi\u00e7iente me porta USB, Serial dhe LAN p\u00ebr nj\u00eb integrim t\u00eb shpejt\u00eb n\u00eb \u00e7do sistem POS! \u2705 \ud83d\udd25 Printim termik i shpejt\u00eb dhe i qart\u00eb\u2705 \ud83d\udd17 Lidhje fleksibile: USB, Serial &amp; LAN\u2705 \u2702\ufe0f Prit\u00ebs automatik i pjessh\u00ebm p\u00ebr prerje perfekte\u2705 \ud83d\udcaa Nd\u00ebrtuar p\u00ebr rezistenc\u00eb dhe p\u00ebrdorim t\u00eb gjat\u00eb \ud83d\udccc \ud83d\udd0d Specifikimet kryesore:\ud83d\udd39 \ud83d\udda8\ufe0f Teknologji Printimi: Termik direkt\ud83d\udd39 \u26a1 Shpejt\u00ebsia e printimit: 300mm\/sek\ud83d\udd39 \ud83d\udccf Gjer\u00ebsia e printimit: 72mm\ud83d\udd39 \ud83d\udcdc Diametri i letr\u00ebs: 79.5\u00b10.5mm \u00d7 \u03c680mm\ud83d\udd39 \ud83d\udcc4 Trash\u00ebsia e letr\u00ebs: 0.06~0.08mm\ud83d\udd39 \ud83d\udd0c Nd\u00ebrfaqet: USB + Serial + LAN\ud83d\udd39 \u2702\ufe0f Prit\u00ebs automatik: Pjessh\u00ebm\ud83d\udd39 \ud83d\udd0b Adapteri i rrym\u00ebs: DC 24V\/2.5A\ud83d\udd39 \ud83d\udcb0 Dalja p\u00ebr kasafort\u00eb: DC 24V\/1A \ud83d\ude80 Ideal p\u00ebr restorante, kuzhina, arka dhe sisteme POS q\u00eb k\u00ebrkojn\u00eb shpejt\u00ebsi dhe besueshm\u00ebri!\" \/>\n<meta property=\"og:url\" content=\"https:\/\/kapidani.com\/index.php\/product\/rongta-rp820-thermal-printer-usb-lan-com\/\" \/>\n<meta property=\"og:site_name\" content=\"Kapidani PCCSERVICE\" \/>\n<meta property=\"article:modified_time\" content=\"2025-03-17T10:13:16+00:00\" \/>\n<meta property=\"og:image\" content=\"https:\/\/kapidani.com\/wp-content\/uploads\/2025\/03\/Rongta-rp820.jpg\" \/>\n\t<meta property=\"og:image:width\" content=\"466\" \/>\n\t<meta property=\"og:image:height\" content=\"476\" \/>\n\t<meta property=\"og:image:type\" content=\"image\/jpeg\" \/>\n<meta name=\"twitter:card\" content=\"summary_large_image\" \/>\n<meta name=\"twitter:label1\" content=\"Est. reading time\" \/>\n\t<meta name=\"twitter:data1\" content=\"1 minute\" \/>\n<script type=\"application\/ld+json\" class=\"yoast-schema-graph\">{\"@context\":\"https:\\\/\\\/schema.org\",\"@graph\":[{\"@type\":\"WebPage\",\"@id\":\"https:\\\/\\\/kapidani.com\\\/index.php\\\/product\\\/rongta-rp820-thermal-printer-usb-lan-com\\\/\",\"url\":\"https:\\\/\\\/kapidani.com\\\/index.php\\\/product\\\/rongta-rp820-thermal-printer-usb-lan-com\\\/\",\"name\":\"RONGTA RP820 THERMAL PRINTER \u2013 USB \u2013 LAN \u2013 COM - Kapidani PCCSERVICE\",\"isPartOf\":{\"@id\":\"https:\\\/\\\/kapidani.com\\\/#website\"},\"primaryImageOfPage\":{\"@id\":\"https:\\\/\\\/kapidani.com\\\/index.php\\\/product\\\/rongta-rp820-thermal-printer-usb-lan-com\\\/#primaryimage\"},\"image\":{\"@id\":\"https:\\\/\\\/kapidani.com\\\/index.php\\\/product\\\/rongta-rp820-thermal-printer-usb-lan-com\\\/#primaryimage\"},\"thumbnailUrl\":\"https:\\\/\\\/kapidani.com\\\/wp-content\\\/uploads\\\/2025\\\/03\\\/Rongta-rp820.jpg\",\"datePublished\":\"2025-03-17T10:11:43+00:00\",\"dateModified\":\"2025-03-17T10:13:16+00:00\",\"breadcrumb\":{\"@id\":\"https:\\\/\\\/kapidani.com\\\/index.php\\\/product\\\/rongta-rp820-thermal-printer-usb-lan-com\\\/#breadcrumb\"},\"inLanguage\":\"en-US\",\"potentialAction\":[{\"@type\":\"ReadAction\",\"target\":[\"https:\\\/\\\/kapidani.com\\\/index.php\\\/product\\\/rongta-rp820-thermal-printer-usb-lan-com\\\/\"]}]},{\"@type\":\"ImageObject\",\"inLanguage\":\"en-US\",\"@id\":\"https:\\\/\\\/kapidani.com\\\/index.php\\\/product\\\/rongta-rp820-thermal-printer-usb-lan-com\\\/#primaryimage\",\"url\":\"https:\\\/\\\/kapidani.com\\\/wp-content\\\/uploads\\\/2025\\\/03\\\/Rongta-rp820.jpg\",\"contentUrl\":\"https:\\\/\\\/kapidani.com\\\/wp-content\\\/uploads\\\/2025\\\/03\\\/Rongta-rp820.jpg\",\"width\":466,\"height\":476},{\"@type\":\"BreadcrumbList\",\"@id\":\"https:\\\/\\\/kapidani.com\\\/index.php\\\/product\\\/rongta-rp820-thermal-printer-usb-lan-com\\\/#breadcrumb\",\"itemListElement\":[{\"@type\":\"ListItem\",\"position\":1,\"name\":\"Home\",\"item\":\"https:\\\/\\\/kapidani.com\\\/\"},{\"@type\":\"ListItem\",\"position\":2,\"name\":\"Shop\",\"item\":\"https:\\\/\\\/kapidani.com\\\/index.php\\\/shop\\\/\"},{\"@type\":\"ListItem\",\"position\":3,\"name\":\"RONGTA RP820 THERMAL PRINTER \u2013 USB \u2013 LAN \u2013 COM\"}]},{\"@type\":\"WebSite\",\"@id\":\"https:\\\/\\\/kapidani.com\\\/#website\",\"url\":\"https:\\\/\\\/kapidani.com\\\/\",\"name\":\"Kapidani PCCSERVICE\",\"description\":\"Hardware, Software, Accessories, Services, Hdd, Computer, Laptops,\",\"potentialAction\":[{\"@type\":\"SearchAction\",\"target\":{\"@type\":\"EntryPoint\",\"urlTemplate\":\"https:\\\/\\\/kapidani.com\\\/?s={search_term_string}\"},\"query-input\":{\"@type\":\"PropertyValueSpecification\",\"valueRequired\":true,\"valueName\":\"search_term_string\"}}],\"inLanguage\":\"en-US\"}]}<\/script>\n<!-- \/ Yoast SEO plugin. -->","yoast_head_json":{"title":"RONGTA RP820 THERMAL PRINTER \u2013 USB \u2013 LAN \u2013 COM - Kapidani PCCSERVICE","robots":{"index":"index","follow":"follow","max-snippet":"max-snippet:-1","max-image-preview":"max-image-preview:large","max-video-preview":"max-video-preview:-1"},"canonical":"https:\/\/kapidani.com\/index.php\/product\/rongta-rp820-thermal-printer-usb-lan-com\/","og_locale":"en_US","og_type":"article","og_title":"RONGTA RP820 THERMAL PRINTER \u2013 USB \u2013 LAN \u2013 COM - Kapidani PCCSERVICE","og_description":"\u2728\ud83d\udda8\ufe0f Printer Faturash Multifunksional \u2013 Seria Profesionale Rongta RP820 \ud83d\udda8\ufe0f\u2728 \ud83d\udd25 Zgjidhja perfekte p\u00ebr biznesin tuaj! \ud83d\udd25\ud83d\udccc Seria Profesionale Rongta RP820 \u00ebsht\u00eb krijuar p\u00ebr rezistenc\u00eb dhe q\u00ebndrueshm\u00ebri maksimale, duke ofruar performanc\u00eb t\u00eb lart\u00eb edhe gjat\u00eb or\u00ebve t\u00eb gjata t\u00eb pun\u00ebs \u23f3\u26a1 \ud83d\udca1 Lidhje t\u00eb leht\u00eb dhe efi\u00e7iente me porta USB, Serial dhe LAN p\u00ebr nj\u00eb integrim t\u00eb shpejt\u00eb n\u00eb \u00e7do sistem POS! \u2705 \ud83d\udd25 Printim termik i shpejt\u00eb dhe i qart\u00eb\u2705 \ud83d\udd17 Lidhje fleksibile: USB, Serial &amp; LAN\u2705 \u2702\ufe0f Prit\u00ebs automatik i pjessh\u00ebm p\u00ebr prerje perfekte\u2705 \ud83d\udcaa Nd\u00ebrtuar p\u00ebr rezistenc\u00eb dhe p\u00ebrdorim t\u00eb gjat\u00eb \ud83d\udccc \ud83d\udd0d Specifikimet kryesore:\ud83d\udd39 \ud83d\udda8\ufe0f Teknologji Printimi: Termik direkt\ud83d\udd39 \u26a1 Shpejt\u00ebsia e printimit: 300mm\/sek\ud83d\udd39 \ud83d\udccf Gjer\u00ebsia e printimit: 72mm\ud83d\udd39 \ud83d\udcdc Diametri i letr\u00ebs: 79.5\u00b10.5mm \u00d7 \u03c680mm\ud83d\udd39 \ud83d\udcc4 Trash\u00ebsia e letr\u00ebs: 0.06~0.08mm\ud83d\udd39 \ud83d\udd0c Nd\u00ebrfaqet: USB + Serial + LAN\ud83d\udd39 \u2702\ufe0f Prit\u00ebs automatik: Pjessh\u00ebm\ud83d\udd39 \ud83d\udd0b Adapteri i rrym\u00ebs: DC 24V\/2.5A\ud83d\udd39 \ud83d\udcb0 Dalja p\u00ebr kasafort\u00eb: DC 24V\/1A \ud83d\ude80 Ideal p\u00ebr restorante, kuzhina, arka dhe sisteme POS q\u00eb k\u00ebrkojn\u00eb shpejt\u00ebsi dhe besueshm\u00ebri!","og_url":"https:\/\/kapidani.com\/index.php\/product\/rongta-rp820-thermal-printer-usb-lan-com\/","og_site_name":"Kapidani PCCSERVICE","article_modified_time":"2025-03-17T10:13:16+00:00","og_image":[{"width":466,"height":476,"url":"https:\/\/kapidani.com\/wp-content\/uploads\/2025\/03\/Rongta-rp820.jpg","type":"image\/jpeg"}],"twitter_card":"summary_large_image","twitter_misc":{"Est. reading time":"1 minute"},"schema":{"@context":"https:\/\/schema.org","@graph":[{"@type":"WebPage","@id":"https:\/\/kapidani.com\/index.php\/product\/rongta-rp820-thermal-printer-usb-lan-com\/","url":"https:\/\/kapidani.com\/index.php\/product\/rongta-rp820-thermal-printer-usb-lan-com\/","name":"RONGTA RP820 THERMAL PRINTER \u2013 USB \u2013 LAN \u2013 COM - Kapidani PCCSERVICE","isPartOf":{"@id":"https:\/\/kapidani.com\/#website"},"primaryImageOfPage":{"@id":"https:\/\/kapidani.com\/index.php\/product\/rongta-rp820-thermal-printer-usb-lan-com\/#primaryimage"},"image":{"@id":"https:\/\/kapidani.com\/index.php\/product\/rongta-rp820-thermal-printer-usb-lan-com\/#primaryimage"},"thumbnailUrl":"https:\/\/kapidani.com\/wp-content\/uploads\/2025\/03\/Rongta-rp820.jpg","datePublished":"2025-03-17T10:11:43+00:00","dateModified":"2025-03-17T10:13:16+00:00","breadcrumb":{"@id":"https:\/\/kapidani.com\/index.php\/product\/rongta-rp820-thermal-printer-usb-lan-com\/#breadcrumb"},"inLanguage":"en-US","potentialAction":[{"@type":"ReadAction","target":["https:\/\/kapidani.com\/index.php\/product\/rongta-rp820-thermal-printer-usb-lan-com\/"]}]},{"@type":"ImageObject","inLanguage":"en-US","@id":"https:\/\/kapidani.com\/index.php\/product\/rongta-rp820-thermal-printer-usb-lan-com\/#primaryimage","url":"https:\/\/kapidani.com\/wp-content\/uploads\/2025\/03\/Rongta-rp820.jpg","contentUrl":"https:\/\/kapidani.com\/wp-content\/uploads\/2025\/03\/Rongta-rp820.jpg","width":466,"height":476},{"@type":"BreadcrumbList","@id":"https:\/\/kapidani.com\/index.php\/product\/rongta-rp820-thermal-printer-usb-lan-com\/#breadcrumb","itemListElement":[{"@type":"ListItem","position":1,"name":"Home","item":"https:\/\/kapidani.com\/"},{"@type":"ListItem","position":2,"name":"Shop","item":"https:\/\/kapidani.com\/index.php\/shop\/"},{"@type":"ListItem","position":3,"name":"RONGTA RP820 THERMAL PRINTER \u2013 USB \u2013 LAN \u2013 COM"}]},{"@type":"WebSite","@id":"https:\/\/kapidani.com\/#website","url":"https:\/\/kapidani.com\/","name":"Kapidani PCCSERVICE","description":"Hardware, Software, Accessories, Services, Hdd, Computer, Laptops,","potentialAction":[{"@type":"SearchAction","target":{"@type":"EntryPoint","urlTemplate":"https:\/\/kapidani.com\/?s={search_term_string}"},"query-input":{"@type":"PropertyValueSpecification","valueRequired":true,"valueName":"search_term_string"}}],"inLanguage":"en-US"}]}},"_links":{"self":[{"href":"https:\/\/kapidani.com\/index.php\/wp-json\/wp\/v2\/product\/4215","targetHints":{"allow":["GET"]}}],"collection":[{"href":"https:\/\/kapidani.com\/index.php\/wp-json\/wp\/v2\/product"}],"about":[{"href":"https:\/\/kapidani.com\/index.php\/wp-json\/wp\/v2\/types\/product"}],"wp:featuredmedia":[{"embeddable":true,"href":"https:\/\/kapidani.com\/index.php\/wp-json\/wp\/v2\/media\/4216"}],"wp:attachment":[{"href":"https:\/\/kapidani.com\/index.php\/wp-json\/wp\/v2\/media?parent=4215"}],"wp:term":[{"taxonomy":"product_brand","embeddable":true,"href":"https:\/\/kapidani.com\/index.php\/wp-json\/wp\/v2\/product_brand?post=4215"},{"taxonomy":"product_cat","embeddable":true,"href":"https:\/\/kapidani.com\/index.php\/wp-json\/wp\/v2\/product_cat?post=4215"},{"taxonomy":"product_tag","embeddable":true,"href":"https:\/\/kapidani.com\/index.php\/wp-json\/wp\/v2\/product_tag?post=4215"}],"curies":[{"name":"wp","href":"https:\/\/api.w.org\/{rel}","templated":true}]}}