{"id":4232,"date":"2025-05-24T12:56:52","date_gmt":"2025-05-24T12:56:52","guid":{"rendered":"https:\/\/kapidani.com\/?post_type=product&#038;p=4232"},"modified":"2025-05-24T13:13:42","modified_gmt":"2025-05-24T13:13:42","slug":"rongta-rp410-barcode-label-thermal-printer-with-usb","status":"publish","type":"product","link":"https:\/\/kapidani.com\/index.php\/product\/rongta-rp410-barcode-label-thermal-printer-with-usb\/","title":{"rendered":"Rongta RP410 Barcode Label Thermal Printer With USB"},"content":{"rendered":"<div class=\"table-responsive\">\n<table border=\"4\" cellspacing=\"0\" cellpadding=\"0\">\n<tbody>\n<tr>\n<td class=\"et4\" colspan=\"2\" width=\"239\" height=\"22\">Project<\/td>\n<td class=\"et4\" width=\"551\">Parameter<\/td>\n<\/tr>\n<tr>\n<td class=\"et5\" rowspan=\"5\" width=\"98\" height=\"142\">Print<\/td>\n<td class=\"et6\" width=\"140\">Printing method<\/td>\n<td class=\"et7\" width=\"551\">Thermal<\/td>\n<\/tr>\n<tr>\n<td class=\"et6\" width=\"140\">Resolution<\/td>\n<td class=\"et7\" width=\"551\">203dpi<\/td>\n<\/tr>\n<tr>\n<td class=\"et6\" width=\"140\">Maximum print width<\/td>\n<td class=\"et7\" width=\"551\">4.23&#8221;(108mm)<\/td>\n<\/tr>\n<tr>\n<td class=\"et6\" width=\"140\">Maximum printing speed<\/td>\n<td class=\"et7\" width=\"551\">6 ips(150mm\/s)<\/td>\n<\/tr>\n<tr>\n<td class=\"et10\" width=\"140\">Print length<\/td>\n<td class=\"et7\" width=\"551\">0.79&#8221;-9.84&#8221;(20-250mm)<\/td>\n<\/tr>\n<tr>\n<td class=\"et11\" colspan=\"2\" width=\"239\" height=\"22\">sensor<\/td>\n<td class=\"et7\" width=\"551\">Seam mark detection, black mark detection, paper shortage detection, backflow detection, cover opening detection, head temperature detection<\/td>\n<\/tr>\n<tr>\n<td class=\"et5\" rowspan=\"5\" width=\"98\" height=\"256\">medium<\/td>\n<td class=\"et6\" width=\"140\">type<\/td>\n<td class=\"et13\" width=\"551\">Label paper, Bottom black mark, continuous paper, folding paper<\/td>\n<\/tr>\n<tr>\n<td class=\"et6\" width=\"140\">Width (label + backing paper)<\/td>\n<td class=\"et7\" width=\"551\">4.72&#8221;(120mm(MAX))<\/td>\n<\/tr>\n<tr>\n<td class=\"et6\" width=\"140\">Thickness (label + backing paper)<\/td>\n<td class=\"et7\" width=\"551\">0.0023&#8221;-0.0071&#8221;(0.06mm~0.18mm)<\/td>\n<\/tr>\n<tr>\n<td class=\"et6\" width=\"140\">Maximum paper roll diameter<\/td>\n<td class=\"et7\" width=\"551\">\u03c65.12&#8221;(\u03c6130mm)<\/td>\n<\/tr>\n<tr>\n<td class=\"et6\" width=\"140\">Reel inner diameter<\/td>\n<td class=\"et7\" width=\"551\">\u03c61&#8221;(\u03c625.4mm), \u03c61.50&#8221;(\u03c638mm)<\/td>\n<\/tr>\n<tr>\n<td class=\"et11\" colspan=\"2\" width=\"239\" height=\"22\">Paper tearing method<\/td>\n<td class=\"et14\" width=\"551\">Manual tearing<\/td>\n<\/tr>\n<tr>\n<td class=\"et15\" colspan=\"2\" width=\"239\" height=\"22\">processor<\/td>\n<td class=\"et17\" width=\"551\">32-bit ARM MCU<\/td>\n<\/tr>\n<tr>\n<td class=\"et18\" rowspan=\"2\" width=\"98\" height=\"44\">storage<\/td>\n<td class=\"et6\" width=\"140\">RAM<\/td>\n<td class=\"et7\" width=\"551\">2MB(U), 4MB(BU), 8MB(USE)<\/td>\n<\/tr>\n<tr>\n<td class=\"et6\" width=\"140\">FLASH<\/td>\n<td class=\"et7\" width=\"551\">2MB (U), 4MB (BU\/USE)<\/td>\n<\/tr>\n<tr>\n<td class=\"et5\" rowspan=\"5\" width=\"98\" height=\"132\">Function<\/td>\n<td class=\"et10\" width=\"140\">button<\/td>\n<td class=\"et14\" width=\"551\">Rocker switch, Feed button, Paper bin cover opening button<\/td>\n<\/tr>\n<tr>\n<td class=\"et6\" width=\"140\">Indicator Lights<\/td>\n<td class=\"et17\" width=\"551\">YES<\/td>\n<\/tr>\n<tr>\n<td class=\"et10\" width=\"140\">buzzer<\/td>\n<td class=\"et14\" width=\"551\">Buzzer tone<\/td>\n<\/tr>\n<tr>\n<td class=\"et10\" width=\"140\">Display<\/td>\n<td class=\"et14\" width=\"551\">\/<\/td>\n<\/tr>\n<tr>\n<td class=\"et10\" width=\"140\">other<\/td>\n<td class=\"et14\" width=\"551\">Automatic paper recognition, reprinting when out of paper, first sheet return, bad pixel detection<\/td>\n<\/tr>\n<tr>\n<td class=\"et11\" colspan=\"2\" width=\"239\" height=\"22\">Communication interface<\/td>\n<td class=\"et7\" width=\"551\">USB<\/td>\n<\/tr>\n<tr>\n<td class=\"et15\" colspan=\"2\" width=\"239\" height=\"66\">programming language<\/td>\n<td class=\"et7\" width=\"551\">TSPL+ESC, ZPL+ESC<\/td>\n<\/tr>\n<tr>\n<td class=\"et21\" colspan=\"2\" rowspan=\"2\" width=\"239\" height=\"44\">Built-in fonts<\/td>\n<td class=\"et7\" width=\"551\">ASCll Font: 10&#215;12, 14&#215;20, 16&#215;24, 24&#215;32, 36&#215;48, 14&#215;19, 21&#215;27, 14&#215;25, 12&#215;24<\/td>\n<\/tr>\n<tr>\n<td class=\"et7\" width=\"551\">GB18030: 24\u00d724<\/td>\n<\/tr>\n<tr>\n<td class=\"et6\" width=\"98\" height=\"66\">Code Page<\/td>\n<td class=\"et6\" width=\"140\">Extended character table<\/td>\n<td class=\"et14\" width=\"551\">CP437, CP850, CP852, CP860, CP863, CP865, CP866, WPC1250, WPC1251, WPC1252, WPC1253, WPC1254<\/td>\n<\/tr>\n<tr>\n<td class=\"et18\" rowspan=\"2\" width=\"98\" height=\"106\">Barcode<\/td>\n<td class=\"et6\" width=\"140\">One-dimensional code<\/td>\n<td class=\"et25\" width=\"551\">Code39, Code39C, I25, Code93, ITF25, EAN128, Code128, Codabar, EAN-8, EAN8+2, EAN8+5, EAN -13, EAN13+2, EAN13+5, UPC-A, UPCA+2, UPCA+5, UPC-E, UPCE+2, UPCE+5MSIC, ITF14, EAN14, Code11<\/td>\n<\/tr>\n<tr>\n<td class=\"et6\" width=\"140\"><\/td>\n<td class=\"et7\" width=\"551\">QRCODE, PDF417 (optional)<\/td>\n<\/tr>\n<tr>\n<td class=\"et18\" rowspan=\"3\" width=\"98\" height=\"198\">software<\/td>\n<td class=\"et6\" width=\"140\">drive<\/td>\n<td class=\"et13\" width=\"551\">XP, Win7, Win8, Win10, Win11, ios, Android, Linux, MacOS<\/td>\n<\/tr>\n<tr>\n<td class=\"et6\" width=\"140\">SDK<\/td>\n<td class=\"et7\" width=\"551\">Android, iOS, Windows<\/td>\n<\/tr>\n<tr>\n<td class=\"et6\" width=\"140\">Label design<\/td>\n<td class=\"et7\" width=\"551\">Barcode label editing software (PC), APP<\/td>\n<\/tr>\n<tr>\n<td class=\"et21\" colspan=\"2\" rowspan=\"2\" width=\"239\" height=\"66\">Power adapter<\/td>\n<td class=\"et7\" width=\"551\">Input: AC 100-240V, 50\/60Hz<\/td>\n<\/tr>\n<tr>\n<td class=\"et7\" width=\"551\">Output: DC 24V\/2.5A<\/td>\n<\/tr>\n<tr>\n<td class=\"et18\" rowspan=\"2\" width=\"98\" height=\"44\">Environmental parameters<\/td>\n<td class=\"et6\" width=\"140\">Work<\/td>\n<td class=\"et7\" width=\"551\">Temperature: 32-104\u2109(0-40\u2103); Humidity: 20-90% (non-condensing)<\/td>\n<\/tr>\n<tr>\n<td class=\"et6\" width=\"140\">storage<\/td>\n<td class=\"et7\" width=\"551\">Temperature: 14-140\u2109(-10-60\u2103); Humidity: 5-95% (non-condensing)<\/td>\n<\/tr>\n<tr>\n<td class=\"et5\" rowspan=\"2\" width=\"98\" height=\"104\">Physical parameters<\/td>\n<td class=\"et6\" width=\"140\">Dimensions (length, width, height)<\/td>\n<td class=\"et7\" width=\"551\">217mm*182mm*172mm<\/td>\n<\/tr>\n<tr>\n<td class=\"et6\" width=\"140\">weight<\/td>\n<td class=\"et7\" width=\"551\">1.72kg<\/td>\n<\/tr>\n<tr>\n<td class=\"et18\" rowspan=\"2\" width=\"98\" height=\"44\">Accessories<\/td>\n<td class=\"et6\" width=\"140\">Standard<\/td>\n<td class=\"et7\" width=\"551\">Power cord, USB data cable, power adapter, quick installation guide<\/td>\n<\/tr>\n<tr>\n<td class=\"et6\" width=\"140\">Optional<\/td>\n<td class=\"et7\" width=\"551\">External bracket<\/td>\n<\/tr>\n<tr>\n<td class=\"et15\" colspan=\"2\" width=\"239\" height=\"44\">standard<\/td>\n<td class=\"et26\">CCC, CE, FCC, UKCA, ROHS<\/td>\n<\/tr>\n<\/tbody>\n<\/table>\n<p>Rongta RP410N &#8211; RP 410 N &#8211; Barcode Label Thermal Printer With USB &#8211; printer barkodi termik , printer per etiketa nxhitese<\/p>\n<\/div>\n","protected":false},"excerpt":{"rendered":"<p>Printer Barkodi Etiketash RP410 USB<\/p>\n<p>1. Performanc\u00eb e shk\u00eblqyer e shp\u00ebrndarjes s\u00eb Djegjes, mund t\u00eb p\u00ebrballoj\u00eb printime me ngarkes\u00eb t\u00eb madhe pune;<\/p>\n<p>2. I pajisur me nj\u00eb funksion riprintimi, letra pozicionohet automatikisht pasi kopertina t\u00eb rihapet;<\/p>\n<p>3. Mund t\u00eb printoj\u00eb fatur\u00eb t\u00eb madhe transporti te ndryshme, me p\u00ebrputhshm\u00ebri m\u00eb t\u00eb lart\u00eb;<\/p>\n<p>4. Program i thjesht, komanda t\u00eb shumta, hap\u00ebsir\u00eb \u200b\u200be madhe ruajtjeje dhe skenar\u00eb t\u00eb larmish\u00ebm p\u00ebrshtatjeje.<\/p>\n<h3 data-start=\"429\" data-end=\"460\">Karakteristikat Kryesore:<\/h3>\n<ul data-start=\"461\" data-end=\"953\">\n<li data-start=\"461\" data-end=\"500\">\n<p data-start=\"463\" data-end=\"500\"><strong data-start=\"463\" data-end=\"483\">Gjer\u00ebsi printimi<\/strong>: 104mm \/ 4inch<\/p>\n<\/li>\n<li data-start=\"501\" data-end=\"536\">\n<p data-start=\"503\" data-end=\"536\"><strong data-start=\"503\" data-end=\"526\">Rezolucion maksimal<\/strong>: 203dpi<\/p>\n<\/li>\n<li data-start=\"537\" data-end=\"583\">\n<p data-start=\"539\" data-end=\"583\"><strong data-start=\"539\" data-end=\"572\">Shpejt\u00ebsi printimi n\u00eb t\u00eb zez\u00eb<\/strong>: 127mm\/s<\/p>\n<\/li>\n<li data-start=\"584\" data-end=\"667\">\n<p data-start=\"586\" data-end=\"667\"><strong data-start=\"586\" data-end=\"605\">Llojet e letr\u00ebs<\/strong>: Let\u00ebr e palosur, e pand\u00ebrprer\u00eb, etiketa ngjit\u00ebse<\/p>\n<\/li>\n<li data-start=\"668\" data-end=\"743\">\n<p data-start=\"670\" data-end=\"743\"><strong data-start=\"670\" data-end=\"703\">Mb\u00ebshtet prer\u00ebs (Tear Cutter)<\/strong>\u00a0dhe <strong data-start=\"708\" data-end=\"718\">Beeper<\/strong> p\u00ebr sinjalizim praktik<\/p>\n<\/li>\n<li data-start=\"744\" data-end=\"798\">\n<p data-start=\"746\" data-end=\"798\"><strong data-start=\"746\" data-end=\"759\">Interface<\/strong>: USB<\/p>\n<\/li>\n<li data-start=\"799\" data-end=\"837\">\n<p data-start=\"801\" data-end=\"837\"><strong data-start=\"801\" data-end=\"812\">Memorie<\/strong>: 4MB FLASH + 8MB SDRAM<\/p>\n<\/li>\n<li data-start=\"838\" data-end=\"927\">\n<p data-start=\"840\" data-end=\"927\"><strong data-start=\"840\" data-end=\"877\">Sistemet operative t\u00eb mb\u00ebshtetura<\/strong>: Windows XP\/7\/8\/10, iOS, Android, Mac OS, Linux<\/p>\n<\/li>\n<li data-start=\"928\" data-end=\"953\">\n<p data-start=\"930\" data-end=\"953\"><strong data-start=\"930\" data-end=\"939\">Fuqia<\/strong>: DC 24V, 2.5A<\/p>\n<\/li>\n<\/ul>\n","protected":false},"featured_media":4233,"template":"","meta":[],"product_brand":[],"product_cat":[29,35],"product_tag":[],"class_list":{"0":"post-4232","1":"product","2":"type-product","3":"status-publish","4":"has-post-thumbnail","6":"product_cat-printer","7":"product_cat-printers","8":"description-off","10":"first","11":"instock","12":"sale","13":"shipping-taxable","14":"purchasable","15":"product-type-simple"},"yoast_head":"<!-- This site is optimized with the Yoast SEO plugin v27.3 - https:\/\/yoast.com\/product\/yoast-seo-wordpress\/ -->\n<title>Rongta RP410 Barcode Label Thermal Printer With USB - Kapidani PCCSERVICE<\/title>\n<meta name=\"robots\" content=\"index, follow, max-snippet:-1, max-image-preview:large, max-video-preview:-1\" \/>\n<link rel=\"canonical\" href=\"https:\/\/kapidani.com\/index.php\/product\/rongta-rp410-barcode-label-thermal-printer-with-usb\/\" \/>\n<meta property=\"og:locale\" content=\"en_US\" \/>\n<meta property=\"og:type\" content=\"article\" \/>\n<meta property=\"og:title\" content=\"Rongta RP410 Barcode Label Thermal Printer With USB - Kapidani PCCSERVICE\" \/>\n<meta property=\"og:description\" content=\"Printer Barkodi Etiketash RP410 USB  1. Performanc\u00eb e shk\u00eblqyer e shp\u00ebrndarjes s\u00eb Djegjes, mund t\u00eb p\u00ebrballoj\u00eb printime me ngarkes\u00eb t\u00eb madhe pune;  2. I pajisur me nj\u00eb funksion riprintimi, letra pozicionohet automatikisht pasi kopertina t\u00eb rihapet;  3. Mund t\u00eb printoj\u00eb fatur\u00eb t\u00eb madhe transporti te ndryshme, me p\u00ebrputhshm\u00ebri m\u00eb t\u00eb lart\u00eb;  4. Program i thjesht, komanda t\u00eb shumta, hap\u00ebsir\u00eb \u200b\u200be madhe ruajtjeje dhe skenar\u00eb t\u00eb larmish\u00ebm p\u00ebrshtatjeje. Karakteristikat Kryesore:    Gjer\u00ebsi printimi: 104mm \/ 4inch    Rezolucion maksimal: 203dpi    Shpejt\u00ebsi printimi n\u00eb t\u00eb zez\u00eb: 127mm\/s    Llojet e letr\u00ebs: Let\u00ebr e palosur, e pand\u00ebrprer\u00eb, etiketa ngjit\u00ebse    Mb\u00ebshtet prer\u00ebs (Tear Cutter)\u00a0dhe Beeper p\u00ebr sinjalizim praktik    Interface: USB    Memorie: 4MB FLASH + 8MB SDRAM    Sistemet operative t\u00eb mb\u00ebshtetura: Windows XP\/7\/8\/10, iOS, Android, Mac OS, Linux    Fuqia: DC 24V, 2.5A\" \/>\n<meta property=\"og:url\" content=\"https:\/\/kapidani.com\/index.php\/product\/rongta-rp410-barcode-label-thermal-printer-with-usb\/\" \/>\n<meta property=\"og:site_name\" content=\"Kapidani PCCSERVICE\" \/>\n<meta property=\"article:modified_time\" content=\"2025-05-24T13:13:42+00:00\" \/>\n<meta property=\"og:image\" content=\"https:\/\/kapidani.com\/wp-content\/uploads\/2025\/05\/61KeKs7oUL._AC_UF8941000_QL80_.jpg\" \/>\n\t<meta property=\"og:image:width\" content=\"894\" \/>\n\t<meta property=\"og:image:height\" content=\"796\" \/>\n\t<meta property=\"og:image:type\" content=\"image\/jpeg\" \/>\n<meta name=\"twitter:card\" content=\"summary_large_image\" \/>\n<meta name=\"twitter:label1\" content=\"Est. reading time\" \/>\n\t<meta name=\"twitter:data1\" content=\"2 minutes\" \/>\n<script type=\"application\/ld+json\" class=\"yoast-schema-graph\">{\"@context\":\"https:\\\/\\\/schema.org\",\"@graph\":[{\"@type\":\"WebPage\",\"@id\":\"https:\\\/\\\/kapidani.com\\\/index.php\\\/product\\\/rongta-rp410-barcode-label-thermal-printer-with-usb\\\/\",\"url\":\"https:\\\/\\\/kapidani.com\\\/index.php\\\/product\\\/rongta-rp410-barcode-label-thermal-printer-with-usb\\\/\",\"name\":\"Rongta RP410 Barcode Label Thermal Printer With USB - Kapidani PCCSERVICE\",\"isPartOf\":{\"@id\":\"https:\\\/\\\/kapidani.com\\\/#website\"},\"primaryImageOfPage\":{\"@id\":\"https:\\\/\\\/kapidani.com\\\/index.php\\\/product\\\/rongta-rp410-barcode-label-thermal-printer-with-usb\\\/#primaryimage\"},\"image\":{\"@id\":\"https:\\\/\\\/kapidani.com\\\/index.php\\\/product\\\/rongta-rp410-barcode-label-thermal-printer-with-usb\\\/#primaryimage\"},\"thumbnailUrl\":\"https:\\\/\\\/kapidani.com\\\/wp-content\\\/uploads\\\/2025\\\/05\\\/61KeKs7oUL._AC_UF8941000_QL80_.jpg\",\"datePublished\":\"2025-05-24T12:56:52+00:00\",\"dateModified\":\"2025-05-24T13:13:42+00:00\",\"breadcrumb\":{\"@id\":\"https:\\\/\\\/kapidani.com\\\/index.php\\\/product\\\/rongta-rp410-barcode-label-thermal-printer-with-usb\\\/#breadcrumb\"},\"inLanguage\":\"en-US\",\"potentialAction\":[{\"@type\":\"ReadAction\",\"target\":[\"https:\\\/\\\/kapidani.com\\\/index.php\\\/product\\\/rongta-rp410-barcode-label-thermal-printer-with-usb\\\/\"]}]},{\"@type\":\"ImageObject\",\"inLanguage\":\"en-US\",\"@id\":\"https:\\\/\\\/kapidani.com\\\/index.php\\\/product\\\/rongta-rp410-barcode-label-thermal-printer-with-usb\\\/#primaryimage\",\"url\":\"https:\\\/\\\/kapidani.com\\\/wp-content\\\/uploads\\\/2025\\\/05\\\/61KeKs7oUL._AC_UF8941000_QL80_.jpg\",\"contentUrl\":\"https:\\\/\\\/kapidani.com\\\/wp-content\\\/uploads\\\/2025\\\/05\\\/61KeKs7oUL._AC_UF8941000_QL80_.jpg\",\"width\":894,\"height\":796},{\"@type\":\"BreadcrumbList\",\"@id\":\"https:\\\/\\\/kapidani.com\\\/index.php\\\/product\\\/rongta-rp410-barcode-label-thermal-printer-with-usb\\\/#breadcrumb\",\"itemListElement\":[{\"@type\":\"ListItem\",\"position\":1,\"name\":\"Home\",\"item\":\"https:\\\/\\\/kapidani.com\\\/\"},{\"@type\":\"ListItem\",\"position\":2,\"name\":\"Shop\",\"item\":\"https:\\\/\\\/kapidani.com\\\/index.php\\\/shop\\\/\"},{\"@type\":\"ListItem\",\"position\":3,\"name\":\"Rongta RP410 Barcode Label Thermal Printer With USB\"}]},{\"@type\":\"WebSite\",\"@id\":\"https:\\\/\\\/kapidani.com\\\/#website\",\"url\":\"https:\\\/\\\/kapidani.com\\\/\",\"name\":\"Kapidani PCCSERVICE\",\"description\":\"Hardware, Software, Accessories, Services, Hdd, Computer, Laptops,\",\"potentialAction\":[{\"@type\":\"SearchAction\",\"target\":{\"@type\":\"EntryPoint\",\"urlTemplate\":\"https:\\\/\\\/kapidani.com\\\/?s={search_term_string}\"},\"query-input\":{\"@type\":\"PropertyValueSpecification\",\"valueRequired\":true,\"valueName\":\"search_term_string\"}}],\"inLanguage\":\"en-US\"}]}<\/script>\n<!-- \/ Yoast SEO plugin. -->","yoast_head_json":{"title":"Rongta RP410 Barcode Label Thermal Printer With USB - Kapidani PCCSERVICE","robots":{"index":"index","follow":"follow","max-snippet":"max-snippet:-1","max-image-preview":"max-image-preview:large","max-video-preview":"max-video-preview:-1"},"canonical":"https:\/\/kapidani.com\/index.php\/product\/rongta-rp410-barcode-label-thermal-printer-with-usb\/","og_locale":"en_US","og_type":"article","og_title":"Rongta RP410 Barcode Label Thermal Printer With USB - Kapidani PCCSERVICE","og_description":"Printer Barkodi Etiketash RP410 USB  1. Performanc\u00eb e shk\u00eblqyer e shp\u00ebrndarjes s\u00eb Djegjes, mund t\u00eb p\u00ebrballoj\u00eb printime me ngarkes\u00eb t\u00eb madhe pune;  2. I pajisur me nj\u00eb funksion riprintimi, letra pozicionohet automatikisht pasi kopertina t\u00eb rihapet;  3. Mund t\u00eb printoj\u00eb fatur\u00eb t\u00eb madhe transporti te ndryshme, me p\u00ebrputhshm\u00ebri m\u00eb t\u00eb lart\u00eb;  4. Program i thjesht, komanda t\u00eb shumta, hap\u00ebsir\u00eb \u200b\u200be madhe ruajtjeje dhe skenar\u00eb t\u00eb larmish\u00ebm p\u00ebrshtatjeje. Karakteristikat Kryesore:    Gjer\u00ebsi printimi: 104mm \/ 4inch    Rezolucion maksimal: 203dpi    Shpejt\u00ebsi printimi n\u00eb t\u00eb zez\u00eb: 127mm\/s    Llojet e letr\u00ebs: Let\u00ebr e palosur, e pand\u00ebrprer\u00eb, etiketa ngjit\u00ebse    Mb\u00ebshtet prer\u00ebs (Tear Cutter)\u00a0dhe Beeper p\u00ebr sinjalizim praktik    Interface: USB    Memorie: 4MB FLASH + 8MB SDRAM    Sistemet operative t\u00eb mb\u00ebshtetura: Windows XP\/7\/8\/10, iOS, Android, Mac OS, Linux    Fuqia: DC 24V, 2.5A","og_url":"https:\/\/kapidani.com\/index.php\/product\/rongta-rp410-barcode-label-thermal-printer-with-usb\/","og_site_name":"Kapidani PCCSERVICE","article_modified_time":"2025-05-24T13:13:42+00:00","og_image":[{"width":894,"height":796,"url":"https:\/\/kapidani.com\/wp-content\/uploads\/2025\/05\/61KeKs7oUL._AC_UF8941000_QL80_.jpg","type":"image\/jpeg"}],"twitter_card":"summary_large_image","twitter_misc":{"Est. reading time":"2 minutes"},"schema":{"@context":"https:\/\/schema.org","@graph":[{"@type":"WebPage","@id":"https:\/\/kapidani.com\/index.php\/product\/rongta-rp410-barcode-label-thermal-printer-with-usb\/","url":"https:\/\/kapidani.com\/index.php\/product\/rongta-rp410-barcode-label-thermal-printer-with-usb\/","name":"Rongta RP410 Barcode Label Thermal Printer With USB - Kapidani PCCSERVICE","isPartOf":{"@id":"https:\/\/kapidani.com\/#website"},"primaryImageOfPage":{"@id":"https:\/\/kapidani.com\/index.php\/product\/rongta-rp410-barcode-label-thermal-printer-with-usb\/#primaryimage"},"image":{"@id":"https:\/\/kapidani.com\/index.php\/product\/rongta-rp410-barcode-label-thermal-printer-with-usb\/#primaryimage"},"thumbnailUrl":"https:\/\/kapidani.com\/wp-content\/uploads\/2025\/05\/61KeKs7oUL._AC_UF8941000_QL80_.jpg","datePublished":"2025-05-24T12:56:52+00:00","dateModified":"2025-05-24T13:13:42+00:00","breadcrumb":{"@id":"https:\/\/kapidani.com\/index.php\/product\/rongta-rp410-barcode-label-thermal-printer-with-usb\/#breadcrumb"},"inLanguage":"en-US","potentialAction":[{"@type":"ReadAction","target":["https:\/\/kapidani.com\/index.php\/product\/rongta-rp410-barcode-label-thermal-printer-with-usb\/"]}]},{"@type":"ImageObject","inLanguage":"en-US","@id":"https:\/\/kapidani.com\/index.php\/product\/rongta-rp410-barcode-label-thermal-printer-with-usb\/#primaryimage","url":"https:\/\/kapidani.com\/wp-content\/uploads\/2025\/05\/61KeKs7oUL._AC_UF8941000_QL80_.jpg","contentUrl":"https:\/\/kapidani.com\/wp-content\/uploads\/2025\/05\/61KeKs7oUL._AC_UF8941000_QL80_.jpg","width":894,"height":796},{"@type":"BreadcrumbList","@id":"https:\/\/kapidani.com\/index.php\/product\/rongta-rp410-barcode-label-thermal-printer-with-usb\/#breadcrumb","itemListElement":[{"@type":"ListItem","position":1,"name":"Home","item":"https:\/\/kapidani.com\/"},{"@type":"ListItem","position":2,"name":"Shop","item":"https:\/\/kapidani.com\/index.php\/shop\/"},{"@type":"ListItem","position":3,"name":"Rongta RP410 Barcode Label Thermal Printer With USB"}]},{"@type":"WebSite","@id":"https:\/\/kapidani.com\/#website","url":"https:\/\/kapidani.com\/","name":"Kapidani PCCSERVICE","description":"Hardware, Software, Accessories, Services, Hdd, Computer, Laptops,","potentialAction":[{"@type":"SearchAction","target":{"@type":"EntryPoint","urlTemplate":"https:\/\/kapidani.com\/?s={search_term_string}"},"query-input":{"@type":"PropertyValueSpecification","valueRequired":true,"valueName":"search_term_string"}}],"inLanguage":"en-US"}]}},"_links":{"self":[{"href":"https:\/\/kapidani.com\/index.php\/wp-json\/wp\/v2\/product\/4232","targetHints":{"allow":["GET"]}}],"collection":[{"href":"https:\/\/kapidani.com\/index.php\/wp-json\/wp\/v2\/product"}],"about":[{"href":"https:\/\/kapidani.com\/index.php\/wp-json\/wp\/v2\/types\/product"}],"wp:featuredmedia":[{"embeddable":true,"href":"https:\/\/kapidani.com\/index.php\/wp-json\/wp\/v2\/media\/4233"}],"wp:attachment":[{"href":"https:\/\/kapidani.com\/index.php\/wp-json\/wp\/v2\/media?parent=4232"}],"wp:term":[{"taxonomy":"product_brand","embeddable":true,"href":"https:\/\/kapidani.com\/index.php\/wp-json\/wp\/v2\/product_brand?post=4232"},{"taxonomy":"product_cat","embeddable":true,"href":"https:\/\/kapidani.com\/index.php\/wp-json\/wp\/v2\/product_cat?post=4232"},{"taxonomy":"product_tag","embeddable":true,"href":"https:\/\/kapidani.com\/index.php\/wp-json\/wp\/v2\/product_tag?post=4232"}],"curies":[{"name":"wp","href":"https:\/\/api.w.org\/{rel}","templated":true}]}}