{"id":4345,"date":"2025-07-15T08:11:12","date_gmt":"2025-07-15T08:11:12","guid":{"rendered":"https:\/\/kapidani.com\/?post_type=product&#038;p=4345"},"modified":"2025-07-15T08:11:12","modified_gmt":"2025-07-15T08:11:12","slug":"computer-desk-with-headphone-hook-and-cup-holderz-shaped-legs-black","status":"publish","type":"product","link":"https:\/\/kapidani.com\/index.php\/product\/computer-desk-with-headphone-hook-and-cup-holderz-shaped-legs-black\/","title":{"rendered":"Computer Desk with Headphone Hook and Cup Holder,Z-Shaped legs Black"},"content":{"rendered":"<p>Kjo tavolin\u00eb loj\u00ebrash XTRIKE ME ka nj\u00eb dizajn modern n\u00eb form\u00eb L-je, i cili mund t\u00eb kursej\u00eb hap\u00ebsir\u00eb n\u00eb m\u00ebnyr\u00eb efektive dhe t\u00eb shfryt\u00ebzoj\u00eb plot\u00ebsisht zon\u00ebn e sht\u00ebpis\u00eb dhe zyr\u00ebs suaj. Tavolina e loj\u00ebrave n\u00eb form\u00eb L p\u00ebrshtatet mir\u00eb n\u00eb \u00e7do cep dhe mbush skajet e zon\u00ebs pran\u00eb murit, duke sjell\u00eb m\u00eb shum\u00eb hap\u00ebsir\u00eb p\u00ebrdorimi n\u00eb qend\u00ebr t\u00eb dhom\u00ebs suaj. Gjithashtu, mund t\u00eb kombinoni 2 tavolina kompjuteri n\u00eb form\u00eb L-je p\u00ebr t\u00eb formuar nj\u00eb stacion pune ekskluziv n\u00eb form\u00eb U-je.<\/p>\n<p>Sip\u00ebrfaqja \u00ebsht\u00eb e teksturuar im\u00ebt me mij\u00ebra pika mikroskopike me dend\u00ebsi t\u00eb lart\u00eb q\u00eb reflektojn\u00eb drit\u00ebn, duke krijuar sip\u00ebrfaqen perfekte p\u00ebr aft\u00ebsit\u00eb e gjurmimit t\u00eb k\u00ebtij mausi loj\u00ebrash t\u00eb gjenerat\u00ebs s\u00eb ardhshme.<\/p>\n<p>Tavolin\u00eb loj\u00ebrash e fort\u00eb dhe e fort\u00eb. Nj\u00eb tavolin\u00eb loj\u00ebrash e fort\u00eb si gozhda me nj\u00eb p\u00ebrfundim elegant dhe t\u00eb l\u00ebmuar.<\/p>\n","protected":false},"excerpt":{"rendered":"<table id=\"productDetails_techSpec_section_1\" class=\"a-keyvalue prodDetTable\">\n<tbody>\n<tr>\n<th class=\"a-color-secondary a-size-base prodDetSectionEntry\">Color<\/th>\n<td class=\"a-size-base prodDetAttrValue\">\u200eBlack<\/td>\n<\/tr>\n<tr>\n<th class=\"a-color-secondary a-size-base prodDetSectionEntry\">Product Dimensions<\/th>\n<td class=\"a-size-base prodDetAttrValue\">\u200e116 x 60 x 74 cm; 19 kg<\/td>\n<\/tr>\n<tr>\n<th class=\"a-color-secondary a-size-base prodDetSectionEntry\">Is Assembly Required<\/th>\n<td class=\"a-size-base prodDetAttrValue\">\u200eYes<\/td>\n<\/tr>\n<tr>\n<th class=\"a-color-secondary a-size-base prodDetSectionEntry\">Assembly Type<\/th>\n<td class=\"a-size-base prodDetAttrValue\">\u200eAlready Assembled<\/td>\n<\/tr>\n<tr>\n<th class=\"a-color-secondary a-size-base prodDetSectionEntry\">Top Material<\/th>\n<td class=\"a-size-base prodDetAttrValue\">\u200eEngineered Wood<\/td>\n<\/tr>\n<tr>\n<th class=\"a-color-secondary a-size-base prodDetSectionEntry\">Finish Type<\/th>\n<td class=\"a-size-base prodDetAttrValue\">\u200ePainted or Lacquered<\/td>\n<\/tr>\n<tr>\n<th class=\"a-color-secondary a-size-base prodDetSectionEntry\">Style<\/th>\n<td class=\"a-size-base prodDetAttrValue\">\u200eContemporary<\/td>\n<\/tr>\n<tr>\n<th class=\"a-color-secondary a-size-base prodDetSectionEntry\">What is in the box?<\/th>\n<td class=\"a-size-base prodDetAttrValue\">\u200eShelf<\/td>\n<\/tr>\n<tr>\n<th class=\"a-color-secondary a-size-base prodDetSectionEntry\">Item Shape<\/th>\n<td class=\"a-size-base prodDetAttrValue\">\u200eRectangular<\/td>\n<\/tr>\n<tr>\n<th class=\"a-color-secondary a-size-base prodDetSectionEntry\">Publisher code<\/th>\n<td class=\"a-size-base prodDetAttrValue\">\u200eNY79L<\/td>\n<\/tr>\n<tr>\n<th class=\"a-color-secondary a-size-base prodDetSectionEntry\">Number of Shelves<\/th>\n<td class=\"a-size-base prodDetAttrValue\">\u200e1<\/td>\n<\/tr>\n<tr>\n<th class=\"a-color-secondary a-size-base prodDetSectionEntry\">Item Model Number<\/th>\n<td class=\"a-size-base prodDetAttrValue\">\u200eDK-02<\/td>\n<\/tr>\n<tr>\n<th class=\"a-color-secondary a-size-base prodDetSectionEntry\">Manufacturer<\/th>\n<td class=\"a-size-base prodDetAttrValue\">\u200eXTRIKE ME<\/td>\n<\/tr>\n<tr>\n<th class=\"a-color-secondary a-size-base prodDetSectionEntry\">Item model number<\/th>\n<td class=\"a-size-base prodDetAttrValue\">\u200eDK-02<\/td>\n<\/tr>\n<tr>\n<th class=\"a-color-secondary a-size-base prodDetSectionEntry\">ASIN<\/th>\n<td class=\"a-size-base prodDetAttrValue\">\u200eB08LV1QDS1<\/td>\n<\/tr>\n<\/tbody>\n<\/table>\n","protected":false},"featured_media":4346,"template":"","meta":[],"product_brand":[],"product_cat":[97],"product_tag":[],"class_list":{"0":"post-4345","1":"product","2":"type-product","3":"status-publish","4":"has-post-thumbnail","6":"product_cat-gaming-chair","7":"description-off","9":"first","10":"instock","11":"shipping-taxable","12":"purchasable","13":"product-type-simple"},"aioseo_notices":[],"_links":{"self":[{"href":"https:\/\/kapidani.com\/index.php\/wp-json\/wp\/v2\/product\/4345","targetHints":{"allow":["GET"]}}],"collection":[{"href":"https:\/\/kapidani.com\/index.php\/wp-json\/wp\/v2\/product"}],"about":[{"href":"https:\/\/kapidani.com\/index.php\/wp-json\/wp\/v2\/types\/product"}],"wp:featuredmedia":[{"embeddable":true,"href":"https:\/\/kapidani.com\/index.php\/wp-json\/wp\/v2\/media\/4346"}],"wp:attachment":[{"href":"https:\/\/kapidani.com\/index.php\/wp-json\/wp\/v2\/media?parent=4345"}],"wp:term":[{"taxonomy":"product_brand","embeddable":true,"href":"https:\/\/kapidani.com\/index.php\/wp-json\/wp\/v2\/product_brand?post=4345"},{"taxonomy":"product_cat","embeddable":true,"href":"https:\/\/kapidani.com\/index.php\/wp-json\/wp\/v2\/product_cat?post=4345"},{"taxonomy":"product_tag","embeddable":true,"href":"https:\/\/kapidani.com\/index.php\/wp-json\/wp\/v2\/product_tag?post=4345"}],"curies":[{"name":"wp","href":"https:\/\/api.w.org\/{rel}","templated":true}]}}