{"id":4384,"date":"2025-10-29T12:44:30","date_gmt":"2025-10-29T12:44:30","guid":{"rendered":"https:\/\/kapidani.com\/?post_type=product&#038;p=4384"},"modified":"2025-10-29T12:44:30","modified_gmt":"2025-10-29T12:44:30","slug":"dell-optiplex-7450-all-in-one-core-i-5-6600-3-3-ghz-ram-8-gb-ddr4-ssd-256-gb-grafika-hd-530-4-gb-wifi-dvdrw-monitor-24-inch-fhd","status":"publish","type":"product","link":"https:\/\/kapidani.com\/index.php\/product\/dell-optiplex-7450-all-in-one-core-i-5-6600-3-3-ghz-ram-8-gb-ddr4-ssd-256-gb-grafika-hd-530-4-gb-wifi-dvdrw-monitor-24-inch-fhd\/","title":{"rendered":"Dell OptiPlex 7450 All-in-One &#8211; CORE I 5 6600 3.3 GHZ &#8211; RAM 8 GB DDR4 &#8211; SSD 256 GB &#8211; GRAFIKA HD 530 4 GB &#8211; WIFI -DVDRW &#8211; MONITOR 24 INCH FHD"},"content":{"rendered":"<h3 data-start=\"0\" data-end=\"91\">\ud83d\udcbb <strong data-start=\"7\" data-end=\"89\">Dell OptiPlex 7450 All-in-One \u2013 Fuqi, Eleganc\u00eb dhe Prakticitet n\u00eb Nj\u00eb Pajisje!<\/strong><\/h3>\n<p data-start=\"93\" data-end=\"430\">Dell OptiPlex 7450 \u00ebsht\u00eb zgjidhja perfekte p\u00ebr bizneset, zyrat dhe p\u00ebrdoruesit q\u00eb k\u00ebrkojn\u00eb performanc\u00eb t\u00eb lart\u00eb dhe dizajn t\u00eb past\u00ebr pa rr\u00ebmuj\u00eb kabllosh. Me ekranin e tij <strong data-start=\"264\" data-end=\"295\">24\u201d LED Full HD (1920&#215;1080)<\/strong> dhe p\u00ebrb\u00ebr\u00ebsit e fuqish\u00ebm t\u00eb gjenerat\u00ebs s\u00eb 6-t\u00eb, ky sistem \u201cAll-in-One\u201d ofron nj\u00eb p\u00ebrvoj\u00eb pune t\u00eb shpejt\u00eb, t\u00eb qet\u00eb dhe profesionale.<\/p>\n<h3 data-start=\"432\" data-end=\"461\">\u2699\ufe0f <strong data-start=\"439\" data-end=\"461\">Specifikat Teknike<\/strong><\/h3>\n<ul data-start=\"462\" data-end=\"1008\">\n<li data-start=\"462\" data-end=\"517\">\n<p data-start=\"464\" data-end=\"517\"><strong data-start=\"464\" data-end=\"477\">Procesor:<\/strong> Intel\u00ae Core\u2122 i5-6600 (3.3 GHz, Gen 6)<\/p>\n<\/li>\n<li data-start=\"518\" data-end=\"595\">\n<p data-start=\"520\" data-end=\"595\"><strong data-start=\"520\" data-end=\"528\">RAM:<\/strong> 8 GB DDR4 \u2013 ideale p\u00ebr multitasking dhe aplikacione profesionale<\/p>\n<\/li>\n<li data-start=\"596\" data-end=\"667\">\n<p data-start=\"598\" data-end=\"667\"><strong data-start=\"598\" data-end=\"606\">SSD:<\/strong> 256 GB \u2013 shpejt\u00ebsi maksimale n\u00eb nisje dhe hapje program\u00ebsh<\/p>\n<\/li>\n<li data-start=\"668\" data-end=\"769\">\n<p data-start=\"670\" data-end=\"769\"><strong data-start=\"670\" data-end=\"682\">Grafika:<\/strong> Intel\u00ae HD Graphics 530 (4 GB Share) \u2013 p\u00ebr video, dizajn dhe media n\u00eb cil\u00ebsi t\u00eb lart\u00eb<\/p>\n<\/li>\n<li data-start=\"770\" data-end=\"849\">\n<p data-start=\"772\" data-end=\"849\"><strong data-start=\"772\" data-end=\"782\">Ekran:<\/strong> 24\u201d LED, Full HD (1920 x 1080) \u2013 imazh i past\u00ebr dhe ngjyra reale<\/p>\n<\/li>\n<li data-start=\"850\" data-end=\"902\">\n<p data-start=\"852\" data-end=\"902\"><strong data-start=\"852\" data-end=\"866\">Rrjet\u00ebzim:<\/strong> Gigabit Ethernet + WiFi integruar<\/p>\n<\/li>\n<li data-start=\"903\" data-end=\"957\">\n<p data-start=\"905\" data-end=\"957\"><strong data-start=\"905\" data-end=\"915\">Porta:<\/strong> USB 3.0, Type-C, SD Card Reader, DVD-RW<\/p>\n<\/li>\n<li data-start=\"958\" data-end=\"1008\">\n<p data-start=\"960\" data-end=\"1008\"><strong data-start=\"960\" data-end=\"970\">Audio:<\/strong> Boks\u00eb t\u00eb integruara me z\u00eb t\u00eb past\u00ebr<\/p>\n<\/li>\n<\/ul>\n<h3 data-start=\"1010\" data-end=\"1058\">\ud83c\udf1f <strong data-start=\"1017\" data-end=\"1056\">Pse ta zgjidhni Dell OptiPlex 7450?<\/strong><\/h3>\n<p data-start=\"1059\" data-end=\"1281\">\u2705 Kompakt dhe elegant \u2013 p\u00ebrshtatet n\u00eb \u00e7do ambient pune<br data-start=\"1113\" data-end=\"1116\" \/>\u2705 Performanc\u00eb e q\u00ebndrueshme p\u00ebr \u00e7do detyr\u00eb ditore<br data-start=\"1165\" data-end=\"1168\" \/>\u2705 Ekran i madh Full HD p\u00ebr produktivitet dhe komoditet vizual<br data-start=\"1229\" data-end=\"1232\" \/>\u2705 Ideal p\u00ebr zyra, shkolla dhe p\u00ebrdorim sht\u00ebpiak<\/p>\n<p data-start=\"1283\" data-end=\"1364\">\ud83d\udcbc <strong data-start=\"1286\" data-end=\"1362\">Dell OptiPlex 7450 \u2013 kompjuteri q\u00eb kursen hap\u00ebsir\u00eb, por jo performanc\u00ebn!<\/strong><\/p>\n","protected":false},"excerpt":{"rendered":"<h3 data-start=\"432\" data-end=\"461\">Dell OptiPlex 7450 All-in-One \u2013 Fuqi, Eleganc\u00eb dhe Prakticitet n\u00eb Nj\u00eb Pajisje!<\/p>\n<p>\u2699\ufe0f <strong data-start=\"439\" data-end=\"461\">Specifikat Teknike<\/strong><\/h3>\n<ul data-start=\"462\" data-end=\"1008\">\n<li data-start=\"462\" data-end=\"517\">\n<p data-start=\"464\" data-end=\"517\"><strong data-start=\"464\" data-end=\"477\">Procesor:<\/strong> Intel\u00ae Core\u2122 i5-6600 (3.3 GHz, Gen 6)<\/p>\n<\/li>\n<li data-start=\"518\" data-end=\"595\">\n<p data-start=\"520\" data-end=\"595\"><strong data-start=\"520\" data-end=\"528\">RAM:<\/strong> 8 GB DDR4 \u2013 ideale p\u00ebr multitasking dhe aplikacione profesionale<\/p>\n<\/li>\n<li data-start=\"596\" data-end=\"667\">\n<p data-start=\"598\" data-end=\"667\"><strong data-start=\"598\" data-end=\"606\">SSD:<\/strong> 256 GB \u2013 shpejt\u00ebsi maksimale n\u00eb nisje dhe hapje program\u00ebsh<\/p>\n<\/li>\n<li data-start=\"668\" data-end=\"769\">\n<p data-start=\"670\" data-end=\"769\"><strong data-start=\"670\" data-end=\"682\">Grafika:<\/strong> Intel\u00ae HD Graphics 530 (4 GB Share) \u2013 p\u00ebr video, dizajn dhe media n\u00eb cil\u00ebsi t\u00eb lart\u00eb<\/p>\n<\/li>\n<li data-start=\"770\" data-end=\"849\">\n<p data-start=\"772\" data-end=\"849\"><strong data-start=\"772\" data-end=\"782\">Ekran:<\/strong> 24\u201d LED, Full HD (1920 x 1080) \u2013 imazh i past\u00ebr dhe ngjyra reale<\/p>\n<\/li>\n<li data-start=\"850\" data-end=\"902\">\n<p data-start=\"852\" data-end=\"902\"><strong data-start=\"852\" data-end=\"866\">Rrjet\u00ebzim:<\/strong> Gigabit Ethernet + WiFi integruar<\/p>\n<\/li>\n<li data-start=\"903\" data-end=\"957\">\n<p data-start=\"905\" data-end=\"957\"><strong data-start=\"905\" data-end=\"915\">Porta:<\/strong> USB 3.0, Type-C, SD Card Reader, DVD-RW<\/p>\n<\/li>\n<li data-start=\"958\" data-end=\"1008\">\n<p data-start=\"960\" data-end=\"1008\"><strong data-start=\"960\" data-end=\"970\">Audio:<\/strong> Boks\u00eb t\u00eb integruara me z\u00eb t\u00eb past\u00ebr<\/p>\n<\/li>\n<\/ul>\n","protected":false},"featured_media":4385,"template":"","meta":[],"product_brand":[],"product_cat":[22],"product_tag":[],"class_list":{"0":"post-4384","1":"product","2":"type-product","3":"status-publish","4":"has-post-thumbnail","6":"product_cat-computers","7":"description-off","9":"first","10":"instock","11":"sale","12":"shipping-taxable","13":"purchasable","14":"product-type-simple"},"yoast_head":"<!-- This site is optimized with the Yoast SEO plugin v27.3 - https:\/\/yoast.com\/product\/yoast-seo-wordpress\/ -->\n<title>Dell OptiPlex 7450 All-in-One - CORE I 5 6600 3.3 GHZ - RAM 8 GB DDR4 - SSD 256 GB - GRAFIKA HD 530 4 GB - WIFI -DVDRW - MONITOR 24 INCH FHD - Kapidani PCCSERVICE<\/title>\n<meta name=\"robots\" content=\"index, follow, max-snippet:-1, max-image-preview:large, max-video-preview:-1\" \/>\n<link rel=\"canonical\" href=\"https:\/\/kapidani.com\/index.php\/product\/dell-optiplex-7450-all-in-one-core-i-5-6600-3-3-ghz-ram-8-gb-ddr4-ssd-256-gb-grafika-hd-530-4-gb-wifi-dvdrw-monitor-24-inch-fhd\/\" \/>\n<meta property=\"og:locale\" content=\"en_US\" \/>\n<meta property=\"og:type\" content=\"article\" \/>\n<meta property=\"og:title\" content=\"Dell OptiPlex 7450 All-in-One - CORE I 5 6600 3.3 GHZ - RAM 8 GB DDR4 - SSD 256 GB - GRAFIKA HD 530 4 GB - WIFI -DVDRW - MONITOR 24 INCH FHD - Kapidani PCCSERVICE\" \/>\n<meta property=\"og:description\" content=\"Dell OptiPlex 7450 All-in-One \u2013 Fuqi, Eleganc\u00eb dhe Prakticitet n\u00eb Nj\u00eb Pajisje!  \u2699\ufe0f Specifikat Teknike    Procesor: Intel\u00ae Core\u2122 i5-6600 (3.3 GHz, Gen 6)    RAM: 8 GB DDR4 \u2013 ideale p\u00ebr multitasking dhe aplikacione profesionale    SSD: 256 GB \u2013 shpejt\u00ebsi maksimale n\u00eb nisje dhe hapje program\u00ebsh    Grafika: Intel\u00ae HD Graphics 530 (4 GB Share) \u2013 p\u00ebr video, dizajn dhe media n\u00eb cil\u00ebsi t\u00eb lart\u00eb    Ekran: 24\u201d LED, Full HD (1920 x 1080) \u2013 imazh i past\u00ebr dhe ngjyra reale    Rrjet\u00ebzim: Gigabit Ethernet + WiFi integruar    Porta: USB 3.0, Type-C, SD Card Reader, DVD-RW    Audio: Boks\u00eb t\u00eb integruara me z\u00eb t\u00eb past\u00ebr\" \/>\n<meta property=\"og:url\" content=\"https:\/\/kapidani.com\/index.php\/product\/dell-optiplex-7450-all-in-one-core-i-5-6600-3-3-ghz-ram-8-gb-ddr4-ssd-256-gb-grafika-hd-530-4-gb-wifi-dvdrw-monitor-24-inch-fhd\/\" \/>\n<meta property=\"og:site_name\" content=\"Kapidani PCCSERVICE\" \/>\n<meta property=\"og:image\" content=\"https:\/\/kapidani.com\/wp-content\/uploads\/2025\/10\/DELL-OPTIPLEX-7450-AIO.jpg\" \/>\n\t<meta property=\"og:image:width\" content=\"2400\" \/>\n\t<meta property=\"og:image:height\" content=\"1800\" \/>\n\t<meta property=\"og:image:type\" content=\"image\/jpeg\" \/>\n<meta name=\"twitter:card\" content=\"summary_large_image\" \/>\n<meta name=\"twitter:label1\" content=\"Est. reading time\" \/>\n\t<meta name=\"twitter:data1\" content=\"1 minute\" \/>\n<script type=\"application\/ld+json\" class=\"yoast-schema-graph\">{\"@context\":\"https:\\\/\\\/schema.org\",\"@graph\":[{\"@type\":\"WebPage\",\"@id\":\"https:\\\/\\\/kapidani.com\\\/index.php\\\/product\\\/dell-optiplex-7450-all-in-one-core-i-5-6600-3-3-ghz-ram-8-gb-ddr4-ssd-256-gb-grafika-hd-530-4-gb-wifi-dvdrw-monitor-24-inch-fhd\\\/\",\"url\":\"https:\\\/\\\/kapidani.com\\\/index.php\\\/product\\\/dell-optiplex-7450-all-in-one-core-i-5-6600-3-3-ghz-ram-8-gb-ddr4-ssd-256-gb-grafika-hd-530-4-gb-wifi-dvdrw-monitor-24-inch-fhd\\\/\",\"name\":\"Dell OptiPlex 7450 All-in-One - CORE I 5 6600 3.3 GHZ - RAM 8 GB DDR4 - SSD 256 GB - GRAFIKA HD 530 4 GB - WIFI -DVDRW - MONITOR 24 INCH FHD - Kapidani PCCSERVICE\",\"isPartOf\":{\"@id\":\"https:\\\/\\\/kapidani.com\\\/#website\"},\"primaryImageOfPage\":{\"@id\":\"https:\\\/\\\/kapidani.com\\\/index.php\\\/product\\\/dell-optiplex-7450-all-in-one-core-i-5-6600-3-3-ghz-ram-8-gb-ddr4-ssd-256-gb-grafika-hd-530-4-gb-wifi-dvdrw-monitor-24-inch-fhd\\\/#primaryimage\"},\"image\":{\"@id\":\"https:\\\/\\\/kapidani.com\\\/index.php\\\/product\\\/dell-optiplex-7450-all-in-one-core-i-5-6600-3-3-ghz-ram-8-gb-ddr4-ssd-256-gb-grafika-hd-530-4-gb-wifi-dvdrw-monitor-24-inch-fhd\\\/#primaryimage\"},\"thumbnailUrl\":\"https:\\\/\\\/kapidani.com\\\/wp-content\\\/uploads\\\/2025\\\/10\\\/DELL-OPTIPLEX-7450-AIO.jpg\",\"datePublished\":\"2025-10-29T12:44:30+00:00\",\"breadcrumb\":{\"@id\":\"https:\\\/\\\/kapidani.com\\\/index.php\\\/product\\\/dell-optiplex-7450-all-in-one-core-i-5-6600-3-3-ghz-ram-8-gb-ddr4-ssd-256-gb-grafika-hd-530-4-gb-wifi-dvdrw-monitor-24-inch-fhd\\\/#breadcrumb\"},\"inLanguage\":\"en-US\",\"potentialAction\":[{\"@type\":\"ReadAction\",\"target\":[\"https:\\\/\\\/kapidani.com\\\/index.php\\\/product\\\/dell-optiplex-7450-all-in-one-core-i-5-6600-3-3-ghz-ram-8-gb-ddr4-ssd-256-gb-grafika-hd-530-4-gb-wifi-dvdrw-monitor-24-inch-fhd\\\/\"]}]},{\"@type\":\"ImageObject\",\"inLanguage\":\"en-US\",\"@id\":\"https:\\\/\\\/kapidani.com\\\/index.php\\\/product\\\/dell-optiplex-7450-all-in-one-core-i-5-6600-3-3-ghz-ram-8-gb-ddr4-ssd-256-gb-grafika-hd-530-4-gb-wifi-dvdrw-monitor-24-inch-fhd\\\/#primaryimage\",\"url\":\"https:\\\/\\\/kapidani.com\\\/wp-content\\\/uploads\\\/2025\\\/10\\\/DELL-OPTIPLEX-7450-AIO.jpg\",\"contentUrl\":\"https:\\\/\\\/kapidani.com\\\/wp-content\\\/uploads\\\/2025\\\/10\\\/DELL-OPTIPLEX-7450-AIO.jpg\",\"width\":2400,\"height\":1800},{\"@type\":\"BreadcrumbList\",\"@id\":\"https:\\\/\\\/kapidani.com\\\/index.php\\\/product\\\/dell-optiplex-7450-all-in-one-core-i-5-6600-3-3-ghz-ram-8-gb-ddr4-ssd-256-gb-grafika-hd-530-4-gb-wifi-dvdrw-monitor-24-inch-fhd\\\/#breadcrumb\",\"itemListElement\":[{\"@type\":\"ListItem\",\"position\":1,\"name\":\"Home\",\"item\":\"https:\\\/\\\/kapidani.com\\\/\"},{\"@type\":\"ListItem\",\"position\":2,\"name\":\"Shop\",\"item\":\"https:\\\/\\\/kapidani.com\\\/index.php\\\/shop\\\/\"},{\"@type\":\"ListItem\",\"position\":3,\"name\":\"Dell OptiPlex 7450 All-in-One &#8211; CORE I 5 6600 3.3 GHZ &#8211; RAM 8 GB DDR4 &#8211; SSD 256 GB &#8211; GRAFIKA HD 530 4 GB &#8211; WIFI -DVDRW &#8211; MONITOR 24 INCH FHD\"}]},{\"@type\":\"WebSite\",\"@id\":\"https:\\\/\\\/kapidani.com\\\/#website\",\"url\":\"https:\\\/\\\/kapidani.com\\\/\",\"name\":\"Kapidani PCCSERVICE\",\"description\":\"Hardware, Software, Accessories, Services, Hdd, Computer, Laptops,\",\"potentialAction\":[{\"@type\":\"SearchAction\",\"target\":{\"@type\":\"EntryPoint\",\"urlTemplate\":\"https:\\\/\\\/kapidani.com\\\/?s={search_term_string}\"},\"query-input\":{\"@type\":\"PropertyValueSpecification\",\"valueRequired\":true,\"valueName\":\"search_term_string\"}}],\"inLanguage\":\"en-US\"}]}<\/script>\n<!-- \/ Yoast SEO plugin. -->","yoast_head_json":{"title":"Dell OptiPlex 7450 All-in-One - CORE I 5 6600 3.3 GHZ - RAM 8 GB DDR4 - SSD 256 GB - GRAFIKA HD 530 4 GB - WIFI -DVDRW - MONITOR 24 INCH FHD - Kapidani PCCSERVICE","robots":{"index":"index","follow":"follow","max-snippet":"max-snippet:-1","max-image-preview":"max-image-preview:large","max-video-preview":"max-video-preview:-1"},"canonical":"https:\/\/kapidani.com\/index.php\/product\/dell-optiplex-7450-all-in-one-core-i-5-6600-3-3-ghz-ram-8-gb-ddr4-ssd-256-gb-grafika-hd-530-4-gb-wifi-dvdrw-monitor-24-inch-fhd\/","og_locale":"en_US","og_type":"article","og_title":"Dell OptiPlex 7450 All-in-One - CORE I 5 6600 3.3 GHZ - RAM 8 GB DDR4 - SSD 256 GB - GRAFIKA HD 530 4 GB - WIFI -DVDRW - MONITOR 24 INCH FHD - Kapidani PCCSERVICE","og_description":"Dell OptiPlex 7450 All-in-One \u2013 Fuqi, Eleganc\u00eb dhe Prakticitet n\u00eb Nj\u00eb Pajisje!  \u2699\ufe0f Specifikat Teknike    Procesor: Intel\u00ae Core\u2122 i5-6600 (3.3 GHz, Gen 6)    RAM: 8 GB DDR4 \u2013 ideale p\u00ebr multitasking dhe aplikacione profesionale    SSD: 256 GB \u2013 shpejt\u00ebsi maksimale n\u00eb nisje dhe hapje program\u00ebsh    Grafika: Intel\u00ae HD Graphics 530 (4 GB Share) \u2013 p\u00ebr video, dizajn dhe media n\u00eb cil\u00ebsi t\u00eb lart\u00eb    Ekran: 24\u201d LED, Full HD (1920 x 1080) \u2013 imazh i past\u00ebr dhe ngjyra reale    Rrjet\u00ebzim: Gigabit Ethernet + WiFi integruar    Porta: USB 3.0, Type-C, SD Card Reader, DVD-RW    Audio: Boks\u00eb t\u00eb integruara me z\u00eb t\u00eb past\u00ebr","og_url":"https:\/\/kapidani.com\/index.php\/product\/dell-optiplex-7450-all-in-one-core-i-5-6600-3-3-ghz-ram-8-gb-ddr4-ssd-256-gb-grafika-hd-530-4-gb-wifi-dvdrw-monitor-24-inch-fhd\/","og_site_name":"Kapidani PCCSERVICE","og_image":[{"width":2400,"height":1800,"url":"https:\/\/kapidani.com\/wp-content\/uploads\/2025\/10\/DELL-OPTIPLEX-7450-AIO.jpg","type":"image\/jpeg"}],"twitter_card":"summary_large_image","twitter_misc":{"Est. reading time":"1 minute"},"schema":{"@context":"https:\/\/schema.org","@graph":[{"@type":"WebPage","@id":"https:\/\/kapidani.com\/index.php\/product\/dell-optiplex-7450-all-in-one-core-i-5-6600-3-3-ghz-ram-8-gb-ddr4-ssd-256-gb-grafika-hd-530-4-gb-wifi-dvdrw-monitor-24-inch-fhd\/","url":"https:\/\/kapidani.com\/index.php\/product\/dell-optiplex-7450-all-in-one-core-i-5-6600-3-3-ghz-ram-8-gb-ddr4-ssd-256-gb-grafika-hd-530-4-gb-wifi-dvdrw-monitor-24-inch-fhd\/","name":"Dell OptiPlex 7450 All-in-One - CORE I 5 6600 3.3 GHZ - RAM 8 GB DDR4 - SSD 256 GB - GRAFIKA HD 530 4 GB - WIFI -DVDRW - MONITOR 24 INCH FHD - Kapidani PCCSERVICE","isPartOf":{"@id":"https:\/\/kapidani.com\/#website"},"primaryImageOfPage":{"@id":"https:\/\/kapidani.com\/index.php\/product\/dell-optiplex-7450-all-in-one-core-i-5-6600-3-3-ghz-ram-8-gb-ddr4-ssd-256-gb-grafika-hd-530-4-gb-wifi-dvdrw-monitor-24-inch-fhd\/#primaryimage"},"image":{"@id":"https:\/\/kapidani.com\/index.php\/product\/dell-optiplex-7450-all-in-one-core-i-5-6600-3-3-ghz-ram-8-gb-ddr4-ssd-256-gb-grafika-hd-530-4-gb-wifi-dvdrw-monitor-24-inch-fhd\/#primaryimage"},"thumbnailUrl":"https:\/\/kapidani.com\/wp-content\/uploads\/2025\/10\/DELL-OPTIPLEX-7450-AIO.jpg","datePublished":"2025-10-29T12:44:30+00:00","breadcrumb":{"@id":"https:\/\/kapidani.com\/index.php\/product\/dell-optiplex-7450-all-in-one-core-i-5-6600-3-3-ghz-ram-8-gb-ddr4-ssd-256-gb-grafika-hd-530-4-gb-wifi-dvdrw-monitor-24-inch-fhd\/#breadcrumb"},"inLanguage":"en-US","potentialAction":[{"@type":"ReadAction","target":["https:\/\/kapidani.com\/index.php\/product\/dell-optiplex-7450-all-in-one-core-i-5-6600-3-3-ghz-ram-8-gb-ddr4-ssd-256-gb-grafika-hd-530-4-gb-wifi-dvdrw-monitor-24-inch-fhd\/"]}]},{"@type":"ImageObject","inLanguage":"en-US","@id":"https:\/\/kapidani.com\/index.php\/product\/dell-optiplex-7450-all-in-one-core-i-5-6600-3-3-ghz-ram-8-gb-ddr4-ssd-256-gb-grafika-hd-530-4-gb-wifi-dvdrw-monitor-24-inch-fhd\/#primaryimage","url":"https:\/\/kapidani.com\/wp-content\/uploads\/2025\/10\/DELL-OPTIPLEX-7450-AIO.jpg","contentUrl":"https:\/\/kapidani.com\/wp-content\/uploads\/2025\/10\/DELL-OPTIPLEX-7450-AIO.jpg","width":2400,"height":1800},{"@type":"BreadcrumbList","@id":"https:\/\/kapidani.com\/index.php\/product\/dell-optiplex-7450-all-in-one-core-i-5-6600-3-3-ghz-ram-8-gb-ddr4-ssd-256-gb-grafika-hd-530-4-gb-wifi-dvdrw-monitor-24-inch-fhd\/#breadcrumb","itemListElement":[{"@type":"ListItem","position":1,"name":"Home","item":"https:\/\/kapidani.com\/"},{"@type":"ListItem","position":2,"name":"Shop","item":"https:\/\/kapidani.com\/index.php\/shop\/"},{"@type":"ListItem","position":3,"name":"Dell OptiPlex 7450 All-in-One &#8211; CORE I 5 6600 3.3 GHZ &#8211; RAM 8 GB DDR4 &#8211; SSD 256 GB &#8211; GRAFIKA HD 530 4 GB &#8211; WIFI -DVDRW &#8211; MONITOR 24 INCH FHD"}]},{"@type":"WebSite","@id":"https:\/\/kapidani.com\/#website","url":"https:\/\/kapidani.com\/","name":"Kapidani PCCSERVICE","description":"Hardware, Software, Accessories, Services, Hdd, Computer, Laptops,","potentialAction":[{"@type":"SearchAction","target":{"@type":"EntryPoint","urlTemplate":"https:\/\/kapidani.com\/?s={search_term_string}"},"query-input":{"@type":"PropertyValueSpecification","valueRequired":true,"valueName":"search_term_string"}}],"inLanguage":"en-US"}]}},"_links":{"self":[{"href":"https:\/\/kapidani.com\/index.php\/wp-json\/wp\/v2\/product\/4384","targetHints":{"allow":["GET"]}}],"collection":[{"href":"https:\/\/kapidani.com\/index.php\/wp-json\/wp\/v2\/product"}],"about":[{"href":"https:\/\/kapidani.com\/index.php\/wp-json\/wp\/v2\/types\/product"}],"wp:featuredmedia":[{"embeddable":true,"href":"https:\/\/kapidani.com\/index.php\/wp-json\/wp\/v2\/media\/4385"}],"wp:attachment":[{"href":"https:\/\/kapidani.com\/index.php\/wp-json\/wp\/v2\/media?parent=4384"}],"wp:term":[{"taxonomy":"product_brand","embeddable":true,"href":"https:\/\/kapidani.com\/index.php\/wp-json\/wp\/v2\/product_brand?post=4384"},{"taxonomy":"product_cat","embeddable":true,"href":"https:\/\/kapidani.com\/index.php\/wp-json\/wp\/v2\/product_cat?post=4384"},{"taxonomy":"product_tag","embeddable":true,"href":"https:\/\/kapidani.com\/index.php\/wp-json\/wp\/v2\/product_tag?post=4384"}],"curies":[{"name":"wp","href":"https:\/\/api.w.org\/{rel}","templated":true}]}}