{"id":584,"date":"2020-03-13T18:14:21","date_gmt":"2020-03-13T18:14:21","guid":{"rendered":"https:\/\/kapidani.com\/?post_type=product&#038;p=584"},"modified":"2021-10-06T10:32:40","modified_gmt":"2021-10-06T10:32:40","slug":"cante-shpine-anti-vjedhje-cmimi-2500-leke","status":"publish","type":"product","link":"https:\/\/kapidani.com\/index.php\/product\/cante-shpine-anti-vjedhje-cmimi-2500-leke\/","title":{"rendered":"CANTE SHPINE ANTI VJEDHJE &#8211; CMIMI 2500 LEKE"},"content":{"rendered":"<p><span class=\"text_exposed_show\">Sh\u00ebnime:<br \/>\n1. P\u00ebr shkak t\u00eb monitorimit t\u00eb ndrysh\u00ebm dhe efektit t\u00eb drit\u00ebs, ngjyra e v\u00ebrtet\u00eb e sendit mund t\u00eb jet\u00eb paksa e ndryshme nga ngjyra e treguar n\u00eb fotografi. Faleminderit!<br \/>\n2. Ju lutemi lejoni devijimin mat\u00ebs 1-3 cm p\u00ebr shkak t\u00eb matjes manuale.<\/span><\/p>\n","protected":false},"excerpt":{"rendered":"<p>Dimensionet e produktit:<br \/>\nW: 28 cm \/ 11 &#8220;<span class=\"text_exposed_show\"><br \/>\nH: 43 cm \/ 16.9 &#8221;<br \/>\nD: 13 cm \/ 5.1 &#8220;<\/span><\/p>\n<p>P\u00ebrmbajtja: 12.5 litra<br \/>\nPesha e ngarkes\u00ebs: 8.5 kg \/ 18.7 lbs<br \/>\nPesha e \u00e7ant\u00ebs: 885 gram<\/p>\n<p>Ndarja e laptop\u00ebve:<br \/>\n27 cm x 33 &#8211; 40 cm x 3,5 cm (Gjer\u00ebsia x Lart\u00ebsia x<\/p>\n<p>Pjesa e Tabletave:<br \/>\n25,5 cm x 12 &#8211; 18 cm x 1 cm (gjer\u00ebsia x Lart\u00ebsia x<\/p>\n<p>Karakteristikat kryesore:<br \/>\n\u2022 Gjinia Unisex<br \/>\n\u2022 Zinxhir &amp; Xhepa t\u00eb fshehura<br \/>\n\u2022 Rezistent ndaj prerjeve dhe gervishtjeve<br \/>\n\u2022 Port e integruar i karikimit USB<br \/>\n\u2022 Balancim peshe e pershtatur per te ulur 20% peshe<br \/>\n\u2022 P\u00eblhur\u00eb kund\u00ebr ujit shiut<br \/>\n\u2022 Ndri\u00e7imi i shiritave t\u00eb siguris\u00eb<br \/>\n\u2022 Ndarje mbrojt\u00ebse nga goditja<br \/>\n\u2022 P\u00ebrshtatet nj\u00eb Tablet\u00eb 9,7 &#8220;(ndarje tablet\u00eb)<br \/>\n\u2022 P\u00ebrshtatet nj\u00eb laptop 15.6 &#8220;(ndarje laptop)<\/p>\n<p>&nbsp;<\/p>\n<p><span class=\"_5mfr\"><span class=\"_6qdm\">\ud83d\udcc3<\/span><\/span>\u00a0\u2013 Cdo produkt shoqerohet me fature te regullt TVSH<\/p>\n<p>Na ndiqni ne mediat sociale<\/p>\n<p><a href=\"https:\/\/www.facebook.com\/PCCService\/\">https:\/\/www.facebook.com\/PCCService\/<\/a><br \/>\n<a href=\"https:\/\/www.instagram.com\/pccserviceal\/?fbclid=IwAR2Hl9G0ef-EUuKBgJsKtHHgRQmrDpMR1DQ84_rrhs86bbWMX41Bdy9XBuQ\" target=\"_blank\" rel=\"nofollow noopener noreferrer\" data-lynx-mode=\"asynclazy\" data-lynx-uri=\"https:\/\/l.facebook.com\/l.php?u=https%3A%2F%2Fwww.instagram.com%2Fpccserviceal%2F%3Ffbclid%3DIwAR2Hl9G0ef-EUuKBgJsKtHHgRQmrDpMR1DQ84_rrhs86bbWMX41Bdy9XBuQ&amp;h=AT3knHjZkBzJw9rU9KG8SNFZ9YfCAO5Y1Eyy-2c-GKsvhDlsdEBdpCVh3pIuIPeQFpb6_Oa5oSM_EJO3pULEKjkugJQYvayPLKpaBzAwk5nW7cnsq-zN1BkhAJYUujCtmqMC_ZM\">https:\/\/www.instagram.com\/<wbr \/>pccserviceal\/<\/a><br \/>\n<span class=\"_5mfr\"><span class=\"_6qdm\">\ud83c\udfe0<\/span><\/span>\u00a0Adresa rruga e Dibres 150 merta prane Medresese<br \/>\n<span class=\"_5mfr\"><span class=\"_6qdm\">\u260e\ufe0f<\/span><\/span>\u00a0Nr kontakti 0692040300<\/p>\n<p><span class=\"text_exposed_show\">\u00a0<\/span><\/p>\n","protected":false},"featured_media":585,"template":"","meta":[],"product_brand":[],"product_cat":[49],"product_tag":[],"class_list":{"0":"post-584","1":"product","2":"type-product","3":"status-publish","4":"has-post-thumbnail","6":"product_cat-laptop-bag","7":"description-off","9":"first","10":"outofstock","11":"shipping-taxable","12":"purchasable","13":"product-type-simple"},"yoast_head":"<!-- This site is optimized with the Yoast SEO plugin v27.3 - https:\/\/yoast.com\/product\/yoast-seo-wordpress\/ -->\n<title>CANTE SHPINE ANTI VJEDHJE - CMIMI 2500 LEKE - Kapidani PCCSERVICE<\/title>\n<meta name=\"robots\" content=\"index, follow, max-snippet:-1, max-image-preview:large, max-video-preview:-1\" \/>\n<link rel=\"canonical\" href=\"https:\/\/kapidani.com\/index.php\/product\/cante-shpine-anti-vjedhje-cmimi-2500-leke\/\" \/>\n<meta property=\"og:locale\" content=\"en_US\" \/>\n<meta property=\"og:type\" content=\"article\" \/>\n<meta property=\"og:title\" content=\"CANTE SHPINE ANTI VJEDHJE - CMIMI 2500 LEKE - Kapidani PCCSERVICE\" \/>\n<meta property=\"og:description\" content=\"Dimensionet e produktit: W: 28 cm \/ 11 &quot; H: 43 cm \/ 16.9 &quot; D: 13 cm \/ 5.1 &quot;  P\u00ebrmbajtja: 12.5 litra Pesha e ngarkes\u00ebs: 8.5 kg \/ 18.7 lbs Pesha e \u00e7ant\u00ebs: 885 gram  Ndarja e laptop\u00ebve: 27 cm x 33 - 40 cm x 3,5 cm (Gjer\u00ebsia x Lart\u00ebsia x  Pjesa e Tabletave: 25,5 cm x 12 - 18 cm x 1 cm (gjer\u00ebsia x Lart\u00ebsia x  Karakteristikat kryesore: \u2022 Gjinia Unisex \u2022 Zinxhir &amp; Xhepa t\u00eb fshehura \u2022 Rezistent ndaj prerjeve dhe gervishtjeve \u2022 Port e integruar i karikimit USB \u2022 Balancim peshe e pershtatur per te ulur 20% peshe \u2022 P\u00eblhur\u00eb kund\u00ebr ujit shiut \u2022 Ndri\u00e7imi i shiritave t\u00eb siguris\u00eb \u2022 Ndarje mbrojt\u00ebse nga goditja \u2022 P\u00ebrshtatet nj\u00eb Tablet\u00eb 9,7 &quot;(ndarje tablet\u00eb) \u2022 P\u00ebrshtatet nj\u00eb laptop 15.6 &quot;(ndarje laptop)  &nbsp;  \ud83d\udcc3\u00a0\u2013 Cdo produkt shoqerohet me fature te regullt TVSH  Na ndiqni ne mediat sociale  https:\/\/www.facebook.com\/PCCService\/ https:\/\/www.instagram.com\/pccserviceal\/ \ud83c\udfe0\u00a0Adresa rruga e Dibres 150 merta prane Medresese \u260e\ufe0f\u00a0Nr kontakti 0692040300  \u00a0\" \/>\n<meta property=\"og:url\" content=\"https:\/\/kapidani.com\/index.php\/product\/cante-shpine-anti-vjedhje-cmimi-2500-leke\/\" \/>\n<meta property=\"og:site_name\" content=\"Kapidani PCCSERVICE\" \/>\n<meta property=\"article:modified_time\" content=\"2021-10-06T10:32:40+00:00\" \/>\n<meta property=\"og:image\" content=\"https:\/\/kapidani.com\/wp-content\/uploads\/2020\/03\/backpack-anti-theft-bag-11.jpg\" \/>\n\t<meta property=\"og:image:width\" content=\"1200\" \/>\n\t<meta property=\"og:image:height\" content=\"1200\" \/>\n\t<meta property=\"og:image:type\" content=\"image\/jpeg\" \/>\n<meta name=\"twitter:card\" content=\"summary_large_image\" \/>\n<script type=\"application\/ld+json\" class=\"yoast-schema-graph\">{\"@context\":\"https:\\\/\\\/schema.org\",\"@graph\":[{\"@type\":\"WebPage\",\"@id\":\"https:\\\/\\\/kapidani.com\\\/index.php\\\/product\\\/cante-shpine-anti-vjedhje-cmimi-2500-leke\\\/\",\"url\":\"https:\\\/\\\/kapidani.com\\\/index.php\\\/product\\\/cante-shpine-anti-vjedhje-cmimi-2500-leke\\\/\",\"name\":\"CANTE SHPINE ANTI VJEDHJE - CMIMI 2500 LEKE - Kapidani PCCSERVICE\",\"isPartOf\":{\"@id\":\"https:\\\/\\\/kapidani.com\\\/#website\"},\"primaryImageOfPage\":{\"@id\":\"https:\\\/\\\/kapidani.com\\\/index.php\\\/product\\\/cante-shpine-anti-vjedhje-cmimi-2500-leke\\\/#primaryimage\"},\"image\":{\"@id\":\"https:\\\/\\\/kapidani.com\\\/index.php\\\/product\\\/cante-shpine-anti-vjedhje-cmimi-2500-leke\\\/#primaryimage\"},\"thumbnailUrl\":\"https:\\\/\\\/kapidani.com\\\/wp-content\\\/uploads\\\/2020\\\/03\\\/backpack-anti-theft-bag-11.jpg\",\"datePublished\":\"2020-03-13T18:14:21+00:00\",\"dateModified\":\"2021-10-06T10:32:40+00:00\",\"breadcrumb\":{\"@id\":\"https:\\\/\\\/kapidani.com\\\/index.php\\\/product\\\/cante-shpine-anti-vjedhje-cmimi-2500-leke\\\/#breadcrumb\"},\"inLanguage\":\"en-US\",\"potentialAction\":[{\"@type\":\"ReadAction\",\"target\":[\"https:\\\/\\\/kapidani.com\\\/index.php\\\/product\\\/cante-shpine-anti-vjedhje-cmimi-2500-leke\\\/\"]}]},{\"@type\":\"ImageObject\",\"inLanguage\":\"en-US\",\"@id\":\"https:\\\/\\\/kapidani.com\\\/index.php\\\/product\\\/cante-shpine-anti-vjedhje-cmimi-2500-leke\\\/#primaryimage\",\"url\":\"https:\\\/\\\/kapidani.com\\\/wp-content\\\/uploads\\\/2020\\\/03\\\/backpack-anti-theft-bag-11.jpg\",\"contentUrl\":\"https:\\\/\\\/kapidani.com\\\/wp-content\\\/uploads\\\/2020\\\/03\\\/backpack-anti-theft-bag-11.jpg\",\"width\":1200,\"height\":1200},{\"@type\":\"BreadcrumbList\",\"@id\":\"https:\\\/\\\/kapidani.com\\\/index.php\\\/product\\\/cante-shpine-anti-vjedhje-cmimi-2500-leke\\\/#breadcrumb\",\"itemListElement\":[{\"@type\":\"ListItem\",\"position\":1,\"name\":\"Home\",\"item\":\"https:\\\/\\\/kapidani.com\\\/\"},{\"@type\":\"ListItem\",\"position\":2,\"name\":\"Shop\",\"item\":\"https:\\\/\\\/kapidani.com\\\/index.php\\\/shop\\\/\"},{\"@type\":\"ListItem\",\"position\":3,\"name\":\"CANTE SHPINE ANTI VJEDHJE &#8211; CMIMI 2500 LEKE\"}]},{\"@type\":\"WebSite\",\"@id\":\"https:\\\/\\\/kapidani.com\\\/#website\",\"url\":\"https:\\\/\\\/kapidani.com\\\/\",\"name\":\"Kapidani PCCSERVICE\",\"description\":\"Hardware, Software, Accessories, Services, Hdd, Computer, Laptops,\",\"potentialAction\":[{\"@type\":\"SearchAction\",\"target\":{\"@type\":\"EntryPoint\",\"urlTemplate\":\"https:\\\/\\\/kapidani.com\\\/?s={search_term_string}\"},\"query-input\":{\"@type\":\"PropertyValueSpecification\",\"valueRequired\":true,\"valueName\":\"search_term_string\"}}],\"inLanguage\":\"en-US\"}]}<\/script>\n<!-- \/ Yoast SEO plugin. -->","yoast_head_json":{"title":"CANTE SHPINE ANTI VJEDHJE - CMIMI 2500 LEKE - Kapidani PCCSERVICE","robots":{"index":"index","follow":"follow","max-snippet":"max-snippet:-1","max-image-preview":"max-image-preview:large","max-video-preview":"max-video-preview:-1"},"canonical":"https:\/\/kapidani.com\/index.php\/product\/cante-shpine-anti-vjedhje-cmimi-2500-leke\/","og_locale":"en_US","og_type":"article","og_title":"CANTE SHPINE ANTI VJEDHJE - CMIMI 2500 LEKE - Kapidani PCCSERVICE","og_description":"Dimensionet e produktit: W: 28 cm \/ 11 \" H: 43 cm \/ 16.9 \" D: 13 cm \/ 5.1 \"  P\u00ebrmbajtja: 12.5 litra Pesha e ngarkes\u00ebs: 8.5 kg \/ 18.7 lbs Pesha e \u00e7ant\u00ebs: 885 gram  Ndarja e laptop\u00ebve: 27 cm x 33 - 40 cm x 3,5 cm (Gjer\u00ebsia x Lart\u00ebsia x  Pjesa e Tabletave: 25,5 cm x 12 - 18 cm x 1 cm (gjer\u00ebsia x Lart\u00ebsia x  Karakteristikat kryesore: \u2022 Gjinia Unisex \u2022 Zinxhir &amp; Xhepa t\u00eb fshehura \u2022 Rezistent ndaj prerjeve dhe gervishtjeve \u2022 Port e integruar i karikimit USB \u2022 Balancim peshe e pershtatur per te ulur 20% peshe \u2022 P\u00eblhur\u00eb kund\u00ebr ujit shiut \u2022 Ndri\u00e7imi i shiritave t\u00eb siguris\u00eb \u2022 Ndarje mbrojt\u00ebse nga goditja \u2022 P\u00ebrshtatet nj\u00eb Tablet\u00eb 9,7 \"(ndarje tablet\u00eb) \u2022 P\u00ebrshtatet nj\u00eb laptop 15.6 \"(ndarje laptop)  &nbsp;  \ud83d\udcc3\u00a0\u2013 Cdo produkt shoqerohet me fature te regullt TVSH  Na ndiqni ne mediat sociale  https:\/\/www.facebook.com\/PCCService\/ https:\/\/www.instagram.com\/pccserviceal\/ \ud83c\udfe0\u00a0Adresa rruga e Dibres 150 merta prane Medresese \u260e\ufe0f\u00a0Nr kontakti 0692040300  \u00a0","og_url":"https:\/\/kapidani.com\/index.php\/product\/cante-shpine-anti-vjedhje-cmimi-2500-leke\/","og_site_name":"Kapidani PCCSERVICE","article_modified_time":"2021-10-06T10:32:40+00:00","og_image":[{"width":1200,"height":1200,"url":"https:\/\/kapidani.com\/wp-content\/uploads\/2020\/03\/backpack-anti-theft-bag-11.jpg","type":"image\/jpeg"}],"twitter_card":"summary_large_image","schema":{"@context":"https:\/\/schema.org","@graph":[{"@type":"WebPage","@id":"https:\/\/kapidani.com\/index.php\/product\/cante-shpine-anti-vjedhje-cmimi-2500-leke\/","url":"https:\/\/kapidani.com\/index.php\/product\/cante-shpine-anti-vjedhje-cmimi-2500-leke\/","name":"CANTE SHPINE ANTI VJEDHJE - CMIMI 2500 LEKE - Kapidani PCCSERVICE","isPartOf":{"@id":"https:\/\/kapidani.com\/#website"},"primaryImageOfPage":{"@id":"https:\/\/kapidani.com\/index.php\/product\/cante-shpine-anti-vjedhje-cmimi-2500-leke\/#primaryimage"},"image":{"@id":"https:\/\/kapidani.com\/index.php\/product\/cante-shpine-anti-vjedhje-cmimi-2500-leke\/#primaryimage"},"thumbnailUrl":"https:\/\/kapidani.com\/wp-content\/uploads\/2020\/03\/backpack-anti-theft-bag-11.jpg","datePublished":"2020-03-13T18:14:21+00:00","dateModified":"2021-10-06T10:32:40+00:00","breadcrumb":{"@id":"https:\/\/kapidani.com\/index.php\/product\/cante-shpine-anti-vjedhje-cmimi-2500-leke\/#breadcrumb"},"inLanguage":"en-US","potentialAction":[{"@type":"ReadAction","target":["https:\/\/kapidani.com\/index.php\/product\/cante-shpine-anti-vjedhje-cmimi-2500-leke\/"]}]},{"@type":"ImageObject","inLanguage":"en-US","@id":"https:\/\/kapidani.com\/index.php\/product\/cante-shpine-anti-vjedhje-cmimi-2500-leke\/#primaryimage","url":"https:\/\/kapidani.com\/wp-content\/uploads\/2020\/03\/backpack-anti-theft-bag-11.jpg","contentUrl":"https:\/\/kapidani.com\/wp-content\/uploads\/2020\/03\/backpack-anti-theft-bag-11.jpg","width":1200,"height":1200},{"@type":"BreadcrumbList","@id":"https:\/\/kapidani.com\/index.php\/product\/cante-shpine-anti-vjedhje-cmimi-2500-leke\/#breadcrumb","itemListElement":[{"@type":"ListItem","position":1,"name":"Home","item":"https:\/\/kapidani.com\/"},{"@type":"ListItem","position":2,"name":"Shop","item":"https:\/\/kapidani.com\/index.php\/shop\/"},{"@type":"ListItem","position":3,"name":"CANTE SHPINE ANTI VJEDHJE &#8211; CMIMI 2500 LEKE"}]},{"@type":"WebSite","@id":"https:\/\/kapidani.com\/#website","url":"https:\/\/kapidani.com\/","name":"Kapidani PCCSERVICE","description":"Hardware, Software, Accessories, Services, Hdd, Computer, Laptops,","potentialAction":[{"@type":"SearchAction","target":{"@type":"EntryPoint","urlTemplate":"https:\/\/kapidani.com\/?s={search_term_string}"},"query-input":{"@type":"PropertyValueSpecification","valueRequired":true,"valueName":"search_term_string"}}],"inLanguage":"en-US"}]}},"_links":{"self":[{"href":"https:\/\/kapidani.com\/index.php\/wp-json\/wp\/v2\/product\/584","targetHints":{"allow":["GET"]}}],"collection":[{"href":"https:\/\/kapidani.com\/index.php\/wp-json\/wp\/v2\/product"}],"about":[{"href":"https:\/\/kapidani.com\/index.php\/wp-json\/wp\/v2\/types\/product"}],"wp:featuredmedia":[{"embeddable":true,"href":"https:\/\/kapidani.com\/index.php\/wp-json\/wp\/v2\/media\/585"}],"wp:attachment":[{"href":"https:\/\/kapidani.com\/index.php\/wp-json\/wp\/v2\/media?parent=584"}],"wp:term":[{"taxonomy":"product_brand","embeddable":true,"href":"https:\/\/kapidani.com\/index.php\/wp-json\/wp\/v2\/product_brand?post=584"},{"taxonomy":"product_cat","embeddable":true,"href":"https:\/\/kapidani.com\/index.php\/wp-json\/wp\/v2\/product_cat?post=584"},{"taxonomy":"product_tag","embeddable":true,"href":"https:\/\/kapidani.com\/index.php\/wp-json\/wp\/v2\/product_tag?post=584"}],"curies":[{"name":"wp","href":"https:\/\/api.w.org\/{rel}","templated":true}]}}