{"id":621,"date":"2020-03-13T19:01:23","date_gmt":"2020-03-13T19:01:23","guid":{"rendered":"https:\/\/kapidani.com\/?post_type=product&#038;p=621"},"modified":"2020-03-13T19:17:30","modified_gmt":"2020-03-13T19:17:30","slug":"cante-laptopi-dore-cmimi-1800-leke","status":"publish","type":"product","link":"https:\/\/kapidani.com\/index.php\/product\/cante-laptopi-dore-cmimi-1800-leke\/","title":{"rendered":"CANTE LAPTOPI DORE KISSYENIA KS1251 &#8211; CMIMI 1800 LEKE"},"content":{"rendered":"<p><span class=\"text_exposed_show\">Sh\u00ebnime:<br \/>\n1. P\u00ebr shkak t\u00eb monitorimit t\u00eb ndrysh\u00ebm dhe efektit t\u00eb drit\u00ebs, ngjyra e v\u00ebrtet\u00eb e sendit mund t\u00eb jet\u00eb paksa e ndryshme nga ngjyra e treguar n\u00eb fotografi. Faleminderit!<\/span><\/p>\n","protected":false},"excerpt":{"rendered":"<p>Merknaam: Kissyenia<br \/>\nP\u00ebrb\u00ebrja e materialit: Material elastik me cil\u00ebsi t\u00eb lart\u00eb<br \/>\nPesha: 580g<br \/>\nStijl: Biznes<br \/>\nBrend\u00ebsia: Xhepa te ndryshem<br \/>\nDoreza \/ Lloji i Rripit: Dorez\u00eb e but\u00eb<br \/>\nMbrojt\u00ebsi: Shtresa te perforcuara kundra goditjes<br \/>\nModelnummer: KS1251<br \/>\nArtikellengte: 30cm<br \/>\nKapaciteti: mban cdo gje\u00a0 iPad, 13,14,15 &#8220;Laptop, let\u00ebr A4, Portofoli, fletore, etj. . .<br \/>\nMadhesia per laptop nga me i vogli deri tek 15.6 in\u00e7<br \/>\nKrijuar me material: NYLON dhe Poliester<br \/>\nGjinia: Unisex<br \/>\nZinxhir metalik profesional<br \/>\nGjeresia 5cm<\/p>\n<p><span class=\"_5mfr\"><span class=\"_6qdm\">\ud83d\udcc3<\/span><\/span>\u00a0\u2013 Cdo produkt shoqerohet me fature te regullt TVSH<\/p>\n<p>Na ndiqni ne mediat sociale<\/p>\n<p><a href=\"https:\/\/www.facebook.com\/PCCService\/\">https:\/\/www.facebook.com\/PCCService\/<\/a><br \/>\n<a href=\"https:\/\/www.instagram.com\/pccserviceal\/?fbclid=IwAR2Hl9G0ef-EUuKBgJsKtHHgRQmrDpMR1DQ84_rrhs86bbWMX41Bdy9XBuQ\" target=\"_blank\" rel=\"nofollow noopener noreferrer\" data-lynx-mode=\"asynclazy\" data-lynx-uri=\"https:\/\/l.facebook.com\/l.php?u=https%3A%2F%2Fwww.instagram.com%2Fpccserviceal%2F%3Ffbclid%3DIwAR2Hl9G0ef-EUuKBgJsKtHHgRQmrDpMR1DQ84_rrhs86bbWMX41Bdy9XBuQ&amp;h=AT3knHjZkBzJw9rU9KG8SNFZ9YfCAO5Y1Eyy-2c-GKsvhDlsdEBdpCVh3pIuIPeQFpb6_Oa5oSM_EJO3pULEKjkugJQYvayPLKpaBzAwk5nW7cnsq-zN1BkhAJYUujCtmqMC_ZM\">https:\/\/www.instagram.com\/<wbr \/>pccserviceal\/<\/a><br \/>\n<span class=\"_5mfr\"><span class=\"_6qdm\">\ud83c\udfe0<\/span><\/span>\u00a0Adresa rruga e Dibres 150 merta prane Medresese<br \/>\n<span class=\"_5mfr\"><span class=\"_6qdm\">\u260e\ufe0f<\/span><\/span>\u00a0Nr kontakti 0692040300<\/p>\n","protected":false},"featured_media":622,"template":"","meta":[],"product_brand":[],"product_cat":[49],"product_tag":[],"class_list":{"0":"post-621","1":"product","2":"type-product","3":"status-publish","4":"has-post-thumbnail","6":"product_cat-laptop-bag","7":"description-off","9":"first","10":"instock","11":"shipping-taxable","12":"purchasable","13":"product-type-simple"},"aioseo_notices":[],"_links":{"self":[{"href":"https:\/\/kapidani.com\/index.php\/wp-json\/wp\/v2\/product\/621","targetHints":{"allow":["GET"]}}],"collection":[{"href":"https:\/\/kapidani.com\/index.php\/wp-json\/wp\/v2\/product"}],"about":[{"href":"https:\/\/kapidani.com\/index.php\/wp-json\/wp\/v2\/types\/product"}],"wp:featuredmedia":[{"embeddable":true,"href":"https:\/\/kapidani.com\/index.php\/wp-json\/wp\/v2\/media\/622"}],"wp:attachment":[{"href":"https:\/\/kapidani.com\/index.php\/wp-json\/wp\/v2\/media?parent=621"}],"wp:term":[{"taxonomy":"product_brand","embeddable":true,"href":"https:\/\/kapidani.com\/index.php\/wp-json\/wp\/v2\/product_brand?post=621"},{"taxonomy":"product_cat","embeddable":true,"href":"https:\/\/kapidani.com\/index.php\/wp-json\/wp\/v2\/product_cat?post=621"},{"taxonomy":"product_tag","embeddable":true,"href":"https:\/\/kapidani.com\/index.php\/wp-json\/wp\/v2\/product_tag?post=621"}],"curies":[{"name":"wp","href":"https:\/\/api.w.org\/{rel}","templated":true}]}}