{"id":650,"date":"2020-03-15T09:46:07","date_gmt":"2020-03-15T09:46:07","guid":{"rendered":"https:\/\/kapidani.com\/?post_type=product&#038;p=650"},"modified":"2020-03-15T10:37:42","modified_gmt":"2020-03-15T10:37:42","slug":"aicheson-s18-laptop-cooling-pad-4-fans-adjustable-10-inch-to-17-3-inch-notebook-cooler-blue-light-cmimi-1800-leke","status":"publish","type":"product","link":"https:\/\/kapidani.com\/index.php\/product\/aicheson-s18-laptop-cooling-pad-4-fans-adjustable-10-inch-to-17-3-inch-notebook-cooler-blue-light-cmimi-1800-leke\/","title":{"rendered":"AICHESON S18 Laptop Cooling Pad 4 Fans Adjustable 10 Inch to 17.3 Inch Notebook Cooler, Blue Light, CMIMI 1800 LEKE"},"content":{"rendered":"<p>Tashme eshte vertetuar qe ne te gjithe boten 80 % e rasteve qe laptopet ndizen por nuk japin figure, vjen si rjedhoje e demtimit te kartes grafike nga tejnxehia e madhe.<br \/>\nPerdorimi i laptopit ne prer divan krevat ne zona qe izolojne ventilimin shkakton dem me kosto shume te larte.<br \/>\nKuler padi ndihmon qe paisja te mbahet ne zona te ndryshme ne kushte ideale, duke mos rezikuar djegjen.<br \/>\nVlera qe ka nje kulerpad eshte e pa perfilleshme ne krahasim me punen dhe mbrojtjen qe ben.<\/p>\n","protected":false},"excerpt":{"rendered":"<p>1- Performance teper efikase 2 fane te medhenj dhe 2 fane te vegjel me shpejtesi 1500 RPM me 6 nivele ftohje.<br \/>\n2- Nuk shkakton zhurme gjate rotullimit.<br \/>\n3- Paned kontrolli dixhital, Drite led blu ne fan.<br \/>\n4- Dizajni Ergonomik 5 cil\u00ebsime t\u00eb rregullueshme t\u00eb lart\u00ebsis\u00eb.<br \/>\n5- Perballon laptop te madhesive te ndryshem nga 10inch deri ne 17.3 inch.<br \/>\n6- Ndihmon qendrimin drejte para laptopit per persona qe kane probleme me qafen dhe shpinen gjate qendrimit gjate para laptopit.<\/p>\n","protected":false},"featured_media":653,"template":"","meta":[],"product_brand":[],"product_cat":[61],"product_tag":[],"class_list":{"0":"post-650","1":"product","2":"type-product","3":"status-publish","4":"has-post-thumbnail","6":"product_cat-cooling-pad","7":"description-off","9":"first","10":"instock","11":"shipping-taxable","12":"purchasable","13":"product-type-simple"},"aioseo_notices":[],"_links":{"self":[{"href":"https:\/\/kapidani.com\/index.php\/wp-json\/wp\/v2\/product\/650","targetHints":{"allow":["GET"]}}],"collection":[{"href":"https:\/\/kapidani.com\/index.php\/wp-json\/wp\/v2\/product"}],"about":[{"href":"https:\/\/kapidani.com\/index.php\/wp-json\/wp\/v2\/types\/product"}],"wp:featuredmedia":[{"embeddable":true,"href":"https:\/\/kapidani.com\/index.php\/wp-json\/wp\/v2\/media\/653"}],"wp:attachment":[{"href":"https:\/\/kapidani.com\/index.php\/wp-json\/wp\/v2\/media?parent=650"}],"wp:term":[{"taxonomy":"product_brand","embeddable":true,"href":"https:\/\/kapidani.com\/index.php\/wp-json\/wp\/v2\/product_brand?post=650"},{"taxonomy":"product_cat","embeddable":true,"href":"https:\/\/kapidani.com\/index.php\/wp-json\/wp\/v2\/product_cat?post=650"},{"taxonomy":"product_tag","embeddable":true,"href":"https:\/\/kapidani.com\/index.php\/wp-json\/wp\/v2\/product_tag?post=650"}],"curies":[{"name":"wp","href":"https:\/\/api.w.org\/{rel}","templated":true}]}}