{"id":755,"date":"2020-03-18T20:50:54","date_gmt":"2020-03-18T20:50:54","guid":{"rendered":"https:\/\/kapidani.com\/?post_type=product&#038;p=755"},"modified":"2024-02-04T14:40:20","modified_gmt":"2024-02-04T14:40:20","slug":"fujitsu-siemens-e752-i-5-gen-3-ram-8-gb-jo-i-perdorur-vitrine","status":"publish","type":"product","link":"https:\/\/kapidani.com\/index.php\/product\/fujitsu-siemens-e752-i-5-gen-3-ram-8-gb-jo-i-perdorur-vitrine\/","title":{"rendered":"FUJITSU SIEMENS E752 &#8211; I 5 GEN 3, RAM 8 GB (JO I PERDORUR, VITRINE)"},"content":{"rendered":"<p>FUJITSU SIEMENS E752 \u2013 Eshte produkt vitrine i pa perdorur ne individe me pare.<br \/>\nKeto laptope kane qendruar ne markete ne Gjermani per ekspozite.<br \/>\nGrada FULL A do t\u00eb thot\u00eb q\u00eb artikulli \u00ebsht\u00eb n\u00eb gjendje 100% t\u00eb pun\u00ebs.<br \/>\nKozmetikisht 10 nga 10 perfekte, nuk ka asnje shenje perdorimi, gervishtje te vogla etj . . .<br \/>\nEkrani eshte ndertuar me teknolodhi te larte per te patur imazh sa me te qarte dhe ngjyra te bukura ( Crystal View )<br \/>\nSeria FUJITSU SIEMENS E752 esthe seria e bisnes klas laptop, version profesional.<br \/>\nBaterija eshte nje komponent qe Toshiba e ka pike te forte pasi kalon limitet e pritshmerive tuaja.<br \/>\nDisponon maksimumin e portave pe te gjitha lidhjet me fisha te ndryshem.<br \/>\nKrijuar per te perballuar ore te gjata ne pune pa patur problem mbinxehjen.<br \/>\nI perforcuar si shasi per te mos patur thyerje te kapakeve.<br \/>\nI vetmi model laptopi qe prodhohet ne Japoni ( MADE IN JAPAN )<br \/>\nDuke permbushur standarte teper te larta dhe shume certifikime cilesie.<\/p>\n","protected":false},"excerpt":{"rendered":"<p><span class=\"_5mfr\"><span class=\"_6qdm\">\ud83d\uded2<\/span><\/span> FUJITSU SIEMENS E752<br \/>\n\u2013 CORE I 5 GJENERATA 3 3320M 2,5GHZ<br \/>\n\u2013 Max Turbo Frequency 3,2 GHZ<br \/>\n\u2013 Intel\u00ae Hyper-Threading Technology<br \/>\n\u2013 RAM 8 GB<br \/>\n\u2013 HDD 320 GB<br \/>\n\u2013 GRAFIKA HD 4000 1.7 GB SHARE<br \/>\n<span class=\"_5mfr\"><span class=\"_6qdm\">\u2611<\/span><\/span> MONITOR 15.6 INCH HD Crystal View<br \/>\n<span class=\"_5mfr\"><span class=\"_6qdm\">\u2611 <\/span><\/span>Rezulucion 1600&#215;900<br \/>\n<span class=\"_5mfr\"><span class=\"_6qdm\">\u2611<\/span><\/span>\u00a0LED backlight \u2013 Anti glare<br \/>\n<span class=\"_5mfr\"><span class=\"_6qdm\">\u2611<\/span><\/span>\u00a0DVD RW<br \/>\n<span class=\"_5mfr\"><span class=\"_6qdm\">\u2611<\/span><\/span> MIC<br \/>\n<span class=\"_5mfr\"><span class=\"_6qdm\">\u2611 DISPLAY<br \/>\n\u2611 VGA<br \/>\n\u2611<\/span><\/span>\u00a03G<br \/>\n<span class=\"_5mfr\"><span class=\"_6qdm\">\u2611<\/span><\/span>\u00a0USB 3.0<br \/>\n<span class=\"_5mfr\"><span class=\"_6qdm\">\u2611 <\/span><\/span>SERIAL<br \/>\n<span class=\"_5mfr\"><span class=\"_6qdm\">\u2611 E-SATA<br \/>\n<\/span><\/span><span class=\"_5mfr\"><span class=\"_6qdm\">\u2611<\/span><\/span>\u00a0LEXUES KARTASH SD<br \/>\n<span class=\"_5mfr\"><span class=\"_6qdm\">\u2611<\/span><\/span>\u00a0TASTJERE NUMERIKE<br \/>\n<span class=\"_5mfr\"><span class=\"_6qdm\">\u2611<\/span><\/span>\u00a0BATERI POTHUAJSE E RE<\/p>\n<p><span class=\"_5mfr\"><span class=\"_6qdm\">\ud83c\udde9\ud83c\uddea<\/span><\/span>\u00a0IMPORTUAR NGA GERMANY<\/p>\n<p>\ud83d\udcdc \u2013 GARANCIA 6 MUAJ<br \/>\n\ud83d\udee0 ASISTENCE TEKNIKE DHE PAS PERFUNDIMIT TE SAJ.<br \/>\n\ud83d\udcc3 \u2013 Cdo produkt shoqerohet me fature te regullt TVSH<\/p>\n<p>\ud83d\ude9b\ud83c\udde6\ud83c\uddf1\ud83d\udc4d\u00a0TRANSPORT ne te gjithe SHQIPRINE BRENDA 24 OREVE EKSPRES\u00a0\ud83d\udc4d\ud83c\udde6\ud83c\uddf1<\/p>\n<p>Na ndiqni ne mediat sociale<\/p>\n<p><a href=\"https:\/\/www.facebook.com\/PCCService\/\">https:\/\/www.facebook.com\/PCCService\/<\/a><br \/>\n<a href=\"https:\/\/www.instagram.com\/pccserviceal\/?fbclid=IwAR2Hl9G0ef-EUuKBgJsKtHHgRQmrDpMR1DQ84_rrhs86bbWMX41Bdy9XBuQ\" target=\"_blank\" rel=\"nofollow noopener noreferrer\" data-lynx-mode=\"asynclazy\" data-lynx-uri=\"https:\/\/l.facebook.com\/l.php?u=https%3A%2F%2Fwww.instagram.com%2Fpccserviceal%2F%3Ffbclid%3DIwAR2Hl9G0ef-EUuKBgJsKtHHgRQmrDpMR1DQ84_rrhs86bbWMX41Bdy9XBuQ&amp;h=AT3knHjZkBzJw9rU9KG8SNFZ9YfCAO5Y1Eyy-2c-GKsvhDlsdEBdpCVh3pIuIPeQFpb6_Oa5oSM_EJO3pULEKjkugJQYvayPLKpaBzAwk5nW7cnsq-zN1BkhAJYUujCtmqMC_ZM\">https:\/\/www.instagram.com\/<wbr \/>pccserviceal\/<\/a><br \/>\n<span class=\"_5mfr\"><span class=\"_6qdm\"><img decoding=\"async\" class=\"emoji\" role=\"img\" draggable=\"false\" src=\"https:\/\/s.w.org\/images\/core\/emoji\/13.1.0\/svg\/1f3e0.svg\" alt=\"\ud83c\udfe0\" \/><\/span><\/span> Adresa rruga Mine Peza<br \/>\n<span class=\"_5mfr\"><span class=\"_6qdm\">\u260e\ufe0f<\/span><\/span>\u00a0Nr kontakti 0692040300<\/p>\n","protected":false},"featured_media":756,"template":"","meta":[],"product_brand":[],"product_cat":[27],"product_tag":[],"class_list":{"0":"post-755","1":"product","2":"type-product","3":"status-publish","4":"has-post-thumbnail","6":"product_cat-laptop","7":"description-off","9":"first","10":"instock","11":"shipping-taxable","12":"product-type-simple"},"yoast_head":"<!-- This site is optimized with the Yoast SEO plugin v27.3 - https:\/\/yoast.com\/product\/yoast-seo-wordpress\/ -->\n<title>FUJITSU SIEMENS E752 - I 5 GEN 3, RAM 8 GB (JO I PERDORUR, VITRINE) - Kapidani PCCSERVICE<\/title>\n<meta name=\"robots\" content=\"index, follow, max-snippet:-1, max-image-preview:large, max-video-preview:-1\" \/>\n<link rel=\"canonical\" href=\"https:\/\/kapidani.com\/index.php\/product\/fujitsu-siemens-e752-i-5-gen-3-ram-8-gb-jo-i-perdorur-vitrine\/\" \/>\n<meta property=\"og:locale\" content=\"en_US\" \/>\n<meta property=\"og:type\" content=\"article\" \/>\n<meta property=\"og:title\" content=\"FUJITSU SIEMENS E752 - I 5 GEN 3, RAM 8 GB (JO I PERDORUR, VITRINE) - Kapidani PCCSERVICE\" \/>\n<meta property=\"og:description\" content=\"\ud83d\uded2 FUJITSU SIEMENS E752 \u2013 CORE I 5 GJENERATA 3 3320M 2,5GHZ \u2013 Max Turbo Frequency 3,2 GHZ \u2013 Intel\u00ae Hyper-Threading Technology \u2013 RAM 8 GB \u2013 HDD 320 GB \u2013 GRAFIKA HD 4000 1.7 GB SHARE \u2611 MONITOR 15.6 INCH HD Crystal View \u2611 Rezulucion 1600x900 \u2611\u00a0LED backlight \u2013 Anti glare \u2611\u00a0DVD RW \u2611 MIC \u2611 DISPLAY \u2611 VGA \u2611\u00a03G \u2611\u00a0USB 3.0 \u2611 SERIAL \u2611 E-SATA \u2611\u00a0LEXUES KARTASH SD \u2611\u00a0TASTJERE NUMERIKE \u2611\u00a0BATERI POTHUAJSE E RE  \ud83c\udde9\ud83c\uddea\u00a0IMPORTUAR NGA GERMANY  \ud83d\udcdc \u2013 GARANCIA 6 MUAJ \ud83d\udee0 ASISTENCE TEKNIKE DHE PAS PERFUNDIMIT TE SAJ. \ud83d\udcc3 \u2013 Cdo produkt shoqerohet me fature te regullt TVSH  \ud83d\ude9b\ud83c\udde6\ud83c\uddf1\ud83d\udc4d\u00a0TRANSPORT ne te gjithe SHQIPRINE BRENDA 24 OREVE EKSPRES\u00a0\ud83d\udc4d\ud83c\udde6\ud83c\uddf1  Na ndiqni ne mediat sociale  https:\/\/www.facebook.com\/PCCService\/ https:\/\/www.instagram.com\/pccserviceal\/  Adresa rruga Mine Peza \u260e\ufe0f\u00a0Nr kontakti 0692040300\" \/>\n<meta property=\"og:url\" content=\"https:\/\/kapidani.com\/index.php\/product\/fujitsu-siemens-e752-i-5-gen-3-ram-8-gb-jo-i-perdorur-vitrine\/\" \/>\n<meta property=\"og:site_name\" content=\"Kapidani PCCSERVICE\" \/>\n<meta property=\"article:modified_time\" content=\"2024-02-04T14:40:20+00:00\" \/>\n<meta property=\"og:image\" content=\"https:\/\/kapidani.com\/wp-content\/uploads\/2020\/03\/FUJITSU-SIEMENS-E752-222.jpg\" \/>\n\t<meta property=\"og:image:width\" content=\"450\" \/>\n\t<meta property=\"og:image:height\" content=\"450\" \/>\n\t<meta property=\"og:image:type\" content=\"image\/jpeg\" \/>\n<meta name=\"twitter:card\" content=\"summary_large_image\" \/>\n<meta name=\"twitter:label1\" content=\"Est. reading time\" \/>\n\t<meta name=\"twitter:data1\" content=\"1 minute\" \/>\n<script type=\"application\/ld+json\" class=\"yoast-schema-graph\">{\"@context\":\"https:\\\/\\\/schema.org\",\"@graph\":[{\"@type\":\"WebPage\",\"@id\":\"https:\\\/\\\/kapidani.com\\\/index.php\\\/product\\\/fujitsu-siemens-e752-i-5-gen-3-ram-8-gb-jo-i-perdorur-vitrine\\\/\",\"url\":\"https:\\\/\\\/kapidani.com\\\/index.php\\\/product\\\/fujitsu-siemens-e752-i-5-gen-3-ram-8-gb-jo-i-perdorur-vitrine\\\/\",\"name\":\"FUJITSU SIEMENS E752 - I 5 GEN 3, RAM 8 GB (JO I PERDORUR, VITRINE) - Kapidani PCCSERVICE\",\"isPartOf\":{\"@id\":\"https:\\\/\\\/kapidani.com\\\/#website\"},\"primaryImageOfPage\":{\"@id\":\"https:\\\/\\\/kapidani.com\\\/index.php\\\/product\\\/fujitsu-siemens-e752-i-5-gen-3-ram-8-gb-jo-i-perdorur-vitrine\\\/#primaryimage\"},\"image\":{\"@id\":\"https:\\\/\\\/kapidani.com\\\/index.php\\\/product\\\/fujitsu-siemens-e752-i-5-gen-3-ram-8-gb-jo-i-perdorur-vitrine\\\/#primaryimage\"},\"thumbnailUrl\":\"https:\\\/\\\/kapidani.com\\\/wp-content\\\/uploads\\\/2020\\\/03\\\/FUJITSU-SIEMENS-E752-222.jpg\",\"datePublished\":\"2020-03-18T20:50:54+00:00\",\"dateModified\":\"2024-02-04T14:40:20+00:00\",\"breadcrumb\":{\"@id\":\"https:\\\/\\\/kapidani.com\\\/index.php\\\/product\\\/fujitsu-siemens-e752-i-5-gen-3-ram-8-gb-jo-i-perdorur-vitrine\\\/#breadcrumb\"},\"inLanguage\":\"en-US\",\"potentialAction\":[{\"@type\":\"ReadAction\",\"target\":[\"https:\\\/\\\/kapidani.com\\\/index.php\\\/product\\\/fujitsu-siemens-e752-i-5-gen-3-ram-8-gb-jo-i-perdorur-vitrine\\\/\"]}]},{\"@type\":\"ImageObject\",\"inLanguage\":\"en-US\",\"@id\":\"https:\\\/\\\/kapidani.com\\\/index.php\\\/product\\\/fujitsu-siemens-e752-i-5-gen-3-ram-8-gb-jo-i-perdorur-vitrine\\\/#primaryimage\",\"url\":\"https:\\\/\\\/kapidani.com\\\/wp-content\\\/uploads\\\/2020\\\/03\\\/FUJITSU-SIEMENS-E752-222.jpg\",\"contentUrl\":\"https:\\\/\\\/kapidani.com\\\/wp-content\\\/uploads\\\/2020\\\/03\\\/FUJITSU-SIEMENS-E752-222.jpg\",\"width\":450,\"height\":450},{\"@type\":\"BreadcrumbList\",\"@id\":\"https:\\\/\\\/kapidani.com\\\/index.php\\\/product\\\/fujitsu-siemens-e752-i-5-gen-3-ram-8-gb-jo-i-perdorur-vitrine\\\/#breadcrumb\",\"itemListElement\":[{\"@type\":\"ListItem\",\"position\":1,\"name\":\"Home\",\"item\":\"https:\\\/\\\/kapidani.com\\\/\"},{\"@type\":\"ListItem\",\"position\":2,\"name\":\"Shop\",\"item\":\"https:\\\/\\\/kapidani.com\\\/index.php\\\/shop\\\/\"},{\"@type\":\"ListItem\",\"position\":3,\"name\":\"FUJITSU SIEMENS E752 &#8211; I 5 GEN 3, RAM 8 GB (JO I PERDORUR, VITRINE)\"}]},{\"@type\":\"WebSite\",\"@id\":\"https:\\\/\\\/kapidani.com\\\/#website\",\"url\":\"https:\\\/\\\/kapidani.com\\\/\",\"name\":\"Kapidani PCCSERVICE\",\"description\":\"Hardware, Software, Accessories, Services, Hdd, Computer, Laptops,\",\"potentialAction\":[{\"@type\":\"SearchAction\",\"target\":{\"@type\":\"EntryPoint\",\"urlTemplate\":\"https:\\\/\\\/kapidani.com\\\/?s={search_term_string}\"},\"query-input\":{\"@type\":\"PropertyValueSpecification\",\"valueRequired\":true,\"valueName\":\"search_term_string\"}}],\"inLanguage\":\"en-US\"}]}<\/script>\n<!-- \/ Yoast SEO plugin. -->","yoast_head_json":{"title":"FUJITSU SIEMENS E752 - I 5 GEN 3, RAM 8 GB (JO I PERDORUR, VITRINE) - Kapidani PCCSERVICE","robots":{"index":"index","follow":"follow","max-snippet":"max-snippet:-1","max-image-preview":"max-image-preview:large","max-video-preview":"max-video-preview:-1"},"canonical":"https:\/\/kapidani.com\/index.php\/product\/fujitsu-siemens-e752-i-5-gen-3-ram-8-gb-jo-i-perdorur-vitrine\/","og_locale":"en_US","og_type":"article","og_title":"FUJITSU SIEMENS E752 - I 5 GEN 3, RAM 8 GB (JO I PERDORUR, VITRINE) - Kapidani PCCSERVICE","og_description":"\ud83d\uded2 FUJITSU SIEMENS E752 \u2013 CORE I 5 GJENERATA 3 3320M 2,5GHZ \u2013 Max Turbo Frequency 3,2 GHZ \u2013 Intel\u00ae Hyper-Threading Technology \u2013 RAM 8 GB \u2013 HDD 320 GB \u2013 GRAFIKA HD 4000 1.7 GB SHARE \u2611 MONITOR 15.6 INCH HD Crystal View \u2611 Rezulucion 1600x900 \u2611\u00a0LED backlight \u2013 Anti glare \u2611\u00a0DVD RW \u2611 MIC \u2611 DISPLAY \u2611 VGA \u2611\u00a03G \u2611\u00a0USB 3.0 \u2611 SERIAL \u2611 E-SATA \u2611\u00a0LEXUES KARTASH SD \u2611\u00a0TASTJERE NUMERIKE \u2611\u00a0BATERI POTHUAJSE E RE  \ud83c\udde9\ud83c\uddea\u00a0IMPORTUAR NGA GERMANY  \ud83d\udcdc \u2013 GARANCIA 6 MUAJ \ud83d\udee0 ASISTENCE TEKNIKE DHE PAS PERFUNDIMIT TE SAJ. \ud83d\udcc3 \u2013 Cdo produkt shoqerohet me fature te regullt TVSH  \ud83d\ude9b\ud83c\udde6\ud83c\uddf1\ud83d\udc4d\u00a0TRANSPORT ne te gjithe SHQIPRINE BRENDA 24 OREVE EKSPRES\u00a0\ud83d\udc4d\ud83c\udde6\ud83c\uddf1  Na ndiqni ne mediat sociale  https:\/\/www.facebook.com\/PCCService\/ https:\/\/www.instagram.com\/pccserviceal\/  Adresa rruga Mine Peza \u260e\ufe0f\u00a0Nr kontakti 0692040300","og_url":"https:\/\/kapidani.com\/index.php\/product\/fujitsu-siemens-e752-i-5-gen-3-ram-8-gb-jo-i-perdorur-vitrine\/","og_site_name":"Kapidani PCCSERVICE","article_modified_time":"2024-02-04T14:40:20+00:00","og_image":[{"width":450,"height":450,"url":"https:\/\/kapidani.com\/wp-content\/uploads\/2020\/03\/FUJITSU-SIEMENS-E752-222.jpg","type":"image\/jpeg"}],"twitter_card":"summary_large_image","twitter_misc":{"Est. reading time":"1 minute"},"schema":{"@context":"https:\/\/schema.org","@graph":[{"@type":"WebPage","@id":"https:\/\/kapidani.com\/index.php\/product\/fujitsu-siemens-e752-i-5-gen-3-ram-8-gb-jo-i-perdorur-vitrine\/","url":"https:\/\/kapidani.com\/index.php\/product\/fujitsu-siemens-e752-i-5-gen-3-ram-8-gb-jo-i-perdorur-vitrine\/","name":"FUJITSU SIEMENS E752 - I 5 GEN 3, RAM 8 GB (JO I PERDORUR, VITRINE) - Kapidani PCCSERVICE","isPartOf":{"@id":"https:\/\/kapidani.com\/#website"},"primaryImageOfPage":{"@id":"https:\/\/kapidani.com\/index.php\/product\/fujitsu-siemens-e752-i-5-gen-3-ram-8-gb-jo-i-perdorur-vitrine\/#primaryimage"},"image":{"@id":"https:\/\/kapidani.com\/index.php\/product\/fujitsu-siemens-e752-i-5-gen-3-ram-8-gb-jo-i-perdorur-vitrine\/#primaryimage"},"thumbnailUrl":"https:\/\/kapidani.com\/wp-content\/uploads\/2020\/03\/FUJITSU-SIEMENS-E752-222.jpg","datePublished":"2020-03-18T20:50:54+00:00","dateModified":"2024-02-04T14:40:20+00:00","breadcrumb":{"@id":"https:\/\/kapidani.com\/index.php\/product\/fujitsu-siemens-e752-i-5-gen-3-ram-8-gb-jo-i-perdorur-vitrine\/#breadcrumb"},"inLanguage":"en-US","potentialAction":[{"@type":"ReadAction","target":["https:\/\/kapidani.com\/index.php\/product\/fujitsu-siemens-e752-i-5-gen-3-ram-8-gb-jo-i-perdorur-vitrine\/"]}]},{"@type":"ImageObject","inLanguage":"en-US","@id":"https:\/\/kapidani.com\/index.php\/product\/fujitsu-siemens-e752-i-5-gen-3-ram-8-gb-jo-i-perdorur-vitrine\/#primaryimage","url":"https:\/\/kapidani.com\/wp-content\/uploads\/2020\/03\/FUJITSU-SIEMENS-E752-222.jpg","contentUrl":"https:\/\/kapidani.com\/wp-content\/uploads\/2020\/03\/FUJITSU-SIEMENS-E752-222.jpg","width":450,"height":450},{"@type":"BreadcrumbList","@id":"https:\/\/kapidani.com\/index.php\/product\/fujitsu-siemens-e752-i-5-gen-3-ram-8-gb-jo-i-perdorur-vitrine\/#breadcrumb","itemListElement":[{"@type":"ListItem","position":1,"name":"Home","item":"https:\/\/kapidani.com\/"},{"@type":"ListItem","position":2,"name":"Shop","item":"https:\/\/kapidani.com\/index.php\/shop\/"},{"@type":"ListItem","position":3,"name":"FUJITSU SIEMENS E752 &#8211; I 5 GEN 3, RAM 8 GB (JO I PERDORUR, VITRINE)"}]},{"@type":"WebSite","@id":"https:\/\/kapidani.com\/#website","url":"https:\/\/kapidani.com\/","name":"Kapidani PCCSERVICE","description":"Hardware, Software, Accessories, Services, Hdd, Computer, Laptops,","potentialAction":[{"@type":"SearchAction","target":{"@type":"EntryPoint","urlTemplate":"https:\/\/kapidani.com\/?s={search_term_string}"},"query-input":{"@type":"PropertyValueSpecification","valueRequired":true,"valueName":"search_term_string"}}],"inLanguage":"en-US"}]}},"_links":{"self":[{"href":"https:\/\/kapidani.com\/index.php\/wp-json\/wp\/v2\/product\/755","targetHints":{"allow":["GET"]}}],"collection":[{"href":"https:\/\/kapidani.com\/index.php\/wp-json\/wp\/v2\/product"}],"about":[{"href":"https:\/\/kapidani.com\/index.php\/wp-json\/wp\/v2\/types\/product"}],"wp:featuredmedia":[{"embeddable":true,"href":"https:\/\/kapidani.com\/index.php\/wp-json\/wp\/v2\/media\/756"}],"wp:attachment":[{"href":"https:\/\/kapidani.com\/index.php\/wp-json\/wp\/v2\/media?parent=755"}],"wp:term":[{"taxonomy":"product_brand","embeddable":true,"href":"https:\/\/kapidani.com\/index.php\/wp-json\/wp\/v2\/product_brand?post=755"},{"taxonomy":"product_cat","embeddable":true,"href":"https:\/\/kapidani.com\/index.php\/wp-json\/wp\/v2\/product_cat?post=755"},{"taxonomy":"product_tag","embeddable":true,"href":"https:\/\/kapidani.com\/index.php\/wp-json\/wp\/v2\/product_tag?post=755"}],"curies":[{"name":"wp","href":"https:\/\/api.w.org\/{rel}","templated":true}]}}